{"id":170,"date":"2023-04-11T18:12:24","date_gmt":"2023-04-11T23:12:24","guid":{"rendered":"https:\/\/ambpanama.esteri.it\/servizi-consolari-e-visti\/servizi-per-il-cittadino-italiano\/"},"modified":"2026-01-21T10:25:47","modified_gmt":"2026-01-21T15:25:47","slug":"servizi-per-il-cittadino-italiano","status":"publish","type":"page","link":"https:\/\/ambpanama.esteri.it\/es\/servizi-consolari-e-visti\/servizi-per-il-cittadino-italiano\/","title":{"rendered":"Servicios para el ciudadano italiano"},"content":{"rendered":"<blockquote><p>Se avisa a los ciudadanos italianos residentes en los<strong> Pa\u00edses de Acreditaci\u00f3n<\/strong> secundaria que deben viajar a Panam\u00e1 para acceder a los servicios consulares prestados por esta Embajada de Italia. De acuerdo con la legislaci\u00f3n local, para ingresar a Panam\u00e1 es necesario que el pasaporte extranjero tenga una validez m\u00ednima de <strong>tres meses adicionales a la duraci\u00f3n del viaje previsto.<\/strong><\/p><\/blockquote>\n<table class=\"table\" width=\"723\">\n<tbody>\n<tr>\n<td style=\"text-align: left;\"><strong>Horario de apertura al publico:<\/strong><\/td>\n<\/tr>\n<\/tbody>\n<\/table>\n<table class=\"table\" width=\"723\" frame=\"border\" rules=\"all\">\n<tbody>\n<tr>\n<td style=\"text-align: left;\">lunes \u2013 miercoles \u2013 viernes 9.00 \u2013 12.30<br \/>\nMartes y\u00a0 jueves 13.30 \u2013 15.30<\/td>\n<\/tr>\n<\/tbody>\n<\/table>\n<p style=\"text-align: justify;\"><strong>Modalidad de citas<\/strong><\/p>\n<p style=\"text-align: justify;\">Las citas para los siguientes servicios consulares deben reservarse a trav\u00e9s de la plataforma\u00a0<strong><a href=\"https:\/\/prenotami.esteri.it\/\">Prenot@mi<\/a>.<\/strong><\/p>\n<ul style=\"text-align: justify;\">\n<li><strong>Pasaportes<\/strong><\/li>\n<li><strong>CIE \u2013 Cedula de Identit\u00e0 Electronica\u00a0<\/strong><\/li>\n<li><strong>Servicios consulares (\u00a0<\/strong>estado civil, emisi\u00f3n de certificados, autenticacion de firmas, acta de consentimiento, pr\u00f3rroga de la validez del carnet de conducir, pasaportes mortuarios, etc.<strong>)<\/strong><\/li>\n<li><strong>Visas<\/strong><\/li>\n<li><strong>Ciudadan\u00eda por descendencia para hijos mayores de nacionalidad italiana<\/strong><\/li>\n<li><strong>Ciudadan\u00eda por descendencia por \u00abbeneficio de ley\u00bb<\/strong><\/li>\n<li><strong>Ciudadan\u00eda por matrimonio<\/strong><\/li>\n<\/ul>\n<p style=\"text-align: justify;\">Sin embargo, ya no es necesario reservar una cita a trav\u00e9s de la plataforma\u00a0<a href=\"https:\/\/prenotami.esteri.it\/\">Prenot@m<\/a>i para los siguientes servicios consulares:<\/p>\n<ul style=\"text-align: justify;\">\n<li><b>Poderes\u00a0<\/b>(ver la secci\u00f3n correspondiente a\u00a0<a href=\"https:\/\/ambpanama.esteri.it\/es\/servizi-consolari-e-visti\/servizi-per-il-cittadino-italiano\/servizi-notarili\/\">Servicios Notariales<\/a>)<\/li>\n<li><strong>Existencia en vida<\/strong>\u00a0(ver la secci\u00f3n correspondiente a\u00a0\u00a0<a href=\"https:\/\/ambpanama.esteri.it\/es\/servizi-consolari-e-visti\/servizi-per-il-cittadino-italiano\/informazioni-appuntamenti\/\">Informacion de citas<\/a>)<\/li>\n<li><strong>Declaracion de valor<\/strong>\u00a0(ver la secci\u00f3n correspondiente a\u00a0<a href=\"https:\/\/ambpanama.esteri.it\/es\/servizi-consolari-e-visti\/servizi-per-il-cittadino-straniero\/dichiarazione-di-valore\/\">Declaracion de valor<\/a>)<\/li>\n<li><strong>Rolicitud de publicacion de matrimonio\u00a0<\/strong>(ver la secci\u00f3n correspondiente a\u00a0<a href=\"https:\/\/ambpanama.esteri.it\/es\/servizi-consolari-e-visti\/servizi-per-il-cittadino-italiano\/stato-civile\/pubblicazioni-di-matrimonio-presso-questa-ambasciata\/\">Publicacion de matrimonio<\/a>)<\/li>\n<li><strong>Asistencia a los ciudadanos italianos en el exterior<\/strong>\u00a0(ver la secci\u00f3n correspondiente a\u00a0\u00a0<a href=\"https:\/\/ambpanama.esteri.it\/es\/servizi-consolari-e-visti\/servizi-per-il-cittadino-italiano\/assistenza-ai-cittadini-allestero\/\">Asistencia a ciudadanos en el exterior<\/a>)<\/li>\n<li><strong>ETD<\/strong>\u00a0 (ver la secci\u00f3n correspondiente a\u00a0<a href=\"https:\/\/ambpanama.esteri.it\/es\/servizi-consolari-e-visti\/servizi-per-il-cittadino-italiano\/emergency-travel-documents-etd\/\">Documento de viaje de emergencia (ETD<\/a>)<\/li>\n<\/ul>\n<blockquote><p>Para solicitudes urgentes (<strong>perdida\/robo passaporto, E.T.D<\/strong>. y declaracion de existencia en vida ) escribir a\u00a0\u00a0<a href=\"mailto:consolare.panama@esteri.it\">consolare.panama@esteri.it<\/a><\/p><\/blockquote>\n<p style=\"text-align: justify;\">Para m\u00e1s informaci\u00f3n, p\u00f3ngase en contacto directamnete con las oficinas competentes a las siguientes direcciones de correo electr\u00f3nico:<\/p>\n<table class=\"table\" width=\"726\" frame=\"vsides\" rules=\"all\">\n<tbody>\n<tr>\n<td><strong>Cancilleria Consular (Ufficio A.I.R.E.,<\/strong><\/p>\n<p><strong>Estado Civil, Ciudadania, Navegacion,<\/strong><\/p>\n<p><strong>Asistencia Scoail, Escuelas y Declaracion de Valor:<\/strong><\/td>\n<td><a href=\"mailto:ambpana.mail@esteri.it\">ambpana.mail@esteri.it<\/a><\/p>\n<p><a href=\"mailto:consolare.panama@esteri.it\">consolare.panama@esteri.it<\/a><\/td>\n<\/tr>\n<tr>\n<td><strong>Oficina de Pasaportes<\/strong><\/td>\n<td><a href=\"mailto:panama.passaporti@esteri.it\">panama.passaporti@esteri.it<\/a><\/td>\n<\/tr>\n<tr>\n<td><strong>Ofcicina de Visas<\/strong><\/td>\n<td><a href=\"mailto:panama.visti@esteri.it\">panama.visti@esteri.it<\/a><\/td>\n<\/tr>\n<tr>\n<td><strong>Oficina Administrativa \u2013 Contable<\/strong><\/td>\n<td><a href=\"mailto:panama.visti@esteri.it\">p<\/a><a href=\"mailto:anama.contabile@esteri.it\">anama.contabile@esteri.it<\/a><\/td>\n<\/tr>\n<tr>\n<td><strong>Direcion Electronica Certificada (PEC)\u00a0<\/strong>direcci\u00f3n habilitada exclusivamente para la recepci\u00f3n de correo electr\u00f3nico certificado (PEC)<\/td>\n<td><a href=\"mailto:amb.panama@cert.esteri.it\">amb.panama@cert.esteri.it<\/a><\/td>\n<\/tr>\n<\/tbody>\n<\/table>\n<p style=\"text-align: justify;\"><strong>Los Servicios Consulares se prestan directamente a los interesados y no a intermediarios.<\/strong><\/p>\n<p style=\"text-align: justify;\"><strong>La Embajada de Italia no ha autorizado a ninguna agencia o persona para ofrecer o prestar Servicios Consulares.<\/strong><\/p>\n<p style=\"text-align: justify;\">Los Servicios Consulares se prestan a los ciudadanos italianos registrados en el A.I.R.E. en Panama o a los residentes en Panama que poseen un documento de identidad\/de residencia.<\/p>\n<p style=\"text-align: justify;\">Para informaci\u00f3n sobre los servicios consulares, est\u00e1 disponible el siguiente numero telefonico: +507 225 89 48 \/48\/ 50.<\/p>\n<p style=\"text-align: justify;\"><strong>El servicio est\u00e1 disponible en los siguientes horarios:<\/strong><\/p>\n<p style=\"text-align: justify;\">&#8211; Lunes\/miercoles\/viernes: 2:00 &#8211; 4:00<\/p>\n<p style=\"text-align: justify;\">&#8211; Martes\/jueves: 10:00-12:00<\/p>\n<p style=\"text-align: justify;\"><strong>Tabla de Derechos Consulares<\/strong><\/p>\n<p style=\"text-align: justify;\">Tenga en cuenta que las\u00a0<a href=\"https:\/\/ambpanama.esteri.it\/es\/servizi-consolari-e-visti\/servizi-per-il-cittadino-italiano\/diritti-consolari\/\">tarifas consulares<\/a>\u00a0cambian trimestralmente seg\u00fan el tipo de cambio consular y, por lo tanto, si se solicita el servicio en un trimestre posterior, ser\u00e1 responsabilidad de cada usuario verificar las nuevas tarifas consulares.<\/p>\n<p data-start=\"81\" data-end=\"133\"><span style=\"text-decoration: underline;\"><strong data-start=\"81\" data-end=\"131\">Aviso importante para los ciudadanos italianos<\/strong><\/span><\/p>\n<p data-start=\"135\" data-end=\"411\">Se informa que todos los ciudadanos italianos que deseen <strong data-start=\"192\" data-end=\"228\">trasladar su residencia a Panam\u00e1<\/strong>, as\u00ed como a otros Estados acreditados ante esta Embajada, <strong data-start=\"287\" data-end=\"359\">deber\u00e1n contactar directamente a las autoridades migratorias locales<\/strong> para los tr\u00e1mites relacionados con la residencia.<\/p>\n<p data-start=\"413\" data-end=\"783\">Se precisa que, <strong data-start=\"429\" data-end=\"505\">a pesar de las relaciones de amistad y cooperaci\u00f3n entre Italia y Panam\u00e1<\/strong>, cada oficina y sus competencias <strong data-start=\"539\" data-end=\"579\">se gestionan de manera independiente<\/strong> seg\u00fan la normativa nacional y los acuerdos vigentes. La Embajada de Italia <strong data-start=\"657\" data-end=\"681\">no tiene competencia<\/strong> sobre los procedimientos migratorios locales y <strong data-start=\"729\" data-end=\"780\">no puede sustituir a las autoridades nacionales<\/strong>.<\/p>\n<p style=\"text-align: justify;\">En los siguientes enlaces es posible consultar la legislaci\u00f3n en materia de privacidad para:<\/p>\n<ul>\n<li style=\"text-align: justify;\"><a href=\"https:\/\/ambpanama.esteri.it\/wp-content\/uploads\/2023\/11\/informativa_sulla_protezione_dati_-_servizi_consolari_italiano.pdf\">SERVICIOS CONSULARES<\/a><\/li>\n<li style=\"text-align: justify;\"><a href=\"https:\/\/ambpanama.esteri.it\/wp-content\/uploads\/2023\/11\/informativa_protezione_dati_-_cittadinanza_italiano.pdf\">CIUDADANIA<\/a><\/li>\n<li style=\"text-align: justify;\"><a href=\"https:\/\/ambpanama.esteri.it\/wp-content\/uploads\/2023\/11\/2._informativa_visti_all.1.pdf\">VISAS<\/a><\/li>\n<\/ul>\n","protected":false},"excerpt":{"rendered":"Se avisa a los ciudadanos italianos residentes en los Pa\u00edses de Acreditaci\u00f3n secundaria que deben viajar a Panam\u00e1 para acceder a los servicios consulares prestados por esta Embajada de Italia. De acuerdo con la legislaci\u00f3n local, para ingresar a Panam\u00e1 es necesario que el pasaporte extranjero tenga una validez m\u00ednima de tres meses adicionales a [&hellip;]","protected":false},"author":1,"featured_media":0,"parent":162,"menu_order":0,"comment_status":"closed","ping_status":"closed","template":"","meta":{"footnotes":""},"class_list":["post-170","page","type-page","status-publish","hentry"],"_links":{"self":[{"href":"https:\/\/ambpanama.esteri.it\/es\/wp-json\/wp\/v2\/pages\/170","targetHints":{"allow":["GET"]}}],"collection":[{"href":"https:\/\/ambpanama.esteri.it\/es\/wp-json\/wp\/v2\/pages"}],"about":[{"href":"https:\/\/ambpanama.esteri.it\/es\/wp-json\/wp\/v2\/types\/page"}],"author":[{"embeddable":true,"href":"https:\/\/ambpanama.esteri.it\/es\/wp-json\/wp\/v2\/users\/1"}],"replies":[{"embeddable":true,"href":"https:\/\/ambpanama.esteri.it\/es\/wp-json\/wp\/v2\/comments?post=170"}],"version-history":[{"count":7,"href":"https:\/\/ambpanama.esteri.it\/es\/wp-json\/wp\/v2\/pages\/170\/revisions"}],"predecessor-version":[{"id":8872,"href":"https:\/\/ambpanama.esteri.it\/es\/wp-json\/wp\/v2\/pages\/170\/revisions\/8872"}],"up":[{"embeddable":true,"href":"https:\/\/ambpanama.esteri.it\/es\/wp-json\/wp\/v2\/pages\/162"}],"wp:attachment":[{"href":"https:\/\/ambpanama.esteri.it\/es\/wp-json\/wp\/v2\/media?parent=170"}],"curies":[{"name":"wp","href":"https:\/\/api.w.org\/{rel}","templated":true}]}}