{"id":171,"date":"2023-04-11T18:13:11","date_gmt":"2023-04-11T23:13:11","guid":{"rendered":"https:\/\/ambpanama.esteri.it\/servizi-consolari-e-visti\/servizi-per-il-cittadino-italiano\/passaporti-e-carte-didentita\/"},"modified":"2026-01-20T14:17:02","modified_gmt":"2026-01-20T19:17:02","slug":"passaporti-e-carte-didentita","status":"publish","type":"page","link":"https:\/\/ambpanama.esteri.it\/es\/servizi-consolari-e-visti\/servizi-per-il-cittadino-italiano\/passaporti-e-carte-didentita\/","title":{"rendered":"Pasaportes y c\u00e9dulas de identidad"},"content":{"rendered":"<blockquote><p>Se avisa a los ciudadanos italianos residentes en los <strong>Pa\u00edses de Acreditaci\u00f3n<\/strong> secundaria que deben viajar a Panam\u00e1 para acceder a los servicios consulares prestados por esta Embajada de Italia. De acuerdo con la legislaci\u00f3n local, para ingresar a Panam\u00e1 es necesario que el pasaporte extranjero tenga una validez m\u00ednima <strong>de tres meses adicionales a la duraci\u00f3n del viaje previsto.<\/strong><\/p><\/blockquote>\n<p style=\"text-align: justify;\">La Embajada expide un pasaporte electr\u00f3nico de segunda generaci\u00f3n utilizando la \u00faltima tecnolog\u00eda, que ofrece los m\u00e1s altos est\u00e1ndares de seguridad, donde se colocan las huellas dactilares del interesado (a partir de los 12 a\u00f1os). La obligaci\u00f3n de introducir las impresiones dactilares en el pasaporte se establece en la legislaci\u00f3n europea, en particular en el Reglamento (CE) no 2252 de 2004 (en su versi\u00f3n modificada por el Reglamento (CE) no 444\/2009), que establece su inicio el 29 de junio de 2009. La expedici\u00f3n del pasaporte electr\u00f3nico con las huellas dactilares y la firma digitalizada requiere la presencia f\u00edsica del compatriota en el Consulado.<\/p>\n<p style=\"text-align: justify;\"><strong>El pasaporte es un documento de viaje y de reconocimiento expedido:<\/strong><\/p>\n<ul style=\"text-align: justify;\">\n<li>En Italia por las Comisar\u00edas de Polic\u00eda;<\/li>\n<li>En el extranjero por las Misiones Diplom\u00e1tica-Consulares;<\/li>\n<li>Para los ciudadanos no registrados en el A.I.R.E., la Embajada debe solicitar obligatoriamente el Nulla Osta\/Delega a la autoridad competente (<strong>Questura o Consulado italiano de residencia actual<\/strong>). En este caso, el pasaporte se emitir\u00e1 solo despu\u00e9s de obtener el Nulla Osta\/Delega.<\/li>\n<li>Se informa que el ciudadano italiano que desea realizar su solicitud de pasaporte deve estar inscrito en el A.I.R.E. (Anagrafe Italiani residenti all\u2019Estero) de la Embajada de Italia en Panama. La inscripci\u00f3n debe ser confirmada con la recepci\u00f3n del correo por parte de la Embajada. <strong>El pasaporte se entregar\u00e1 dentro de 2 semanas desde la fecha de presentacion de la solicitud;<\/strong><\/li>\n<li>Se puede solicitar la renovaci\u00f3n de su pasaporte a partir de 6 meses antes de la expiraci\u00f3n del mismo;<\/li>\n<li>Si es descendiente de italianos, el pasaporte solo se puede solicitar despu\u00e9s del reconocimiento de la ciudadan\u00eda italiana;<\/li>\n<\/ul>\n<p><strong>El pasaporte es un documento de viaje y reconocimiento expedido:<\/strong><\/p>\n<ul>\n<li>En Italia, por las Questuras;<\/li>\n<li>En el extranjero por las Representaciones diplom\u00e1ticas y consulares.<\/li>\n<\/ul>\n<p><strong>\u00bfD\u00f3nde puedo presentarme para obtener mi pasaporte?<\/strong><\/p>\n<ul>\n<li>Present\u00e1ndose el ciudadano italiano en la Embajada de Italia en Panam\u00e1 previa cita online para \u00abpasaporte\u00bb a trav\u00e9s del portal <a href=\"https:\/\/prenotami.esteri.it\/\">Prenot@mi<\/a> <strong>NOTA<\/strong>: Tenga en cuenta que cada ciudadano mayor de edad debe solicitar una cita personal y no se aceptar\u00e1n reservas en nombre de otras personas, incluso si pertenecen al mismo nucleo familiar, para los menores de edad, las citas deben estar a nombre de los padres.<\/li>\n<li><strong>IMPORTANTE<\/strong>: antes de reservar la cita se ruega a los solicitantes de verificar la propia posici\u00f3n anagrafica directamente en la plataforma <a href=\"https:\/\/serviziconsolari.esteri.it\/ScoFE\/index.sco\">FAST IT.<\/a> En el caso que el solicitante haya cambiado su direcci\u00f3n de residencia,\u00a0<strong>ES NECESARIO ACTUALIZARLO.<\/strong><\/li>\n<li><strong>MUY IMPORTANTE:<\/strong> En caso de simple vencimiento de la validez, es posible presentar la solicitud de renovaci\u00f3n del pasaporte \u00fanicamente a partir del primer d\u00eda de los \u00faltimos seis meses de validez del pasaporte en posesi\u00f3n.<\/li>\n<\/ul>\n<p><strong>La validez temporal del pasaporte difiere seg\u00fan la edad del titular:<\/strong><\/p>\n<ul>\n<li>Para los ni\u00f1os menores de 3 a\u00f1os, la validez es de 3 a\u00f1os;<\/li>\n<li>Para los menores de 3 a 18 a\u00f1os la validez es de 5 a\u00f1os;<\/li>\n<li>Para mayores de edad, la validez es de 10 a\u00f1os.<\/li>\n<\/ul>\n<p>&nbsp;<\/p>\n<p style=\"text-align: justify;\"><a href=\"https:\/\/ambpanama.esteri.it\/es\/servizi-consolari-e-visti\/servizi-per-il-cittadino-italiano\/passaporti-e-carte-didentita\/requisiti-per-i-cittadini-maggiorenni\/\"><strong>Requisitos de pasaporte para ciudadanos mayores de 18 a\u00f1os<\/strong><\/a><\/p>\n<p style=\"text-align: justify;\"><a href=\"https:\/\/ambpanama.esteri.it\/es\/servizi-consolari-e-visti\/servizi-per-il-cittadino-italiano\/passaporti-e-carte-didentita\/5707-2\/\"><strong>Requisitos de pasaporte para ciudadanos menores de 18 a\u00f1os<\/strong><\/a><\/p>\n<p>&nbsp;<\/p>\n<p style=\"text-align: justify;\"><strong>Sitios web utiles<\/strong><\/p>\n<p style=\"text-align: justify;\"><a href=\"https:\/\/www.esteri.it\/mae\/it\/ministero\/servizi\/sportello_info\/\">Farnesina: Ufficio Relazioni con il Pubblico<\/a><\/p>\n<p style=\"text-align: justify;\"><a href=\"https:\/\/www.viaggiaresicuri.it\/home\">Farnesina: Viaggiare Sicuri<\/a><\/p>\n<p style=\"text-align: justify;\"><a href=\"https:\/\/www.dovesiamonelmondo.it\/home.html\">Farnesina: Dove siamo nel mondo<\/a><\/p>\n<p style=\"text-align: justify;\"><a href=\"https:\/\/www.poliziadistato.it\/articolo\/1087-Passaporto\/\">Polizia di Stato: Passaporto<\/a><\/p>\n<p style=\"text-align: justify;\"><a href=\"https:\/\/www.poliziadistato.it\/articolo\/1088-Il_passaporto_per_gli_animali_da_compagnia\/\">Polizia di Stato: Passaporto per animali da compagnia<\/a><\/p>\n<p><a href=\"https:\/\/esta.cbp.dhs.gov\/\">Stati Uniti: Richiesta ESTA<\/a><\/p>\n","protected":false},"excerpt":{"rendered":"Se avisa a los ciudadanos italianos residentes en los Pa\u00edses de Acreditaci\u00f3n secundaria que deben viajar a Panam\u00e1 para acceder a los servicios consulares prestados por esta Embajada de Italia. De acuerdo con la legislaci\u00f3n local, para ingresar a Panam\u00e1 es necesario que el pasaporte extranjero tenga una validez m\u00ednima de tres meses adicionales a [&hellip;]","protected":false},"author":1,"featured_media":0,"parent":170,"menu_order":0,"comment_status":"closed","ping_status":"closed","template":"","meta":{"footnotes":""},"class_list":["post-171","page","type-page","status-publish","hentry"],"_links":{"self":[{"href":"https:\/\/ambpanama.esteri.it\/es\/wp-json\/wp\/v2\/pages\/171","targetHints":{"allow":["GET"]}}],"collection":[{"href":"https:\/\/ambpanama.esteri.it\/es\/wp-json\/wp\/v2\/pages"}],"about":[{"href":"https:\/\/ambpanama.esteri.it\/es\/wp-json\/wp\/v2\/types\/page"}],"author":[{"embeddable":true,"href":"https:\/\/ambpanama.esteri.it\/es\/wp-json\/wp\/v2\/users\/1"}],"replies":[{"embeddable":true,"href":"https:\/\/ambpanama.esteri.it\/es\/wp-json\/wp\/v2\/comments?post=171"}],"version-history":[{"count":6,"href":"https:\/\/ambpanama.esteri.it\/es\/wp-json\/wp\/v2\/pages\/171\/revisions"}],"predecessor-version":[{"id":8786,"href":"https:\/\/ambpanama.esteri.it\/es\/wp-json\/wp\/v2\/pages\/171\/revisions\/8786"}],"up":[{"embeddable":true,"href":"https:\/\/ambpanama.esteri.it\/es\/wp-json\/wp\/v2\/pages\/170"}],"wp:attachment":[{"href":"https:\/\/ambpanama.esteri.it\/es\/wp-json\/wp\/v2\/media?parent=171"}],"curies":[{"name":"wp","href":"https:\/\/api.w.org\/{rel}","templated":true}]}}