{"id":172,"date":"2023-04-11T18:17:44","date_gmt":"2023-04-11T23:17:44","guid":{"rendered":"https:\/\/ambpanama.esteri.it\/servizi-consolari-e-visti\/servizi-per-il-cittadino-italiano\/emergency-travel-documents-etd\/"},"modified":"2024-09-18T13:51:10","modified_gmt":"2024-09-18T18:51:10","slug":"emergency-travel-documents-etd","status":"publish","type":"page","link":"https:\/\/ambpanama.esteri.it\/es\/servizi-consolari-e-visti\/servizi-per-il-cittadino-italiano\/emergency-travel-documents-etd\/","title":{"rendered":"Documentos de viaje de emergencia (ETD)"},"content":{"rendered":"<p style=\"text-align: justify;\">Si se encuentra en una situaci\u00f3n de emergencia (por ejemplo, si es un turista en tr\u00e1nsito, debe partir de nuevo y ha perdido o le han robado su pasaporte) y no tiene tiempo o forma de solicitar un nuevo pasaporte, la embajada puede emitir un documento provisional de viaje llamado\u00a0<strong>E.T.D. (Emergency Travel Document)<\/strong><\/p>\n<p style=\"text-align: justify;\">El documento no es v\u00e1lido para un viaje con destino o escala en los Estados Unidos de Am\u00e9rica.<\/p>\n<p style=\"text-align: justify;\">Es un documento que solo se aplica al viaje de regreso a Italia (o al pa\u00eds donde se reside de forma estable)<\/p>\n<p style=\"text-align: justify;\"><strong>\u00bfD\u00f3nde presentarse para obtener el ETD?<\/strong><\/p>\n<ul style=\"text-align: justify;\">\n<li>Presentandose el ciudadano italiano en la Embajada de Italia en el horario de apertura al p\u00fablico, en otras instancias el interesado podr\u00e1 contactarnos en el siguiente n\u00famero de tel\u00e9fono (+507) 6942 7852, Il celular, <strong>EXCLUSIVAMENTE<\/strong> para emergencias, est\u00e1 activo de lunes a viernes de 15:30 a 22:00, s\u00e1bados y domingos de 08:00 a 22:00.<\/li>\n<\/ul>\n<p style=\"text-align: justify;\"><strong>El solicitante deber\u00e1 presentarse en la Embajada de Panam\u00e1 presentando la siguiente documentaci\u00f3n:<\/strong><\/p>\n<p style=\"text-align: justify;\">1. denuncia de p\u00e9rdida o robo del pasaporte u otro documento de viaje ante las autoridades locales, entregada al Consulado en virtud de los art\u00edculos 46 y 47 y con las advertencias previstas en el art. 76 del D.P.R. 445\/2000;<\/p>\n<p style=\"text-align: justify;\">2. n.2 fotograf\u00edas (iguales, frontales, en color, fondo blanco, formato 3,5 cm x 4 cm);<\/p>\n<p style=\"text-align: justify;\">3. el t\u00edtulo de viaje;<\/p>\n<p style=\"text-align: justify;\">4. pago en d\u00f3lares del coste del documento (actualmente es de \u20ac 1,55 pero es importante consultar las\u00a0<a href=\"https:\/\/ambpanama.esteri.it\/es\/servizi-consolari-e-visti\/servizi-per-il-cittadino-italiano\/diritti-consolari\/\">tarifas consulares<\/a>\u00a0que cambian trimestralmente) y de los eventuales gastos de env\u00edo si el interesado no puede ir personalmente a recoger el documento.<\/p>\n<p style=\"text-align: justify;\">5. Formulario de solicitud de ETD:<\/p>\n<ul style=\"text-align: justify;\">\n<li><a href=\"https:\/\/ambpanama.esteri.it\/wp-content\/uploads\/2024\/06\/Richiesta-ETD-maggiorenni.pdf\">formulario de solicitud ETD para mayores de edad<\/a><\/li>\n<li><a href=\"https:\/\/ambpanama.esteri.it\/wp-content\/uploads\/2024\/06\/Richiesta-ETD-minorenni.pdf\">formulario de solicitud ETD para menores de edad<\/a><\/li>\n<\/ul>\n<p style=\"text-align: justify;\"><strong>N.B:<\/strong>\u00a0En los d\u00edas prefestivos y festivos esta forma de asistencia podr\u00eda ser impedida debido al cierre de las Oficinas mismas y aplazada &#8211; excepto en situaciones de emergencia comprobada &#8211; al primer d\u00eda h\u00e1bil.<\/p>\n<p style=\"text-align: justify;\">Los Consulados Honorarios no est\u00e1n habilitados para la expedici\u00f3n del\u00a0<strong>ETD<\/strong>, pero se limitan a la transmisi\u00f3n de las solicitudes a la Embajada de Italia en Panam\u00e1 y a recibir el documento una vez preparado. Los gastos de env\u00edo de la documentaci\u00f3n y de env\u00edo del DPV personalizado por la Oficina Consular correr\u00e1n a cargo del solicitante.<\/p>\n","protected":false},"excerpt":{"rendered":"Si se encuentra en una situaci\u00f3n de emergencia (por ejemplo, si es un turista en tr\u00e1nsito, debe partir de nuevo y ha perdido o le han robado su pasaporte) y no tiene tiempo o forma de solicitar un nuevo pasaporte, la embajada puede emitir un documento provisional de viaje llamado\u00a0E.T.D. (Emergency Travel Document) El documento [&hellip;]","protected":false},"author":1,"featured_media":0,"parent":170,"menu_order":2,"comment_status":"closed","ping_status":"closed","template":"","meta":{"footnotes":""},"class_list":["post-172","page","type-page","status-publish","hentry"],"_links":{"self":[{"href":"https:\/\/ambpanama.esteri.it\/es\/wp-json\/wp\/v2\/pages\/172","targetHints":{"allow":["GET"]}}],"collection":[{"href":"https:\/\/ambpanama.esteri.it\/es\/wp-json\/wp\/v2\/pages"}],"about":[{"href":"https:\/\/ambpanama.esteri.it\/es\/wp-json\/wp\/v2\/types\/page"}],"author":[{"embeddable":true,"href":"https:\/\/ambpanama.esteri.it\/es\/wp-json\/wp\/v2\/users\/1"}],"replies":[{"embeddable":true,"href":"https:\/\/ambpanama.esteri.it\/es\/wp-json\/wp\/v2\/comments?post=172"}],"version-history":[{"count":6,"href":"https:\/\/ambpanama.esteri.it\/es\/wp-json\/wp\/v2\/pages\/172\/revisions"}],"predecessor-version":[{"id":6264,"href":"https:\/\/ambpanama.esteri.it\/es\/wp-json\/wp\/v2\/pages\/172\/revisions\/6264"}],"up":[{"embeddable":true,"href":"https:\/\/ambpanama.esteri.it\/es\/wp-json\/wp\/v2\/pages\/170"}],"wp:attachment":[{"href":"https:\/\/ambpanama.esteri.it\/es\/wp-json\/wp\/v2\/media?parent=172"}],"curies":[{"name":"wp","href":"https:\/\/api.w.org\/{rel}","templated":true}]}}