{"id":173,"date":"2023-04-11T18:18:08","date_gmt":"2023-04-11T23:18:08","guid":{"rendered":"https:\/\/ambpanama.esteri.it\/servizi-consolari-e-visti\/servizi-per-il-cittadino-italiano\/stato-civile\/"},"modified":"2024-09-18T13:51:31","modified_gmt":"2024-09-18T18:51:31","slug":"stato-civile","status":"publish","type":"page","link":"https:\/\/ambpanama.esteri.it\/es\/servizi-consolari-e-visti\/servizi-per-il-cittadino-italiano\/stato-civile\/","title":{"rendered":"Estado civil"},"content":{"rendered":"<p class=\"boxLevel03\"><strong>Informaci\u00f3n general<\/strong><\/p>\n<p style=\"text-align: justify;\">El Estado Civil anota y registra los eventos esenciales relacionados con el ciudadano: nacimiento, matrimonio, defunci\u00f3n, divorcio, ciudadan\u00eda.<\/p>\n<p style=\"text-align: justify;\">Todos los ciudadanos italianos est\u00e1n obligados a notificar de inmediato a la Administraci\u00f3n P\u00fablica sobre cualquier cambio relacionado con su estado civil y la composici\u00f3n de su n\u00facleo familiar.<\/p>\n<p style=\"text-align: justify;\">Para este fin, es necesario presentar los documentos relacionados formalmente perfeccionados (y traducidos al italiano) en la Oficina Consular (solo con cita previa en el\u00a0<a href=\"https:\/\/prenotami.esteri.it\/\">Prenota Online<\/a>) o directamente en el municipio italiano de referencia.<\/p>\n<p style=\"text-align: justify;\">Adem\u00e1s, la Oficina de Rgistro del Consulado ayuda a los ciudadanos que residen en el distrito electoral y est\u00e1n registrados en el AIRE con respecto a:<\/p>\n<ul style=\"text-align: justify;\">\n<li>transmisi\u00f3n de sentencias de divorcio.<\/li>\n<li>transmisi\u00f3n de sentencias de adopci\u00f3n.<\/li>\n<li>publicaciones de matrimonio.<\/li>\n<li>cambio de nombre o apellido<\/li>\n<\/ul>\n<p style=\"text-align: justify;\"><strong>Importante<\/strong>: En caso de que el solicitante haya cambiado su direcci\u00f3n de residencia\u00a0<strong>ES NECESARIO ACTUALIZARLO<\/strong>\u00a0a trav\u00e9s de la plataforma\u00a0<a href=\"https:\/\/serviziconsolarionline.esteri.it\/ScoFE\/index.sco\">Fast It<\/a>, tambi\u00e9n con el fin de la transcripci\u00f3n de documentos de estado civil. Si la direcci\u00f3n no coincide con la indicada en el formulario de solicitud del servicio, no se realizar\u00e1 la transcripci\u00f3n del documento.<\/p>\n<ul style=\"text-align: justify;\">\n<li><a href=\"https:\/\/ambpanama.esteri.it\/es\/servizi-consolari-e-visti\/servizi-per-il-cittadino-italiano\/stato-civile\/registrare-una-nascita\/\">Registrar un nacimiento<\/a><\/li>\n<li><a href=\"https:\/\/ambpanama.esteri.it\/es\/servizi-consolari-e-visti\/servizi-per-il-cittadino-italiano\/stato-civile\/registrare-un-matrimonio\/\">Registrar un matrimonio<\/a><\/li>\n<li><a href=\"https:\/\/ambpanama.esteri.it\/es\/servizi-consolari-e-visti\/servizi-per-il-cittadino-italiano\/stato-civile\/registrare-un-divorzio\/\">Registar un divorcio<\/a><\/li>\n<li><a href=\"https:\/\/ambpanama.esteri.it\/es\/servizi-consolari-e-visti\/servizi-per-il-cittadino-italiano\/stato-civile\/registrare-una-morte\/\">Registrar una muerte<\/a><\/li>\n<\/ul>\n<div id=\"tw-target-text-container\" class=\"tw-ta-container F0azHf tw-nfl focus--mouse\" style=\"text-align: justify;\" tabindex=\"0\" data-focus-mouse=\"true\">\n<p id=\"tw-target-text\" class=\"tw-data-text tw-text-large tw-ta\" dir=\"ltr\" data-placeholder=\"Traduzione\"><span class=\"Y2IQFc\" lang=\"es\">Los certificados de residencia y estado de familia son expedidos exclusivamente por la Alcald\u00eda italiana en la cual resulta el ciudadano inscrito en el Aire. La Embajada puede expedir los certificados de ciudadan\u00eda italiana y\u00a0existencia en vida.<\/span><\/p>\n<blockquote>\n<p class=\"tw-data-text tw-text-large tw-ta\" dir=\"ltr\" data-placeholder=\"Traduzione\"><span class=\"Y2IQFc\" lang=\"es\">Para que las traducciones de los documentos del estado civil sean enviadas a las Autoridades italianas, se requiere la Apostilla del reconocimiento oficial de la firma del traductor.<\/span><\/p>\n<p class=\"tw-data-text tw-text-large tw-ta\" dir=\"ltr\" data-placeholder=\"Traduzione\"><span class=\"Y2IQFc\" lang=\"es\">La Apostilla se puede obtener en l\u00ednea en el sitio web del Ministerio de Relaciones Exteriores de Panama: <a href=\"https:\/\/mire.gob.pa\/\">MIRE<\/a><\/span><\/p>\n<\/blockquote>\n<\/div>\n<div id=\"tw-target-rmn-container\" class=\"tw-target-rmn tw-ta-container F0azHf tw-nfl\" style=\"text-align: justify;\">\n<p id=\"tw-target-text\" class=\"tw-data-text tw-text-large tw-ta\" dir=\"ltr\" data-placeholder=\"Traduzione\"><strong><span class=\"Y2IQFc\" lang=\"es\">Las traducciones hechas por un traductor \u00aboficial\u00bb deben ser declaradas conformes con el original del mismo traductor, quien colocar\u00e1 su calificaci\u00f3n y t\u00edtulo al pie de la traducci\u00f3n misma la cual, bajo su responsabilidad, declara que la traducci\u00f3n est\u00e1 en perfecta conformidad con el texto original.<\/span><\/strong><\/p>\n<\/div>\n<p style=\"text-align: justify;\">Los Servicios Consulares se prestan directamente a los interesados y no a intermediarios, y directamente a los ciudadanos italianos registrados en el A.I.R.E. en Panama.<\/p>\n<p style=\"text-align: justify;\">Para informaci\u00f3n sobre los servicios consulares, est\u00e1 disponible el siguiente numero telefonico: <strong>+507 2258948\/48\/50<\/strong><\/p>\n<p style=\"text-align: justify;\"><strong>El servicio est\u00e1 disponible en los siguientes horarios:<\/strong><\/p>\n<ul>\n<li style=\"text-align: justify;\">Lunes\/miercoles\/viernes: 1:30 &#8211; 3:00<\/li>\n<li style=\"text-align: justify;\">martes \/ Jueves: 9:30-12:00<\/li>\n<\/ul>\n","protected":false},"excerpt":{"rendered":"Informaci\u00f3n general El Estado Civil anota y registra los eventos esenciales relacionados con el ciudadano: nacimiento, matrimonio, defunci\u00f3n, divorcio, ciudadan\u00eda. Todos los ciudadanos italianos est\u00e1n obligados a notificar de inmediato a la Administraci\u00f3n P\u00fablica sobre cualquier cambio relacionado con su estado civil y la composici\u00f3n de su n\u00facleo familiar. Para este fin, es necesario presentar [&hellip;]","protected":false},"author":1,"featured_media":0,"parent":170,"menu_order":4,"comment_status":"closed","ping_status":"closed","template":"","meta":{"footnotes":""},"class_list":["post-173","page","type-page","status-publish","hentry"],"_links":{"self":[{"href":"https:\/\/ambpanama.esteri.it\/es\/wp-json\/wp\/v2\/pages\/173","targetHints":{"allow":["GET"]}}],"collection":[{"href":"https:\/\/ambpanama.esteri.it\/es\/wp-json\/wp\/v2\/pages"}],"about":[{"href":"https:\/\/ambpanama.esteri.it\/es\/wp-json\/wp\/v2\/types\/page"}],"author":[{"embeddable":true,"href":"https:\/\/ambpanama.esteri.it\/es\/wp-json\/wp\/v2\/users\/1"}],"replies":[{"embeddable":true,"href":"https:\/\/ambpanama.esteri.it\/es\/wp-json\/wp\/v2\/comments?post=173"}],"version-history":[{"count":6,"href":"https:\/\/ambpanama.esteri.it\/es\/wp-json\/wp\/v2\/pages\/173\/revisions"}],"predecessor-version":[{"id":6266,"href":"https:\/\/ambpanama.esteri.it\/es\/wp-json\/wp\/v2\/pages\/173\/revisions\/6266"}],"up":[{"embeddable":true,"href":"https:\/\/ambpanama.esteri.it\/es\/wp-json\/wp\/v2\/pages\/170"}],"wp:attachment":[{"href":"https:\/\/ambpanama.esteri.it\/es\/wp-json\/wp\/v2\/media?parent=173"}],"curies":[{"name":"wp","href":"https:\/\/api.w.org\/{rel}","templated":true}]}}