{"id":174,"date":"2023-04-11T18:18:20","date_gmt":"2023-04-11T23:18:20","guid":{"rendered":"https:\/\/ambpanama.esteri.it\/servizi-consolari-e-visti\/servizi-per-il-cittadino-italiano\/assistenza-ai-cittadini-allestero\/"},"modified":"2024-09-18T14:02:51","modified_gmt":"2024-09-18T19:02:51","slug":"assistenza-ai-cittadini-allestero","status":"publish","type":"page","link":"https:\/\/ambpanama.esteri.it\/es\/servizi-consolari-e-visti\/servizi-per-il-cittadino-italiano\/assistenza-ai-cittadini-allestero\/","title":{"rendered":"Asistencia a ciudadanos en el extranjero"},"content":{"rendered":"<p style=\"text-align: justify;\">La actividad de asistencia consular est\u00e1 destinada a los ciudadanos italianos que se encuentran en una situaci\u00f3n moment\u00e1nea de dificultad y\/o indigencia.<\/p>\n<p>La asistencia consular puede ser:<\/p>\n<ul>\n<li>Sanitaria;<\/li>\n<li>Econ\u00f3mica;<\/li>\n<li>Repatriaci\u00f3n, repatriaci\u00f3n m\u00e9dica y repatriaci\u00f3n de cuerpos;<\/li>\n<li>Protecci\u00f3n consular, cuestiones legales y sustracci\u00f3n de menores;<\/li>\n<li>B\u00fasquedas de connacionales en el extranjero;<\/li>\n<\/ul>\n<p>Para solicitar asistencia por favor enviar una solicitud detallada a\u00a0<a href=\"mailto:consolare.panama@esteri.it\">consolare.panama@esteri.it<\/a>\u00a0indicando:<\/p>\n<ul>\n<li>Tipo de asistencia consular necesitada<\/li>\n<li>Copia del documento de identidad italiano<\/li>\n<li>N\u00famero de tel\u00e9fono<\/li>\n<li>Direcci\u00f3n residencial<\/li>\n<li>Documentaci\u00f3n que sustente la solicitud de asistencia<\/li>\n<li>Nombres, direcciones y correos electr\u00f3nicos de familiares de contacto<\/li>\n<\/ul>\n","protected":false},"excerpt":{"rendered":"La actividad de asistencia consular est\u00e1 destinada a los ciudadanos italianos que se encuentran en una situaci\u00f3n moment\u00e1nea de dificultad y\/o indigencia. La asistencia consular puede ser: Sanitaria; Econ\u00f3mica; Repatriaci\u00f3n, repatriaci\u00f3n m\u00e9dica y repatriaci\u00f3n de cuerpos; Protecci\u00f3n consular, cuestiones legales y sustracci\u00f3n de menores; B\u00fasquedas de connacionales en el extranjero; Para solicitar asistencia por favor [&hellip;]","protected":false},"author":1,"featured_media":0,"parent":170,"menu_order":6,"comment_status":"closed","ping_status":"closed","template":"","meta":{"footnotes":""},"class_list":["post-174","page","type-page","status-publish","hentry"],"_links":{"self":[{"href":"https:\/\/ambpanama.esteri.it\/es\/wp-json\/wp\/v2\/pages\/174","targetHints":{"allow":["GET"]}}],"collection":[{"href":"https:\/\/ambpanama.esteri.it\/es\/wp-json\/wp\/v2\/pages"}],"about":[{"href":"https:\/\/ambpanama.esteri.it\/es\/wp-json\/wp\/v2\/types\/page"}],"author":[{"embeddable":true,"href":"https:\/\/ambpanama.esteri.it\/es\/wp-json\/wp\/v2\/users\/1"}],"replies":[{"embeddable":true,"href":"https:\/\/ambpanama.esteri.it\/es\/wp-json\/wp\/v2\/comments?post=174"}],"version-history":[{"count":3,"href":"https:\/\/ambpanama.esteri.it\/es\/wp-json\/wp\/v2\/pages\/174\/revisions"}],"predecessor-version":[{"id":6292,"href":"https:\/\/ambpanama.esteri.it\/es\/wp-json\/wp\/v2\/pages\/174\/revisions\/6292"}],"up":[{"embeddable":true,"href":"https:\/\/ambpanama.esteri.it\/es\/wp-json\/wp\/v2\/pages\/170"}],"wp:attachment":[{"href":"https:\/\/ambpanama.esteri.it\/es\/wp-json\/wp\/v2\/media?parent=174"}],"curies":[{"name":"wp","href":"https:\/\/api.w.org\/{rel}","templated":true}]}}