{"id":175,"date":"2023-04-11T18:18:56","date_gmt":"2023-04-11T23:18:56","guid":{"rendered":"https:\/\/ambpanama.esteri.it\/servizi-consolari-e-visti\/servizi-per-il-cittadino-italiano\/servizi-elettorali\/"},"modified":"2024-09-19T09:55:59","modified_gmt":"2024-09-19T14:55:59","slug":"servizi-elettorali","status":"publish","type":"page","link":"https:\/\/ambpanama.esteri.it\/es\/servizi-consolari-e-visti\/servizi-per-il-cittadino-italiano\/servizi-elettorali\/","title":{"rendered":"Servicios electorales"},"content":{"rendered":"<p style=\"text-align: justify;\">Los ciudadanos italianos residentes en el extranjero e inscritos al A.I.R.E. pueden ejercer su derecho al voto en el pa\u00eds de residencia para las elecciones pol\u00edticas nacionales, para los refer\u00e9ndums ex art. 75 y 138 de la Constituci\u00f3n y para las elecciones del Parlamento Europeo.<\/p>\n<p style=\"text-align: justify;\">El voto en el extranjero para las elecciones pol\u00edticas nacionales y los refer\u00e9ndum es regulado por la Ley 27 diciembre 2001, n. 459 y por el Reglamento (D.P.R. 2abril 2003, n. 104) en cumplimiento de los art.48, 56 y 57 de la Constituci\u00f3n que han instituido la Jurisdicci\u00f3n extranjera.<\/p>\n<p style=\"text-align: justify;\">El voto en el extranjero para las elecciones de los representantes italianos al Parlamento europeo es regulado por la ley 24 de enero 1979 n.18 y por el Decreto-ley del 24 de junio 1994 n. 408.<\/p>\n<p style=\"text-align: justify;\">Los electores italianos residentes en el extranjero y regularmente inscritos en el A.I.R.E. pueden adem\u00e1s votar para las elecciones del COMITES-Comit\u00e9 de los Italianos en el extranjero (ley 23 octubre 2003, n. 283).<\/p>\n<p style=\"text-align: justify;\"><strong>Enlace \u00fatil<\/strong>:<a href=\"https:\/\/ambpanama.esteri.it\/ambasciata_panama\/Los%20ciudadanos%20italianos%20residentes%20en%20el%20extranjero%20e%20inscritos%20al%20A.I.R.E.%20pueden%20ejercer%20su%20derecho%20al%20voto%20en%20el%20pa%C3%ADs%20de%20residencia%20para%20las%20elecciones%20pol%C3%ADticas%20nacionales,%20para%20los%20refer%C3%A9ndums%20ex%20art.%2075%20y%20138%20de%20la%20Constituci%C3%B3n%20y%20para%20las%20elecciones%20del%20Parlamento%20Europeo.%20%20El%20voto%20en%20el%20extranjero%20para%20las%20elecciones%20pol%C3%ADticas%20nacionales%20y%20los%20refer%C3%A9ndum%20es%20regulado%20por%20la%20Ley%2027%20diciembre%202001,%20n.%20459%20y%20por%20el%20Reglamento%20(D.P.R.%202abril%202003,%20n.%20104)%20en%20cumplimiento%20de%20los%20art.48,%2056%20y%2057%20de%20la%20Constituci%C3%B3n%20que%20han%20instituido%20la%20Jurisdicci%C3%B3n%20extranjera.%20%20El%20voto%20en%20el%20extranjero%20para%20las%20elecciones%20de%20los%20representantes%20italianos%20al%20Parlamento%20europeo%20es%20regulado%20por%20la%20ley%2024%20de%20enero%201979%20n.18%20y%20por%20el%20Decreto-ley%20del%2024%20de%20junio%201994%20n.%20408.%20%20Los%20electores%20italianos%20residentes%20en%20el%20extranjero%20y%20regularmente%20inscritos%20en%20el%20A.I.R.E.%20pueden%20adem%C3%A1s%20votar%20para%20las%20elecciones%20del%20COMITES-Comit%C3%A9%20de%20los%20Italianos%20en%20el%20extranjero%20(ley%2023%20octubre%202003,%20n.%20283).%20%20Enlace%20%C3%BAtil:%20Voto%20all%E2%80%99estero%20%E2%80%93%20Ministero%20degli%20Affari%20Esteri%20e%20della%20Cooperazione%20Internazionale\">\u00a0Voto all\u2019estero \u2013 Ministero degli Affari Esteri e della Cooperazione Internazionale<\/a><\/p>\n","protected":false},"excerpt":{"rendered":"Los ciudadanos italianos residentes en el extranjero e inscritos al A.I.R.E. pueden ejercer su derecho al voto en el pa\u00eds de residencia para las elecciones pol\u00edticas nacionales, para los refer\u00e9ndums ex art. 75 y 138 de la Constituci\u00f3n y para las elecciones del Parlamento Europeo. El voto en el extranjero para las elecciones pol\u00edticas nacionales [&hellip;]","protected":false},"author":1,"featured_media":0,"parent":170,"menu_order":8,"comment_status":"closed","ping_status":"closed","template":"","meta":{"footnotes":""},"class_list":["post-175","page","type-page","status-publish","hentry"],"_links":{"self":[{"href":"https:\/\/ambpanama.esteri.it\/es\/wp-json\/wp\/v2\/pages\/175","targetHints":{"allow":["GET"]}}],"collection":[{"href":"https:\/\/ambpanama.esteri.it\/es\/wp-json\/wp\/v2\/pages"}],"about":[{"href":"https:\/\/ambpanama.esteri.it\/es\/wp-json\/wp\/v2\/types\/page"}],"author":[{"embeddable":true,"href":"https:\/\/ambpanama.esteri.it\/es\/wp-json\/wp\/v2\/users\/1"}],"replies":[{"embeddable":true,"href":"https:\/\/ambpanama.esteri.it\/es\/wp-json\/wp\/v2\/comments?post=175"}],"version-history":[{"count":3,"href":"https:\/\/ambpanama.esteri.it\/es\/wp-json\/wp\/v2\/pages\/175\/revisions"}],"predecessor-version":[{"id":6331,"href":"https:\/\/ambpanama.esteri.it\/es\/wp-json\/wp\/v2\/pages\/175\/revisions\/6331"}],"up":[{"embeddable":true,"href":"https:\/\/ambpanama.esteri.it\/es\/wp-json\/wp\/v2\/pages\/170"}],"wp:attachment":[{"href":"https:\/\/ambpanama.esteri.it\/es\/wp-json\/wp\/v2\/media?parent=175"}],"curies":[{"name":"wp","href":"https:\/\/api.w.org\/{rel}","templated":true}]}}