{"id":176,"date":"2023-04-11T18:19:16","date_gmt":"2023-04-11T23:19:16","guid":{"rendered":"https:\/\/ambpanama.esteri.it\/servizi-consolari-e-visti\/servizi-per-il-cittadino-italiano\/servizi-notarili\/"},"modified":"2024-09-19T09:56:18","modified_gmt":"2024-09-19T14:56:18","slug":"servizi-notarili","status":"publish","type":"page","link":"https:\/\/ambpanama.esteri.it\/es\/servizi-consolari-e-visti\/servizi-per-il-cittadino-italiano\/servizi-notarili\/","title":{"rendered":"Servicios notariales"},"content":{"rendered":"<p style=\"text-align: justify;\">La oficina consular ejerce \u2013 exclusivamente a favor de ciudadanos italianos que se encuentran en el extranjero de forma permanente o tempor\u00e1nea \u2013 algunas funciones notariales previstas por nuestro ordenamiento. Esencialmente se trata de la recepci\u00f3n de actos p\u00fablicos (poderes, testamentos), de actos notorios, de autenticaci\u00f3n y de suscripci\u00f3n puestas en escrituras privadas.<\/p>\n<p style=\"text-align: justify;\">Existen sin embargo algunas diferencias entre las competencias consulares en materia y las atribuidas a notarios ejercientes en Italia, sustancialmente relacionadas a la diferente posici\u00f3n del Jefe de la Representaci\u00f3n consular, funcionario del Estado, y a la del notario, libre profesionista.<\/p>\n<p style=\"text-align: justify;\"><strong>En efecto:<\/strong><\/p>\n<ul>\n<li style=\"text-align: justify;\">El notario puede tambi\u00e9n ser llamado a desempe\u00f1ar la funci\u00f3n de consultor legal del cliente; \u00e9l por lo tanto puede adquirir la informaci\u00f3n relativa a la solvencia de una persona o actuar como mediador en una transacci\u00f3n, o aconsejar al cliente acerca de relaciones familiares o financieras. Queda excluido que la Autoridad Consular pueda desempe\u00f1ar actividades an\u00e1logas. Su consejo, si es solicitado, debe limitarse al \u00e1mbito jur\u00eddico, en especial con relaci\u00f3n a las actas que se le solicita recibir. Su asistencia debe limitarse a la legalidad de las actas previstas y no a su utilidad econ\u00f3mica.<\/li>\n<li style=\"text-align: justify;\">El notario puede ser a veces el mandatario del cliente con relaci\u00f3n a la publicidad y a la ejecuci\u00f3n de formalidades relativas a las actas que ha recibido. Ninguna actividad de semejante naturaleza puede, al contrario, ser desempe\u00f1ada por el jefe de la Representaci\u00f3n Consular.<\/li>\n<li style=\"text-align: justify;\">Mientras el notario tiene derecho a un honorario, todas las actas consulares est\u00e1n sujetas \u00fanicamente al impuesto indicado en la Tarifa Consular.<\/li>\n<\/ul>\n","protected":false},"excerpt":{"rendered":"La oficina consular ejerce \u2013 exclusivamente a favor de ciudadanos italianos que se encuentran en el extranjero de forma permanente o tempor\u00e1nea \u2013 algunas funciones notariales previstas por nuestro ordenamiento. Esencialmente se trata de la recepci\u00f3n de actos p\u00fablicos (poderes, testamentos), de actos notorios, de autenticaci\u00f3n y de suscripci\u00f3n puestas en escrituras privadas. Existen sin [&hellip;]","protected":false},"author":1,"featured_media":0,"parent":170,"menu_order":10,"comment_status":"closed","ping_status":"closed","template":"","meta":{"footnotes":""},"class_list":["post-176","page","type-page","status-publish","hentry"],"_links":{"self":[{"href":"https:\/\/ambpanama.esteri.it\/es\/wp-json\/wp\/v2\/pages\/176","targetHints":{"allow":["GET"]}}],"collection":[{"href":"https:\/\/ambpanama.esteri.it\/es\/wp-json\/wp\/v2\/pages"}],"about":[{"href":"https:\/\/ambpanama.esteri.it\/es\/wp-json\/wp\/v2\/types\/page"}],"author":[{"embeddable":true,"href":"https:\/\/ambpanama.esteri.it\/es\/wp-json\/wp\/v2\/users\/1"}],"replies":[{"embeddable":true,"href":"https:\/\/ambpanama.esteri.it\/es\/wp-json\/wp\/v2\/comments?post=176"}],"version-history":[{"count":3,"href":"https:\/\/ambpanama.esteri.it\/es\/wp-json\/wp\/v2\/pages\/176\/revisions"}],"predecessor-version":[{"id":6334,"href":"https:\/\/ambpanama.esteri.it\/es\/wp-json\/wp\/v2\/pages\/176\/revisions\/6334"}],"up":[{"embeddable":true,"href":"https:\/\/ambpanama.esteri.it\/es\/wp-json\/wp\/v2\/pages\/170"}],"wp:attachment":[{"href":"https:\/\/ambpanama.esteri.it\/es\/wp-json\/wp\/v2\/media?parent=176"}],"curies":[{"name":"wp","href":"https:\/\/api.w.org\/{rel}","templated":true}]}}