{"id":177,"date":"2023-04-11T18:19:34","date_gmt":"2023-04-11T23:19:34","guid":{"rendered":"https:\/\/ambpanama.esteri.it\/servizi-consolari-e-visti\/servizi-per-il-cittadino-italiano\/pensioni-e-sicurezza-sociale\/"},"modified":"2024-09-19T10:04:57","modified_gmt":"2024-09-19T15:04:57","slug":"pensioni-e-sicurezza-sociale","status":"publish","type":"page","link":"https:\/\/ambpanama.esteri.it\/es\/servizi-consolari-e-visti\/servizi-per-il-cittadino-italiano\/pensioni-e-sicurezza-sociale\/","title":{"rendered":"Pensiones y seguridad social"},"content":{"rendered":"<p style=\"text-align: justify;\"><strong>PATRONATI<\/strong><\/p>\n<p style=\"text-align: justify;\">Los \u00abPatronati\u00bb est\u00e1n al servicio de los trabajadores y de los ciudadanos para brindar actividad eficaz de informaci\u00f3n y orientaci\u00f3n, preparaci\u00f3n y transmisi\u00f3n de todas las solicitudes de pensi\u00f3n y previsi\u00f3n social, desarrollando los requerimientos y tutelando al ciudadano ante el Inps, Inpdap, Inail, administraciones p\u00fablicas y entidades locales, para la obtenci\u00f3n de sus derechos.<\/p>\n<p style=\"text-align: justify;\">Se relacionan algunos de los servicios prestados por los patronati en forma gratuita:<\/p>\n<p style=\"text-align: justify;\">Verificaci\u00f3n de la posici\u00f3n asegurada, rescate del trabajo en el exterior y titulos universitarios.<\/p>\n<p style=\"text-align: justify;\">Solicitudes de pensi\u00f3n.<\/p>\n<p style=\"text-align: justify;\">Mayoraci\u00f3n social y recostituci\u00f3n de pensiones.<\/p>\n<p style=\"text-align: justify;\">Cheques para el n\u00facleo familiar.<\/p>\n<p style=\"text-align: justify;\">Solicitudes y creditos de la hoja matricular por servicio militar, guerra o prisioneros.<\/p>\n<p style=\"text-align: justify;\"><strong>SEGURIDAD SOCIAL<\/strong><\/p>\n<p style=\"text-align: justify;\">Por \u00abseguridad social\u00bb se entiende el conjunto de intervenciones con el prop\u00f3sito de conceder bienes y servicios en favor de los ciudadanos italianos que se encuentren en condiciones de necesidad. Tales intervenciones incluyen, los cuidados gratuitos para los indigentes, la predisposici\u00f3n e integraci\u00f3n de organismos e instituciones que aseguren\u00a0 a los ciudadanos italianos discapacitados, que no pueden trabajar, y sin medios sociales para vivir \u00a0su manutenci\u00f3n y asistencia social, y, a los trabajadores, medios adecuados para las exigencias de vida en caso de accidente, enfermedad, invalidez, vejez y desocupaci\u00f3n involuntaria.<\/p>\n<p style=\"text-align: justify;\">La seguridad social comprende:<\/p>\n<ul style=\"text-align: justify;\">\n<li>la asistencia social que absuelva una funci\u00f3n gen\u00e9rica de tutela para los indigentes, tutela que se extiende a todos los ciudadanos en cada ocasi\u00f3n de necesidad, dentro de los l\u00edmites de las disponibilidades de la entidad que los concede;<\/li>\n<li>la seguridad social que absuelve la funci\u00f3n espec\u00edfica de la tutela de los trabajadores;<\/li>\n<\/ul>\n<p style=\"text-align: justify;\">Las personas que tienen derecho a la tutela son:<\/p>\n<ul style=\"text-align: justify;\">\n<li>los trabajadores dependientes y los aut\u00f3nomos;<\/li>\n<li>los trabajadores p\u00fablicos;<\/li>\n<li>los estudiantes;<\/li>\n<li>los jubilados;<\/li>\n<li>los familiares y sup\u00e9rstites de los arriba mencionados.<\/li>\n<\/ul>\n<p style=\"text-align: justify;\">Las principales prestaciones por lo que se refiere a los trabajadores dependientes y aut\u00f3nomos son las siguientes:<\/p>\n<p style=\"text-align: justify;\"><strong>PENSION DE VEJEZ.<\/strong><\/p>\n<p style=\"text-align: justify;\"><strong>PENSION POR TIEMPO DE SERVICIOS.<\/strong><\/p>\n<p style=\"text-align: justify;\"><strong>CHEQUE ORIDNARIO DE INVALIDEZ.<\/strong><\/p>\n<p style=\"text-align: justify;\"><strong>PENSION ORDINARIA DE INVALIDEZ.<\/strong><\/p>\n<p style=\"text-align: justify;\"><strong>PENSION A LOS SUPERSTITES.<\/strong><\/p>\n<p style=\"text-align: justify;\"><strong>PENSION SOCIAL.<\/strong>\u00a0-La pensi\u00f3n social se le concede a los ciudadanos mayores de 65 a\u00f1os (italianos o de alg\u00fan Estado de la Uni\u00f3n Europea) permanentemente residentes en el territorio nacional que no tengan ninguna forma de tutela a trav\u00e9s de alg\u00fan seguro y cuyas rentas, comprendidas aquellas del c\u00f3nyuge, sean inferiores al importe establecido por la Ley.<\/p>\n<p style=\"text-align: justify;\"><strong>LA SEGURIDAD SOCIAL INTERNACIONAL<\/strong><\/p>\n<p style=\"text-align: justify;\">Por \u00abseguridad social internacional\u00bb se entiende la protecci\u00f3n social a los ciudadanos de un Pa\u00eds residentes permanentemente en otro Pa\u00eds. La tutela de los emigrados est\u00e1 garantizada a trav\u00e9s de una norma internacional actualizada que tiene que tener en cuenta constantemente de las variaciones sociales.<\/p>\n<p style=\"text-align: justify;\">En el \u00e1rea de la Uni\u00f3n Europea la protecci\u00f3n social se efect\u00faa a trav\u00e9s de la aplicaci\u00f3n de los Reglamentos Comunitarios.<\/p>\n<p style=\"text-align: justify;\">Las normas comunitarias de seguridad social son aplicables directa e inmediatamente en el territorio de los 27 pa\u00edses que actualmente conforman la Uni\u00f3n Europea.<\/p>\n<p style=\"text-align: justify;\">Las mismas normas se aplican en otros 3 pa\u00edses que, a\u00fan no siendo miembros de la Uni\u00f3n Europea, han suscrito el Acuerto sobre el Espacio Econ\u00f3mico Europeo (SEE): Islandia, Noruega, Liechtenstein.<\/p>\n<p style=\"text-align: justify;\">Desde el 1 de junio de 2002 esta norma se aplica tambi\u00e9n en la Confedereci\u00f3n Suiza gracias a un Convenio suscrito con la Uni\u00f3n Europea y sus 25 Estados miembros.<\/p>\n<p style=\"text-align: justify;\">En el \u00e1rea extra-comunitaria, la protecci\u00f3n social se efect\u00faa a trav\u00e9s de Convenciones bilaterales.<\/p>\n<p style=\"text-align: justify;\"><strong>REGLAMENTOS DE LA COMUNIDAD<\/strong><\/p>\n<p style=\"text-align: justify;\">Los reglamentos de la Uni\u00f3n Europea n. 1408\/71 y 574\/72, ampliados y actualizados en varias oportunidades, disciplinan de manera completa la seguridad social en las relaciones entre los Pa\u00edses de la Uni\u00f3n Europea, el Espacio Econ\u00f3mico Europeo y Suiza.<\/p>\n<p style=\"text-align: justify;\">Los Reglamentos Comunitarios dictan las normas generales en materia de seguridad por invalidez, vejez y fallecimiento (pensiones), seguros contra accidentes en el trabajo y las enfermedades profesionales, contra la desocupaci\u00f3n involuntaria, para la asistencia durante las enfermedades y la maternidad y para la asistencia familiar.<\/p>\n<p style=\"text-align: justify;\">Adem\u00e1s, los Reglamentos Comunitarios no reemplazan las legislaciones de los Estados miembros, sino que regulan su aplicaci\u00f3n de tal manera que los trabajadores que hayan trabajado en el extranjero no sufran perjuicios respecto a aquellos que han trabajado solamente en su Patria.<\/p>\n<p style=\"text-align: justify;\">Los Reglamentos Comunitarios han sido instituidos para cumplir con los siguientes objetivos:<\/p>\n<ul style=\"text-align: justify;\">\n<li><strong>20901<\/strong>. Totalizar todos los per\u00edodos de asegurado y de aportaciones efectuados en los Pa\u00edses miembros, con el prop\u00f3sito de obtener el derechos a las prestaciones:<\/li>\n<li><strong>20902<\/strong>. El pago de la pensi\u00f3n en el pa\u00eds de residencia, a\u00fan si \u00e9sta est\u00e1 a cargo de otro Estado miembro.<\/li>\n<\/ul>\n<p style=\"text-align: justify;\">La igualdad de trato con los ciudadanos del pa\u00eds donde trabajan.<\/p>\n<p style=\"text-align: justify;\">Los beneficiarios son todos aquellos trabajadores dependientes o aut\u00f3nomos (tambi\u00e9n los profesionales independientes) ciudadanos de los Estados miembros; ap\u00e1tridas o pr\u00f3fugos siempre que sean residentes en los Estados miembros; familiares y sup\u00e9rstites; empleados p\u00fablicos.<\/p>\n<p style=\"text-align: justify;\">En todos los Pa\u00edses miembros se garantiza la seguridad en la vejez, invalidez y fallecimiento, desocupaci\u00f3n involuntaria y los cheques familiares.<\/p>\n<p style=\"text-align: justify;\">La solicitud de pensi\u00f3n tiene que ser presentada a la Instituci\u00f3n competente seg\u00fan el territorio del Estado en el cual el trabajador tiene residencia, adjuntando los siguientes documentos:<\/p>\n<p style=\"text-align: justify;\">per\u00edodos de trabajo efectuados en Italia;<\/p>\n<p style=\"text-align: justify;\">nombre de las Empresas donde ha trabajado;<\/p>\n<p style=\"text-align: justify;\">cargo del trabajador;<\/p>\n<p style=\"text-align: justify;\">sedes del INPS en Italia donde se efectuaron las aportaciones;<\/p>\n<p style=\"text-align: justify;\">\u00ablibretto\u00bb (constancia) de trabajo, recibos de planilla, cartas de empleo, despido, etc.<\/p>\n<p style=\"text-align: justify;\"><strong>CONVENCIONES INTERNACIONALES BILATERALES<\/strong><\/p>\n<p style=\"text-align: justify;\">As\u00ed como los Reglamentos Comunitarios, las Convenciones Internacionales bilaterales son acuerdos jur\u00eddicos de derecho internacional en virtud de los cuales los Estados contrayentes asumen obligaciones de instaurar y coordinar un r\u00e9gimen de seguridad social que tenga car\u00e1cter de reciprocidad y que garantice la libre circulaci\u00f3n de la mano de obra ogligando a:<\/p>\n<ul style=\"text-align: justify;\">\n<li><strong>20916.<\/strong>\u00a0La igualdad de trato en materia de seguridad social entre tos los ciudadanos de los pa\u00edses contrayentes;<\/li>\n<li><strong>20917.<\/strong>\u00a0La asimilaci\u00f3n en el territorio en el sentido que las prestaciones de seguridad social non puedan sufrir modificaciones por el hecho de que el beneficiario resida en un Estado diferente de aquel del cual percibe la prestaci\u00f3n.<\/li>\n<\/ul>\n<p style=\"text-align: justify;\">C. Totalizar los per\u00edodos en los cuales el trabajador ha estado asegurado con el fin de obtener el derecho a la prestaci\u00f3n.<\/p>\n<p style=\"text-align: justify;\">Los Pa\u00edses con los cuales Italia ha suscrito Convenciones bilaterales en materia de seguridad social son los siguientes:<\/p>\n<p style=\"text-align: justify;\">Argentina, Bosnia Herzegovina, Brasil, Canad\u00e1, Croacia, Jersey y las Islas del Canal, Macedonia, Principado de M\u00f3naco, Rep\u00fablica de Caboverde, San Marino, Eslovenia, Serbia y Montenegro, U.S.A., Uruguay, Venezuela, Australia, Santa Sede, Suiza, T\u00fanes, Israel y Libia.<\/p>\n<p style=\"text-align: justify;\">Por lo que se refiere a Turqu\u00eda, est\u00e1 ligada a Italia por la Convenci\u00f3n Europea, que entr\u00f3 en vigencia el 12 de abril de 1990.<\/p>\n<p style=\"text-align: justify;\">Adem\u00e1s, las Convenciones con Chile, Filipinas, Marruecos y la Rep\u00fablica Checa han sido suscritas pero no ratificadas.<\/p>\n<p style=\"text-align: justify;\">Est\u00e1n en vigencia tambi\u00e9n Acuerdos parciales de seguridad social:<\/p>\n<ul style=\"text-align: justify;\">\n<li>El Acuerdo Italo-Mejicano referente a la transferencia de las pensiones:<\/li>\n<li>El Acuerdo con Israel referente exclusivamente a los trabajadores temporalmente destacados, que quedan sin embargo totalmente sujetos a la legislaci\u00f3n del Pa\u00eds de donde provienen.<\/li>\n<\/ul>\n<p style=\"text-align: justify;\"><strong>CARACTERISTICAS DE LAS PRESTACIONES BASADAS EN REGIMENES DE CONVENCION<\/strong><\/p>\n<p style=\"text-align: justify;\">Totalizar los per\u00edodos en los cuales el trabajador ha estado asegurado es admitido a condici\u00f3n de que los trabajadores hayan tenido un per\u00edodo m\u00ednimo de aportaciones en el Pa\u00eds que le concede la pensi\u00f3n. Si los per\u00edodos en los cuales el trabajador ha estado asegurado es inferior a dicho per\u00edodo m\u00ednimo, las aportaciones no se pierden, pero son utilizadas por el otro Estado.<\/p>\n<p style=\"text-align: justify;\">Seg\u00fan los Reglamentos de la Uni\u00f3n Europea, el per\u00edodo m\u00ednimo es de 52 semanas, Para las Convenciones bilaterales, el per\u00edodo m\u00ednimo se establece en forma diferente de acuerdo a cada una de la Convenciones.<\/p>\n<p style=\"text-align: justify;\">Por \u00abPro-rata Temporis\u00bb se entiende el sistema seg\u00fan el cual cada uno de los Estados establece el importe que tiene que ser aportado en su interior.<\/p>\n<p style=\"text-align: justify;\">Si, por ejemplo, un trabajador tiene por lo menos 20 a\u00f1os de aportaciones en Italia, tiene derecho a una pensi\u00f3n nacional de r\u00e9gimen aut\u00f3nomo, sin tener que recurrir a totalizar los per\u00edodos en los cuales ha estado asegurado. En cambio, si los a\u00f1os de aportaciones son inferiores, es necesario recurrir a totalizar las aportaciones efectuadas en Italia y en los dem\u00e1s pa\u00edses convencionados, con el prop\u00f3sito de adquirir el derecho a la pensi\u00f3n. En este caso, el c\u00e1lculo de la pensi\u00f3n se efect\u00faa \u00abPro Rata\u00bb, es decir en porporci\u00f3n a los per\u00edodos en los cuales el trabajador ha aportado en el Pa\u00eds que liquida la pensi\u00f3n.<\/p>\n<p style=\"text-align: justify;\">Por \u00abimporte m\u00ednimo\u00bb se entiende el importe mensual de las pensiones que en \u00abpro rata\u00bb no puede ser inferior 1\/40 del tratamiento m\u00ednimo en vigencia a la fecha en que le corresponde la pensi\u00f3n, por cada a\u00f1o de aportaciones acreditado en Italia. En el 2023, el importe m\u00ednimo era de 563,74 Euros mensuales.<\/p>\n<p style=\"text-align: justify;\">La \u00abintegraci\u00f3n al importe m\u00ednimo\u00bb es aquella establecida por la Ley, adicional a la cuota de la pensi\u00f3n que le corresponde al asegurado, de tal manera que tal cuota llegue a la \u00abcantidad m\u00ednima\u00bb.<\/p>\n<p style=\"text-align: justify;\"><strong>ASPECTOS FISCALES DE LAS PENSIONES<\/strong><\/p>\n<p style=\"text-align: justify;\">Por lo que se refiere a los aspectos fiscales de las pensiones, Italia ha estipulado con numerosos pa\u00edses Convenciones adecuadas para evitar la doble imposici\u00f3n fiscal. Tales Convenciones preveen la eliminaci\u00f3n del impuesto sobre la pensi\u00f3n en el Pa\u00eds que concede la pensi\u00f3n y la imposici\u00f3n del impuesto en el Pa\u00eds de residencia.<\/p>\n<p style=\"text-align: justify;\">Italia ha estipulado Convenciones que preveen la eliminaci\u00f3n del impuesto en el Pa\u00eds que concede la pensi\u00f3n y la imposici\u00f3n del impuesto en el Pa\u00eds de residencia con los siguientes Estados:<\/p>\n<p style=\"text-align: justify;\">Albania, Argentina, Australia, Austria, Bangladesh, Bosnia Herzegovina, B\u00e9lgica, Brasil, Bulgaria, Canad\u00e1, China, Corea del Sur, Costa de Marfil, Croacia, Dinamarca, Ecuador, Egipto, Emiratos Arabes Unidos, Federaci\u00f3n Rusa, Filipinas, Alemania, Jap\u00f3n, Grecia, Indica, Indonesia, Irlanda, Israel, Kazakhistan, Kuwait, Lituania, Macedonia, Malasia, Malta, Marruecos, Mauricius, M\u00e9xico, Noruega, Nueva Zelanda, Pa\u00edses Bajos, Paquist\u00e1n, Polonia, Portugal, Reino Unido, Rep\u00fablica Checa, Rep\u00fablica Federal de Jugoslavia, Rep\u00fablica Eslovaca, Ruman\u00eda, Rusia, Singapur, Eslovenia, Espa\u00f1a, Sri Lanka, USA, Sud\u00e1frica, Suiza, Tanzania, Trinidad y Tobago, T\u00fanes, Turqu\u00eda, Hungr\u00eda, Uni\u00f3n Sovi\u00e9tica, Venezuela, Vietnam, Zambia. la <strong>Convenci\u00f3n Italia \/ Panama para evitar la doble imposicion fiscal ha sido estipulada en el 2010.<\/strong><\/p>\n<p style=\"text-align: justify;\"><strong>COBRO DE LA PENSION<\/strong><\/p>\n<p style=\"text-align: justify;\">Las pensiones con convenciones internacionales son cobradas mediante acuerdos suscritos entre el INPS (Istituto di Previdenza Sociale, equivalente a ESSALUD) y las varias Instituciones bancarias que operan en el extranjero en el respeto de las modalidades previstas por los contratos mismos.<\/p>\n<p style=\"text-align: justify;\"><strong>AUMENTO DE LAS PENSIONES<\/strong><\/p>\n<p style=\"text-align: justify;\">Por \u00abaumento de las pensiones\u00bb se entiende el aumento previsto por la Ley \u00abFinanciaria\u00bb 2002 (Ley del Presupuesto de la Rep\u00fablica del 2002) en la medida de los aumentos sociales hasta garantizar una renta mensual equivalente a Euros 516.46 mensuales por trece mensualidades al a\u00f1o.<\/p>\n<p style=\"text-align: justify;\">En r\u00e9gimen de convenciones internacionales, los aumentos sociales se aplican sobre las pensiones pagadas en el extranjero. Desde el 1 de enero de 2003 les corresponde a los ciudadanos italianos (que posean los requisitos de ley y previa verificaci\u00f3n de las condiciones de rentas o ingresos) el aumento de la mejora social, de tal manera que garantice una renta propia.<\/p>\n<p style=\"text-align: justify;\"><strong>PAGO DE LAS PENSIONES EN EL EXTRANJERO<\/strong><\/p>\n<p style=\"text-align: justify;\">Las pensiones se pagan a los residentes en el extranjero mensualmente.<\/p>\n<p style=\"text-align: justify;\">Las pensiones de importe inferior al l\u00edmite establecido por la ley son pagadas semestralmente como sucede con los jubilados en Italia.<\/p>\n<p style=\"text-align: justify;\">El pago de las pensiones puede ser efectuado con abono en la cuenta corriente del jubilado si est\u00e1 previsto un acuerdo convencionado entre el INPS y la instituci\u00f3n bancaria.<\/p>\n<p style=\"text-align: justify;\">En l\u00ednea general, los cheques INPS son emitidos en la moneda del Pa\u00eds de residencia del jubilado con excepci\u00f3n de algunos Estados con monedas no cotizadas en los mercados (como Argentina, Brasil y Venezuela) donde el pago se efect\u00faa en d\u00f3lares USA.<\/p>\n<p style=\"text-align: justify;\"><strong>CONEXIONES INPS Y OFICINAS CONSULARES<\/strong><\/p>\n<p style=\"text-align: justify;\">Con el prop\u00f3sito de que sea m\u00e1s pr\u00e1ctica y f\u00e1cil la forma de tratar los expedientes de quien ha trabajado en el extranjero, han sido activadas conexiones telem\u00e1ticas entre el INPS y las Oficinas Consulares en el extranjero. Por lo tanto, los asegurados que viven en el extranjero, acerc\u00e1ndose a la Canciller\u00eda Consular de la Embajada, pueden solicitar cualquier elemento informativo relacionado con su posici\u00f3n de asegurado en el INPS en Italia y, en particular, cualquier informaci\u00f3n sobre las pensiones.<\/p>\n<p style=\"text-align: justify;\"><strong>APLICACIONES DE LAS AUTO-CERTIFICACIONES EN EL AMBITO RELACIONADO CON LA SEGURIDAD SOCIAL<\/strong><\/p>\n<p style=\"text-align: justify;\">Por efecto de la aplicaci\u00f3n de la Ley 127\/97, los ciudadanos italianos residentes en el extranjero pueden reducir de manera significativa las certificaciones necesarias para obtener las varias prestaciones en r\u00e9gimen de convenci\u00f3n o no, pudi\u00e9ndolas reemplazar con declaraciones propias de auto-certificaci\u00f3n.<\/p>\n<p style=\"text-align: justify;\">Nuestros conciudadanos en el extranjero pueden hacer llegar a las varias Instituciones nacionales (INPS, INAIL, Ministerio del Tesoro, etc.) espec\u00edficas declaraciones que tengan valor de auto-certificaci\u00f3n y que certifiquen los varios estados,, hechos y cualidades personales como t\u00edtulos de estudios, renta, calificaci\u00f3n profesional, etc.<\/p>\n<p style=\"text-align: justify;\"><strong>Sitios utiles<\/strong><\/p>\n<ul>\n<li style=\"text-align: justify;\"><a href=\"https:\/\/www.inps.it\/it\/it.html\">INPS website<\/a><\/li>\n<li style=\"text-align: justify;\"><a href=\"https:\/\/www.esteri.it\/MAE\/IT\/Italiani_nel_Mondo\/ServiziConsolari\/SicurezzaSociale.htm\">Pensiones y Seguridad Social<\/a><\/li>\n<li style=\"text-align: justify;\"><a href=\"https:\/\/www.inca.it\/dovetrovarci\">Patronato INCA &#8211; CGIL<\/a><\/li>\n<\/ul>\n","protected":false},"excerpt":{"rendered":"PATRONATI Los \u00abPatronati\u00bb est\u00e1n al servicio de los trabajadores y de los ciudadanos para brindar actividad eficaz de informaci\u00f3n y orientaci\u00f3n, preparaci\u00f3n y transmisi\u00f3n de todas las solicitudes de pensi\u00f3n y previsi\u00f3n social, desarrollando los requerimientos y tutelando al ciudadano ante el Inps, Inpdap, Inail, administraciones p\u00fablicas y entidades locales, para la obtenci\u00f3n de sus [&hellip;]","protected":false},"author":1,"featured_media":0,"parent":170,"menu_order":12,"comment_status":"closed","ping_status":"closed","template":"","meta":{"footnotes":""},"class_list":["post-177","page","type-page","status-publish","hentry"],"_links":{"self":[{"href":"https:\/\/ambpanama.esteri.it\/es\/wp-json\/wp\/v2\/pages\/177","targetHints":{"allow":["GET"]}}],"collection":[{"href":"https:\/\/ambpanama.esteri.it\/es\/wp-json\/wp\/v2\/pages"}],"about":[{"href":"https:\/\/ambpanama.esteri.it\/es\/wp-json\/wp\/v2\/types\/page"}],"author":[{"embeddable":true,"href":"https:\/\/ambpanama.esteri.it\/es\/wp-json\/wp\/v2\/users\/1"}],"replies":[{"embeddable":true,"href":"https:\/\/ambpanama.esteri.it\/es\/wp-json\/wp\/v2\/comments?post=177"}],"version-history":[{"count":6,"href":"https:\/\/ambpanama.esteri.it\/es\/wp-json\/wp\/v2\/pages\/177\/revisions"}],"predecessor-version":[{"id":6346,"href":"https:\/\/ambpanama.esteri.it\/es\/wp-json\/wp\/v2\/pages\/177\/revisions\/6346"}],"up":[{"embeddable":true,"href":"https:\/\/ambpanama.esteri.it\/es\/wp-json\/wp\/v2\/pages\/170"}],"wp:attachment":[{"href":"https:\/\/ambpanama.esteri.it\/es\/wp-json\/wp\/v2\/media?parent=177"}],"curies":[{"name":"wp","href":"https:\/\/api.w.org\/{rel}","templated":true}]}}