{"id":180,"date":"2023-04-11T18:20:20","date_gmt":"2023-04-11T23:20:20","guid":{"rendered":"https:\/\/ambpanama.esteri.it\/servizi-consolari-e-visti\/servizi-per-il-cittadino-italiano\/codice-fiscale\/"},"modified":"2026-02-12T09:57:46","modified_gmt":"2026-02-12T14:57:46","slug":"codice-fiscale","status":"publish","type":"page","link":"https:\/\/ambpanama.esteri.it\/es\/servizi-consolari-e-visti\/servizi-per-il-cittadino-italiano\/codice-fiscale\/","title":{"rendered":"C\u00f3digo de identificaci\u00f3n fiscal"},"content":{"rendered":"<p>&nbsp;<\/p>\n<p><strong>C\u00d3DIGO FISCAL<\/strong><\/p>\n<p>El C\u00f3digo Fiscal es el c\u00f3digo alfanum\u00e9rico emitido por la Agencia Tributaria italiana (Agenzia delle Entrate) para identificar al ciudadano (italiano o extranjero) en sus relaciones con las administraciones p\u00fablicas, particulares y entidades italianas. Para las personas f\u00edsicas, el C\u00f3digo Fiscal se determina sobre la base de los datos personales.<\/p>\n<p>Cualquier tr\u00e1mite administrativo (pago de tasas, impuestos, c\u00e1nones, etc.) o actividad contractual (aceptaci\u00f3n de herencias, contratos con entidades p\u00fablicas o privadas, solicitud de financiaci\u00f3n, patrocinios, arrendamientos o cesi\u00f3n de bienes inmuebles, etc.) requiere la indicaci\u00f3n del C\u00f3digo Fiscal de la persona que lo realiza.<\/p>\n<p><strong>CIUDADANOS ITALIANOS RESIDENTES EN EL EXTRANJERO INSCRITOS EN EL AIRE<\/strong><\/p>\n<p>Los ciudadanos italianos mayores de edad inscritos en el AIRE pueden solicitar el C\u00f3digo Fiscal, para s\u00ed mismos y para sus hijos menores, a trav\u00e9s del portal telem\u00e1tico Fast It, accediendo al servicio correspondiente y siguiendo las instrucciones. A trav\u00e9s del mismo portal Fast It ser\u00e1 posible descargar el certificado de atribuci\u00f3n del C\u00f3digo Fiscal una vez completada la tramitaci\u00f3n.<\/p>\n<p><strong>\u00bfC\u00f3mo?<\/strong><\/p>\n<ol>\n<li>Acceda al portal Fast It;<\/li>\n<li>Haga clic en \u201cAnagrafe Consolare e AIRE\u201d y luego en \u201cAttribuzione Codice fiscale\u201d;<\/li>\n<li>Confirme los datos e inicie la solicitud;<\/li>\n<li>Una vez que el Consulado haya tramitado la solicitud, podr\u00e1 descargar aut\u00f3nomamente el certificado de atribuci\u00f3n del C\u00f3digo Fiscal.<\/li>\n<\/ol>\n<p><strong>Si no logra descargar el certificado:<\/strong><\/p>\n<ol>\n<li>Reg\u00edstrese en el portal FAST IT o acceda si ya dispone de una cuenta activa;<\/li>\n<li>Solicite la \u201cAsociaci\u00f3n Online\u201d haciendo clic en \u201cAnagrafe Consolare e AIRE\u201d y luego en \u201cVisualizzare la propria scheda anagrafica\u201d;<\/li>\n<li>Recibir\u00e1 en su correo electr\u00f3nico el mensaje de confirmaci\u00f3n de la asociaci\u00f3n;<\/li>\n<li>Acceda nuevamente al portal y descargue el certificado.<\/li>\n<\/ol>\n<p>Los ciudadanos mayores de edad inscritos en el AIRE que ya posean el C\u00f3digo Fiscal pueden descargar directamente el certificado a trav\u00e9s del portal Fast It, accediendo al servicio correspondiente y siguiendo las instrucciones previstas para solicitar el C\u00f3digo Fiscal; en este caso no ser\u00e1 necesaria la intervenci\u00f3n del Consulado para la emisi\u00f3n del certificado.<\/p>\n<p>Quienes deseen recibir tambi\u00e9n la tarjeta pl\u00e1stica del C\u00f3digo Fiscal deber\u00e1n presentar la solicitud correspondiente junto con copia de un documento de identidad.<\/p>\n<p>En caso de p\u00e9rdida o destrucci\u00f3n del certificado en papel o de la tarjeta pl\u00e1stica, podr\u00e1 solicitarse un duplicado siguiendo el mismo procedimiento previsto para la atribuci\u00f3n.<\/p>\n<p>Para m\u00e1s informaci\u00f3n, se recomienda visitar el sitio web de la Oficina Consular competente.<\/p>\n<p><strong>CIUDADANOS EXTRANJEROS NO RESIDENTES EN ITALIA<\/strong><\/p>\n<p>Los ciudadanos extranjeros pueden solicitar el C\u00f3digo Fiscal a trav\u00e9s de las siguientes modalidades:<\/p>\n<ul>\n<li><strong>A trav\u00e9s de la Oficina Consular italiana competente por residencia.<\/strong><br \/>\nLa solicitud, que deber\u00e1 presentarse mediante el formulario correspondiente, deber\u00e1 acompa\u00f1arse de copia de un documento de identidad y la indicaci\u00f3n de los motivos.<br \/>\nPara m\u00e1s informaci\u00f3n, se recomienda visitar el sitio web de la Oficina Consular competente.<\/li>\n<li><strong>Mediante poder especial<\/strong>, delegando a una persona para que presente el formulario de solicitud del C\u00f3digo Fiscal directamente ante las oficinas de la Agenzia delle Entrate en Italia, conforme al art. 1 del Decreto Ministerial de aplicaci\u00f3n de 17 de mayo de 2001, n.\u00ba 281.<br \/>\nLas direcciones de las oficinas est\u00e1n disponibles en el sitio web <a href=\"http:\/\/www.agenziaentrate.it\/\">www.agenziaentrate.it<\/a><\/p>\n<p>Para la legalizaci\u00f3n de documentos extranjeros: Legalizaci\u00f3n de documentos \u2013 Ministerio de Asuntos Exteriores y Cooperaci\u00f3n Internacional.<\/li>\n<li><strong>Directamente ante las oficinas de la Agenzia delle Entrate en Italia<\/strong>, una vez ingresado al pa\u00eds.<\/li>\n<\/ul>\n<p>Para m\u00e1s informaci\u00f3n, se recomienda consultar la \u201cMini gu\u00eda del C\u00f3digo Fiscal para extranjeros\u201d de la Agenzia delle Entrate, disponible en varios idiomas en su sitio web oficial.<\/p>\n<p><strong>En particular:<\/strong><\/p>\n<p><strong>Ciudadanos de la UE<\/strong> que deseen residir en Italia pueden solicitar el C\u00f3digo Fiscal presentando el modelo AA4\/8 ante una Oficina Territorial de la Agenzia delle Entrate. La solicitud debe estar motivada y acompa\u00f1ada de un documento v\u00e1lido (pasaporte o documento de identidad v\u00e1lido para viajar al extranjero).<\/p>\n<p><strong>Ciudadanos de pa\u00edses no pertenecientes a la UE<\/strong> que deseen residir en Italia reciben el C\u00f3digo Fiscal:<\/p>\n<p>\u2013 en la Oficina \u00danica de Inmigraci\u00f3n (Sportello Unico per l\u2019Immigrazione), presente en cada Prefectura y competente para la emisi\u00f3n de la autorizaci\u00f3n de entrada para ciudadanos extranjeros que soliciten permiso de residencia por trabajo subordinado o reagrupaci\u00f3n familiar;<br \/>\n\u2013 en la Jefatura de Polic\u00eda (Questura), para quienes soliciten otros tipos de permiso de residencia.<\/p>\n<p><strong>Motivos de estudio<\/strong><\/p>\n<p>El ciudadano extranjero que llegue a Italia por motivos de estudio y permanezca menos de 90 d\u00edas podr\u00e1 solicitar el C\u00f3digo Fiscal en cualquier oficina de la Agenzia delle Entrate.<\/p>\n<p>El ciudadano extranjero que llegue a Italia por motivos de estudio y deba permanecer m\u00e1s de 90 d\u00edas deber\u00e1 solicitar previamente el permiso de residencia ante la Questura y, en esa fase, recibir\u00e1 el C\u00f3digo Fiscal.<\/p>\n","protected":false},"excerpt":{"rendered":"&nbsp; C\u00d3DIGO FISCAL El C\u00f3digo Fiscal es el c\u00f3digo alfanum\u00e9rico emitido por la Agencia Tributaria italiana (Agenzia delle Entrate) para identificar al ciudadano (italiano o extranjero) en sus relaciones con las administraciones p\u00fablicas, particulares y entidades italianas. Para las personas f\u00edsicas, el C\u00f3digo Fiscal se determina sobre la base de los datos personales. Cualquier tr\u00e1mite [&hellip;]","protected":false},"author":1,"featured_media":0,"parent":170,"menu_order":18,"comment_status":"closed","ping_status":"closed","template":"","meta":{"footnotes":""},"class_list":["post-180","page","type-page","status-publish","hentry"],"_links":{"self":[{"href":"https:\/\/ambpanama.esteri.it\/es\/wp-json\/wp\/v2\/pages\/180","targetHints":{"allow":["GET"]}}],"collection":[{"href":"https:\/\/ambpanama.esteri.it\/es\/wp-json\/wp\/v2\/pages"}],"about":[{"href":"https:\/\/ambpanama.esteri.it\/es\/wp-json\/wp\/v2\/types\/page"}],"author":[{"embeddable":true,"href":"https:\/\/ambpanama.esteri.it\/es\/wp-json\/wp\/v2\/users\/1"}],"replies":[{"embeddable":true,"href":"https:\/\/ambpanama.esteri.it\/es\/wp-json\/wp\/v2\/comments?post=180"}],"version-history":[{"count":6,"href":"https:\/\/ambpanama.esteri.it\/es\/wp-json\/wp\/v2\/pages\/180\/revisions"}],"predecessor-version":[{"id":9034,"href":"https:\/\/ambpanama.esteri.it\/es\/wp-json\/wp\/v2\/pages\/180\/revisions\/9034"}],"up":[{"embeddable":true,"href":"https:\/\/ambpanama.esteri.it\/es\/wp-json\/wp\/v2\/pages\/170"}],"wp:attachment":[{"href":"https:\/\/ambpanama.esteri.it\/es\/wp-json\/wp\/v2\/media?parent=180"}],"curies":[{"name":"wp","href":"https:\/\/api.w.org\/{rel}","templated":true}]}}