{"id":183,"date":"2023-04-11T18:12:44","date_gmt":"2023-04-11T23:12:44","guid":{"rendered":"https:\/\/ambpanama.esteri.it\/servizi-consolari-e-visti\/servizi-per-il-cittadino-straniero\/"},"modified":"2026-01-21T10:27:32","modified_gmt":"2026-01-21T15:27:32","slug":"servizi-per-il-cittadino-straniero","status":"publish","type":"page","link":"https:\/\/ambpanama.esteri.it\/es\/servizi-consolari-e-visti\/servizi-per-il-cittadino-straniero\/","title":{"rendered":"Servicios para ciudadanos extranjeros"},"content":{"rendered":"<blockquote><p>Se avisa a los ciudadanos italianos residentes en los<strong> Pa\u00edses de Acreditaci\u00f3n<\/strong> secundaria que deben viajar a Panam\u00e1 para acceder a los servicios consulares prestados por esta Embajada de Italia. De acuerdo con la legislaci\u00f3n local, para ingresar a Panam\u00e1 es necesario que el pasaporte extranjero tenga una validez m\u00ednima de <strong>tres meses adicionales a la duraci\u00f3n del viaje previsto.<\/strong><\/p><\/blockquote>\n<p><strong>Horario de apertura al publico:<\/strong><\/p>\n<ul>\n<li>Lunes \u2013 miercoles \u2013 viernes 9.00 \u2013 12.30<\/li>\n<li>Martes y\u00a0 jueves 13.30 \u2013 15.30<\/li>\n<\/ul>\n<p><strong>Modalidad de citas<\/strong><\/p>\n<p>Las citas para los siguientes servicios consulares deben reservarse a trav\u00e9s de la plataforma\u00a0<strong><a href=\"https:\/\/prenotami.esteri.it\/\">Prenot@mi<\/a>.<\/strong><\/p>\n<ul>\n<li><strong>Ciudadan\u00eda por descendencia para hijos mayores de nacionalidad italiana;<\/strong><\/li>\n<li><strong>Ciudadan\u00eda por descendencia por \u00abbeneficio de ley\u00bb;<\/strong><\/li>\n<li><strong>Ciudadan\u00eda por matrimonio<\/strong><\/li>\n<li><strong>Servicios consulares ( <\/strong>autenticacion de firmas, acta de consentimiento, pasaportes mortuarios, etc.<strong>)<\/strong><\/li>\n<li><strong>Visas<\/strong><\/li>\n<\/ul>\n<p>Sin embargo, ya no es necesario reservar una cita a trav\u00e9s de la plataforma\u00a0<a href=\"https:\/\/prenotami.esteri.it\/\">Prenot@m<\/a>i para los siguientes servicios consulares:<\/p>\n<ul>\n<li><strong>Existencia en vida<\/strong> (ver la secci\u00f3n correspondiente a <a href=\"https:\/\/ambpanama.esteri.it\/es\/servizi-consolari-e-visti\/servizi-per-il-cittadino-italiano\/informazioni-appuntamenti\/\">Informacion de citas<\/a>)<\/li>\n<li><strong>Declaracion de valor<\/strong>\u00a0(ver la secci\u00f3n correspondiente a\u00a0<a href=\"https:\/\/ambpanama.esteri.it\/es\/servizi-consolari-e-visti\/servizi-per-il-cittadino-straniero\/dichiarazione-di-valore\/\">Declaracion de valor<\/a>)<\/li>\n<\/ul>\n<p><strong>Contactos:<\/strong><\/p>\n<table class=\"table\" width=\"726\" frame=\"vsides\" rules=\"all\">\n<tbody>\n<tr>\n<td><strong>Cancilleria Consular (Ufficio A.I.R.E.,<\/strong><\/p>\n<p><strong>Estado Civil, Ciudadania, Navegacion,<\/strong><\/p>\n<p><strong>Asistencia Scoail, Escuelas y Declaracion de Valor:<\/strong><\/td>\n<td><a href=\"mailto:ambpana.mail@esteri.it\">ambpana.mail@esteri.it<\/a><\/p>\n<p><a href=\"mailto:consolare.panama@esteri.it\">consolare.panama@esteri.it<\/a><\/td>\n<\/tr>\n<tr>\n<td><strong>Oficina de Pasaportes<\/strong><\/td>\n<td><a href=\"mailto:panama.passaporti@esteri.it\">panama.passaporti@esteri.it<\/a><\/td>\n<\/tr>\n<tr>\n<td><strong>Ofcicina de Visas<\/strong><\/td>\n<td><a href=\"mailto:panama.visti@esteri.it\">panama.visti@esteri.it<\/a><\/td>\n<\/tr>\n<tr>\n<td><strong>Oficina Administrativa \u2013 Contable<\/strong><\/td>\n<td><a href=\"mailto:panama.visti@esteri.it\">p<\/a><a href=\"mailto:anama.contabile@esteri.it\">anama.contabile@esteri.it<\/a><\/td>\n<\/tr>\n<tr>\n<td><strong>Direcion Electronica Certificada (PEC)\u00a0<\/strong>direcci\u00f3n habilitada exclusivamente para la recepci\u00f3n de correo electr\u00f3nico certificado (PEC)<\/td>\n<td><a href=\"mailto:amb.panama@cert.esteri.it\">amb.panama@cert.esteri.it<\/a><\/td>\n<\/tr>\n<\/tbody>\n<\/table>\n<p><strong>Los Servicios Consulares se prestan directamente a los interesados y no a intermediarios.<\/strong><\/p>\n<p><strong>La Embajada de Italia no ha autorizado a ninguna agencia o persona para ofrecer o prestar Servicios Consulares.<\/strong><\/p>\n<p>Los Servicios Consulares se prestan a los ciudadanos italianos registrados en el A.I.R.E. en Panama o a los residentes en Panama que poseen un documento de identidad\/de residencia.<\/p>\n<p><strong>Para informaci\u00f3n sobre los servicios consulares, est\u00e1 disponible el siguiente numero telefonico:<\/strong> +507 225 89 48 \/48\/ 50.<\/p>\n<p><strong>El servicio est\u00e1 disponible en los siguientes horarios:<\/strong><\/p>\n<ul>\n<li>Lunes\/miercoles\/: 2:00 \u2013 4:00<\/li>\n<li>Martes\/jueves\/viernes: 10:00-12:00<\/li>\n<\/ul>\n<p><strong>Tabla de Derechos Consulares<\/strong><\/p>\n<p>Tenga en cuenta que las\u00a0<a href=\"https:\/\/ambpanama.esteri.it\/wp-content\/uploads\/2023\/11\/tariffe_consolare_iii_trimestre_2023.pdf\">tarifas consulares<\/a>\u00a0cambian trimestralmente seg\u00fan el tipo de cambio consular y, por lo tanto, si se solicita el servicio en un trimestre posterior, ser\u00e1 responsabilidad de cada usuario verificar las nuevas tarifas consulares.<\/p>\n<p>En los siguientes enlaces es posible consultar la legislaci\u00f3n en materia de privacidad para:<\/p>\n<ul>\n<li><a href=\"https:\/\/ambpanama.esteri.it\/wp-content\/uploads\/2023\/11\/informativa_sulla_protezione_dati_-_servizi_consolari_italiano.pdf\">SERVICIOS CONSULARES<\/a><\/li>\n<li><a href=\"https:\/\/ambpanama.esteri.it\/wp-content\/uploads\/2023\/11\/informativa_protezione_dati_-_cittadinanza_italiano.pdf\">CIUDADANIA<\/a><\/li>\n<li><a href=\"https:\/\/ambpanama.esteri.it\/wp-content\/uploads\/2023\/11\/2._informativa_visti_all.1.pdf\">VISAS<\/a><\/li>\n<\/ul>\n","protected":false},"excerpt":{"rendered":"Se avisa a los ciudadanos italianos residentes en los Pa\u00edses de Acreditaci\u00f3n secundaria que deben viajar a Panam\u00e1 para acceder a los servicios consulares prestados por esta Embajada de Italia. De acuerdo con la legislaci\u00f3n local, para ingresar a Panam\u00e1 es necesario que el pasaporte extranjero tenga una validez m\u00ednima de tres meses adicionales a [&hellip;]","protected":false},"author":1,"featured_media":0,"parent":162,"menu_order":2,"comment_status":"closed","ping_status":"closed","template":"","meta":{"footnotes":""},"class_list":["post-183","page","type-page","status-publish","hentry"],"_links":{"self":[{"href":"https:\/\/ambpanama.esteri.it\/es\/wp-json\/wp\/v2\/pages\/183","targetHints":{"allow":["GET"]}}],"collection":[{"href":"https:\/\/ambpanama.esteri.it\/es\/wp-json\/wp\/v2\/pages"}],"about":[{"href":"https:\/\/ambpanama.esteri.it\/es\/wp-json\/wp\/v2\/types\/page"}],"author":[{"embeddable":true,"href":"https:\/\/ambpanama.esteri.it\/es\/wp-json\/wp\/v2\/users\/1"}],"replies":[{"embeddable":true,"href":"https:\/\/ambpanama.esteri.it\/es\/wp-json\/wp\/v2\/comments?post=183"}],"version-history":[{"count":6,"href":"https:\/\/ambpanama.esteri.it\/es\/wp-json\/wp\/v2\/pages\/183\/revisions"}],"predecessor-version":[{"id":8877,"href":"https:\/\/ambpanama.esteri.it\/es\/wp-json\/wp\/v2\/pages\/183\/revisions\/8877"}],"up":[{"embeddable":true,"href":"https:\/\/ambpanama.esteri.it\/es\/wp-json\/wp\/v2\/pages\/162"}],"wp:attachment":[{"href":"https:\/\/ambpanama.esteri.it\/es\/wp-json\/wp\/v2\/media?parent=183"}],"curies":[{"name":"wp","href":"https:\/\/api.w.org\/{rel}","templated":true}]}}