{"id":184,"date":"2023-04-11T18:22:07","date_gmt":"2023-04-11T23:22:07","guid":{"rendered":"https:\/\/ambpanama.esteri.it\/servizi-consolari-e-visti\/servizi-per-il-cittadino-straniero\/visti\/"},"modified":"2025-03-19T09:02:50","modified_gmt":"2025-03-19T14:02:50","slug":"visti","status":"publish","type":"page","link":"https:\/\/ambpanama.esteri.it\/es\/servizi-consolari-e-visti\/servizi-per-il-cittadino-straniero\/visti\/","title":{"rendered":"Visas"},"content":{"rendered":"<p>La solicitud de visa debe hacerse directamente en la Embajada de Italia en Panam\u00e1 (Calle 58 Este con Ave. Ricardo Arango, PH Plaza 58, Planta 6, Uff. 601). Es necesario presentar en la Embajada la documentaci\u00f3n requerida para el tipo de visado para el que se quiere hacer la solicitud.<\/p>\n<p>La Embajada de Italia no autoriza intermediarios para la gesti\u00f3n y solicitud del visado.<\/p>\n<p>Todos los solicitantes del visado Schengen (tipo \u00abC\u00bb), v\u00e1lido para el tr\u00e1nsito y la estancia en el territorio de todos los Estados miembros, con una duraci\u00f3n m\u00e1xima de 90 d\u00edas cada 180 d\u00edas, residentes en los pa\u00edses pertenecientes a esta Circunscripci\u00f3n Consular, deber\u00e1n ir personalmente a la Embajada de Italia en Panam\u00e1 para tomar sus huellas dactilares.<\/p>\n<p>Adem\u00e1s, de conformidad con lo establecido en el art. 1, letra a.1, del D.L. 145\/24 , Desde el 11 de enero de 2025, la adquisici\u00f3n de datos biom\u00e9tricos ser\u00e1 obligatoria para todas las categor\u00edas de visado nacional tipo \u00abD\u00bb, relativas a estancias superiores a 90 d\u00edas previstos por la legislaci\u00f3n vigente.<\/p>\n<ul>\n<li><strong>ATENCI\u00d3N<\/strong><\/li>\n<\/ul>\n<p>Los ciudadanos de Panam\u00e1, Trinidad y Tobago, Antigua y Barbuda, San Crist\u00f3bal y Nevis, San Vicente y las Granadinas, Barbados, Dominica, Granada y Santa Luc\u00eda est\u00e1n exentos de la solicitud de visado cuando viajan al espacio Schengen por motivos de turismo, negocios, misi\u00f3n, competici\u00f3n deportiva, estudio o invitaci\u00f3n, por un m\u00e1ximo de 90 d\u00edas en un plazo de 180 d\u00edas. El c\u00f3mputo de d\u00edas comienza el primer d\u00eda de entrada en el territorio Schengen (el sello de entrada en el pasaporte es v\u00e1lido)<\/p>\n<p>Visita el sitio Il Visto para Italia para obtener informaci\u00f3n sobre todos los tipos de visados (nacionales y Schengen) previstos por la legislaci\u00f3n italiana y aplicables a todas las nacionalidades.<\/p>\n<ul>\n<li><strong>CITAS<\/strong><\/li>\n<\/ul>\n<p>Todos los solicitantes de visado para Italia tipo \u00abC\u00bb o \u00abD\u00bb, incluidos los residentes en los pa\u00edses de acreditaci\u00f3n secundaria,\u00a0 deber\u00e1n reservar una cita a trav\u00e9s del portal <a href=\"https:\/\/prenotami.esteri.it\/\">Prenot@mi<\/a> y presentarse personalmente en las oficinas de esta Canciller\u00eda Consular el d\u00eda de la cita.<\/p>\n<p>Por lo tanto, se recomienda asegurarse de que tiene toda la documentaci\u00f3n adecuada y completa en apoyo de su solicitud de visa para el d\u00eda de la cita.<\/p>\n<p>Para cualquier informaci\u00f3n adicional sobre visados, por favor escriba un correo electr\u00f3nico a: <a href=\"mailto:panama.visti@esteri.it\">panama.visti@esteri.it<\/a><\/p>\n<p>La solicitud de visado podr\u00e1 presentarse a m\u00e1s tardar seis meses antes del inicio del viaje previsto o, en el caso de los marinos que est\u00e9n desempe\u00f1ando sus funciones, no m\u00e1s de nueve meses antes. Por regla general, la solicitud debe presentarse a m\u00e1s tardar 15 d\u00edas antes del inicio del viaje. No obstante, en casos de urgencia justificada, el consulado o las autoridades competentes podr\u00e1n permitir que la solicitud se presente con menos de 15 d\u00edas de antelaci\u00f3n.<\/p>\n<ul>\n<li><strong>PAGO<\/strong><\/li>\n<\/ul>\n<p>El visado, como muchos otros servicios consulares, tiene un coste que debe pagarse en efectivo el mismo d\u00eda de la cita. El importe a pagar corresponde a las tarifas de los derechos consulares establecidas trimestralmente. Para m\u00e1s informaci\u00f3n, consulte la secci\u00f3n de <u>derechos consulares<\/u><\/p>\n<p>El solicitante del visado, antes de ser llamado a la ventanilla, <strong>DEBER\u00c1 PRESENTAR<\/strong> los documentos seg\u00fan el orden indicado en los respectivos requisitos presentes en el sitio web, ya que se le entregar\u00e1 la documentaci\u00f3n completa y ordenada, Incluye el pasaporte y la tarjeta de identidad y\/o permiso de residencia del solicitante.<\/p>\n<ul>\n<li><strong>APROBACI\u00d3N O DENEGACI\u00d3N DEL VISADO<\/strong><\/li>\n<\/ul>\n<p>Tenga en cuenta que una solicitud de visado aceptada puede ser aprobada con la expedici\u00f3n del visado o rechazada con una denegaci\u00f3n. En este \u00faltimo caso, se emitir\u00e1 un documento denominado <strong>&#8216;Provvedimento di Diniego&#8217;<\/strong>.<\/p>\n<ul>\n<li><strong>ENTRADA EN ITALIA<\/strong><\/li>\n<\/ul>\n<p>El hecho de tener un visado D o C no le da derecho a entrar en Italia ni al espacio Schengen. El titular del visado deber\u00e1 presentar a la Polic\u00eda de Inmigraci\u00f3n y Fronteras el pasaporte con el correspondiente visado de tipo D o C y cualquier otra documentaci\u00f3n que se considere necesaria.<\/p>\n<p>Los titulares de un visado de tipo D deber\u00e1n solicitar el Permiso de Residencia dentro de los 8 d\u00edas laborables a su llegada a Italia<\/p>\n<p>Se recomienda consultar cuidadosamente el sitio web oficial \u00ab<a href=\"https:\/\/vistoperitalia.esteri.it\/home.aspx#BMQuestionario\">Il Visto per l&#8217;Italia<\/a>\u00bb para obtener informaci\u00f3n sobre los derechos y obligaciones del extranjero en relaci\u00f3n con la entrada y estancia en Italia y en el resto del territorio Schengen, seg\u00fan el tipo de visado.<\/p>\n<p><strong>NOTA<\/strong>: Se advierte que no existe un procedimiento de renovaci\u00f3n del visado tipo D. El ciudadano extranjero interesado en permanecer en el territorio italiano, despu\u00e9s de haber obtenido el visado D, deber\u00e1 solicitar el Permiso de Residencia ante las autoridades italianas competentes.<\/p>\n<p>La informaci\u00f3n proporcionada en este sitio web se refiere exclusivamente a los titulares de un documento de viaje ordinario. Los titulares de pasaportes diplom\u00e1ticos o de servicio deben dirigirse a las Misiones Diplom\u00e1ticas o a las Oficinas Consulares italianas para obtener la informaci\u00f3n relativa al caso espec\u00edfico.<\/p>\n<p>Para cualquier informaci\u00f3n adicional sobre visados, por favor escriba un correo electr\u00f3nico a: <a href=\"mailto:panama.visti@esteri.it\">panama.visti@esteri.it<\/a><\/p>\n","protected":false},"excerpt":{"rendered":"La solicitud de visa debe hacerse directamente en la Embajada de Italia en Panam\u00e1 (Calle 58 Este con Ave. Ricardo Arango, PH Plaza 58, Planta 6, Uff. 601). Es necesario presentar en la Embajada la documentaci\u00f3n requerida para el tipo de visado para el que se quiere hacer la solicitud. La Embajada de Italia no [&hellip;]","protected":false},"author":1,"featured_media":0,"parent":183,"menu_order":0,"comment_status":"closed","ping_status":"closed","template":"","meta":{"footnotes":""},"class_list":["post-184","page","type-page","status-publish","hentry"],"_links":{"self":[{"href":"https:\/\/ambpanama.esteri.it\/es\/wp-json\/wp\/v2\/pages\/184","targetHints":{"allow":["GET"]}}],"collection":[{"href":"https:\/\/ambpanama.esteri.it\/es\/wp-json\/wp\/v2\/pages"}],"about":[{"href":"https:\/\/ambpanama.esteri.it\/es\/wp-json\/wp\/v2\/types\/page"}],"author":[{"embeddable":true,"href":"https:\/\/ambpanama.esteri.it\/es\/wp-json\/wp\/v2\/users\/1"}],"replies":[{"embeddable":true,"href":"https:\/\/ambpanama.esteri.it\/es\/wp-json\/wp\/v2\/comments?post=184"}],"version-history":[{"count":6,"href":"https:\/\/ambpanama.esteri.it\/es\/wp-json\/wp\/v2\/pages\/184\/revisions"}],"predecessor-version":[{"id":7468,"href":"https:\/\/ambpanama.esteri.it\/es\/wp-json\/wp\/v2\/pages\/184\/revisions\/7468"}],"up":[{"embeddable":true,"href":"https:\/\/ambpanama.esteri.it\/es\/wp-json\/wp\/v2\/pages\/183"}],"wp:attachment":[{"href":"https:\/\/ambpanama.esteri.it\/es\/wp-json\/wp\/v2\/media?parent=184"}],"curies":[{"name":"wp","href":"https:\/\/api.w.org\/{rel}","templated":true}]}}