{"id":1844,"date":"2023-11-20T04:56:32","date_gmt":"2023-11-20T09:56:32","guid":{"rendered":"https:\/\/ambpanama.esteri.it\/servizi-consolari-e-visti\/servizi-per-il-cittadino-straniero\/visti\/visa-de-estudios-para-realizar-un-curso-de-especializacion-post-universitaria\/"},"modified":"2024-08-14T04:51:35","modified_gmt":"2024-08-14T09:51:35","slug":"visa-de-estudios-para-realizar-un-curso-de-especializacion-post-universitaria","status":"publish","type":"page","link":"https:\/\/ambpanama.esteri.it\/es\/servizi-consolari-e-visti\/servizi-per-il-cittadino-straniero\/visti\/visa-de-estudios-para-realizar-un-curso-de-especializacion-post-universitaria\/","title":{"rendered":"Visa de estudios para realizar un curso de especializaci\u00f3n post-universitaria"},"content":{"rendered":"<p><strong>Visa de estudios para realizar un curso de especializaci\u00f3n post-universitaria (en esta categor\u00eda est\u00e1n incluidos: Master de I y II nivel, PhD)<\/strong><\/p>\n<p>Para obtener informaciones generales sobre esta tipolog\u00eda de VISA visitar la siguiente p\u00e1gina web del Gobierno Italiano:\u00a0<a href=\"http:\/\/vistoperitalia.esteri.it\/\">vistoperitalia.esteri.it<\/a><\/p>\n<p><strong>\u00bfPara qu\u00e9 sirve y qui\u00e9n puede utilizarla?<\/strong><\/p>\n<p>Esta visa permite ingresar a los ciudadanos extranjeros mayores de edad, que, despu\u00e9s de haber obtenido un t\u00edtulo Universitario desean seguir sus estudios de especializaci\u00f3n en una Universidad regularmente operante en Italia.<\/p>\n<p>La visa se puede solicitar con\u00a0<u>tres meses de antelaci\u00f3n<\/u>\u00a0a la fecha de inicio del curso y hasta un mes antes de la fecha de inicio del curso.<\/p>\n<p>Cada a\u00f1o el Ministerio de Educaci\u00f3n italiano emite las respectivas instrucciones operativas para efectuar las inscripciones, por lo tanto, antes de solicitar la visa, el estudiante debe consultar la p\u00e1gina web de la Embajada para empezar los tr\u00e1mites de:<\/p>\n<ol>\n<li>la\u00a0<strong>pre-inscripci\u00f3n<\/strong>\u00a0en la Universidad italiana que el estudiante ha elegido (P.U.) a trav\u00e9s del Portal Universitaly;<\/li>\n<li>la emisi\u00f3n de la indispensable \u201c<a href=\"https:\/\/ambpanama.esteri.it\/es\/servizi-consolari-e-visti\/servizi-per-il-cittadino-straniero\/dichiarazione-di-valore\/\">Dichiarazione di Valore<\/a>\u201d para poder validar los estudios obtenidos.<\/li>\n<\/ol>\n<p><strong>Tipo de la visa<\/strong>:\u00a0\u00abD\u00bb visa de larga duraci\u00f3n (mayor de 90 d\u00edas hasta 365 d\u00edas).<\/p>\n<p><strong>REQUISITOS<\/strong>: Se deben presentar a la Embajada en el estricto orden abajo indicado:<\/p>\n<ol>\n<li><a href=\"https:\/\/ambpanama.esteri.it\/wp-content\/uploads\/2023\/11\/formulario_visto_nazionale_-spagnolo.pdf\">Formulario de solicitud de visa Nacional\u00a0<\/a>debidamente diligenciado en todos sus campos y firmado.<\/li>\n<li><strong>Dos fotograf\u00edas<\/strong> (3,5 cm x 4 cm), fondo blanco a color (iguales y recientes) de las cuales una pegada al formulario en el recuadro correspondiente.<\/li>\n<li><strong>Pasaporte vigente<\/strong>\u00a0(con validez de m\u00ednimo 3 meses m\u00e1s de la duraci\u00f3n de la visa) con m\u00ednimo dos p\u00e1ginas libres y\u00a0<strong>copia<\/strong>\u00a0simple\u00a0<strong>del mismo<\/strong>\u00a0(solo de la p\u00e1gina del pasaporte que contiene los datos personales del titular).<\/li>\n<li><strong>Pago de los derechos consulares<\/strong>\u00a0en efectivo (se pagan el d\u00eda de la cita, ver <a href=\"https:\/\/ambpanama.esteri.it\/es\/servizi-consolari-e-visti\/servizi-per-il-cittadino-italiano\/diritti-consolari\/\">Tabla de los derechos consulares<\/a>)<\/li>\n<li><strong>C\u00e9dula <\/strong>\u2013 para los extranjeros c\u00e9dula de extranjer\u00eda o carnet de residencia \u2013 vigente (en ambos casos solo copia ampliada y legible).<\/li>\n<li><strong>Preinscripci\u00f3n en el portal Universitaly impresa y firmada<\/strong><\/li>\n<li><strong>Copia de la carta de aceptaci\u00f3n de la Universidad italiana<\/strong>\u00a0(aceptaci\u00f3n de la inscripci\u00f3n con la\u00a0<strong>especificaci\u00f3n del curso<\/strong>\u00a0que se va a realizar, la fecha de inicio y la\u00a0<strong>duraci\u00f3n del mismo<\/strong>\u00a0o, en su defecto, la fecha de finalizaci\u00f3n del curso y\u00a0<strong>el idioma<\/strong>\u00a0en que se efectuar\u00e1 el curso) (<u>1 Original y 1 copia<\/u>).<\/li>\n<li><strong>Dichiarazione di Valore<\/strong>:\u00a0copia simple del original expedido por la Oficina de Estudios de la Embajada de Italia. Los estudiantes que requieran Declaraci\u00f3n de Valor, deben previamente contactar a la Oficina de Estudios de la Embajada de Italia al correo:\u00a0<a href=\"mailto:panama.segreteriacm@esteri.it\">panama.segreteriacm@esteri.it<\/a><\/li>\n<li>Si el curso de estudios es dictado en italiano deber\u00e1 presentar certificaci\u00f3n oficial nivel <strong>B2<\/strong> emitido por una de las siguientes entidades: <strong>CILS; CELI; PLIDA<\/strong>. De todas formas, la Embajada de Italia se reserva el derecho de verificar el nivel del conocimiento del idioma italiano durante la entrevista y pedir otro tipo de documentaci\u00f3n adicional que considere necesaria. Por el contrario, si el curso de estudios es dictado en ingl\u00e9s deber\u00e1 presentar certificaci\u00f3n oficial nivel <strong>B2<\/strong> expedida exclusivamente por una de las tres siguientes entidades <strong>TOEFL, MICHIGAN, IELTS<\/strong>. En ambos casos la certificaci\u00f3n no puede tener fecha anterior a los dos a\u00f1os anteriores a la fecha de radicaci\u00f3n de la solicitud de visa.<\/li>\n<li><strong>Demostraci\u00f3n de disponibilidad de medios econ\u00f3micos<\/strong>, (por toda la duraci\u00f3n del curso de estudios) que debe ser constante en el tiempo (no de \u00faltimo momento) y estar disponible el d\u00eda de la de presentaci\u00f3n de la solicitud de visa seg\u00fan los valores indicados en la Tabella A anexada a la Directiva del Ministerio de Interior Italiano de fecha 01.03.2000 que prev\u00e9 la disponibilidad del siguiente importe m\u00ednimo:\u00a0<strong>206,58 Euro base + 27,89 Euro x cada d\u00eda<\/strong>\u00a0de la duraci\u00f3n del curso, ejemplo: para cursos de 365 d\u00edas: 27,89\u00d7365+206,58=<strong>10.386,43 euros<\/strong>) demostrables a trav\u00e9s de una de\u00a0las siguientes opciones:<\/li>\n<\/ol>\n<ol>\n<li style=\"list-style-type: none;\">\n<ol>\n<li style=\"list-style-type: none;\">\n<ol>\n<li><strong>Disponibilidad de una cuenta bancaria <\/strong>a nombre del estudiante o de los padres en un\u00a0<u>Banco italiano\/U.E.<\/u>\u00a0Dicha disponibilidad debe demostrarse a trav\u00e9s los extractos bancarios de la\/las cuenta\/s de los \u00faltimos seis meses anteriores a la fecha de la presentaci\u00f3n de la solicitud de visa (original, debidamente sellado por el Banco emisor \u2013 no se admiten documentos descargados por internet sin los criterios antedichos). NO SE ADMITE LA SOLA DECLARACION DEL BANCO DEL SALDO ACTUAL DE LA CUENTA NI TAMPOCO SOPORTE DE TARJETA DE CREDITO. EN CASO DE NO ESTAR DISPONIBLES LOS \u00daLTIMOS EXTRACTOS SE SOLICTA PRESENTAR LOS MOVIMIENTOS BANCARIOS CON SALDO DISPONIBLE A LA FECHA.<\/li>\n<li><strong>Disponibilidad de una cuenta bancaria<\/strong>\u00a0a nombre del estudiante o de los padres en un\u00a0<u>Banco en el pa\u00eds de residencia<\/u>. Dicha disponibilidad debe demostrarse a trav\u00e9s de los extractos bancarios de la\/las cuenta\/s de los \u00faltimos seis meses anteriores a la fecha de presentaci\u00f3n de la solicitud de visa. Hay que presentar los originales debidamente sellados por el Banco emisor \u2013 no se admiten documentos descargados por internet sin los criterios antedichos). NO SE ADMITE LA SOLA DECLARACION DEL BANCO DEL SALDO ACTUAL DE LA CUENTA NI TAMPOCO SOPORTE DE TARJETA DE CREDITO.\u00a0<em>EN CASO DE NO ESTAR DISPONIBLES LOS \u00daLTIMOS EXTRACTOS SE SOLICTA PRESENTAR LOS MOVIMIENTOS BANCARIOS CON SALDO DISPONIBLE A LA FECHA.<\/em><\/li>\n<li><strong>Cuando los padres se hagan cargo de los gastos<\/strong>:\u00a0<u>carta de compromiso de los padres firmada ante una Notar\u00eda P\u00fablica<\/u> + los extractos bancarios de la\/las cuenta\/s de los padres de los \u00faltimos seis meses anteriores a la fecha de presentaci\u00f3n de la solicitud de visa (presentados en original, debidamente sellados por el Banco emisor. + carta laboral de los padres. <strong>Nota<\/strong>: En este caso es necesario presentar tambi\u00e9n copia simple y legible del Registro civil de nacimiento del solicitante de la visa que demuestre la filiaci\u00f3n. NO SE ADMITE LA SOLA DECLARACION DEL BANCO DEL SALDO ACTUAL DE LA CUENTA NI TAMPOCO SOPORTE DE TARJETA DE CREDITO.\u00a0<em>EN CASO DE NO ESTAR DISPONIBLES LOS \u00daLTIMOS EXTRACTOS SE SOLICTA PRESENTAR LOS MOVIMIENTOS BANCARIOS CON SALDO DISPONIBLE A LA FECHA.<\/em><\/li>\n<li>En el caso que exista una BECA proporcionada por entidades reconocidas (ej. Universidad, Ifharu, gobierno, etc) la carta de la Entidad debe indicar el nombre del becado, la finalidad de la beca y el exacto monto asignado en d\u00f3lares americanos; debe ser firmada por el responsable de la Entidad otorgante y acompa\u00f1ada por la fotocopia de la cedula del\/l mismo\/a.<\/li>\n<li>La Embajada se reserva la aceptaci\u00f3n de movimientos bancarios de cuentas activas en un Pa\u00eds que no sea Panama o U.E.<\/li>\n<\/ol>\n<\/li>\n<\/ol>\n<\/li>\n<\/ol>\n<ol start=\"11\">\n<li><strong>Demostraci\u00f3n de disponibilidad de alojamiento<\/strong>\u00a0a trav\u00e9s de una<span style=\"text-decoration: line-through;\">s<\/span>\u00a0de las siguientes opciones:\n<ol>\n<li>Reserva de hotel\/residencia que cubra los primeros 10 d\u00edas a partir de su llegada a Italia<\/li>\n<li>Carta de invitaci\u00f3n emitida por parte de un ciudadano italiano\/europeo o extranjero regularmente residente en Italia.<\/li>\n<\/ol>\n<\/li>\n<li><strong>Seguro m\u00e9dico<\/strong>\u00a0con cobertura de Euro 30.000 en los Estados Schengen por los primeros 10 d\u00edas a partir de su salida. <strong>NOTA<\/strong>: el seguro debe ser efectuado en agencias en el pa\u00eds de residencia o directamente en Italia, no se aceptan reservas y\/o compras realizadas a trav\u00e9s de sitios en internet.\u00a0El seguro debe de estar a nombre de el\/la estudiante.<\/li>\n<li><strong>Reservaci\u00f3n de vuelo<\/strong>\u00a0de ida y vuelta con destino final Italia (copia) y demostraci\u00f3n de disponibilidad de medios econ\u00f3micos para adquirir el\u00a0<u>tiquete de regreso<\/u>\u00a0a su pa\u00eds de residencia en el caso que se exhiba solo de ida.\u00a0<strong>Se especifica que el viaje debe ser realizado m\u00e1ximo 8 d\u00edas antes del inicio del curso. No se recibir\u00e1n solicitudes con fechas de viaje anteriores. NOTA<\/strong>: La reserva a\u00e9rea debe ser efectuada directamente en la aerol\u00ednea o en una agencia de viaje en el pa\u00eds de residencia o directamente en Italia (no se aceptan reservas hechas por internet).\u00a0La reserva a\u00e9rea debe de estar a nombre de el\/la estudiante.<\/li>\n<\/ol>\n<p><strong>NOTAS<\/strong>:<\/p>\n<ul>\n<li><u>El tr\u00e1mite es estrictamente personal. La Embajada no ha autorizado ninguna agencia ni intermediario para los tramites de visa<\/u>.<\/li>\n<li>No se aceptan garant\u00edas econ\u00f3micas de terceras personas residentes en Italia o en el exterior diferentes de la indicada en el punto 10c).<\/li>\n<li>La carta de la Universidad italiana (<strong>punto 7<\/strong>), si no ha sido enviada a la Embajada por correo certificado, debe siempre ser presentada acompa\u00f1ada por la\u00a0<strong>copia del documento de identidad del declarante con la firma visible<\/strong>\u00a0y, en caso que el firmante sea ciudadano extranjero regularmente residente en Italia, tambi\u00e9n debe adjuntar la copia de su Permiso de estad\u00eda (<em>Permesso di Soggiorno<\/em>) vigente.<\/li>\n<li>La falta de alguno<span style=\"text-decoration: line-through;\">s<\/span>\u00a0de los documentos podr\u00eda implicar el rechazo en la ventanilla de la solicitud de visa.<\/li>\n<li>La certificaci\u00f3n del punto 11 debe siempre ser presentada acompa\u00f1ada por la\u00a0<strong>copia del documento de identidad del declarante con la firma visible<\/strong>.<\/li>\n<li>La Embajada de Italia se reserva el derecho de verificar el nivel del conocimiento del idioma italiano y pedir otro tipo de documentaci\u00f3n que estime necesaria.<\/li>\n<li>La Embajada de Italia se reserva el derecho de solicitar la documentaci\u00f3n adicional que estime necesaria a trav\u00e9s del documento denominado \u201c<em>Preavviso di Rigetto<\/em>\u201d que se podr\u00eda emitir unos d\u00edas despu\u00e9s de haber examinado la solicitud de visa.<\/li>\n<li>La visa (si es otorgada), podr\u00e1 ser concedida con una fecha de entrada a Italia pocos d\u00edas antes que empiecen los estudios, as\u00ed como indicado en la carta de la Universidad Italiana (vea\u00a0<strong>punto 7<\/strong>). Quienes deseen entrar a Italia antes de esa fecha podr\u00e1n hacerlo como turistas (sin Visa) por un m\u00e1ximo de 3 meses si su nacionalidad est\u00e1 exenta a solicitar la Visa de turismo.<\/li>\n<li>Siendo la Visa una concesi\u00f3n, aun presentando todos los documentos requeridos, la misma puede ser otorgada o rechazada. En este \u00faltimo caso ser\u00e1 entregado el \u201c<em>Provvedimento di Diniego<\/em>\u201d.<\/li>\n<li>Si la Visa es otorgada, el titular de esta, una vez que llegue a Italia, deber\u00e1 solicitar en los primeros ocho d\u00edas h\u00e1biles, el Permiso de Estad\u00eda (<em>Permesso di Soggiorno<\/em>) ante las Autoridades italianas competentes.<\/li>\n<\/ul>\n","protected":false},"excerpt":{"rendered":"Visa de estudios para realizar un curso de especializaci\u00f3n post-universitaria (en esta categor\u00eda est\u00e1n incluidos: Master de I y II nivel, PhD) Para obtener informaciones generales sobre esta tipolog\u00eda de VISA visitar la siguiente p\u00e1gina web del Gobierno Italiano:\u00a0vistoperitalia.esteri.it \u00bfPara qu\u00e9 sirve y qui\u00e9n puede utilizarla? Esta visa permite ingresar a los ciudadanos extranjeros mayores [&hellip;]","protected":false},"author":1,"featured_media":0,"parent":184,"menu_order":8,"comment_status":"closed","ping_status":"closed","template":"","meta":{"footnotes":""},"class_list":["post-1844","page","type-page","status-publish","hentry"],"_links":{"self":[{"href":"https:\/\/ambpanama.esteri.it\/es\/wp-json\/wp\/v2\/pages\/1844","targetHints":{"allow":["GET"]}}],"collection":[{"href":"https:\/\/ambpanama.esteri.it\/es\/wp-json\/wp\/v2\/pages"}],"about":[{"href":"https:\/\/ambpanama.esteri.it\/es\/wp-json\/wp\/v2\/types\/page"}],"author":[{"embeddable":true,"href":"https:\/\/ambpanama.esteri.it\/es\/wp-json\/wp\/v2\/users\/1"}],"replies":[{"embeddable":true,"href":"https:\/\/ambpanama.esteri.it\/es\/wp-json\/wp\/v2\/comments?post=1844"}],"version-history":[{"count":4,"href":"https:\/\/ambpanama.esteri.it\/es\/wp-json\/wp\/v2\/pages\/1844\/revisions"}],"predecessor-version":[{"id":5226,"href":"https:\/\/ambpanama.esteri.it\/es\/wp-json\/wp\/v2\/pages\/1844\/revisions\/5226"}],"up":[{"embeddable":true,"href":"https:\/\/ambpanama.esteri.it\/es\/wp-json\/wp\/v2\/pages\/184"}],"wp:attachment":[{"href":"https:\/\/ambpanama.esteri.it\/es\/wp-json\/wp\/v2\/media?parent=1844"}],"curies":[{"name":"wp","href":"https:\/\/api.w.org\/{rel}","templated":true}]}}