{"id":1855,"date":"2023-11-20T04:59:31","date_gmt":"2023-11-20T09:59:31","guid":{"rendered":"https:\/\/ambpanama.esteri.it\/servizi-consolari-e-visti\/servizi-per-il-cittadino-straniero\/visti\/visa-por-motivos-religiosos\/"},"modified":"2024-08-14T04:54:38","modified_gmt":"2024-08-14T09:54:38","slug":"visa-por-motivos-religiosos","status":"publish","type":"page","link":"https:\/\/ambpanama.esteri.it\/es\/servizi-consolari-e-visti\/servizi-per-il-cittadino-straniero\/visti\/visa-por-motivos-religiosos\/","title":{"rendered":"Visa por motivos religiosos"},"content":{"rendered":"<p>Para obtener informaciones generales sobre esta tipolog\u00eda de VISA visitar la siguiente p\u00e1gina\u00a0 web del Gobierno Italiano:\u00a0<a href=\"http:\/\/vistoperitalia.esteri.it\/\">vistoperitalia.esteri.it<\/a><\/p>\n<p><strong>Para qu\u00e9 sirve y qui\u00e9n la puede solicitar<\/strong>:<\/p>\n<p>Esta visa permite a los \u201c<strong>ministros de culto<\/strong>\u201d o \u201c<strong>religiosos<\/strong>\u201d de su propia Organizaci\u00f3n Confesional poder ingresar a Italia para participar en manifestaciones de culto o para desarrollar las actividades propias de su funci\u00f3n religiosa y\/o pastoral.<\/p>\n<p><strong>Nota<\/strong>:\u00a0<u>Las Organizaciones Confesionales deben estar reconocidas por el Estado Italiano<\/u>.<\/p>\n<p>La visa se puede solicitar con seis meses de antelaci\u00f3n a la fecha de viaje y hasta 15 d\u00edas laborales antes de la fecha de viaje.<\/p>\n<p><strong>Tipo de la visa<\/strong>:<\/p>\n<ul>\n<li>\u00abC\u00bb Visa de corta duraci\u00f3n: para estad\u00edas menores a 90 d\u00edas<\/li>\n<li>\u00abD\u00bb Visa de larga duraci\u00f3n; para estad\u00edas superiores a 90 d\u00edas hasta 365<\/li>\n<\/ul>\n<p><strong>REQUISITOS<\/strong>:<\/p>\n<ol>\n<li><a href=\"https:\/\/ambpanama.esteri.it\/wp-content\/uploads\/2023\/11\/formulario_visto_nazionale_-spagnolo.pdf\">Formulario de solicitud de visa Nacional\u00a0<\/a>o\u00a0<a href=\"https:\/\/ambpanama.esteri.it\/wp-content\/uploads\/2024\/06\/VISTO-SCHENGEN-ESP.pdf\">Schengen\u00a0<\/a>debidamente diligenciado en todos sus campos y firmado.<\/li>\n<li><strong>Dos fotograf\u00edas<\/strong> (3,5 cm x 4 cm), fondo blanco a color (iguales y recientes).<\/li>\n<li><strong>Pasaporte vigente<\/strong>\u00a0(con validez de m\u00ednimo 3 meses m\u00e1s de la duraci\u00f3n de la visa) con m\u00ednimo dos p\u00e1ginas libres y\u00a0<strong>copia<\/strong>\u00a0simple\u00a0<strong>del mismo<\/strong>\u00a0(solo de la p\u00e1gina del pasaporte que contiene los datos personales del titular).<\/li>\n<li><strong>Pago de los derechos consulares en efectivo<\/strong> (se pagan el d\u00eda de la cita, ver <a href=\"https:\/\/ambpanama.esteri.it\/es\/servizi-consolari-e-visti\/servizi-per-il-cittadino-italiano\/diritti-consolari\/\">Tabla de los derechos consulares<\/a>)<\/li>\n<li><strong>C\u00e9dula <\/strong>\u2013 para los extranjeros c\u00e9dula de extranjer\u00eda o carnet de residencia vigente (en ambos casos copia ampliada y legible).<\/li>\n<li><strong>Carta original de la Congregaci\u00f3n\/ Organizaci\u00f3n Confesional local<\/strong>\u00a0(ubicada en PANAMA o en uno de los Estados de acreditaci\u00f3n) que indique:\n<ol>\n<li>los datos personales del solicitante, legalizada por la Nunciatura Apost\u00f3lica en panam\u00e1 \/ Estados de acreditaci\u00f3n (para culto cat\u00f3lico) o Notariada (para otros cultos);<\/li>\n<li>su estatus religioso;<\/li>\n<li>la indicaci\u00f3n de la finalidad del viaje, la fecha de inicio de la estad\u00eda en Italia, la duraci\u00f3n y la autorizaci\u00f3n expresa a permanecer por el tiempo indicado en Italia.<\/li>\n<\/ol>\n<\/li>\n<li><strong>Carta de la Congregaci\u00f3n\/Organizaci\u00f3n Confesional en Italia<\/strong>\u00a0(original) con firma legalizada por la Secretaria de Estado Vaticano (para culto cat\u00f3lico) que indique:\n<ol>\n<li>los datos completos del\/la solicitante y su funci\u00f3n;<\/li>\n<li>la motivaci\u00f3n religiosa del viaje;<\/li>\n<li>la fecha de inicio de la estad\u00eda en Italia, su duraci\u00f3n y el lugar;<\/li>\n<li>el hacerse cargo de la cubertura econ\u00f3mica y el dar disponibilidad de alojamiento para toda la estad\u00eda en Italia;<\/li>\n<li>el hacerse cargo de la asistencia m\u00e9dica y hospitalaria para toda la estad\u00eda en Italia.<\/li>\n<\/ol>\n<\/li>\n<li><strong>En caso de Confesiones religiosas diferentes de la cat\u00f3lica<\/strong>: La carta de Congregaci\u00f3n operante en Italia, que igualmente debe indicar lo requerido en el punto 7, debe adem\u00e1s ser legalizada por la m\u00e1s alta autoridad religiosa en Italia de acuerdo con la Confesi\u00f3n religiosa de pertenencia.<\/li>\n<li><strong>Seguro m\u00e9dico de viaje\u00a0<\/strong>con cobertura m\u00ednima de Euro 30.000 en los Estados Schengen para los primeros 10 d\u00edas a partir de la fecha de salida del pa\u00eds. <strong>NOTA<\/strong>: el seguro debe ser efectuado en agencias dentro del pa\u00eds de residencia o directamente en Italia, no se aceptan reservas y\/o compras realizadas a trav\u00e9s de sitios en internet.\u00a0El seguro debe de estar a nombre del solicitante.<\/li>\n<li><strong>Reserva de vuelo ida y vuelta:\u00a0<\/strong>la reserva debe tener como destino final Italia. Si se solicita la visa de tipo D, la reserva podr\u00eda ser tambi\u00e9n de solo ida. <strong>NOTA<\/strong>: La reserva a\u00e9rea debe ser realizada directamente por la compa\u00f1\u00eda a\u00e9rea o una agencia de viajes en el pa\u00eds de residencia o directamente en Italia (no se aceptan reservas realizadas online).<\/li>\n<\/ol>\n<p><strong><u>NOTAS<\/u><\/strong>:<\/p>\n<ul>\n<li><u>El tr\u00e1mite es estrictamente personal. La Embajada no ha autorizado ninguna agencia ni intermediario para los tramite de visa<\/u>.<\/li>\n<li>La\u00a0<strong>Embajada de Italia<\/strong>\u00a0se reserva el derecho de pedir otro tipo de documentaci\u00f3n que estime necesaria.<\/li>\n<li>La presentaci\u00f3n de la documentaci\u00f3n solicitada no conlleva necesariamente a la concesi\u00f3n de la visa. La visa (si es otorgada), podr\u00e1 ser concedida con la fecha de entrada en Italia indicada en la carta de la Congregaci\u00f3n (vea punto 6 y 7). Quien desea entrar a Italia antes de esa fecha podr\u00e1 entrar como turista (sin Visa) por un m\u00e1ximo de 3 meses si su nacionalidad est\u00e1 entre las nacionalidades exentas a solicitar la Visa de turismo.<\/li>\n<li>La falta de alguno de los documentos arriba indicados implicar\u00e1 el rechazo de la solicitud de visa.<\/li>\n<li>Si la visa es de tipo D, una vez llegado a Italia, el titular de la visa deber\u00e1 solicitar, dentro de los primeros ocho d\u00edas h\u00e1biles, el Permiso de estad\u00eda (<em>Permesso di Soggiorno<\/em>) a las autoridades italianas.<\/li>\n<\/ul>\n","protected":false},"excerpt":{"rendered":"Para obtener informaciones generales sobre esta tipolog\u00eda de VISA visitar la siguiente p\u00e1gina\u00a0 web del Gobierno Italiano:\u00a0vistoperitalia.esteri.it Para qu\u00e9 sirve y qui\u00e9n la puede solicitar: Esta visa permite a los \u201cministros de culto\u201d o \u201creligiosos\u201d de su propia Organizaci\u00f3n Confesional poder ingresar a Italia para participar en manifestaciones de culto o para desarrollar las actividades [&hellip;]","protected":false},"author":1,"featured_media":0,"parent":184,"menu_order":12,"comment_status":"closed","ping_status":"closed","template":"","meta":{"footnotes":""},"class_list":["post-1855","page","type-page","status-publish","hentry"],"_links":{"self":[{"href":"https:\/\/ambpanama.esteri.it\/es\/wp-json\/wp\/v2\/pages\/1855","targetHints":{"allow":["GET"]}}],"collection":[{"href":"https:\/\/ambpanama.esteri.it\/es\/wp-json\/wp\/v2\/pages"}],"about":[{"href":"https:\/\/ambpanama.esteri.it\/es\/wp-json\/wp\/v2\/types\/page"}],"author":[{"embeddable":true,"href":"https:\/\/ambpanama.esteri.it\/es\/wp-json\/wp\/v2\/users\/1"}],"replies":[{"embeddable":true,"href":"https:\/\/ambpanama.esteri.it\/es\/wp-json\/wp\/v2\/comments?post=1855"}],"version-history":[{"count":4,"href":"https:\/\/ambpanama.esteri.it\/es\/wp-json\/wp\/v2\/pages\/1855\/revisions"}],"predecessor-version":[{"id":4929,"href":"https:\/\/ambpanama.esteri.it\/es\/wp-json\/wp\/v2\/pages\/1855\/revisions\/4929"}],"up":[{"embeddable":true,"href":"https:\/\/ambpanama.esteri.it\/es\/wp-json\/wp\/v2\/pages\/184"}],"wp:attachment":[{"href":"https:\/\/ambpanama.esteri.it\/es\/wp-json\/wp\/v2\/media?parent=1855"}],"curies":[{"name":"wp","href":"https:\/\/api.w.org\/{rel}","templated":true}]}}