{"id":1859,"date":"2023-11-20T05:05:25","date_gmt":"2023-11-20T10:05:25","guid":{"rendered":"https:\/\/ambpanama.esteri.it\/servizi-consolari-e-visti\/servizi-per-il-cittadino-straniero\/visti\/visa-para-trabajo-dependiente\/"},"modified":"2024-08-14T04:55:27","modified_gmt":"2024-08-14T09:55:27","slug":"visa-para-trabajo-dependiente","status":"publish","type":"page","link":"https:\/\/ambpanama.esteri.it\/es\/servizi-consolari-e-visti\/servizi-per-il-cittadino-straniero\/visti\/visa-para-trabajo-dependiente\/","title":{"rendered":"Visa para trabajo dependiente"},"content":{"rendered":"<p>Para obtener informaciones generales sobre esta tipolog\u00eda de VISA visitar la siguiente p\u00e1gina web del Gobierno Italiano:\u00a0<a href=\"http:\/\/vistoperitalia.esteri.it\/\">vistoperitalia.esteri.it<\/a><\/p>\n<p><strong>Para qu\u00e9 sirve y qui\u00e9n la puede solicitar<\/strong>:<\/p>\n<p>La visa de Trabajo Dependiente permite al ciudadano extranjero ingresar y residir en Italia con la finalidad de trabajar de forma dependiente, ya sea contratado por una Persona Natural o Jur\u00eddica residente en Italia.<\/p>\n<p><em>El tr\u00e1mite empieza en Italia donde la misma persona Natural o Jur\u00eddica, solicita a la entidad italiana territorialmente competente la respectiva autorizaci\u00f3n (Nulla Osta) al trabajo.<\/em><em><br \/>\nUna vez que la Entidad italiana competente haya emitido dicha AUTORIZACI\u00d3N, el trabajador residente en panam\u00e1 o en uno de los Estados de acreditaci\u00f3n puede solicitar la visa.<\/em><\/p>\n<p>La visa se puede solicitar con tres meses de antelaci\u00f3n a la fecha de viaje y hasta un mes antes de la fecha de viaje.<\/p>\n<p><strong>Tipo de visa<\/strong>: \u00abD\u00bb visa de larga duraci\u00f3n (mayor de 90 d\u00edas hasta 365 d\u00edas).<\/p>\n<p><strong>REQUISITOS<\/strong>:<\/p>\n<ol>\n<li><a href=\"https:\/\/ambpanama.esteri.it\/wp-content\/uploads\/2023\/11\/formulario_visto_nazionale_-spagnolo.pdf\">Formulario de solicitud de visa Nacional\u00a0<\/a>debidamente diligenciado en todos sus campos y firmado.<\/li>\n<li><strong>Dos fotograf\u00edas<\/strong> (3,5 cm x 4 cm), fondo blanco a color (iguales y recientes) de las cuales una pegada al formulario en el recuadro correspondiente.<\/li>\n<li><strong>Pasaporte vigente<\/strong>\u00a0(con validez de m\u00ednimo 3 meses m\u00e1s de la duraci\u00f3n de la visa) con m\u00ednimo dos p\u00e1ginas libres y\u00a0<strong>copia<\/strong>\u00a0simple del\u00a0<strong>mismo<\/strong>\u00a0(solo de la p\u00e1gina del pasaporte que contiene los datos personales del titular).<\/li>\n<li><strong>Pago de los derechos consulares en efectivo (se paga el d\u00eda de la cita, ver <\/strong><a href=\"https:\/\/ambpanama.esteri.it\/es\/servizi-consolari-e-visti\/servizi-per-il-cittadino-italiano\/diritti-consolari\/\">Tabla de los derechos consulares<\/a><strong>)<\/strong><\/li>\n<li><strong>C\u00e9dula <\/strong>\u2013 para los extranjeros c\u00e9dula de extranjer\u00eda o carnet de residencia vigente (en ambos casos solo copia ampliada y legible).<\/li>\n<li><strong>Original y copia del \u201cNulla Osta\u201d<\/strong>\u00a0emitido por la Prefectura \u2013 S.U.I. (Sportello Unico Immigrazione).<\/li>\n<li><strong>Reservaci\u00f3n de vuelo<\/strong>\u00a0de ida con destino final Italia. <strong>NOTA<\/strong>: La reserva a\u00e9rea debe ser efectuada directamente en la aerol\u00ednea o en una agencia de viaje dentro del pa\u00eds de residencia o directamente en Italia (no se aceptan reservas hechas por internet).\u00a0La reserva a\u00e9rea debe estar a nombre del solicitante.<\/li>\n<\/ol>\n<p>&nbsp;<\/p>\n<p><strong>\u00a0NOTAS<\/strong>:<\/p>\n<ul>\n<li>El tr\u00e1mite es estrictamente personal.\u00a0<u>La Embajada no ha autorizado ninguna agencia ni intermediario para los tramites de visa<\/u>.<\/li>\n<li>Se informa que la oficina de Visas no puede recibir la solicitud de la visa hasta tanto la\u00a0<strong>Embajada no reciba el envi\u00f3 telem\u00e1tico del Nulla Osta trasmitido por la Oficina S.U.I. (Prefettura en Italia)<\/strong>.<\/li>\n<li>Se recuerda que el \u00ab<em>Nulla Osta<\/em>\u00bb\u00a0<strong>tiene una validez de 6 meses<\/strong>\u00a0(desde la fecha de emisi\u00f3n S.U.I.)\u00a0<strong>y debe ser utilizado antes que se haya vencido<\/strong>.<\/li>\n<li>La falta de alguno de los documentos podr\u00eda implicar el rechazo en la ventanilla de la solicitud de visa.<\/li>\n<li>La Embajada de Italia se reserva el derecho de solicitar la documentaci\u00f3n adicional que estime necesaria a trav\u00e9s del documento denominado \u201c<em><u>Preavviso di Rigetto<\/u><\/em>\u201d que se podr\u00eda emitir unos d\u00edas despu\u00e9s de haber examinado la solicitud de visa.<\/li>\n<li>Siendo la Visa una concesi\u00f3n, aun presentando todos los documentos requeridos, la misma puede ser otorgada o rechazada. En este \u00faltimo caso ser\u00e1 entregado el \u201c<em><u>Provvedimento di Diniego<\/u><\/em>\u201d.<\/li>\n<li>Si la Visa es otorgada, el titular de esta, una vez que llegu\u00e9 a Italia, deber\u00e1 solicitar en los primeros ocho d\u00edas h\u00e1biles, el Permiso de Estad\u00eda (<em><u>Permesso di Soggiorno<\/u><\/em>) ante las Autoridades italianas competentes.<\/li>\n<\/ul>\n","protected":false},"excerpt":{"rendered":"Para obtener informaciones generales sobre esta tipolog\u00eda de VISA visitar la siguiente p\u00e1gina web del Gobierno Italiano:\u00a0vistoperitalia.esteri.it Para qu\u00e9 sirve y qui\u00e9n la puede solicitar: La visa de Trabajo Dependiente permite al ciudadano extranjero ingresar y residir en Italia con la finalidad de trabajar de forma dependiente, ya sea contratado por una Persona Natural o [&hellip;]","protected":false},"author":1,"featured_media":0,"parent":184,"menu_order":14,"comment_status":"closed","ping_status":"closed","template":"","meta":{"footnotes":""},"class_list":["post-1859","page","type-page","status-publish","hentry"],"_links":{"self":[{"href":"https:\/\/ambpanama.esteri.it\/es\/wp-json\/wp\/v2\/pages\/1859","targetHints":{"allow":["GET"]}}],"collection":[{"href":"https:\/\/ambpanama.esteri.it\/es\/wp-json\/wp\/v2\/pages"}],"about":[{"href":"https:\/\/ambpanama.esteri.it\/es\/wp-json\/wp\/v2\/types\/page"}],"author":[{"embeddable":true,"href":"https:\/\/ambpanama.esteri.it\/es\/wp-json\/wp\/v2\/users\/1"}],"replies":[{"embeddable":true,"href":"https:\/\/ambpanama.esteri.it\/es\/wp-json\/wp\/v2\/comments?post=1859"}],"version-history":[{"count":2,"href":"https:\/\/ambpanama.esteri.it\/es\/wp-json\/wp\/v2\/pages\/1859\/revisions"}],"predecessor-version":[{"id":4865,"href":"https:\/\/ambpanama.esteri.it\/es\/wp-json\/wp\/v2\/pages\/1859\/revisions\/4865"}],"up":[{"embeddable":true,"href":"https:\/\/ambpanama.esteri.it\/es\/wp-json\/wp\/v2\/pages\/184"}],"wp:attachment":[{"href":"https:\/\/ambpanama.esteri.it\/es\/wp-json\/wp\/v2\/media?parent=1859"}],"curies":[{"name":"wp","href":"https:\/\/api.w.org\/{rel}","templated":true}]}}