{"id":1863,"date":"2023-11-20T05:08:53","date_gmt":"2023-11-20T10:08:53","guid":{"rendered":"https:\/\/ambpanama.esteri.it\/servizi-consolari-e-visti\/servizi-per-il-cittadino-straniero\/visti\/visa-para-actividad-deportiva\/"},"modified":"2024-08-14T05:07:13","modified_gmt":"2024-08-14T10:07:13","slug":"visa-para-actividad-deportiva","status":"publish","type":"page","link":"https:\/\/ambpanama.esteri.it\/es\/servizi-consolari-e-visti\/servizi-per-il-cittadino-straniero\/visti\/visa-para-actividad-deportiva\/","title":{"rendered":"Visa para trabajo en actividad deportiva"},"content":{"rendered":"<p>Para obtener informaciones generales sobre esta tipolog\u00eda de VISA visitar la siguiente p\u00e1gina web del Gobierno Italiano:\u00a0<a href=\"http:\/\/vistoperitalia.esteri.it\/\">vistoperitalia.esteri.it<\/a><\/p>\n<p><strong>Para qu\u00e9 sirve y qui\u00e9n la puede solicitar<\/strong>:<\/p>\n<p>La visa de Trabajo Deportivo permite ingresar y residir en Italia a profesionales del deporte con la finalidad de desarrollar con una Entidad deportiva italiana su profesi\u00f3n de atleta\/entrenador\/etc.<\/p>\n<p><em>El tr\u00e1mite empieza en Italia donde la misma Entidad deportiva solicita al <strong>C.O.N.I.<\/strong> (Comitato Olimpico Nazionale Italiano) la respectiva autorizaci\u00f3n a desarrollar la actividad deportiva.<\/em><em><br \/>\nUna vez que la Entidad italiana competente haya emitido dicha autorizaci\u00f3n, el atleta\/entrenador residente en Panama o en uno de los Estados de acreditaci\u00f3n puede solicitar la visa.<\/em><\/p>\n<p>La visa se puede solicitar con tres meses de antelaci\u00f3n a la fecha de viaje y hasta un mes antes de la fecha de viaje.<\/p>\n<p><strong>Tipo de visa<\/strong>: \u00abD\u00bb visa de larga duraci\u00f3n (mayor de 90 d\u00edas hasta 365 d\u00edas).<\/p>\n<p><strong>REQUISITOS<\/strong>:<\/p>\n<ol>\n<li><a href=\"https:\/\/ambpanama.esteri.it\/wp-content\/uploads\/2023\/11\/formulario_visto_nazionale_-spagnolo.pdf\">Formulario de solicitud de visa Nacional\u00a0<\/a>debidamente diligenciado en todos sus campos y firmado.<\/li>\n<li><strong>Dos fotograf\u00edas<\/strong> (3,5 cm x 4 cm), fondo blanco a color (iguales y recientes) de las cuales una pegada al formulario en el recuadro correspondiente.<\/li>\n<li><strong>Pasaporte vigente<\/strong>\u00a0(con validez de m\u00ednimo 3 meses m\u00e1s de la duraci\u00f3n de la visa) con m\u00ednimo dos p\u00e1ginas libres y\u00a0<strong>copia<\/strong>\u00a0simple del\u00a0<strong>mismo<\/strong>\u00a0(solo de la p\u00e1gina del pasaporte que contiene los datos personales del titular).<\/li>\n<li><strong>Pago de los derechos consulares<\/strong> en efectivo (se pagan el d\u00eda de la cita, ver <a href=\"https:\/\/ambpanama.esteri.it\/es\/servizi-consolari-e-visti\/servizi-per-il-cittadino-italiano\/diritti-consolari\/\">Tabla de los derechos consulares<\/a>)<\/li>\n<li><strong>C\u00e9dula <\/strong>\u2013 para los extranjeros c\u00e9dula de extranjer\u00eda o carnet de residencia vigente (en ambos casos solo copia ampliada y legible).<\/li>\n<li><strong>Copia del carnet de profesionales del deporte.<\/strong><\/li>\n<li><strong>Copia de la autorizaci\u00f3n del C.O.N.I.<\/strong>\u00a0emitida por la misma entidad.<\/li>\n<li><strong>Eventual Copia del \u201cCodice Fiscale<\/strong>\u00a0<strong>Italiano\u201d<\/strong><\/li>\n<li><strong>Carta de la Federaci\u00f3n del deporte<\/strong>\u00a0de pertenencia (ejemplo, Federaci\u00f3n de ciclismo en Panama) que indique:\n<ol>\n<li>Nombre completo del deportista.<\/li>\n<li>Profesi\u00f3n deportiva que se le reconoce.<\/li>\n<li>Tipo de actividad deportiva que ha desarrollado en Panama.<\/li>\n<li>Equipo donde ha desarrollado esta actividad.<\/li>\n<li>Tiempo de inscripci\u00f3n en la respectiva Federaci\u00f3n y n\u00famero de inscripci\u00f3n.<\/li>\n<\/ol>\n<\/li>\n<li><strong>Copia simple del \u201c<\/strong><em><strong>Permesso di Soggiorno<\/strong><\/em><strong>\u201d y \u201cCodice Fiscale italiano\u201d<\/strong>: solo para los deportistas que estuvieron anteriormente en Italia con la misma tipolog\u00eda de visa.<\/li>\n<li><strong>Reservaci\u00f3n de vuelo<\/strong>\u00a0de ida con destino final Italia. <strong>NOTA<\/strong>: La reserva a\u00e9rea debe ser realizada directamente por la compa\u00f1\u00eda a\u00e9rea o una agencia de viajes en el pa\u00eds de residencia o directamente en Italia (no se aceptan reservas realizadas online).<\/li>\n<\/ol>\n<p><strong>NOTAS<\/strong>:<\/p>\n<ul>\n<li>El tr\u00e1mite es estrictamente personal.\u00a0<u>La Embajada no ha autorizado ninguna agencia ni intermediario para los tramites de visa<\/u>.<\/li>\n<li>Se informa que sin la\u00a0<strong>autorizaci\u00f3n del C.O.N.I (de Italia)<\/strong>\u00a0la Visa no puede ser tramitada.<\/li>\n<li>La declaraci\u00f3n indicada en el\u00a0<strong>punto 9<\/strong>\u00a0debe siempre estar acompa\u00f1ada por la copia del documento de identidad del declarante con la firma legible.<\/li>\n<li>La falta de alguno de los documentos podr\u00eda implicar el rechazo en la ventanilla de la solicitud de visa.<\/li>\n<li>Si el solicitante es menor de edad, se debe presentar tambi\u00e9n el registro civil de nacimiento del menor.<\/li>\n<li>Si el solicitante es menor de edad, se debe presentar el\u00a0<strong>permiso de salida del pa\u00eds emitido por la autoridad competente (apostillado y traducido en <\/strong>original y copia)<\/li>\n<li>La Embajada de Italia se reserva el derecho de solicitar la documentaci\u00f3n adicional que estime necesaria a trav\u00e9s del documento denominado \u201c<em><u>Preavviso di Rigetto<\/u><\/em>\u201d que se podr\u00eda emitir unos d\u00edas despu\u00e9s de haber examinado la solicitud de visa.<\/li>\n<li>Siendo la Visa una concesi\u00f3n, aun presentando todos los documentos requeridos, la misma puede ser otorgada o rechazada. En este \u00faltimo caso ser\u00e1 entregado el \u201c<em><u>Provvedimento di Diniego<\/u><\/em>\u201d.<\/li>\n<li>Si la Visa es otorgada, el titular de esta, una vez que llegu\u00e9 a Italia, deber\u00e1 solicitar en los primeros ocho d\u00edas h\u00e1biles, el Permiso de Estad\u00eda (<em><u>Permesso di Soggiorno<\/u><\/em>) ante las Autoridades italianas competentes.<\/li>\n<\/ul>\n","protected":false},"excerpt":{"rendered":"Para obtener informaciones generales sobre esta tipolog\u00eda de VISA visitar la siguiente p\u00e1gina web del Gobierno Italiano:\u00a0vistoperitalia.esteri.it Para qu\u00e9 sirve y qui\u00e9n la puede solicitar: La visa de Trabajo Deportivo permite ingresar y residir en Italia a profesionales del deporte con la finalidad de desarrollar con una Entidad deportiva italiana su profesi\u00f3n de atleta\/entrenador\/etc. El [&hellip;]","protected":false},"author":1,"featured_media":0,"parent":184,"menu_order":16,"comment_status":"closed","ping_status":"closed","template":"","meta":{"footnotes":""},"class_list":["post-1863","page","type-page","status-publish","hentry"],"_links":{"self":[{"href":"https:\/\/ambpanama.esteri.it\/es\/wp-json\/wp\/v2\/pages\/1863","targetHints":{"allow":["GET"]}}],"collection":[{"href":"https:\/\/ambpanama.esteri.it\/es\/wp-json\/wp\/v2\/pages"}],"about":[{"href":"https:\/\/ambpanama.esteri.it\/es\/wp-json\/wp\/v2\/types\/page"}],"author":[{"embeddable":true,"href":"https:\/\/ambpanama.esteri.it\/es\/wp-json\/wp\/v2\/users\/1"}],"replies":[{"embeddable":true,"href":"https:\/\/ambpanama.esteri.it\/es\/wp-json\/wp\/v2\/comments?post=1863"}],"version-history":[{"count":3,"href":"https:\/\/ambpanama.esteri.it\/es\/wp-json\/wp\/v2\/pages\/1863\/revisions"}],"predecessor-version":[{"id":5228,"href":"https:\/\/ambpanama.esteri.it\/es\/wp-json\/wp\/v2\/pages\/1863\/revisions\/5228"}],"up":[{"embeddable":true,"href":"https:\/\/ambpanama.esteri.it\/es\/wp-json\/wp\/v2\/pages\/184"}],"wp:attachment":[{"href":"https:\/\/ambpanama.esteri.it\/es\/wp-json\/wp\/v2\/media?parent=1863"}],"curies":[{"name":"wp","href":"https:\/\/api.w.org\/{rel}","templated":true}]}}