{"id":1867,"date":"2023-11-20T05:09:59","date_gmt":"2023-11-20T10:09:59","guid":{"rendered":"https:\/\/ambpanama.esteri.it\/servizi-consolari-e-visti\/servizi-per-il-cittadino-straniero\/visti\/visa-de-reingreso\/"},"modified":"2024-08-14T05:38:59","modified_gmt":"2024-08-14T10:38:59","slug":"visa-de-reingreso","status":"publish","type":"page","link":"https:\/\/ambpanama.esteri.it\/es\/servizi-consolari-e-visti\/servizi-per-il-cittadino-straniero\/visti\/visa-de-reingreso\/","title":{"rendered":"Visa de reingreso"},"content":{"rendered":"<p>Para obtener informaciones generales sobre esta tipolog\u00eda de VISA visitar la siguiente p\u00e1gina web del Gobierno Italiano:\u00a0<a href=\"http:\/\/vistoperitalia.esteri.it\/\">vistoperitalia.esteri.it<\/a><\/p>\n<p><strong>Para qu\u00e9 sirve y qui\u00e9n la puede solicitar<\/strong>:<\/p>\n<p>La Visa de Reingreso puede ser solicitada por los ciudadanos extranjeros que ya residen en Italia de forma legal y que se encuentren temporalmente en Panam\u00e1 o en uno de los Estados de acreditaci\u00f3n con el \u201cPermesso di Soggiorno\u201d en una de las siguientes condiciones:<\/p>\n<ol>\n<li>\u201cPermesso di Soggiorno\u201d vencido de no m\u00e1s de 60 d\u00edas y del cual el titular solicit\u00f3 la renovaci\u00f3n a las autoridades italianas dentro de los t\u00e9rminos de ley;<\/li>\n<\/ol>\n<ol>\n<li>\u201cPermesso di Soggiorno\u201d vencido de no m\u00e1s de 60 d\u00edas y del cual el titular\u00a0<strong>NO SOLICIT\u00d3<\/strong>\u00a0la renovaci\u00f3n dentro de los t\u00e9rminos de ley. El termino de 60 d\u00edas se extiende a 6 meses en caso de comprobados graves motivos de salud personales o de un familiar cercano (Padres, Esposos, Hijos) \u2013<\/li>\n<li>En curso de validez, pero robado o extraviado.<\/li>\n<\/ol>\n<p><strong>Nota<\/strong>: La emisi\u00f3n de la visa est\u00e1 subordinada a la autorizaci\u00f3n que debe ser emitida por la Questura italiana competente por territorio.<\/p>\n<p>La visa se puede solicitar con seis meses de antelaci\u00f3n a la fecha de viaje y hasta 15 d\u00edas laborales antes de la fecha de viaje.<\/p>\n<p><strong>Tipo de la visa<\/strong>: \u201cD\u201d Visa de larga duraci\u00f3n, para estad\u00edas superiores a 90 d\u00edas.<\/p>\n<p><strong>REQUISITOS<\/strong>:<\/p>\n<ol>\n<li><a href=\"https:\/\/ambpanama.esteri.it\/wp-content\/uploads\/2023\/11\/formulario_visto_nazionale_-spagnolo.pdf\">Formulario de solicitud de visa Nacional\u00a0<\/a>debidamente diligenciado en todos sus campos y firmado.<\/li>\n<li><strong>Dos fotograf\u00edas<\/strong> (3,5 cm x 4 cm), fondo blanco a color (iguales y recientes) de las cuales una pegada al formulario en el recuadro correspondiente.<\/li>\n<li><strong>Pasaporte vigente<\/strong>\u00a0(con validez de m\u00ednimo 3 meses m\u00e1s de la duraci\u00f3n de la visa) con m\u00ednimo dos p\u00e1ginas libres y\u00a0<strong>copia<\/strong>\u00a0simple del\u00a0<strong>mismo<\/strong>\u00a0(solo de la p\u00e1gina del pasaporte que contiene los datos personales del titular).<\/li>\n<li><strong>Pago de los derechos consulares<\/strong><strong>\u00a0<\/strong>en efectivo (se paga el d\u00eda de la cita, ver <a href=\"https:\/\/ambpanama.esteri.it\/es\/servizi-consolari-e-visti\/servizi-per-il-cittadino-italiano\/diritti-consolari\/\">Tabla de los derechos consulares<\/a>)<\/li>\n<li><strong>C\u00e9dula <\/strong>\u2013 para los extranjeros c\u00e9dula de extranjer\u00eda o carnet de residencia \u2013 vigente (en ambos casos solo copia ampliada y legible).<\/li>\n<li><strong>Seg\u00fan los siguientes casos hay que traer<\/strong>:\n<ul>\n<li><strong>En el primer caso<\/strong>: copia simple del \u201cPermesso di Soggiorno\u201d a\u00fan si tuviese fecha de vencimiento no mayor a 60 d\u00edas y copia de la solicitud de renovaci\u00f3n presentada a la Questura, incluyendo copia del pago realizado ante Poste Italiane (fotocopia legible).<\/li>\n<li><strong>En el segundo caso<\/strong>: copia simple del \u201cPermesso di Soggiorno\u201d a\u00fan si tuviese fecha de vencimiento no mayor a 60 d\u00edas y certificado reciente de los movimientos migratorios expedido por la oficina de Migraci\u00f3n, En caso de comprobados graves motivos de salud personales o de un familiar cercano se debe presentar tambi\u00e9n el certificado m\u00e9dico legalizado y apostillado junto con el de registro civil con el cual se pueda verificar la relaci\u00f3n de parentesco con el familiar enfermo.<\/li>\n<li><strong>En el tercer caso<\/strong>: formato diligenciado y firmado de denuncia de robo o p\u00e9rdida del \u201cPermesso di Soggiorno (vea formato), eventual fotocopia del \u201cPermesso di Soggiorno\u201d si la tuviera, y certificado reciente de los movimientos migratorios expedido por Migraci\u00f3n.<\/li>\n<\/ul>\n<\/li>\n<\/ol>\n<ol start=\"7\">\n<li><strong>Reservaci\u00f3n de vuelo <\/strong>de ida con destino final Italia. <strong>NOTA:<\/strong> La reserva a\u00e9rea debe ser realizada directamente por la compa\u00f1\u00eda a\u00e9rea o una agencia de viajes en el pa\u00eds de residencia o directamente en Italia (no se aceptan reservas realizadas online).<\/li>\n<\/ol>\n<p><strong>NOTAS<\/strong>:<\/p>\n<ul>\n<li>El tr\u00e1mite es estrictamente personal.\u00a0<u>La Embajada no ha autorizado ninguna agencia ni intermediario para los tramites de visa<\/u>.<\/li>\n<li>El tiempo de entrega de la visa depende del tiempo de respuesta por parte de la Questura italiana encargada de emitir la relativa autorizaci\u00f3n (\u00ab<em>Nulla Osta\u00bb<\/em>) indispensable para otorgar la Visa.<\/li>\n<li>La falta de alguno de los documentos podr\u00eda implicar el rechazo en la ventanilla de la solicitud de visa.<\/li>\n<li>La Embajada de Italia se reserva el derecho de solicitar la documentaci\u00f3n adicional que estime necesaria a trav\u00e9s del documento denominado \u201c<em><u>Preavviso di Rigetto<\/u><\/em>\u201d que se podr\u00eda emitir unos d\u00edas despu\u00e9s de haber examinado la solicitud de visa.<\/li>\n<li>Siendo la Visa una concesi\u00f3n, aun presentando todos los documentos requeridos, la misma puede ser otorgada o rechazada. En este \u00faltimo caso ser\u00e1 entregado el \u201c<em><u>Provvedimento di Diniego<\/u><\/em>\u201d.<\/li>\n<\/ul>\n","protected":false},"excerpt":{"rendered":"Para obtener informaciones generales sobre esta tipolog\u00eda de VISA visitar la siguiente p\u00e1gina web del Gobierno Italiano:\u00a0vistoperitalia.esteri.it Para qu\u00e9 sirve y qui\u00e9n la puede solicitar: La Visa de Reingreso puede ser solicitada por los ciudadanos extranjeros que ya residen en Italia de forma legal y que se encuentren temporalmente en Panam\u00e1 o en uno de [&hellip;]","protected":false},"author":1,"featured_media":0,"parent":184,"menu_order":18,"comment_status":"closed","ping_status":"closed","template":"","meta":{"footnotes":""},"class_list":["post-1867","page","type-page","status-publish","hentry"],"_links":{"self":[{"href":"https:\/\/ambpanama.esteri.it\/es\/wp-json\/wp\/v2\/pages\/1867","targetHints":{"allow":["GET"]}}],"collection":[{"href":"https:\/\/ambpanama.esteri.it\/es\/wp-json\/wp\/v2\/pages"}],"about":[{"href":"https:\/\/ambpanama.esteri.it\/es\/wp-json\/wp\/v2\/types\/page"}],"author":[{"embeddable":true,"href":"https:\/\/ambpanama.esteri.it\/es\/wp-json\/wp\/v2\/users\/1"}],"replies":[{"embeddable":true,"href":"https:\/\/ambpanama.esteri.it\/es\/wp-json\/wp\/v2\/comments?post=1867"}],"version-history":[{"count":4,"href":"https:\/\/ambpanama.esteri.it\/es\/wp-json\/wp\/v2\/pages\/1867\/revisions"}],"predecessor-version":[{"id":5232,"href":"https:\/\/ambpanama.esteri.it\/es\/wp-json\/wp\/v2\/pages\/1867\/revisions\/5232"}],"up":[{"embeddable":true,"href":"https:\/\/ambpanama.esteri.it\/es\/wp-json\/wp\/v2\/pages\/184"}],"wp:attachment":[{"href":"https:\/\/ambpanama.esteri.it\/es\/wp-json\/wp\/v2\/media?parent=1867"}],"curies":[{"name":"wp","href":"https:\/\/api.w.org\/{rel}","templated":true}]}}