{"id":1872,"date":"2023-11-20T05:24:28","date_gmt":"2023-11-20T10:24:28","guid":{"rendered":"https:\/\/ambpanama.esteri.it\/servizi-consolari-e-visti\/servizi-per-il-cittadino-straniero\/visti\/visa-de-turismo-visita-familiar\/"},"modified":"2024-08-14T05:43:43","modified_gmt":"2024-08-14T10:43:43","slug":"visa-de-turismo-visita-familiar","status":"publish","type":"page","link":"https:\/\/ambpanama.esteri.it\/es\/servizi-consolari-e-visti\/servizi-per-il-cittadino-straniero\/visti\/visa-de-turismo-visita-familiar\/","title":{"rendered":"Visa de turismo\/visita familia-amigos"},"content":{"rendered":"<p>Para obtener informaciones generales sobre esta tipolog\u00eda de VISA visitar la siguiente p\u00e1gina\u00a0 web del Gobierno Italiano:\u00a0<a href=\"http:\/\/vistoperitalia.esteri.it\/\">vistoperitalia.esteri.it<\/a><\/p>\n<p><strong>Se recuerda que los ciudadanos paname\u00f1os est\u00e1n exentos de solicitar la visa cuando viajen al espacio Schengen por razones de turismo\/negocios\/misi\u00f3n\/competencia deportiva\/estudio\/invitaci\u00f3n, por un m\u00e1ximo de 90 d\u00edas en el arco temporal de 180 d\u00edas. La contabilizaci\u00f3n de los d\u00edas empieza el primer d\u00eda de entrada en el espacio Schengen (lo comprueba el sello colocado en el pasaporte).<\/strong><\/p>\n<p><strong>Para qu\u00e9 sirve y qui\u00e9n la puede solicitar<\/strong>:<\/p>\n<p>Esta visa permite al viajero ingresar y viajar en todo el territorio Schengen (*) por motivos de turismo\/Visita Familiar. Actualmente los pa\u00edses que adhieren al tratado Schengen son los siguientes:<\/p>\n<p>(*) Alemania, Austria, B\u00e9lgica, Croacia, Dinamarca, Eslovenia, Espa\u00f1a, Estonia, Eslovaquia, Francia, Finlandia, Holanda, Hungr\u00eda, Grecia, Islandia, Italia, Letonia, Lituania, Luxemburgo, Malta, Noruega, Polonia, Portugal, Rep\u00fablica Checa, Suecia, Suiza.<\/p>\n<p><strong>Nota<\/strong>: Si el viajero visita varios pa\u00edses Schengen la visa se debe solicitar en la Embajada del pa\u00eds donde se pasa m\u00e1s tiempo.<\/p>\n<p>La visa se puede solicitar con tres meses de antelaci\u00f3n a la fecha de viaje y hasta un mes antes de la fecha de viaje.<\/p>\n<p><strong>Tipo de la visa<\/strong>: \u201cC\u201d: Visa de corta duraci\u00f3n, estad\u00eda hasta m\u00e1ximo 90 d\u00edas en el arco de 180 d\u00edas.<\/p>\n<p><strong>REQUISITOS<\/strong>:<\/p>\n<ol>\n<li><a href=\"https:\/\/ambpanama.esteri.it\/wp-content\/uploads\/2024\/06\/VISTO-SCHENGEN-ESP.pdf\">Formulario de solicitud de visa\u00a0Schengen\u00a0<\/a>debidamente diligenciado en todos sus campos y firmado.<\/li>\n<li><strong>Dos fotograf\u00edas<\/strong> (3,5 cm x 4 cm), fondo blanco a color (iguales y recientes).<\/li>\n<li><strong>Pasaporte vigente<\/strong>\u00a0(con validez de m\u00ednimo 3 meses m\u00e1s de la duraci\u00f3n de la visa) con m\u00ednimo dos p\u00e1ginas libres y\u00a0<strong>copia<\/strong>\u00a0simple\u00a0<strong>del mismo<\/strong>\u00a0(solo de la p\u00e1gina del pasaporte que contiene los datos personales del titular).<\/li>\n<li><strong>Pago de los derechos consulares en efectivo (se pagan el d\u00eda de la cita, ver <\/strong><a href=\"https:\/\/ambpanama.esteri.it\/es\/servizi-consolari-e-visti\/servizi-per-il-cittadino-italiano\/diritti-consolari\/\">Tabla de los derechos consulares<\/a><strong>)<\/strong><\/li>\n<li><strong>C\u00e9dula o carnet de residencia vigente<\/strong>\u00a0(copia ampliada y legible).<\/li>\n<li><strong>Seguro de viaje de asistencia m\u00e9dica v\u00e1lida para el espacio Schengen<\/strong>\u00a0con la siguiente cobertura:\n<ol>\n<li>Asistencia m\u00e9dica por enfermedad: cobertura m\u00ednima de 30,000 euros.<\/li>\n<li>Asistencia m\u00e9dica por accidentes: cobertura m\u00ednima de 30,000 euros.<\/li>\n<li>Repatriaci\u00f3n\u00a0cobertura m\u00ednima de 30,000 euros.<br \/>\nLa empresa de seguro debe contar con un representante\/sucursal en Europa. El seguro de viaje no puede tener un deducible. Este seguro debe ser v\u00e1lido por la duraci\u00f3n de la visa (original y copia).\u00a0 <strong>NOTA<\/strong>: el seguro debe ser efectuado en agencias dentro del pa\u00eds de residencia o directamente en Italia, no se aceptan reservas y\/o compras realizadas a trav\u00e9s de sitios en internet.\u00a0El seguro tiene que estar a nombre del solicitante<\/li>\n<\/ol>\n<\/li>\n<li><strong>Reserva de hotel y programa de su viaje en el territorio Schengen<\/strong>\u00a0\u2013 claro y legible.<\/li>\n<li><strong>S\u00f3lo en caso que tenga la invitaci\u00f3n de un ciudadano italiano<\/strong>\u00a0y\/o europeo o de un ciudadano\/a extranjero\/a regularmente residenciado en Italia, debe presentar\u00a0la Carta de invitaci\u00f3n\u00a0(en original) firmada por la persona que la est\u00e1 invitando seg\u00fan las indicaciones de ley.\u00a0<strong>NOTA<\/strong>: La carta de invitaci\u00f3n puede ser enviada telem\u00e1ticamente solo y directamente por el invitante al siguiente correo electr\u00f3nico\u00a0<a href=\"mailto:panama.visti@esteri.it\">panama.visti@esteri.it<\/a><\/li>\n<li><strong>Estados de cuentas de ahorro y\/o corriente<\/strong>\u00a0de los \u00faltimos seis meses, as\u00ed como de sus tarjetas de cr\u00e9dito nacionales e internacionales, si la hubiera (original y copia) sellados por el banco. NO SE ADMITE LA SOLA DECLARACI\u00d3N DEL BANCO DEL SALDO ACTUAL DE LA CUENTA.<\/li>\n<li><strong>Carta de presentaci\u00f3n de su empleador<\/strong>\u00a0indicando el tiempo de servicio, cargo, sueldo y per\u00edodo vacacional o licencia concedida, asimismo deber\u00e1 presentar los tres \u00faltimos recibos de pago.\u00a0<strong>En caso de ser empresarios y\/o profesionales<\/strong>, adjuntar\u00a0<strong>copia del \u201cPaz y salvo\u201d del pago de los impuestos, <\/strong>as\u00ed como los movimientos bancarios de su empresa de los tres \u00faltimos meses (original y copia).<\/li>\n<li><strong>Si el solicitante la visa de turismo no puede demostrar la disponibilidad econ\u00f3mica personal<\/strong>\u00a0(por ser menor, estudiante, ama de casa, jubilada, etc.), la persona que se hace cargo de su manutenci\u00f3n, (padre, madre, esposo, hijo\/a), deber\u00e1 redactar una carta de compromiso a cubrir los gastos en el espacio Schengen firmada ante Notar\u00eda, con copia de su documento de identidad y, seg\u00fan sea el caso, el registro civil de matrimonio o nacimiento para demostrar el v\u00ednculo familiar. (Adjuntar informaci\u00f3n financiera sobre sus ingresos econ\u00f3micos como se indica en el punto 9). Los jubilados deber\u00e1n presentar sus tres \u00faltimos\u00a0<strong>recibos de pago<\/strong>\u00a0y\/o eventualmente alg\u00fan otro documento que justifique sus ingresos econ\u00f3micos (original y copia).<\/li>\n<li><strong>Los estudiantes deber\u00e1n presentar un certificado de estudios<\/strong>\u00a0y de notas (original) a\u00fan si se encuentran de vacaciones. En caso viajen en periodo escolar, deber\u00e1n presentar la autorizaci\u00f3n del Colegio para ausentarse de las clases.<\/li>\n<li><strong>Reservaci\u00f3n de vuelo<\/strong>\u00a0de ida y vuelta con eventuales reservas de tiquetes para traslados dentro del espacio Schengen. <strong>NOTA<\/strong>: Las reservas deben ser realizadas directamente por la compa\u00f1\u00eda a\u00e9rea o una agencia de viajes en el pa\u00eds de residencia o directamente en Italia (no se aceptan reservas realizadas online).<\/li>\n<\/ol>\n<p><strong>NOTAS<\/strong>:<\/p>\n<ul>\n<li><u>El tr\u00e1mite es estrictamente personal. La Embajada no ha autorizado ninguna agencia ni intermediario para los tramites de visa<\/u>.<\/li>\n<li>Para menores de 18 a\u00f1os que viajan con los padres, se solicita la presencia de ambos padres en la Embajada, as\u00ed como copia del registro civil de nacimiento del menor.<\/li>\n<li>En caso de que el menor viaje solo o con uno de los padres, se debe adjuntar la respectiva\u00a0<strong>autorizaci\u00f3n de salida del pa\u00eds<\/strong>\u00a0emitida por la autoridad competente (apostillada y traducida en original y copia).<\/li>\n<li>Presentando los documentos indicados en el punto 8, debe anexar tambi\u00e9n copia de un documento de identidad (c\u00e9dula, \u201c<em>carta d\u2019identit\u00e0\u201d<\/em>, Pasaporte) donde se vea claramente la firma de la persona que ha suscrito el respectivo documento.<\/li>\n<li>La falta de alguno de los documentos podr\u00eda implicar el rechazo en la ventanilla de la solicitud de visa.<\/li>\n<li>La Embajada de Italia se reserva el derecho de solicitar la documentaci\u00f3n adicional que estime necesaria a trav\u00e9s del documento denominado \u201c<em><u>Preavviso di Rigetto<\/u><\/em>\u201d que se podr\u00eda emitir unos d\u00edas despu\u00e9s de haber examinado la solicitud de visa.<\/li>\n<li>La presentaci\u00f3n de la documentaci\u00f3n solicitada no conlleva necesariamente a la concesi\u00f3n de la visa.\u00a0Siendo la Visa una concesi\u00f3n, aun presentando todos los documentos requeridos, la misma puede ser otorgada o rechazada. En este \u00faltimo caso ser\u00e1 entregado el \u201c<em><u>Provvedimento di Diniego\u201d<\/u><\/em><em>.<\/em><\/li>\n<\/ul>\n","protected":false},"excerpt":{"rendered":"Para obtener informaciones generales sobre esta tipolog\u00eda de VISA visitar la siguiente p\u00e1gina\u00a0 web del Gobierno Italiano:\u00a0vistoperitalia.esteri.it Se recuerda que los ciudadanos paname\u00f1os est\u00e1n exentos de solicitar la visa cuando viajen al espacio Schengen por razones de turismo\/negocios\/misi\u00f3n\/competencia deportiva\/estudio\/invitaci\u00f3n, por un m\u00e1ximo de 90 d\u00edas en el arco temporal de 180 d\u00edas. La contabilizaci\u00f3n de [&hellip;]","protected":false},"author":1,"featured_media":0,"parent":184,"menu_order":20,"comment_status":"closed","ping_status":"closed","template":"","meta":{"footnotes":""},"class_list":["post-1872","page","type-page","status-publish","hentry"],"_links":{"self":[{"href":"https:\/\/ambpanama.esteri.it\/es\/wp-json\/wp\/v2\/pages\/1872","targetHints":{"allow":["GET"]}}],"collection":[{"href":"https:\/\/ambpanama.esteri.it\/es\/wp-json\/wp\/v2\/pages"}],"about":[{"href":"https:\/\/ambpanama.esteri.it\/es\/wp-json\/wp\/v2\/types\/page"}],"author":[{"embeddable":true,"href":"https:\/\/ambpanama.esteri.it\/es\/wp-json\/wp\/v2\/users\/1"}],"replies":[{"embeddable":true,"href":"https:\/\/ambpanama.esteri.it\/es\/wp-json\/wp\/v2\/comments?post=1872"}],"version-history":[{"count":2,"href":"https:\/\/ambpanama.esteri.it\/es\/wp-json\/wp\/v2\/pages\/1872\/revisions"}],"predecessor-version":[{"id":4926,"href":"https:\/\/ambpanama.esteri.it\/es\/wp-json\/wp\/v2\/pages\/1872\/revisions\/4926"}],"up":[{"embeddable":true,"href":"https:\/\/ambpanama.esteri.it\/es\/wp-json\/wp\/v2\/pages\/184"}],"wp:attachment":[{"href":"https:\/\/ambpanama.esteri.it\/es\/wp-json\/wp\/v2\/media?parent=1872"}],"curies":[{"name":"wp","href":"https:\/\/api.w.org\/{rel}","templated":true}]}}