{"id":1877,"date":"2023-11-20T05:25:58","date_gmt":"2023-11-20T10:25:58","guid":{"rendered":"https:\/\/ambpanama.esteri.it\/servizi-consolari-e-visti\/servizi-per-il-cittadino-straniero\/visti\/visa-de-negocios\/"},"modified":"2024-08-14T05:37:34","modified_gmt":"2024-08-14T10:37:34","slug":"visa-de-negocios","status":"publish","type":"page","link":"https:\/\/ambpanama.esteri.it\/es\/servizi-consolari-e-visti\/servizi-per-il-cittadino-straniero\/visti\/visa-de-negocios\/","title":{"rendered":"Visa de Negocios \/ invitaci\u00f3n"},"content":{"rendered":"<p>Para tener informaciones generales sobre esta tipolog\u00eda de\u00a0<strong>VISA<\/strong>\u00a0visitar el siguiente sitio del Gobierno Italiano:\u00a0<a href=\"http:\/\/www.vistoperitalia.esteri.it\/\">vistoperitalia.esteri.it\u00a0<\/a><\/p>\n<p><strong>Tipo de la visa<\/strong>: \u201cC\u201d Visa de corta duraci\u00f3n;<\/p>\n<p><strong>Para que sirve:<\/strong>\u00a0para el personal de compa\u00f1\u00edas que necesitan hacer breves cursos de capacitaci\u00f3n, visitar plantas, de empresas italianas con las cuales ya han establecido una duradera relaci\u00f3n comercial; titulares, representantes, personal de empresas que mantienen una relaci\u00f3n comercial con empresas italianas y que viajan con la finalidad de establecer, finiquitar, modificar, tratar contratos y\/o asuntos comerciales.<\/p>\n<p><strong>REQUISITOS:<\/strong><\/p>\n<ol>\n<li><a href=\"https:\/\/ambpanama.esteri.it\/wp-content\/uploads\/2023\/11\/formulario_visto_nazionale_-spagnolo-1.pdf\"><strong>Formulario de solicitud de visa Schengen<\/strong><\/a>\u00a0debidamente llenado en todos sus campos y firmado.<\/li>\n<li><strong>Dos fotograf\u00edas<\/strong> (3,5 cm x 4 cm), fondo blanco a color (iguales y recientes) de las cuales una pegada al formulario en el recuadro correspondiente.<\/li>\n<li><strong>Pasaporte vigente<\/strong>\u00a0(con validez de m\u00ednimo 3 meses m\u00e1s de la duraci\u00f3n de la visa) con m\u00ednimo dos p\u00e1ginas libres y copia simple del mismo (solo de la p\u00e1gina del pasaporte que contiene los datos personales del titular).<\/li>\n<li><strong>Pago de los derechos consulares en efectivo<\/strong>\u00a0(se paga el d\u00eda de la cita, ver <a href=\"https:\/\/ambpanama.esteri.it\/es\/servizi-consolari-e-visti\/servizi-per-il-cittadino-italiano\/diritti-consolari\/\">tabla de los derechos consulares<\/a>)<\/li>\n<li>C\u00e9dula \u2013 o cedula de extranjer\u00eda (carnet de residencia) \u2013 vigente (copia ampliada y legible).<\/li>\n<li><strong>Seguro de viaje<\/strong>\u00a0de asistencia m\u00e9dica en el extranjero con la siguiente cobertura:\u00a0<strong>Asistencia m\u00e9dica por enfermedad<\/strong>: cobertura m\u00ednima de 30,000 euros.\u00a0<strong>Asistencia m\u00e9dica por accidentes<\/strong>: cobertura m\u00ednima de 30,000 euros.<\/li>\n<li><strong>Repatriaci\u00f3n<\/strong>\u00a0cobertura m\u00ednima de 20,000 euros. La empresa de seguro debe contar con un representante\/sucursal en Europa. El seguro de viaje no puede tener un deducible. Este seguro debe ser v\u00e1lido por la duraci\u00f3n de la visa (original y copia).\u00a0<strong>NOTA<\/strong>: el seguro debe ser efectuado en agencias dentro del pa\u00eds de residencia o directamente en Italia, no se aceptan reservas y\/o compras realizadas a trav\u00e9s de sitios en internet. El seguro debe estar a nombre del solicitante.<\/li>\n<li><strong>Documentaci\u00f3n local que compruebe la efectiva condici\u00f3n de operador econ\u00f3mico \u2013 comercial<\/strong>\u00a0(por ejemplo: licencia de operaci\u00f3n, certificado de la c\u00e1mara de comercio italiana, contrato, etc.)<\/li>\n<li><strong>Programa de toda la estad\u00eda en Italia<\/strong>, con las indicaciones y contactos de negocios previstos o carta de invitaci\u00f3n de la empresa italiana (seg\u00fan el siguiente\u00a0<a href=\"https:\/\/ambpanama.esteri.it\/wp-content\/uploads\/2023\/11\/letteradiinvitoperaffari_ambpanama.pdf\">modelo<\/a>\u00a0y en original) con copia de un documento de identidad de quien firma la carta.\u00a0(en original) emitida por parte de un ciudadano italiano\/europeo o extranjero regularmente residenciado en Italia acompa\u00f1ada por la copia del documento de identidad del declarante con la firma visible.\u00a0<strong>NOTA<\/strong>: La carta de invitaci\u00f3n puede ser enviada telem\u00e1ticamente solo y directamente por la Empresa italiana invitante al siguiente correo electr\u00f3nico\u00a0<a href=\"mailto:panama.visti@esteri.it\">panama.visti@esteri.it<\/a><\/li>\n<li><strong>Disponibilidad de alojamiento<\/strong>, reserva de hotel, en el caso que la carta de invitaci\u00f3n de parte de la empresa italiana indique que se hacen cargo del alojamiento se deber\u00e1 adjuntar documentaci\u00f3n que confirme lo mencionado, (ej. Reserva de hotel, contrato de alquiler, etc.)\u00a0En el caso que la empresa operante en el territorio nacional (Panama) se haga cargo del hospedaje del solicitante, se deber\u00e1 adjunta documentaci\u00f3n que confirme lo antes mencionado. (ej. Carta de declaraci\u00f3n, Reserva de hotel, contrato de alquiler, etc.)\u00a0<strong>NOTA<\/strong>: en caso de presentar reserva hotelera esta debe estar a nombre de el\/la solicitante.<\/li>\n<li><strong>Certificaci\u00f3n labora<\/strong>l (original y copia)<\/li>\n<li><strong>Estados de cuentas<\/strong>\u00a0de ahorro y\/o corriente de los \u00faltimos seis meses, as\u00ed como de sus tarjetas de cr\u00e9dito nacionales e internacionales, si la hubiera (original y copia). Con la demostraci\u00f3n de medios econ\u00f3micos que debe ser constante en el tiempo y no de \u00faltimo momento seg\u00fan los valores indicados en la Tabella A anexada a la Directiva del Ministerio de Interior Italiano de fecha 01.03.2000 que prev\u00e9 la disponibilidad del siguiente importe m\u00ednimo: 206,58 Euro base + 27,89 Euro x cada d\u00eda.<\/li>\n<li><strong>Reserva de vuelo ida y vuelta<\/strong>: la reserva debe tener como destino final Italia.\u00a0<strong>NOTA<\/strong>: La reserva a\u00e9rea debe ser efectuada directamente en la aerol\u00ednea o en una agencia de viaje dentro del territorio paname\u00f1o o directamente en Italia (no se aceptan reservas hechas por internet).\u00a0La reserva a\u00e9rea debe estar a nombre de el\/la solicitante.<\/li>\n<\/ol>\n<p><strong>NOTAS:<\/strong><\/p>\n<ul>\n<li>El tr\u00e1mite es estrictamente personal. La Embajada no ha autorizado ninguna agencia ni intermediario para los tramite de visa.<\/li>\n<li>La falta de alguno de los documentos arriba indicados implicar\u00e1 el rechazo en la ventanilla de la solicitud de visa (lo que no significa que la visa ha sido denegada, si no que no se ha podido recibir el expediente).<\/li>\n<li>La Embajada se reserva el derecho de pedir otro tipo de documentaci\u00f3n que estime necesaria.<\/li>\n<li>La presentaci\u00f3n de la documentaci\u00f3n solicitada no conlleva necesariamente a la concesi\u00f3n de la visa.<\/li>\n<li>La Visa es una concesi\u00f3n, por lo tanto, aun presentando todos los documentos requeridos puede ser otorgada o rechaza.<\/li>\n<li>En este \u00faltimo caso ser\u00e1 entregado el \u201cProvvedimento di Diniego\u201d.<\/li>\n<\/ul>\n","protected":false},"excerpt":{"rendered":"Para tener informaciones generales sobre esta tipolog\u00eda de\u00a0VISA\u00a0visitar el siguiente sitio del Gobierno Italiano:\u00a0vistoperitalia.esteri.it\u00a0 Tipo de la visa: \u201cC\u201d Visa de corta duraci\u00f3n; Para que sirve:\u00a0para el personal de compa\u00f1\u00edas que necesitan hacer breves cursos de capacitaci\u00f3n, visitar plantas, de empresas italianas con las cuales ya han establecido una duradera relaci\u00f3n comercial; titulares, representantes, personal [&hellip;]","protected":false},"author":1,"featured_media":0,"parent":184,"menu_order":22,"comment_status":"closed","ping_status":"closed","template":"","meta":{"footnotes":""},"class_list":["post-1877","page","type-page","status-publish","hentry"],"_links":{"self":[{"href":"https:\/\/ambpanama.esteri.it\/es\/wp-json\/wp\/v2\/pages\/1877","targetHints":{"allow":["GET"]}}],"collection":[{"href":"https:\/\/ambpanama.esteri.it\/es\/wp-json\/wp\/v2\/pages"}],"about":[{"href":"https:\/\/ambpanama.esteri.it\/es\/wp-json\/wp\/v2\/types\/page"}],"author":[{"embeddable":true,"href":"https:\/\/ambpanama.esteri.it\/es\/wp-json\/wp\/v2\/users\/1"}],"replies":[{"embeddable":true,"href":"https:\/\/ambpanama.esteri.it\/es\/wp-json\/wp\/v2\/comments?post=1877"}],"version-history":[{"count":3,"href":"https:\/\/ambpanama.esteri.it\/es\/wp-json\/wp\/v2\/pages\/1877\/revisions"}],"predecessor-version":[{"id":5229,"href":"https:\/\/ambpanama.esteri.it\/es\/wp-json\/wp\/v2\/pages\/1877\/revisions\/5229"}],"up":[{"embeddable":true,"href":"https:\/\/ambpanama.esteri.it\/es\/wp-json\/wp\/v2\/pages\/184"}],"wp:attachment":[{"href":"https:\/\/ambpanama.esteri.it\/es\/wp-json\/wp\/v2\/media?parent=1877"}],"curies":[{"name":"wp","href":"https:\/\/api.w.org\/{rel}","templated":true}]}}