{"id":1882,"date":"2023-11-20T05:30:31","date_gmt":"2023-11-20T10:30:31","guid":{"rendered":"https:\/\/ambpanama.esteri.it\/servizi-consolari-e-visti\/servizi-per-il-cittadino-straniero\/visti\/visa-para-marinos\/"},"modified":"2024-08-14T05:45:10","modified_gmt":"2024-08-14T10:45:10","slug":"visa-para-marinos","status":"publish","type":"page","link":"https:\/\/ambpanama.esteri.it\/es\/servizi-consolari-e-visti\/servizi-per-il-cittadino-straniero\/visti\/visa-para-marinos\/","title":{"rendered":"Visa para trabajo dependiente mar\u00edtimo"},"content":{"rendered":"<p><strong>Para qu\u00e9 sirve y qui\u00e9n la puede solicitar<\/strong>:<\/p>\n<p>La visa de Trabajo Dependiente Mar\u00edtimo permite al ciudadano extranjero permanecer a bordo del barco cuando el mismo navega en aguas territoriales o no (siempre y cuando ondee bandera italiana) o estaciona en un puerto nacional, con la finalidad de trabajar en servicios complementarios a bordo.<\/p>\n<p><strong>Tipo de visa<\/strong>: \u201cC\u201d (hasta 90 d\u00edas) o \u00abD\u00bb visa de larga duraci\u00f3n (mayor de 90 d\u00edas hasta 365 d\u00edas).<\/p>\n<p><strong>REQUISITOS<\/strong><\/p>\n<ol>\n<li><a href=\"https:\/\/ambpanama.esteri.it\/wp-content\/uploads\/2024\/06\/VISTO-SCHENGEN-ESP.pdf\"><strong>Formulario de solicitud de visa Schengen <\/strong><\/a>debidamente llenado en todos sus campos y firmado.<\/li>\n<li><strong>Dos fotograf\u00edas <\/strong>(3,5 cm x 4 cm), fondo blanco a color (iguales y recientes) de las cuales una pegada al formulario en el recuadro correspondiente.<\/li>\n<li><strong>Pasaporte vigente <\/strong>(con validez de m\u00ednimo 3 meses m\u00e1s de la duraci\u00f3n de la visa) con m\u00ednimo dos p\u00e1ginas libres y copia simple del mismo (solo de la p\u00e1gina del pasaporte que contiene los datos personales del titular).<\/li>\n<li><strong>Pago de los derechos consulares<\/strong> en efectivo (se pagan el d\u00eda de la cita, ver <a href=\"https:\/\/ambpanama.esteri.it\/es\/servizi-consolari-e-visti\/servizi-per-il-cittadino-italiano\/diritti-consolari\/\">Tabla de los derechos consulares<\/a>)<\/li>\n<li><strong>C\u00e9dula<\/strong>\u2013 o cedula de extranjer\u00eda (carnet de residencia) \u2013 vigente (copia ampliada y legible).<\/li>\n<li><strong>solicitud formal de la compa\u00f1\u00eda naviera<\/strong><\/li>\n<li>c<strong>ontrato de trabajo<\/strong>individual original y copia<\/li>\n<li>una copia del \u201c<strong>contratto d\u2019appalto<\/strong>\u201d<\/li>\n<li><strong>Reserva de vuelo<\/strong>ida y regreso: la reserva debe tener como destino final Italia.\u00a0<strong>NOTA<\/strong>: La reserva a\u00e9rea debe ser efectuada directamente en la aerol\u00ednea o en una agencia de viaje dentro del pa\u00eds de residencia o directamente en Italia (no se aceptan reservas hechas por internet).\u00a0La reserva debe de estar a nombre de el\/la solicitante.<\/li>\n<\/ol>\n<p><strong>NOTA<\/strong>:<\/p>\n<ul>\n<li>El tr\u00e1mite es estrictamente personal.<\/li>\n<li>La Embajada no ha autorizado ninguna agencia ni intermediario para los tramite de visa.<\/li>\n<li>La falta de alguno de los documentos arriba indicados implicar\u00e1 el rechazo en la ventanilla de la solicitud de visa (lo que no significa que la visa ha sido denegada, si no que no se ha podido recibir el expediente).<\/li>\n<li>La Embajada se reserva el derecho de pedir otro tipo de documentaci\u00f3n que estime necesaria.<\/li>\n<li>La presentaci\u00f3n de la documentaci\u00f3n solicitada no conlleva necesariamente a la concesi\u00f3n de la visa.<\/li>\n<li>La Visa es una concesi\u00f3n, por lo tanto, aun presentando todos los documentos requeridos puede ser otorgada o rechaza.<\/li>\n<li>En este \u00faltimo caso ser\u00e1 entregado el \u201cProvvedimento di Diniego\u201d.<\/li>\n<\/ul>\n","protected":false},"excerpt":{"rendered":"Para qu\u00e9 sirve y qui\u00e9n la puede solicitar: La visa de Trabajo Dependiente Mar\u00edtimo permite al ciudadano extranjero permanecer a bordo del barco cuando el mismo navega en aguas territoriales o no (siempre y cuando ondee bandera italiana) o estaciona en un puerto nacional, con la finalidad de trabajar en servicios complementarios a bordo. Tipo [&hellip;]","protected":false},"author":1,"featured_media":0,"parent":184,"menu_order":24,"comment_status":"closed","ping_status":"closed","template":"","meta":{"footnotes":""},"class_list":["post-1882","page","type-page","status-publish","hentry"],"_links":{"self":[{"href":"https:\/\/ambpanama.esteri.it\/es\/wp-json\/wp\/v2\/pages\/1882","targetHints":{"allow":["GET"]}}],"collection":[{"href":"https:\/\/ambpanama.esteri.it\/es\/wp-json\/wp\/v2\/pages"}],"about":[{"href":"https:\/\/ambpanama.esteri.it\/es\/wp-json\/wp\/v2\/types\/page"}],"author":[{"embeddable":true,"href":"https:\/\/ambpanama.esteri.it\/es\/wp-json\/wp\/v2\/users\/1"}],"replies":[{"embeddable":true,"href":"https:\/\/ambpanama.esteri.it\/es\/wp-json\/wp\/v2\/comments?post=1882"}],"version-history":[{"count":3,"href":"https:\/\/ambpanama.esteri.it\/es\/wp-json\/wp\/v2\/pages\/1882\/revisions"}],"predecessor-version":[{"id":5234,"href":"https:\/\/ambpanama.esteri.it\/es\/wp-json\/wp\/v2\/pages\/1882\/revisions\/5234"}],"up":[{"embeddable":true,"href":"https:\/\/ambpanama.esteri.it\/es\/wp-json\/wp\/v2\/pages\/184"}],"wp:attachment":[{"href":"https:\/\/ambpanama.esteri.it\/es\/wp-json\/wp\/v2\/media?parent=1882"}],"curies":[{"name":"wp","href":"https:\/\/api.w.org\/{rel}","templated":true}]}}