{"id":1888,"date":"2023-11-20T05:34:04","date_gmt":"2023-11-20T10:34:04","guid":{"rendered":"https:\/\/ambpanama.esteri.it\/servizi-consolari-e-visti\/servizi-per-il-cittadino-straniero\/visti\/visa-de-residencia-electiva\/"},"modified":"2024-08-14T05:46:52","modified_gmt":"2024-08-14T10:46:52","slug":"visa-de-residencia-electiva","status":"publish","type":"page","link":"https:\/\/ambpanama.esteri.it\/es\/servizi-consolari-e-visti\/servizi-per-il-cittadino-straniero\/visti\/visa-de-residencia-electiva\/","title":{"rendered":"Visa de Residencia Electiva"},"content":{"rendered":"<p>Para tener informaciones generales sobre esta tipolog\u00eda de\u00a0<strong>VISA<\/strong>\u00a0visitar el siguiente sitio del Gobierno Italiano:\u00a0<a href=\"http:\/\/www.vistoperitalia.esteri.it\/\">visto per l\u2019Italia<\/a><\/p>\n<p>La visa se puede solicitar con tres meses de antelaci\u00f3n a la fecha de inicio del curso al siguiente correo electr\u00f3nico\u00a0<a href=\"mailto:panama.visti@esteri.it\">panama.visti@esteri.it<\/a><\/p>\n<p><strong>Tipo de la visa:<\/strong>\u00a0\u201cD\u201d Visa de larga duraci\u00f3n;<\/p>\n<p><strong>Para que sirve:<\/strong>\u00a0permite la entrada en Italia, con fines de residencia, a los extranjeros que pretendan establecerse en nuestro pa\u00eds y puedan mantenerse de forma independiente, sin ejercicio de cualquier actividad laboral.<\/p>\n<p><strong>REQUISITOS:<\/strong><\/p>\n<ol>\n<li><a href=\"https:\/\/ambpanama.esteri.it\/wp-content\/uploads\/2023\/11\/formulario_visto_nazionale_-spagnolo.pdf\"><strong>Formulario de solicitud de visado nacional<\/strong>\u00a0<\/a>debidamente llenado en todos sus campos y firmado.<\/li>\n<li><strong>Dos fotograf\u00edas<\/strong> (3,5 cm x 4 cm), fondo blanco a color (iguales y recientes) de las cuales una pegada al formulario en el recuadro correspondiente.<\/li>\n<li><strong>Pasaporte vigente<\/strong>\u00a0(con validez de m\u00ednimo 3 meses m\u00e1s de la duraci\u00f3n de la visa) con m\u00ednimo dos p\u00e1ginas libres y copia simple del mismo (solo de la p\u00e1gina del pasaporte que contiene los datos personales del titular).<\/li>\n<li><strong>Pago de los derechos consulares en efectivo <\/strong>(se pagan el d\u00eda de la cita, ver <a href=\"https:\/\/ambpanama.esteri.it\/es\/servizi-consolari-e-visti\/servizi-per-il-cittadino-italiano\/diritti-consolari\/\">Tabla de los derechos consulares<\/a>)<\/li>\n<li><strong>C\u00e9dula<\/strong>\u00a0\u2013 o cedula de extranjer\u00eda (carnet de residencia) \u2013 vigente (copia ampliada y legible).<\/li>\n<li><strong>Seguro de viaje<\/strong>\u00a0de asistencia m\u00e9dica en el extranjero con la siguiente cobertura:\u00a0<strong>Asistencia m\u00e9dica por enfermedad<\/strong>: cobertura m\u00ednima de 30,000 euros.\u00a0<strong>Asistencia m\u00e9dica por accidentes<\/strong>: cobertura m\u00ednima de 30,000 euros.<\/li>\n<li><strong>Repatriaci\u00f3n<\/strong>\u00a0cobertura m\u00ednima de 20,000 euros. La empresa de seguro debe contar con un representante\/sucursal en Europa. El seguro de viaje no puede tener un deducible. Este seguro debe ser v\u00e1lido por la duraci\u00f3n de la visa (original y copia).\u00a0<strong>NOTA<\/strong>: el seguro debe ser efectuado en agencias dentro del pa\u00eds de residencia o directamente en Italia, no se aceptan reservas y\/o compras realizadas a trav\u00e9s de sitios en internet;\u00a0El seguro debe de estar a nombre del solicitante.<\/li>\n<li><strong>Disponibilidad de un alojamiento<\/strong>\u00a0para elegir en residencia, propiedad o alquiler con un contrato ya celebrado directamente en Italia (original y copia).<\/li>\n<li><strong>Estados de cuentas de ahorro y\/o corriente<\/strong>\u00a0de los \u00faltimos seis meses, as\u00ed como de sus tarjetas de cr\u00e9dito nacionales e internacionales, si la hubiera (original y copia) Demostraci\u00f3n de recursos econ\u00f3micos documentados y amplios, aut\u00f3nomos, estables y regulares, cuya continuidad en el tiempo pueda suponerse como continuidad en el tiempo (ingreso fijo), procedentes de fuentes distintas de las actividades a trabajo remunerado.<\/li>\n<li><strong>Reserva de vuelo ida<\/strong>: la reserva debe tener como destino final Italia.\u00a0<strong>NOTA<\/strong>: La reserva a\u00e9rea debe ser efectuada directamente en la aerol\u00ednea o en una agencia de viaje dentro del pa\u00eds de residencia o directamente en Italia (no se aceptan reservas hechas por internet).\u00a0La reserva a\u00e9rea debe estar a nombre de el\/la solicitante.<\/li>\n<\/ol>\n<p><strong>NOTAS<\/strong>:<\/p>\n<ul>\n<li>El tr\u00e1mite es estrictamente personal. La Embajada no ha autorizado ninguna agencia ni intermediario para los tramite de visa.<\/li>\n<li>La falta de alguno de los documentos arriba indicados implicar\u00e1 el rechazo en la ventanilla de la solicitud de visa (lo que no significa que la visa ha sido denegada, si no que no se ha podido recibir el expediente).<\/li>\n<li>La Embajada se reserva el derecho de pedir otro tipo de documentaci\u00f3n que estime necesaria.<\/li>\n<li>La presentaci\u00f3n de la documentaci\u00f3n solicitada no conlleva necesariamente a la concesi\u00f3n de la visa.<\/li>\n<li>La Visa es una concesi\u00f3n, por lo tanto, aun presentando todos los documentos requeridos puede ser otorgada o rechaza.<\/li>\n<li>En este \u00faltimo caso ser\u00e1 entregado el \u201cProvvedimento di Diniego\u201d.<\/li>\n<\/ul>\n","protected":false},"excerpt":{"rendered":"Para tener informaciones generales sobre esta tipolog\u00eda de\u00a0VISA\u00a0visitar el siguiente sitio del Gobierno Italiano:\u00a0visto per l\u2019Italia La visa se puede solicitar con tres meses de antelaci\u00f3n a la fecha de inicio del curso al siguiente correo electr\u00f3nico\u00a0panama.visti@esteri.it Tipo de la visa:\u00a0\u201cD\u201d Visa de larga duraci\u00f3n; Para que sirve:\u00a0permite la entrada en Italia, con fines de [&hellip;]","protected":false},"author":1,"featured_media":0,"parent":184,"menu_order":26,"comment_status":"closed","ping_status":"closed","template":"","meta":{"footnotes":""},"class_list":["post-1888","page","type-page","status-publish","hentry"],"_links":{"self":[{"href":"https:\/\/ambpanama.esteri.it\/es\/wp-json\/wp\/v2\/pages\/1888","targetHints":{"allow":["GET"]}}],"collection":[{"href":"https:\/\/ambpanama.esteri.it\/es\/wp-json\/wp\/v2\/pages"}],"about":[{"href":"https:\/\/ambpanama.esteri.it\/es\/wp-json\/wp\/v2\/types\/page"}],"author":[{"embeddable":true,"href":"https:\/\/ambpanama.esteri.it\/es\/wp-json\/wp\/v2\/users\/1"}],"replies":[{"embeddable":true,"href":"https:\/\/ambpanama.esteri.it\/es\/wp-json\/wp\/v2\/comments?post=1888"}],"version-history":[{"count":3,"href":"https:\/\/ambpanama.esteri.it\/es\/wp-json\/wp\/v2\/pages\/1888\/revisions"}],"predecessor-version":[{"id":5236,"href":"https:\/\/ambpanama.esteri.it\/es\/wp-json\/wp\/v2\/pages\/1888\/revisions\/5236"}],"up":[{"embeddable":true,"href":"https:\/\/ambpanama.esteri.it\/es\/wp-json\/wp\/v2\/pages\/184"}],"wp:attachment":[{"href":"https:\/\/ambpanama.esteri.it\/es\/wp-json\/wp\/v2\/media?parent=1888"}],"curies":[{"name":"wp","href":"https:\/\/api.w.org\/{rel}","templated":true}]}}