{"id":190,"date":"2023-04-11T18:24:57","date_gmt":"2023-04-11T23:24:57","guid":{"rendered":"https:\/\/ambpanama.esteri.it\/italia-e-panama\/diplomazia-culturale\/lingua-e-cultura-italiana\/"},"modified":"2024-09-18T11:36:23","modified_gmt":"2024-09-18T16:36:23","slug":"lingua-e-cultura-italiana","status":"publish","type":"page","link":"https:\/\/ambpanama.esteri.it\/es\/italia-e-panama\/diplomazia-culturale\/lingua-e-cultura-italiana\/","title":{"rendered":"Lengua y cultura italiana"},"content":{"rendered":"<p style=\"text-align: justify;\"><a href=\"https:\/\/italiana.esteri.it\/italiana\/\">ITALIANA<\/a> es el portal de la Farnesina para la promoci\u00f3n de la lengua, la cultura y la creatividad italiana en el mundo. Con este proyecto, el Ministerio de Asuntos Exteriores y Cooperaci\u00f3n Internacional responde a la demanda de cultura italiana en el mundo, dando espacio, gratuitamente, a la m\u00fasica, la literatura, la poes\u00eda, el cine, el teatro, las artes visuales, el arte web, pero tambi\u00e9n la arquitectura, dise\u00f1o, historia, arqueolog\u00eda, enogastronom\u00eda.<\/p>\n<p style=\"text-align: justify;\">Dentro de ITALIANA tambi\u00e9n hay una secci\u00f3n<a href=\"https:\/\/italiana.esteri.it\/italiana\/categoria\/lingua\/\"> completamente dedicada a la lengua italiana<\/a>, con informaci\u00f3n sobre los cursos y el estudio del italiano en el extranjero.<\/p>\n<p style=\"text-align: justify;\"><strong>CURSOS DE ITALIANO EN PANAM\u00c1<\/strong><\/p>\n<p style=\"text-align: justify;\"><a href=\"https:\/\/www.sociedaditalianadepanama.com\/\">La sociedad ben\u00e9fica italiana<\/a> organiza cursos de lengua italiana desde el nivel A1 (curso b\u00e1sico) hasta el nivel C2 (curso avanzado).<\/p>\n<p style=\"text-align: justify;\">Los cursos de idiomas tambi\u00e9n se ofrecen en Panam\u00e1 por el <a href=\"https:\/\/fachumanidades.up.ac.pa\/cLenguas\">Centro de Lenguas Universidad de Panam\u00e1<\/a><\/p>\n<p style=\"text-align: justify;\"><strong>CERTIFICACIONES DE LENGUA ITALIANA<\/strong><\/p>\n<p style=\"text-align: justify;\"><a href=\"https:\/\/cils.unistrasi.it\/home.asp\">CILS<\/a> Certificaci\u00f3n de la Universidad para Extranjeros de Siena;<\/p>\n<p style=\"text-align: justify;\"><a href=\"https:\/\/www.cvcl.it\/categorie\/categoria-14\">CELI<\/a> Certificados de la Universidad para Extranjeros de Perugia;<\/p>\n<p style=\"text-align: justify;\"><a href=\"https:\/\/plida.dante.global\/it\">PLIDA<\/a> Certificaci\u00f3n de la empresa Dante Alighieri;<\/p>\n<p style=\"text-align: justify;\"><a href=\"https:\/\/certificazioneitaliano.uniroma3.it\/\">CERT-IT<\/a> Certificaci\u00f3n de la Universidad de Roma Tre.<\/p>\n<p style=\"text-align: justify;\">En Panam\u00e1 es posible obtener el CILS de la Universidad para Extranjeros de Siena a trav\u00e9s de <a href=\"https:\/\/certificazioneitaliano.uniroma3.it\/\">la Sociedad Italiana de Beneficencia.<\/a><\/p>\n<p style=\"text-align: justify;\"><strong>CURSOS DE ESPECIALIZACI\u00d3N PARA ENSE\u00d1AR ITALIANO A EXTRANJEROS<\/strong><\/p>\n<p style=\"text-align: justify;\">M\u00e1ster de I y II Nivel para especializarse en la ense\u00f1anza del italiano como segunda lengua:<\/p>\n<p style=\"text-align: justify;\"><a href=\"https:\/\/www.itals.it\/\">ITALS<\/a> &#8211; Departamento de Ciencias del Lenguaje Universidad Ca&#8217; Foscari de Venecia<\/p>\n<p style=\"text-align: justify;\"><a href=\"https:\/\/www.ditals.com\/certificazioni-di-didattica-dell-italiano-a-stranieri\/\">D.ITAL.S<\/a>. &#8211; Certificaci\u00f3n de competencia en did\u00e1ctica del italiano a extranjeros &#8211; Universidad para extranjeros de Siena<\/p>\n<p style=\"text-align: justify;\">Para m\u00e1s informaci\u00f3n <a href=\"https:\/\/www.esteri.it\/mae\/it\/servizi\/sportello_info\/domandefrequenti\/studiare-in-italia.html\">Estudiar en Italia<\/a>.<\/p>\n","protected":false},"excerpt":{"rendered":"ITALIANA es el portal de la Farnesina para la promoci\u00f3n de la lengua, la cultura y la creatividad italiana en el mundo. Con este proyecto, el Ministerio de Asuntos Exteriores y Cooperaci\u00f3n Internacional responde a la demanda de cultura italiana en el mundo, dando espacio, gratuitamente, a la m\u00fasica, la literatura, la poes\u00eda, el cine, [&hellip;]","protected":false},"author":1,"featured_media":0,"parent":156,"menu_order":0,"comment_status":"closed","ping_status":"closed","template":"","meta":{"footnotes":""},"class_list":["post-190","page","type-page","status-publish","hentry"],"_links":{"self":[{"href":"https:\/\/ambpanama.esteri.it\/es\/wp-json\/wp\/v2\/pages\/190","targetHints":{"allow":["GET"]}}],"collection":[{"href":"https:\/\/ambpanama.esteri.it\/es\/wp-json\/wp\/v2\/pages"}],"about":[{"href":"https:\/\/ambpanama.esteri.it\/es\/wp-json\/wp\/v2\/types\/page"}],"author":[{"embeddable":true,"href":"https:\/\/ambpanama.esteri.it\/es\/wp-json\/wp\/v2\/users\/1"}],"replies":[{"embeddable":true,"href":"https:\/\/ambpanama.esteri.it\/es\/wp-json\/wp\/v2\/comments?post=190"}],"version-history":[{"count":4,"href":"https:\/\/ambpanama.esteri.it\/es\/wp-json\/wp\/v2\/pages\/190\/revisions"}],"predecessor-version":[{"id":6236,"href":"https:\/\/ambpanama.esteri.it\/es\/wp-json\/wp\/v2\/pages\/190\/revisions\/6236"}],"up":[{"embeddable":true,"href":"https:\/\/ambpanama.esteri.it\/es\/wp-json\/wp\/v2\/pages\/156"}],"wp:attachment":[{"href":"https:\/\/ambpanama.esteri.it\/es\/wp-json\/wp\/v2\/media?parent=190"}],"curies":[{"name":"wp","href":"https:\/\/api.w.org\/{rel}","templated":true}]}}