{"id":3101,"date":"2023-11-07T12:11:02","date_gmt":"2023-11-07T17:11:02","guid":{"rendered":"https:\/\/ambpanama.esteri.it\/servizi-consolari-e-visti\/servizi-per-il-cittadino-italiano\/informazioni-appuntamenti\/"},"modified":"2026-01-21T10:23:12","modified_gmt":"2026-01-21T15:23:12","slug":"informazioni-appuntamenti","status":"publish","type":"page","link":"https:\/\/ambpanama.esteri.it\/es\/servizi-consolari-e-visti\/servizi-per-il-cittadino-italiano\/informazioni-appuntamenti\/","title":{"rendered":"Informacion de citas"},"content":{"rendered":"<blockquote>\n<p style=\"text-align: justify;\">Para solicitudes urgentes (<strong>perdida\/robo passaporto, E.T.D<\/strong>. y declaraci\u00f3n de existencia en vida ) escribir a\u00a0 <a href=\"mailto:consolare.panama@esteri.it\">consolare.panama@esteri.it<\/a><\/p>\n<\/blockquote>\n<p style=\"text-align: justify;\">Se recomienda al usuario consultar atentamente las distintas secciones del sitio web de la Embajada para obtener la documentaci\u00f3n necesaria seg\u00fan el servicio consular requerido. Finalmente, se recuerda que la Embajada no cuenta con colaboradores externos, agencias ni intermediarios para la gesti\u00f3n de las pr\u00e1cticas consulares, y que el servicio de reserva en el sistema <a href=\"https:\/\/prenotami.esteri.it\/\">Prenot@Mi<\/a>\u00a0es gratuito.<\/p>\n<p style=\"text-align: justify;\"><strong>La cita deber\u00e1 corresponder necesariamente al tipo de servicio solicitado. Si reserva una cita para un servicio distinto al que solicita, no se le recibir\u00e1.<\/strong><\/p>\n<p style=\"text-align: justify;\">Para reservar una cita, el usuario debe registrarse en el portal <a href=\"https:\/\/prenotami.esteri.it\/\">Prenot@Mi<\/a>, indicando los datos solicitados, proporcionando una direcci\u00f3n electr\u00f3nica, eligiendo una contrase\u00f1a y seleccionando \u00ab<strong>EMBAJADA DE ITALIA EN PANAM\u00c1<\/strong>\u00bb en el cuadro <strong data-start=\"374\" data-end=\"387\">Consulado<\/strong>. (Se recomienda utilizar el navegador Edge).<\/p>\n<p style=\"text-align: justify;\">Una vez finalizado el registro, el usuario podr\u00e1 acceder al portal con el correo electr\u00f3nico y la contrase\u00f1a utilizados durante el registro. Esto le permitir\u00e1 elegir no solo el servicio, sino tambi\u00e9n la fecha y el horario de la cita entre las opciones disponibles.<\/p>\n<p style=\"text-align: justify;\">En el portal <a href=\"https:\/\/prenotami.esteri.it\/\">Prenot@mi<\/a> \u00a0se permiten citas individuales o m\u00faltiples, siempre y cuando est\u00e9n disponibles. Se aclara que las citas m\u00faltiples solo son aplicables para los menores de edad, y deben ser reservadas directamente por uno de los padres.<\/p>\n<p style=\"text-align: justify;\" data-start=\"149\" data-end=\"470\">Cuando el usuario reciba el correo electr\u00f3nico con la propuesta de cita, deber\u00e1 confirmarla accediendo al portal Prenot@Mi en la secci\u00f3n \u00ab<strong>Mis citas<\/strong>\u00bb dentro de la fecha especificada en el mensaje.<br data-start=\"348\" data-end=\"351\" \/>La cita propuesta no se puede modificar, y en caso de no confirmaci\u00f3n o cancelaci\u00f3n, ser\u00e1 necesario reservar una nueva.<\/p>\n<p style=\"text-align: justify;\" data-start=\"472\" data-end=\"817\">La cita debe ser confirmada necesariamente por el usuario entre 10 y 3 d\u00edas antes de la fecha fijada, accediendo al portal Prenot@Mi y haciendo clic en la secci\u00f3n \u00ab<strong>Mis citas<\/strong>\u00ab. Si la cita no se confirma, el sistema la eliminar\u00e1 <strong>AUTOM\u00c1TICAMENTE<\/strong>, y estar\u00e1 disponible para otros usuarios. En este caso, el usuario no podr\u00e1 acceder a la Embajada.<\/p>\n<p style=\"text-align: justify;\"><strong>Los servicios consulares que deben ser reservados a trav\u00e9s de citas son los siguientes:<\/strong><\/p>\n<ul style=\"text-align: justify;\">\n<li><strong>Pasaportes y CIE<\/strong> (cedula de identidad electronica);<\/li>\n<li><strong>Servicios consulares<\/strong> (para el registro de actos civiles, solicitudes de publicaci\u00f3n de matrimonio, expedici\u00f3n de certificados, autenticaci\u00f3n de firmas, actas de autorizaci\u00f3n \u00abatto di assenso\u00bb, pr\u00f3rroga de la validez de la licencia de conducci\u00f3n italiana, existencia en vida, pasaportes mortuorios, etc.).<\/li>\n<li><span class=\"Y2IQFc\" lang=\"es\"><strong>Ciudadan\u00eda por descendencia para hijos mayores de edad de ciudadano italiano<\/strong>;<\/span><\/li>\n<li><span class=\"Y2IQFc\" lang=\"es\"><strong>Ciudadan\u00eda por descendencia por \u00abbeneficio de ley\u00bb;<\/strong><\/span><\/li>\n<li><span class=\"Y2IQFc\" lang=\"es\"><strong>Ciudadan\u00eda por matrimonio<\/strong>;<\/span><\/li>\n<li><strong>Visas<\/strong><\/li>\n<\/ul>\n<p id=\"tw-target-text\" class=\"tw-data-text tw-text-large tw-ta\" dir=\"ltr\" style=\"text-align: justify;\" data-placeholder=\"Traduzione\"><span class=\"Y2IQFc\" lang=\"es\"><strong>Cita para Declaraciones de Valor:<\/strong> consulte la secci\u00f3n espec\u00edfica <a href=\"https:\/\/ambpanama.esteri.it\/es\/italia-e-panama\/diplomazia-culturale\/studiare-in-italia\/dichiarazione-di-valore\/\">Declaracion de valor \u2013 Ambasciata d&#8217;Italia Panama (esteri.it)<\/a><\/span><\/p>\n<p dir=\"ltr\" style=\"text-align: justify;\" data-placeholder=\"Traduzione\"><strong>Es indispensable para los ciudadanos italianos presentar un documento de identidad italiano vigente para cualquier tipo de solicitud en esta Cancilleria Consular<\/strong><\/p>\n<p style=\"text-align: justify;\"><strong>NOTA: <\/strong>Se informa a los interesados que esta Embajada, aun siendo consciente de las extremas dificultades que encuentran los usuarios al reservar una cita, no puede ayudarla a concertar una. De hecho, el sistema de citas en l\u00ednea est\u00e1 automatizado centralmente y no es influenciable. La disponibilidad de fechas o franjas horarias est\u00e1 sujeta a la demanda por parte de los usuarios.<\/p>\n<p style=\"text-align: justify;\"><strong>Prestaci\u00f3n de servicios consulares sin cita previa<\/strong><\/p>\n<p style=\"text-align: justify;\">Los ciudadanos italianos o los ciudadanos extranjeros en posesi\u00f3n de una pensi\u00f3n italiana, para las relativas competencias del certificado de existencia en vida pueden dirigirse directamente a la embajada de Italia en Panam\u00e1 sin cita previa <strong>SOLO<\/strong> en los horarios de apertura al p\u00fablico (lunes, mi\u00e9rcoles, viernes de 9:00 a 12:30; martes y jueves de 13:30 a 15:00)<\/p>\n<p style=\"padding-left: 40px; text-align: justify;\"><strong>Documentaci\u00f3n que debe presentarse:<\/strong><\/p>\n<p style=\"padding-left: 40px; text-align: justify;\">1. Pasaporte o documento de identidad italiano v\u00e1lido (documento de identidad v\u00e1lido para extranjeros)<\/p>\n<p style=\"padding-left: 40px; text-align: justify;\">2. Formulario expedido por el organismo competente (formulario citibank, inps. Etc).<\/p>\n<p style=\"padding-left: 40px; text-align: justify;\">En caso de que haya que solicitar el certificado de existencia en vida por otros motivos, se informa a los compatriotas que este tipo de procedimiento se expide <strong>SOLO<\/strong> a los ciudadanos italianos inscritos AIRE en esta circunscripci\u00f3n consular y es <strong>GRATUITO<\/strong>.<\/p>\n","protected":false},"excerpt":{"rendered":"Para solicitudes urgentes (perdida\/robo passaporto, E.T.D. y declaraci\u00f3n de existencia en vida ) escribir a\u00a0 consolare.panama@esteri.it Se recomienda al usuario consultar atentamente las distintas secciones del sitio web de la Embajada para obtener la documentaci\u00f3n necesaria seg\u00fan el servicio consular requerido. Finalmente, se recuerda que la Embajada no cuenta con colaboradores externos, agencias ni intermediarios [&hellip;]","protected":false},"author":4,"featured_media":0,"parent":170,"menu_order":21,"comment_status":"closed","ping_status":"closed","template":"","meta":{"footnotes":""},"class_list":["post-3101","page","type-page","status-publish","hentry"],"_links":{"self":[{"href":"https:\/\/ambpanama.esteri.it\/es\/wp-json\/wp\/v2\/pages\/3101","targetHints":{"allow":["GET"]}}],"collection":[{"href":"https:\/\/ambpanama.esteri.it\/es\/wp-json\/wp\/v2\/pages"}],"about":[{"href":"https:\/\/ambpanama.esteri.it\/es\/wp-json\/wp\/v2\/types\/page"}],"author":[{"embeddable":true,"href":"https:\/\/ambpanama.esteri.it\/es\/wp-json\/wp\/v2\/users\/4"}],"replies":[{"embeddable":true,"href":"https:\/\/ambpanama.esteri.it\/es\/wp-json\/wp\/v2\/comments?post=3101"}],"version-history":[{"count":6,"href":"https:\/\/ambpanama.esteri.it\/es\/wp-json\/wp\/v2\/pages\/3101\/revisions"}],"predecessor-version":[{"id":8863,"href":"https:\/\/ambpanama.esteri.it\/es\/wp-json\/wp\/v2\/pages\/3101\/revisions\/8863"}],"up":[{"embeddable":true,"href":"https:\/\/ambpanama.esteri.it\/es\/wp-json\/wp\/v2\/pages\/170"}],"wp:attachment":[{"href":"https:\/\/ambpanama.esteri.it\/es\/wp-json\/wp\/v2\/media?parent=3101"}],"curies":[{"name":"wp","href":"https:\/\/api.w.org\/{rel}","templated":true}]}}