{"id":3330,"date":"2023-11-07T10:07:14","date_gmt":"2023-11-07T15:07:14","guid":{"rendered":"https:\/\/ambpanama.esteri.it\/chi-siamo\/la-sede\/sedi-accreditate\/antigua-e-barbuda\/"},"modified":"2024-11-25T13:56:48","modified_gmt":"2024-11-25T18:56:48","slug":"antigua-e-barbuda","status":"publish","type":"page","link":"https:\/\/ambpanama.esteri.it\/es\/chi-siamo\/la-sede\/sedi-accreditate\/antigua-e-barbuda\/","title":{"rendered":"Antigua y Barbuda"},"content":{"rendered":"<p>Antigua y Barbuda es un pa\u00eds independiente de la Commonwealth formado por un archipi\u00e9lago de 37 islas situado en el arco oriental de las Islas de Barlovento del Norte de las Antillas Menores, entre el mar Caribe y el oc\u00e9ano Atl\u00e1ntico Norte, al sureste de Puerto Rico.<\/p>\n<p>A continuaci\u00f3n se muestran los principales datos sobre el pa\u00eds y los datos de contacto del Vicec\u00f3nsul Honorario en el lugar.<\/p>\n<p>Para m\u00e1s y m\u00e1s informaci\u00f3n, visite el sitio web <a href=\"http:\/\/www.viaggiaresicuri.it\/country\/ATG\">Viaggiare Sicuri\u00a0<\/a>y los enlaces de esta p\u00e1gina.<\/p>\n<p>Se invita a los compatriotas que deseen viajar al pa\u00eds a registrarse en el sitio <a href=\"https:\/\/www.dovesiamonelmondo.it\/home.html\">Dove Siamo nel Mondo<\/a>.<\/p>\n<p><strong>DATOS PA\u00cdS<\/strong><\/p>\n<p>Capital: SAINT JOHN\u2019S<br \/>\nPoblaci\u00f3n: 90.156<br \/>\nSuperficie: 442.6 km\u00b2<br \/>\nZona horaria: &#8211; 5h respecto a Italia; &#8211; 6h cuando en Italia est\u00e1 vigente el horario de verano.<br \/>\nIdiomas: ingl\u00e9s, dialecto local<br \/>\nReligi\u00f3n: cristiana, protestante, anglicana y metodista<br \/>\nMoneda: d\u00f3lar caribe\u00f1o oriental (EXD)<br \/>\nPrefijo para Espa\u00f1a: 0039<br \/>\nPrefijo de Italia: 001-268<br \/>\nClima: tropical semi\u00e1rido con temperaturas que oscilan entre 28 y 31 \u00b0C. Los vientos \u00abalisios\u00bb soplan constantes alrededor de 15\/20 nudos.<br \/>\nEl pa\u00eds, en el per\u00edodo de junio a noviembre, se ve afectado por la temporada de huracanes. En estos meses, se recomienda una especial prudencia.<\/p>\n<p>Para turismo en Antigua y Barbuda haga clic\u00a0<a href=\"https:\/\/www.visitantiguabarbuda.com\/\">qui<\/a><\/p>\n<p><strong>VICEC\u00d3NSUL HONORARIO<\/strong><\/p>\n<p>En ausencia de titular<\/p>\n<p>Falmouth Harbour, Antigua, W.I<\/p>\n<p>Tel.: +1-268-460-1543 Tel\/Fax: +1-268-460-1444<\/p>\n<p>E-mail: <a href=\"mailto:falconec@candw.ag\">falconec@candw.ag<\/a>;\u00a0<a href=\"mailto:saintjohns.onorario@esteri.it\">saintjohns.onorario@esteri.it<\/a><\/p>\n<blockquote><p><strong>NOTA<\/strong>: Se avisa a los ciudadanos italianos residentes en los<strong> pa\u00edses de acreditaci\u00f3n<\/strong> secundaria que deben viajar a Panam\u00e1 para acceder a los servicios consulares prestados por esta Embajada de Italia. De acuerdo con la legislaci\u00f3n local, para ingresar a Panam\u00e1 es necesario que el pasaporte extranjero tenga una validez m\u00ednima de <strong>tres meses adicionales a la duraci\u00f3n del viaje previsto.<\/strong><\/p><\/blockquote>\n<p><strong>Sitios web<\/strong><\/p>\n<ul>\n<li><a href=\"http:\/\/www.acs-aec.org\/\">Asociasion de Estados del Caribe<\/a><\/li>\n<li><a href=\"https:\/\/caricom.org\/\">Comunidad Caribe\u00f1a<\/a><\/li>\n<\/ul>\n","protected":false},"excerpt":{"rendered":"Antigua y Barbuda es un pa\u00eds independiente de la Commonwealth formado por un archipi\u00e9lago de 37 islas situado en el arco oriental de las Islas de Barlovento del Norte de las Antillas Menores, entre el mar Caribe y el oc\u00e9ano Atl\u00e1ntico Norte, al sureste de Puerto Rico. A continuaci\u00f3n se muestran los principales datos sobre [&hellip;]","protected":false},"author":4,"featured_media":0,"parent":1199,"menu_order":0,"comment_status":"closed","ping_status":"closed","template":"","meta":{"footnotes":""},"class_list":["post-3330","page","type-page","status-publish","hentry"],"_links":{"self":[{"href":"https:\/\/ambpanama.esteri.it\/es\/wp-json\/wp\/v2\/pages\/3330","targetHints":{"allow":["GET"]}}],"collection":[{"href":"https:\/\/ambpanama.esteri.it\/es\/wp-json\/wp\/v2\/pages"}],"about":[{"href":"https:\/\/ambpanama.esteri.it\/es\/wp-json\/wp\/v2\/types\/page"}],"author":[{"embeddable":true,"href":"https:\/\/ambpanama.esteri.it\/es\/wp-json\/wp\/v2\/users\/4"}],"replies":[{"embeddable":true,"href":"https:\/\/ambpanama.esteri.it\/es\/wp-json\/wp\/v2\/comments?post=3330"}],"version-history":[{"count":5,"href":"https:\/\/ambpanama.esteri.it\/es\/wp-json\/wp\/v2\/pages\/3330\/revisions"}],"predecessor-version":[{"id":6826,"href":"https:\/\/ambpanama.esteri.it\/es\/wp-json\/wp\/v2\/pages\/3330\/revisions\/6826"}],"up":[{"embeddable":true,"href":"https:\/\/ambpanama.esteri.it\/es\/wp-json\/wp\/v2\/pages\/1199"}],"wp:attachment":[{"href":"https:\/\/ambpanama.esteri.it\/es\/wp-json\/wp\/v2\/media?parent=3330"}],"curies":[{"name":"wp","href":"https:\/\/api.w.org\/{rel}","templated":true}]}}