{"id":3344,"date":"2023-11-07T10:22:12","date_gmt":"2023-11-07T15:22:12","guid":{"rendered":"https:\/\/ambpanama.esteri.it\/chi-siamo\/la-sede\/sedi-accreditate\/dominica\/"},"modified":"2024-11-25T13:57:27","modified_gmt":"2024-11-25T18:57:27","slug":"dominica","status":"publish","type":"page","link":"https:\/\/ambpanama.esteri.it\/es\/chi-siamo\/la-sede\/sedi-accreditate\/dominica\/","title":{"rendered":"Dominica"},"content":{"rendered":"<p>A continuaci\u00f3n se muestran los principales datos sobre el pa\u00eds y los datos de contacto del Vicec\u00f3nsul Honorario en el lugar.<\/p>\n<p>Para m\u00e1s y m\u00e1s informaci\u00f3n, visite el sitio web\u00a0<a href=\"http:\/\/www.viaggiaresicuri.it\/country\/ATG\">Viaggiare Sicuri\u00a0<\/a>y los enlaces de esta p\u00e1gina.<\/p>\n<p>Se invita a los compatriotas que deseen viajar al pa\u00eds a registrarse en el sitio\u00a0<a href=\"https:\/\/www.dovesiamonelmondo.it\/home.html\">Dove Siamo nel Mondo<\/a>.<\/p>\n<p><strong>DATOS PA\u00cdS<\/strong><\/p>\n<p>Capital: Roseau<\/p>\n<p>Poblaci\u00f3n: 73.757 habitantes.<\/p>\n<p>Superficie: 751 km2<\/p>\n<p>Zona horaria: -5 horas con respecto a Italia; &#8211; 6 horas cuando el horario de verano est\u00e1 vigente en Italia;<\/p>\n<p>Idiomas: Ingl\u00e9s (oficial), patois franc\u00e9s<\/p>\n<p>Moneda: D\u00f3lar del Caribe Oriental (ECD);<\/p>\n<p>Prefijo de Italia 001-767<\/p>\n<p>Prefijo para Espa\u00f1a 001139<\/p>\n<p>Telefon\u00eda: la red celular est\u00e1 activa en el pa\u00eds.<\/p>\n<p>Clima: tropical; moderado por los vientos alisios del noreste; abundantes precipitaciones.<\/p>\n<p><strong>Consulado Honorario de Bridgetown <\/strong>(competente para Dominica)<\/p>\n<p>C\u00f3nsul Honorario: D.a Paola Baldi<\/p>\n<p>Direcci\u00f3n: Bannatyne Plantation House<\/p>\n<p>Foros sobre viajes a Barbados West Indies<\/p>\n<p>Tel. 001-246-230.23.19 o 001-246-437.28.47<\/p>\n<p>E-mail:\u00a0<a href=\"mailto:baldipao@gmail.com\">baldipao@gmail.com<\/a><\/p>\n<blockquote><p><strong>NOTA<\/strong>: Se avisa a los ciudadanos italianos residentes en los<strong> pa\u00edses de acreditaci\u00f3n<\/strong> secundaria que deben viajar a Panam\u00e1 para acceder a los servicios consulares prestados por esta Embajada de Italia. De acuerdo con la legislaci\u00f3n local, para ingresar a Panam\u00e1 es necesario que el pasaporte extranjero tenga una validez m\u00ednima de <strong>tres meses adicionales a la duraci\u00f3n del viaje previsto.<\/strong><\/p><\/blockquote>\n<p><strong>Sitios web<\/strong><\/p>\n<ul>\n<li><a href=\"http:\/\/www.acs-aec.org\/\">Asociasion de Estados del Caribe<\/a><\/li>\n<li><a href=\"https:\/\/caricom.org\/\">Comunidad Caribe\u00f1a<\/a><\/li>\n<\/ul>\n","protected":false},"excerpt":{"rendered":"A continuaci\u00f3n se muestran los principales datos sobre el pa\u00eds y los datos de contacto del Vicec\u00f3nsul Honorario en el lugar. Para m\u00e1s y m\u00e1s informaci\u00f3n, visite el sitio web\u00a0Viaggiare Sicuri\u00a0y los enlaces de esta p\u00e1gina. Se invita a los compatriotas que deseen viajar al pa\u00eds a registrarse en el sitio\u00a0Dove Siamo nel Mondo. DATOS [&hellip;]","protected":false},"author":4,"featured_media":0,"parent":1199,"menu_order":2,"comment_status":"closed","ping_status":"closed","template":"","meta":{"footnotes":""},"class_list":["post-3344","page","type-page","status-publish","hentry"],"_links":{"self":[{"href":"https:\/\/ambpanama.esteri.it\/es\/wp-json\/wp\/v2\/pages\/3344","targetHints":{"allow":["GET"]}}],"collection":[{"href":"https:\/\/ambpanama.esteri.it\/es\/wp-json\/wp\/v2\/pages"}],"about":[{"href":"https:\/\/ambpanama.esteri.it\/es\/wp-json\/wp\/v2\/types\/page"}],"author":[{"embeddable":true,"href":"https:\/\/ambpanama.esteri.it\/es\/wp-json\/wp\/v2\/users\/4"}],"replies":[{"embeddable":true,"href":"https:\/\/ambpanama.esteri.it\/es\/wp-json\/wp\/v2\/comments?post=3344"}],"version-history":[{"count":3,"href":"https:\/\/ambpanama.esteri.it\/es\/wp-json\/wp\/v2\/pages\/3344\/revisions"}],"predecessor-version":[{"id":6829,"href":"https:\/\/ambpanama.esteri.it\/es\/wp-json\/wp\/v2\/pages\/3344\/revisions\/6829"}],"up":[{"embeddable":true,"href":"https:\/\/ambpanama.esteri.it\/es\/wp-json\/wp\/v2\/pages\/1199"}],"wp:attachment":[{"href":"https:\/\/ambpanama.esteri.it\/es\/wp-json\/wp\/v2\/media?parent=3344"}],"curies":[{"name":"wp","href":"https:\/\/api.w.org\/{rel}","templated":true}]}}