{"id":3349,"date":"2023-11-07T10:24:53","date_gmt":"2023-11-07T15:24:53","guid":{"rendered":"https:\/\/ambpanama.esteri.it\/chi-siamo\/la-sede\/sedi-accreditate\/guyana\/"},"modified":"2024-11-25T13:57:49","modified_gmt":"2024-11-25T18:57:49","slug":"guyana","status":"publish","type":"page","link":"https:\/\/ambpanama.esteri.it\/es\/chi-siamo\/la-sede\/sedi-accreditate\/guyana\/","title":{"rendered":"Guyana"},"content":{"rendered":"<p>Para m\u00e1s y m\u00e1s informaci\u00f3n, visite el sitio web\u00a0<a href=\"http:\/\/www.viaggiaresicuri.it\/country\/ATG\">Viaggiare Sicuri\u00a0<\/a>y los enlaces de esta p\u00e1gina.<\/p>\n<p>Se invita a los compatriotas que deseen viajar al pa\u00eds a registrarse en el sitio\u00a0<a href=\"https:\/\/www.dovesiamonelmondo.it\/home.html\">Dove Siamo nel Mondo<\/a>..<\/p>\n<p><strong>DATOS PA\u00cdS<\/strong><\/p>\n<p>Capital: Georgetown<br \/>\nPoblaci\u00f3n: 735.909 habitantes<br \/>\nSuperficie: 214,970 km2<br \/>\nZona horaria: &#8211; 5 horas respecto a Italia, &#8211; 6 cuando en Italia rige el horario de verano.<br \/>\nIdiomas: ingl\u00e9s (oficial); criollo guyan\u00e9s; lenguas amerindias (incluyendo Carib y Arawak); lenguas indias (incluyendo hindustanos caribe\u00f1os, un dialecto del hindi); chino<br \/>\nReligi\u00f3n: Protestantes 30,5% (Pentecostales 16,9%, Anglicanos 6,9%, Adventistas 5%, Metodistas 1,7%); Hind\u00fa 28,4%; Cat\u00f3licos 8,1%; Musulmanes 7,2%; Testigos de Jehov\u00e1 1,1%; otros Cristianos 17,7%; otros 1,9%; no religiosos 4,3%; no especificado 0,9%<br \/>\nMoneda: D\u00f3lar de Guyana (GYD).<br \/>\nPrefijo de Italia: 00592.<br \/>\nPrefijo para Italia: 001139.<br \/>\nTelefon\u00eda:El sistema telef\u00f3nico es digital y todos los servicios son utilizables; las tarjetas telef\u00f3nicas de prepago est\u00e1n f\u00e1cilmente disponibles.<br \/>\nClima: tropical, c\u00e1lido y h\u00famedo con vientos procedentes del noreste. Hay dos estaciones lluviosas: de mayo a agosto y de noviembre a enero<\/p>\n<blockquote><p><strong>NOTA<\/strong>: Se avisa a los ciudadanos italianos residentes en los<strong> pa\u00edses de acreditaci\u00f3n<\/strong> secundaria que deben viajar a Panam\u00e1 para acceder a los servicios consulares prestados por esta Embajada de Italia. De acuerdo con la legislaci\u00f3n local, para ingresar a Panam\u00e1 es necesario que el pasaporte extranjero tenga una validez m\u00ednima de <strong>tres meses adicionales a la duraci\u00f3n del viaje previsto.<\/strong><\/p><\/blockquote>\n<p><strong>Sitios web<\/strong><\/p>\n<ul>\n<li><a href=\"http:\/\/www.acs-aec.org\/\">Asociasion de Estados del Caribe<\/a><\/li>\n<li><a href=\"https:\/\/caricom.org\/\">Comunidad Caribe\u00f1a<\/a><\/li>\n<\/ul>\n","protected":false},"excerpt":{"rendered":"Para m\u00e1s y m\u00e1s informaci\u00f3n, visite el sitio web\u00a0Viaggiare Sicuri\u00a0y los enlaces de esta p\u00e1gina. Se invita a los compatriotas que deseen viajar al pa\u00eds a registrarse en el sitio\u00a0Dove Siamo nel Mondo.. DATOS PA\u00cdS Capital: Georgetown Poblaci\u00f3n: 735.909 habitantes Superficie: 214,970 km2 Zona horaria: &#8211; 5 horas respecto a Italia, &#8211; 6 cuando en [&hellip;]","protected":false},"author":4,"featured_media":0,"parent":1199,"menu_order":3,"comment_status":"closed","ping_status":"closed","template":"","meta":{"footnotes":""},"class_list":["post-3349","page","type-page","status-publish","hentry"],"_links":{"self":[{"href":"https:\/\/ambpanama.esteri.it\/es\/wp-json\/wp\/v2\/pages\/3349","targetHints":{"allow":["GET"]}}],"collection":[{"href":"https:\/\/ambpanama.esteri.it\/es\/wp-json\/wp\/v2\/pages"}],"about":[{"href":"https:\/\/ambpanama.esteri.it\/es\/wp-json\/wp\/v2\/types\/page"}],"author":[{"embeddable":true,"href":"https:\/\/ambpanama.esteri.it\/es\/wp-json\/wp\/v2\/users\/4"}],"replies":[{"embeddable":true,"href":"https:\/\/ambpanama.esteri.it\/es\/wp-json\/wp\/v2\/comments?post=3349"}],"version-history":[{"count":3,"href":"https:\/\/ambpanama.esteri.it\/es\/wp-json\/wp\/v2\/pages\/3349\/revisions"}],"predecessor-version":[{"id":6830,"href":"https:\/\/ambpanama.esteri.it\/es\/wp-json\/wp\/v2\/pages\/3349\/revisions\/6830"}],"up":[{"embeddable":true,"href":"https:\/\/ambpanama.esteri.it\/es\/wp-json\/wp\/v2\/pages\/1199"}],"wp:attachment":[{"href":"https:\/\/ambpanama.esteri.it\/es\/wp-json\/wp\/v2\/media?parent=3349"}],"curies":[{"name":"wp","href":"https:\/\/api.w.org\/{rel}","templated":true}]}}