{"id":3353,"date":"2023-11-15T13:53:50","date_gmt":"2023-11-15T18:53:50","guid":{"rendered":"https:\/\/ambpanama.esteri.it\/chi-siamo\/la-sede\/sedi-accreditate\/grenada\/"},"modified":"2024-11-25T13:58:11","modified_gmt":"2024-11-25T18:58:11","slug":"grenada","status":"publish","type":"page","link":"https:\/\/ambpanama.esteri.it\/es\/chi-siamo\/la-sede\/sedi-accreditate\/grenada\/","title":{"rendered":"Grenada"},"content":{"rendered":"<p>Para m\u00e1s y m\u00e1s informaci\u00f3n, visite el sitio web\u00a0<a href=\"http:\/\/www.viaggiaresicuri.it\/country\/ATG\">Viaggiare Sicuri\u00a0<\/a>y los enlaces de esta p\u00e1gina.<\/p>\n<p>Se invita a los compatriotas que deseen viajar al pa\u00eds a registrarse en el sitio\u00a0<a href=\"https:\/\/www.dovesiamonelmondo.it\/home.html\">Dove Siamo nel Mondo<\/a>.<\/p>\n<p><strong>DATOS PA\u00cdS<\/strong><\/p>\n<p>Capital: Saint George\u2019s<br \/>\nPoblaci\u00f3n: 111.219 habitantes<br \/>\nSuperficie: 344 km2<br \/>\nZona horaria: -5 horas respecto a Italia; -6 horas cuando en Italia est\u00e1 vigente el horario de verano.<br \/>\nIdiomas: ingl\u00e9s (idioma oficial), patois franc\u00e9s.<br \/>\nMoneda: D\u00f3lar del Caribe Oriental (ECD)<br \/>\nPrefijo de Italia: 001-473<br \/>\nPrefijo para Espa\u00f1a: 0011-39<br \/>\nTelefon\u00eda: Se informa que la red celular est\u00e1 activa en el pa\u00eds. Las tarjetas telef\u00f3nicas se pueden encontrar f\u00e1cilmente en las principales actividades comerciales de la isla.<br \/>\nClima: El clima es tropical, c\u00e1lido y h\u00famedo durante todo el a\u00f1o, con una estaci\u00f3n relativamente fresca y seca de enero a mediados de abril, y una estaci\u00f3n c\u00e1lida, sofocante y lluviosa de junio a diciembre.<\/p>\n<p><strong>CONSULADO HONORARIO<\/strong><\/p>\n<p>Consulado Honorario: Se\u00f1ora Orsola Ginanni Fantuzzi<\/p>\n<p>Direcci\u00f3n: Unit 15, Le Marquis Complex, Grand Anse, St. George\u2019s, Grenada, W.I.<\/p>\n<p>Tel. 001-473-4206143<\/p>\n<p>e-mail:\u00a0<a href=\"mailto:consulate@italia.gd\">consulate@italia.gd<\/a><\/p>\n<blockquote><p><strong>NOTA<\/strong>: Se avisa a los ciudadanos italianos residentes en los<strong> pa\u00edses de acreditaci\u00f3n<\/strong> secundaria que deben viajar a Panam\u00e1 para acceder a los servicios consulares prestados por esta Embajada de Italia. De acuerdo con la legislaci\u00f3n local, para ingresar a Panam\u00e1 es necesario que el pasaporte extranjero tenga una validez m\u00ednima de <strong>tres meses adicionales a la duraci\u00f3n del viaje previsto.<\/strong><\/p><\/blockquote>\n<p><strong>Siti utili<\/strong><\/p>\n<ul>\n<li><a href=\"http:\/\/www.acs-aec.org\/\">Associazione Stati Caraibici<\/a><\/li>\n<li><a href=\"https:\/\/caricom.org\/\">Comunit\u00e0 Caraibica<\/a><\/li>\n<\/ul>\n","protected":false},"excerpt":{"rendered":"Para m\u00e1s y m\u00e1s informaci\u00f3n, visite el sitio web\u00a0Viaggiare Sicuri\u00a0y los enlaces de esta p\u00e1gina. Se invita a los compatriotas que deseen viajar al pa\u00eds a registrarse en el sitio\u00a0Dove Siamo nel Mondo. DATOS PA\u00cdS Capital: Saint George\u2019s Poblaci\u00f3n: 111.219 habitantes Superficie: 344 km2 Zona horaria: -5 horas respecto a Italia; -6 horas cuando en [&hellip;]","protected":false},"author":4,"featured_media":0,"parent":1199,"menu_order":3,"comment_status":"closed","ping_status":"closed","template":"","meta":{"footnotes":""},"class_list":["post-3353","page","type-page","status-publish","hentry"],"_links":{"self":[{"href":"https:\/\/ambpanama.esteri.it\/es\/wp-json\/wp\/v2\/pages\/3353","targetHints":{"allow":["GET"]}}],"collection":[{"href":"https:\/\/ambpanama.esteri.it\/es\/wp-json\/wp\/v2\/pages"}],"about":[{"href":"https:\/\/ambpanama.esteri.it\/es\/wp-json\/wp\/v2\/types\/page"}],"author":[{"embeddable":true,"href":"https:\/\/ambpanama.esteri.it\/es\/wp-json\/wp\/v2\/users\/4"}],"replies":[{"embeddable":true,"href":"https:\/\/ambpanama.esteri.it\/es\/wp-json\/wp\/v2\/comments?post=3353"}],"version-history":[{"count":3,"href":"https:\/\/ambpanama.esteri.it\/es\/wp-json\/wp\/v2\/pages\/3353\/revisions"}],"predecessor-version":[{"id":6832,"href":"https:\/\/ambpanama.esteri.it\/es\/wp-json\/wp\/v2\/pages\/3353\/revisions\/6832"}],"up":[{"embeddable":true,"href":"https:\/\/ambpanama.esteri.it\/es\/wp-json\/wp\/v2\/pages\/1199"}],"wp:attachment":[{"href":"https:\/\/ambpanama.esteri.it\/es\/wp-json\/wp\/v2\/media?parent=3353"}],"curies":[{"name":"wp","href":"https:\/\/api.w.org\/{rel}","templated":true}]}}