{"id":3361,"date":"2023-11-07T10:26:13","date_gmt":"2023-11-07T15:26:13","guid":{"rendered":"https:\/\/ambpanama.esteri.it\/chi-siamo\/la-sede\/sedi-accreditate\/saint-kitss-e-nevis\/"},"modified":"2024-11-25T13:58:32","modified_gmt":"2024-11-25T18:58:32","slug":"saint-kitss-e-nevis","status":"publish","type":"page","link":"https:\/\/ambpanama.esteri.it\/es\/chi-siamo\/la-sede\/sedi-accreditate\/saint-kitss-e-nevis\/","title":{"rendered":"Saint Kitss y Nevis"},"content":{"rendered":"<p>San Crist\u00f3bal y Nevis (San Crist\u00f3bal y Nevis) es un pa\u00eds independiente de la Commonwealth brit\u00e1nica, que corresponde a un peque\u00f1o archipi\u00e9lago formado por dos islas: Saint Kitts (o Saint Christopher) y Nevis, pertenecientes al grupo de las Islas de Barlovento Septentrionales de las Antillas Menores. Con 281 kmq, es el estado m\u00e1s peque\u00f1o del continente americano.<\/p>\n<p>A continuaci\u00f3n se muestran los principales datos sobre el pa\u00eds y los datos de contacto del Vicec\u00f3nsul Honorario en el lugar.<\/p>\n<p>Para m\u00e1s y m\u00e1s informaci\u00f3n, visite el sitio web <a href=\"http:\/\/www.viaggiaresicuri.it\/country\/KNA\">Viaggiare Sicuri\u00a0<\/a>y los enlaces de esta p\u00e1gina.<\/p>\n<p>Se invita a los compatriotas que deseen viajar al pa\u00eds a registrarse en el sitio <a href=\"https:\/\/www.dovesiamonelmondo.it\/home.html\">Dove Siamo nel Mondo<\/a>.<\/p>\n<p><strong>DATOS PA\u00cdS<\/strong><\/p>\n<p>Capital: BASSETERRE<br \/>\nPoblaci\u00f3n: 46.000 hab.<br \/>\nSuperficie: 261 km2 (St. Kitts 168 km2; Nevis 93 km2)<br \/>\nZona horaria: &#8211; 5 h respecto a Italia; -6 h cuando en Italia rige el horario de verano.<br \/>\nIdioma: ingl\u00e9s. Otro idioma com\u00fan: criollo de Saint Kitts.<br \/>\nReligi\u00f3n: cat\u00f3lica, metodista, anglicana.<br \/>\nMoneda: D\u00f3lar caribe\u00f1o EC (Eastern Caribbean)<br \/>\nPrefijo para Espa\u00f1a: 0039<br \/>\nPrefijo telef\u00f3nico desde Italia: 001 869<br \/>\nClima: tropical semi\u00e1rido, templado por constantes brisas marinas. Hay ligeras variaciones de temperatura estacionales y una temporada de lluvias que, orientativamente, va de mayo a noviembre. La temperatura media es de 27\u00b0C (medias estacionales: 24\u00baC en invierno, 30\u00baC en verano).<\/p>\n<p>El pa\u00eds, en el per\u00edodo de junio a noviembre, se ve afectado por la temporada de huracanes. En estos meses, se recomienda una especial prudencia. Para m\u00e1s informaci\u00f3n, visite nuestra p\u00e1gina web.<\/p>\n<p><strong>Consolato Honorario en St. Kitss y Nevis<\/strong><\/p>\n<p>Viceconsul\u00a0 Ernest Amory<\/p>\n<p>Amory Enterprises, P.O.Box 64, Victoria Road, Basse Terre St.Kitts, W.I<\/p>\n<p>Tel: +1-869-463-3521 \/ 465-2136<\/p>\n<p>E-mail: <a href=\"mailto:ernestamory@sisterisles.kn\">ernestamory@sisterisles.kn<\/a>;<a href=\"https:\/\/ambpanama.esteri.it\/ambasciata_panama\/it\/ambasciata\/news\/stagione-degli-uragani.html\">\u00a0ernest@amoryenterprise.com<\/a><\/p>\n<blockquote><p><strong>NOTA<\/strong>: Se avisa a los ciudadanos italianos residentes en los<strong> pa\u00edses de acreditaci\u00f3n<\/strong> secundaria que deben viajar a Panam\u00e1 para acceder a los servicios consulares prestados por esta Embajada de Italia. De acuerdo con la legislaci\u00f3n local, para ingresar a Panam\u00e1 es necesario que el pasaporte extranjero tenga una validez m\u00ednima de <strong>tres meses adicionales a la duraci\u00f3n del viaje previsto.<\/strong><\/p><\/blockquote>\n<p><strong>Siti utili<\/strong><\/p>\n<ul>\n<li><a href=\"http:\/\/www.acs-aec.org\/\">Associazione Stati Caraibici<\/a><\/li>\n<li><a href=\"https:\/\/caricom.org\/\">Comunit\u00e0 Caraibica<\/a><\/li>\n<\/ul>\n","protected":false},"excerpt":{"rendered":"San Crist\u00f3bal y Nevis (San Crist\u00f3bal y Nevis) es un pa\u00eds independiente de la Commonwealth brit\u00e1nica, que corresponde a un peque\u00f1o archipi\u00e9lago formado por dos islas: Saint Kitts (o Saint Christopher) y Nevis, pertenecientes al grupo de las Islas de Barlovento Septentrionales de las Antillas Menores. Con 281 kmq, es el estado m\u00e1s peque\u00f1o del [&hellip;]","protected":false},"author":4,"featured_media":0,"parent":1199,"menu_order":4,"comment_status":"closed","ping_status":"closed","template":"","meta":{"footnotes":""},"class_list":["post-3361","page","type-page","status-publish","hentry"],"_links":{"self":[{"href":"https:\/\/ambpanama.esteri.it\/es\/wp-json\/wp\/v2\/pages\/3361","targetHints":{"allow":["GET"]}}],"collection":[{"href":"https:\/\/ambpanama.esteri.it\/es\/wp-json\/wp\/v2\/pages"}],"about":[{"href":"https:\/\/ambpanama.esteri.it\/es\/wp-json\/wp\/v2\/types\/page"}],"author":[{"embeddable":true,"href":"https:\/\/ambpanama.esteri.it\/es\/wp-json\/wp\/v2\/users\/4"}],"replies":[{"embeddable":true,"href":"https:\/\/ambpanama.esteri.it\/es\/wp-json\/wp\/v2\/comments?post=3361"}],"version-history":[{"count":4,"href":"https:\/\/ambpanama.esteri.it\/es\/wp-json\/wp\/v2\/pages\/3361\/revisions"}],"predecessor-version":[{"id":6835,"href":"https:\/\/ambpanama.esteri.it\/es\/wp-json\/wp\/v2\/pages\/3361\/revisions\/6835"}],"up":[{"embeddable":true,"href":"https:\/\/ambpanama.esteri.it\/es\/wp-json\/wp\/v2\/pages\/1199"}],"wp:attachment":[{"href":"https:\/\/ambpanama.esteri.it\/es\/wp-json\/wp\/v2\/media?parent=3361"}],"curies":[{"name":"wp","href":"https:\/\/api.w.org\/{rel}","templated":true}]}}