{"id":3367,"date":"2023-11-07T10:27:32","date_gmt":"2023-11-07T15:27:32","guid":{"rendered":"https:\/\/ambpanama.esteri.it\/chi-siamo\/la-sede\/sedi-accreditate\/saint-lucia\/"},"modified":"2024-11-25T13:58:52","modified_gmt":"2024-11-25T18:58:52","slug":"saint-lucia","status":"publish","type":"page","link":"https:\/\/ambpanama.esteri.it\/es\/chi-siamo\/la-sede\/sedi-accreditate\/saint-lucia\/","title":{"rendered":"Santa Lucia"},"content":{"rendered":"<p>A continuaci\u00f3n se muestran los principales datos sobre el pa\u00eds y los datos de contacto del Vicec\u00f3nsul Honorario in situ.<\/p>\n<p>Para m\u00e1s y m\u00e1s informaci\u00f3n, visite el sitio web <a href=\"http:\/\/www.viaggiaresicuri.it\/country\/ATG\">Viaggiare Sicuri <\/a>y los enlaces de esta p\u00e1gina.<\/p>\n<p>Se invita a los compatriotas que deseen viajar al pa\u00eds a registrarse en el sitio <a href=\"https:\/\/www.dovesiamonelmondo.it\/home.html\">Dove Siamo nel Mondo<\/a>.<\/p>\n<p><strong>DATOS PA\u00cdS<\/strong><\/p>\n<p>Capital: Castries<br \/>\nPoblaci\u00f3n: 164.464 habitantes<br \/>\nSuperficie: 616 km2<br \/>\nZona horaria: -5 horas respecto a Italia; -6 cuando en Italia rige el horario de verano.<br \/>\nIdiomas: ingl\u00e9s (idioma oficial); patois franc\u00e9s<br \/>\nMoneda: D\u00f3lar del Caribe Oriental (ECD).<br \/>\nPrefijo de Italia: 001-758.<br \/>\nPrefijo para Espa\u00f1a: 0011-39<br \/>\nClima: clima tropical mitigado por los alisios provenientes del noreste. La temporada de lluvias se extiende de mayo a agosto, la estaci\u00f3n seca de enero a abril, la probabilidad de huracanes es m\u00e1s alta de junio a noviembre.<\/p>\n<p><strong>VICECONSULADO HONORARIO<\/strong><\/p>\n<p>Correspondiente Consular : Dra. Maria Piccinin Thonr<\/p>\n<p>Direcci\u00f3n: Spice Travel Ltd., Casa Lucia, Beausejour Road, Gros Islet<br \/>\nP.o. GM 848, Castries<br \/>\nTel 001-758-452.08.65 e\u00a0001-758-452.08.69<\/p>\n<p>E-mail\u00a0<a href=\"mailto:casalucia@candw.lc\">casalucia@candw.lc<\/a><\/p>\n<blockquote><p><strong>NOTA<\/strong>: Se avisa a los ciudadanos italianos residentes en los<strong> pa\u00edses de acreditaci\u00f3n<\/strong> secundaria que deben viajar a Panam\u00e1 para acceder a los servicios consulares prestados por esta Embajada de Italia. De acuerdo con la legislaci\u00f3n local, para ingresar a Panam\u00e1 es necesario que el pasaporte extranjero tenga una validez m\u00ednima de <strong>tres meses adicionales a la duraci\u00f3n del viaje previsto.<\/strong><\/p><\/blockquote>\n<p><strong>Siti utili<\/strong><\/p>\n<ul>\n<li><a href=\"http:\/\/www.acs-aec.org\/\">Associazione Stati Caraibici<\/a><\/li>\n<li><a href=\"https:\/\/caricom.org\/\">Comunit\u00e0 Caraibica<\/a><\/li>\n<\/ul>\n","protected":false},"excerpt":{"rendered":"A continuaci\u00f3n se muestran los principales datos sobre el pa\u00eds y los datos de contacto del Vicec\u00f3nsul Honorario in situ. Para m\u00e1s y m\u00e1s informaci\u00f3n, visite el sitio web Viaggiare Sicuri y los enlaces de esta p\u00e1gina. Se invita a los compatriotas que deseen viajar al pa\u00eds a registrarse en el sitio Dove Siamo nel [&hellip;]","protected":false},"author":4,"featured_media":0,"parent":1199,"menu_order":5,"comment_status":"closed","ping_status":"closed","template":"","meta":{"footnotes":""},"class_list":["post-3367","page","type-page","status-publish","hentry"],"_links":{"self":[{"href":"https:\/\/ambpanama.esteri.it\/es\/wp-json\/wp\/v2\/pages\/3367","targetHints":{"allow":["GET"]}}],"collection":[{"href":"https:\/\/ambpanama.esteri.it\/es\/wp-json\/wp\/v2\/pages"}],"about":[{"href":"https:\/\/ambpanama.esteri.it\/es\/wp-json\/wp\/v2\/types\/page"}],"author":[{"embeddable":true,"href":"https:\/\/ambpanama.esteri.it\/es\/wp-json\/wp\/v2\/users\/4"}],"replies":[{"embeddable":true,"href":"https:\/\/ambpanama.esteri.it\/es\/wp-json\/wp\/v2\/comments?post=3367"}],"version-history":[{"count":5,"href":"https:\/\/ambpanama.esteri.it\/es\/wp-json\/wp\/v2\/pages\/3367\/revisions"}],"predecessor-version":[{"id":6838,"href":"https:\/\/ambpanama.esteri.it\/es\/wp-json\/wp\/v2\/pages\/3367\/revisions\/6838"}],"up":[{"embeddable":true,"href":"https:\/\/ambpanama.esteri.it\/es\/wp-json\/wp\/v2\/pages\/1199"}],"wp:attachment":[{"href":"https:\/\/ambpanama.esteri.it\/es\/wp-json\/wp\/v2\/media?parent=3367"}],"curies":[{"name":"wp","href":"https:\/\/api.w.org\/{rel}","templated":true}]}}