{"id":3375,"date":"2023-11-07T10:28:46","date_gmt":"2023-11-07T15:28:46","guid":{"rendered":"https:\/\/ambpanama.esteri.it\/chi-siamo\/la-sede\/sedi-accreditate\/saint-vincent-e-grenadine\/"},"modified":"2024-11-25T13:59:13","modified_gmt":"2024-11-25T18:59:13","slug":"saint-vincent-e-grenadine","status":"publish","type":"page","link":"https:\/\/ambpanama.esteri.it\/es\/chi-siamo\/la-sede\/sedi-accreditate\/saint-vincent-e-grenadine\/","title":{"rendered":"Saint Vincent y Grenadine"},"content":{"rendered":"<p>A continuaci\u00f3n se muestran los principales datos sobre el pa\u00eds y los datos de contacto del Vicec\u00f3nsul Honorario en el lugar.<\/p>\n<p>Para m\u00e1s y m\u00e1s informaci\u00f3n, visite el sitio web <a href=\"http:\/\/www.viaggiaresicuri.it\/country\/ATG\">Viaggiare Sicuri <\/a>y los enlaces de esta p\u00e1gina.<\/p>\n<p>Se invita a los compatriotas que deseen viajar al pa\u00eds a registrarse en el sitio <a href=\"https:\/\/www.dovesiamonelmondo.it\/home.html\">Dove Siamo nel Mondo<\/a>.<\/p>\n<p><strong>DATOS PA\u00cdS<\/strong><\/p>\n<p>Capital: Kingstown<br \/>\nPoblaci\u00f3n: 102.350 habitantes.<br \/>\nSuperficie: 389 km2<br \/>\nZona horaria: -5 horas respecto a Italia; -6 horas cuando en Italia est\u00e1 vigente el horario de verano.<br \/>\nIdiomas: ingl\u00e9s, franc\u00e9s patois.<br \/>\nMoneda: D\u00f3lar del Caribe Oriental (ECD)<br \/>\nPrefijo telef\u00f3nico desde Italia: 001 784<br \/>\nPrefijo para Espa\u00f1a: 001139<br \/>\nTelefon\u00eda: La red celular est\u00e1 activa en el pa\u00eds<br \/>\nClima: tropical. La temporada de lluvias suele extenderse de mayo a noviembre con ligeras variaciones de temperatura durante el a\u00f1o.<\/p>\n<p><strong>\u00a0Consulado Honorario de Bridgetown\u00a0<\/strong>(Competente para San Vicente y las Granadinas)<\/p>\n<p>C\u00f3nsul Honorario: Dra. Paola Baldi<\/p>\n<p>Direcci\u00f3n: Bannatyne Plantation House &#8211; Christ Church, Barbados &#8211; West Indies<br \/>\nTel. 001-246-230.23.19 o 001-246-437.28.47<br \/>\nCorreo electr\u00f3nico: <a href=\"mailto:baldipao@gmail.com\">baldipao@gmail.com<\/a><\/p>\n<blockquote><p><strong>NOTA<\/strong>: Se avisa a los ciudadanos italianos residentes en los<strong> pa\u00edses de acreditaci\u00f3n<\/strong> secundaria que deben viajar a Panam\u00e1 para acceder a los servicios consulares prestados por esta Embajada de Italia. De acuerdo con la legislaci\u00f3n local, para ingresar a Panam\u00e1 es necesario que el pasaporte extranjero tenga una validez m\u00ednima de <strong>tres meses adicionales a la duraci\u00f3n del viaje previsto.<\/strong><\/p><\/blockquote>\n<p><strong>Siti utili<\/strong><\/p>\n<ul>\n<li><a href=\"http:\/\/www.acs-aec.org\/\">Associazione Stati Caraibici<\/a><\/li>\n<li><a href=\"https:\/\/caricom.org\/\">Comunit\u00e0 Caraibica<\/a><\/li>\n<\/ul>\n","protected":false},"excerpt":{"rendered":"A continuaci\u00f3n se muestran los principales datos sobre el pa\u00eds y los datos de contacto del Vicec\u00f3nsul Honorario en el lugar. Para m\u00e1s y m\u00e1s informaci\u00f3n, visite el sitio web Viaggiare Sicuri y los enlaces de esta p\u00e1gina. Se invita a los compatriotas que deseen viajar al pa\u00eds a registrarse en el sitio Dove Siamo [&hellip;]","protected":false},"author":4,"featured_media":0,"parent":1199,"menu_order":6,"comment_status":"closed","ping_status":"closed","template":"","meta":{"footnotes":""},"class_list":["post-3375","page","type-page","status-publish","hentry"],"_links":{"self":[{"href":"https:\/\/ambpanama.esteri.it\/es\/wp-json\/wp\/v2\/pages\/3375","targetHints":{"allow":["GET"]}}],"collection":[{"href":"https:\/\/ambpanama.esteri.it\/es\/wp-json\/wp\/v2\/pages"}],"about":[{"href":"https:\/\/ambpanama.esteri.it\/es\/wp-json\/wp\/v2\/types\/page"}],"author":[{"embeddable":true,"href":"https:\/\/ambpanama.esteri.it\/es\/wp-json\/wp\/v2\/users\/4"}],"replies":[{"embeddable":true,"href":"https:\/\/ambpanama.esteri.it\/es\/wp-json\/wp\/v2\/comments?post=3375"}],"version-history":[{"count":3,"href":"https:\/\/ambpanama.esteri.it\/es\/wp-json\/wp\/v2\/pages\/3375\/revisions"}],"predecessor-version":[{"id":6839,"href":"https:\/\/ambpanama.esteri.it\/es\/wp-json\/wp\/v2\/pages\/3375\/revisions\/6839"}],"up":[{"embeddable":true,"href":"https:\/\/ambpanama.esteri.it\/es\/wp-json\/wp\/v2\/pages\/1199"}],"wp:attachment":[{"href":"https:\/\/ambpanama.esteri.it\/es\/wp-json\/wp\/v2\/media?parent=3375"}],"curies":[{"name":"wp","href":"https:\/\/api.w.org\/{rel}","templated":true}]}}