{"id":3380,"date":"2023-11-07T10:29:44","date_gmt":"2023-11-07T15:29:44","guid":{"rendered":"https:\/\/ambpanama.esteri.it\/chi-siamo\/la-sede\/sedi-accreditate\/trinidad-e-tobago\/"},"modified":"2025-12-15T11:15:25","modified_gmt":"2025-12-15T16:15:25","slug":"trinidad-e-tobago","status":"publish","type":"page","link":"https:\/\/ambpanama.esteri.it\/es\/chi-siamo\/la-sede\/sedi-accreditate\/trinidad-e-tobago\/","title":{"rendered":"Trinidad y Tobago"},"content":{"rendered":"<p>Para m\u00e1s y m\u00e1s informaci\u00f3n, visite el sitio web <a href=\"http:\/\/www.viaggiaresicuri.it\/country\/ATG\">Viaggiare Sicuri\u00a0<\/a>y los enlaces de esta p\u00e1gina.<\/p>\n<p>Se invita a los compatriotas que deseen viajar al pa\u00eds a registrare en el sitio\u00a0 <a href=\"https:\/\/www.dovesiamonelmondo.it\/home.html\">Dove Siamo nel Mondo<\/a>.<\/p>\n<p><strong>DATOS PA\u00cdS<\/strong><\/p>\n<p>Capital: Puerto de Espa\u00f1a<br \/>\nPoblaci\u00f3n: 1.220.479 habitantes<br \/>\nSuperficie: 5.128 km2<br \/>\nZona horaria: -5 horas respecto a Italia; -6 cuando en Italia rige el horario de verano.<br \/>\nIdiomas: ingl\u00e9s (idioma oficial), hindi caribe\u00f1o (un dialecto indi), franc\u00e9s, espa\u00f1ol, chino.<br \/>\nMoneda: D\u00f3lar de Trinidad y Tobago (TTD).<br \/>\nPrefijo telef\u00f3nico desde Italia: 001-868<br \/>\nPrefijo para Espa\u00f1a: 001139<br \/>\nTelefon\u00eda: La red telef\u00f3nica est\u00e1 muy extendida. El sistema telef\u00f3nico es digital y todos los servicios son utilizables. Las tarjetas telef\u00f3nicas de prepago se pueden encontrar f\u00e1cilmente en aeropuertos, centros comerciales e incluso supermercados.<\/p>\n<p>Clima: el clima es tropical con temperaturas medias de 29\u00b0 C. La temporada de lluvias se extiende aproximadamente de mayo a noviembre, con lluvias a veces cortas y repentinas. La estaci\u00f3n seca tiende a ser de diciembre a abril con una tasa de humedad del 74%, mientras que el resto del a\u00f1o, oscila entre el 83% y el 78%.<\/p>\n<p><strong>Consulado Honorario<\/strong><\/p>\n<p>Cons\u00fal honorario: Sr. <strong>Mirko D&#8217;Alessio<\/strong><\/p>\n<p>Direcci\u00f3n: Mountainview DR. Maracas St. Joseph,<\/p>\n<ul>\n<li>City of Gran Bazaar, Valsayn.<\/li>\n<\/ul>\n<p>Tel. 001-868-468-9431<\/p>\n<p>E-mail: <a href=\"mailto:italconsultt@gmail.com\">italconsultt@gmail.com<\/a><\/p>\n<blockquote><p><strong>NOTA<\/strong>: Se avisa a los ciudadanos italianos residentes en los<strong> pa\u00edses de acreditaci\u00f3n<\/strong> secundaria que deben viajar a Panam\u00e1 para acceder a los servicios consulares prestados por esta Embajada de Italia. De acuerdo con la legislaci\u00f3n local, para ingresar a Panam\u00e1 es necesario que el pasaporte extranjero tenga una validez m\u00ednima de <strong>tres meses adicionales a la duraci\u00f3n del viaje previsto.<\/strong><\/p><\/blockquote>\n<p><strong>Siti utili<\/strong><\/p>\n<ul>\n<li><a href=\"http:\/\/www.acs-aec.org\/\">Associazione Stati Caraibici<\/a><\/li>\n<li><a href=\"https:\/\/caricom.org\/\">Comunit\u00e0 Caraibica<\/a><\/li>\n<\/ul>\n","protected":false},"excerpt":{"rendered":"Para m\u00e1s y m\u00e1s informaci\u00f3n, visite el sitio web Viaggiare Sicuri\u00a0y los enlaces de esta p\u00e1gina. Se invita a los compatriotas que deseen viajar al pa\u00eds a registrare en el sitio\u00a0 Dove Siamo nel Mondo. DATOS PA\u00cdS Capital: Puerto de Espa\u00f1a Poblaci\u00f3n: 1.220.479 habitantes Superficie: 5.128 km2 Zona horaria: -5 horas respecto a Italia; -6 [&hellip;]","protected":false},"author":4,"featured_media":0,"parent":1199,"menu_order":7,"comment_status":"closed","ping_status":"closed","template":"","meta":{"footnotes":""},"class_list":["post-3380","page","type-page","status-publish","hentry"],"_links":{"self":[{"href":"https:\/\/ambpanama.esteri.it\/es\/wp-json\/wp\/v2\/pages\/3380","targetHints":{"allow":["GET"]}}],"collection":[{"href":"https:\/\/ambpanama.esteri.it\/es\/wp-json\/wp\/v2\/pages"}],"about":[{"href":"https:\/\/ambpanama.esteri.it\/es\/wp-json\/wp\/v2\/types\/page"}],"author":[{"embeddable":true,"href":"https:\/\/ambpanama.esteri.it\/es\/wp-json\/wp\/v2\/users\/4"}],"replies":[{"embeddable":true,"href":"https:\/\/ambpanama.esteri.it\/es\/wp-json\/wp\/v2\/comments?post=3380"}],"version-history":[{"count":4,"href":"https:\/\/ambpanama.esteri.it\/es\/wp-json\/wp\/v2\/pages\/3380\/revisions"}],"predecessor-version":[{"id":8493,"href":"https:\/\/ambpanama.esteri.it\/es\/wp-json\/wp\/v2\/pages\/3380\/revisions\/8493"}],"up":[{"embeddable":true,"href":"https:\/\/ambpanama.esteri.it\/es\/wp-json\/wp\/v2\/pages\/1199"}],"wp:attachment":[{"href":"https:\/\/ambpanama.esteri.it\/es\/wp-json\/wp\/v2\/media?parent=3380"}],"curies":[{"name":"wp","href":"https:\/\/api.w.org\/{rel}","templated":true}]}}