{"id":3456,"date":"2023-12-18T14:07:54","date_gmt":"2023-12-18T19:07:54","guid":{"rendered":"https:\/\/ambpanama.esteri.it\/servizi-consolari-e-visti\/servizi-per-il-cittadino-italiano\/a-i-r-e\/spid\/"},"modified":"2024-09-18T13:59:24","modified_gmt":"2024-09-18T18:59:24","slug":"spid","status":"publish","type":"page","link":"https:\/\/ambpanama.esteri.it\/es\/servizi-consolari-e-visti\/servizi-per-il-cittadino-italiano\/spid\/","title":{"rendered":"SPID"},"content":{"rendered":"<header class=\"entry-header\">\n<h3 class=\"entry-title h3\" style=\"text-align: justify;\">SPID (Sistema de Identidad Digital P\u00fablica)<\/h3>\n<\/header>\n<div class=\"entry-content\">\n<div id=\"tw-target-text-container\" class=\"tw-ta-container F0azHf tw-nfl\" style=\"text-align: justify;\" tabindex=\"0\">\n<p id=\"tw-target-text\" class=\"tw-data-text tw-text-large tw-ta\" dir=\"ltr\" data-placeholder=\"Traduzione\"><span class=\"Y2IQFc\" lang=\"es\"><strong>Advertencia<\/strong>:\u00a0a partir del 1 de abril de 2026, el acceso a los servicios consulares en l\u00ednea solo se realizar\u00e1 con una identidad digital p\u00fablica. Solicite sus credenciales antes del 31 de diciembre de 2025.<\/span><\/p>\n<p class=\"tw-data-text tw-text-large tw-ta\" dir=\"ltr\" data-placeholder=\"Traduzione\"><strong><span class=\"Y2IQFc\" lang=\"es\">Qu\u00e9 es SPID (Sistema de Identidad Digital P\u00fablica)<\/span><\/strong><\/p>\n<p class=\"tw-data-text tw-text-large tw-ta\" dir=\"ltr\" data-placeholder=\"Traduzione\"><span class=\"Y2IQFc\" lang=\"es\">SPID, Sistema de Identidad Digital P\u00fablica, es la soluci\u00f3n que permite acceder a los servicios en l\u00ednea de la Administraci\u00f3n P\u00fablica y de los sujetos privados con una \u00fanica Identidad Digital (usuario y contrase\u00f1a) que puede ser utilizada de forma sencilla y segura desde ordenadores, tabletas y smartphones, cada vez que encuentre el bot\u00f3n \u00abEntrar con SPID\u00bb en un sitio web o aplicaci\u00f3n de servicio.<\/span><\/p>\n<p class=\"tw-data-text tw-text-large tw-ta\" dir=\"ltr\" data-placeholder=\"Traduzione\"><strong><span class=\"Y2IQFc\" lang=\"es\">\u00bfEs gratis?<\/span><\/strong><\/p>\n<p class=\"tw-data-text tw-text-large tw-ta\" dir=\"ltr\" data-placeholder=\"Traduzione\"><span class=\"Y2IQFc\" lang=\"es\">S\u00ed, el uso del SPID es gratuito. La solicitud de SPID tambi\u00e9n es gratuita, pero algunas formas de reconocimiento por parte de los operadores pueden estar sujetas a una tarifa. Una vez obtenido, no se requerir\u00e1n costos ni tarifas.<\/span><\/p>\n<\/div>\n<div id=\"tw-target-text-container\" class=\"tw-ta-container F0azHf tw-nfl\" style=\"text-align: justify;\" tabindex=\"0\">\n<p id=\"tw-target-text\" class=\"tw-data-text tw-text-large tw-ta\" dir=\"ltr\" data-placeholder=\"Traduzione\"><strong><span class=\"Y2IQFc\" lang=\"es\">\u00bfQui\u00e9n puede solicitar SPID?<\/span><\/strong><\/p>\n<p class=\"tw-data-text tw-text-large tw-ta\" dir=\"ltr\" data-placeholder=\"Traduzione\"><span class=\"Y2IQFc\" lang=\"es\">Todos los ciudadanos mayores de edad, en posesi\u00f3n de un documento italiano v\u00e1lido, pueden activar el SPID contactando a uno de los administradores de identidad digital reconocidos por la Agencia para Italia Digital y eligiendo entre diferentes m\u00e9todos de reconocimiento.<\/span><\/p>\n<p class=\"tw-data-text tw-text-large tw-ta\" dir=\"ltr\" data-placeholder=\"Traduzione\"><strong><span class=\"Y2IQFc\" lang=\"es\">\u00bfA qui\u00e9n contactar para obtener el SPID?<\/span><\/strong><\/p>\n<p class=\"tw-data-text tw-text-large tw-ta\" dir=\"ltr\" data-placeholder=\"Traduzione\"><span class=\"Y2IQFc\" lang=\"es\">Puede ponerse en contacto con uno de los administradores de identidad digital acreditados por la Agencia para Digital Italia. Puede encontrar todos los procedimientos de activaci\u00f3n en la p\u00e1gina\u00a0<a href=\"https:\/\/www.spid.gov.it\/cos-e-spid\/come-attivare-spid\/\">Solicitar SPID<\/a>.<\/span><\/p>\n<p class=\"tw-data-text tw-text-large tw-ta\" dir=\"ltr\" data-placeholder=\"Traduzione\"><strong><span class=\"Y2IQFc\" lang=\"es\">\u00bfQu\u00e9 documentos necesito?<\/span><\/strong><\/p>\n<p class=\"tw-data-text tw-text-large tw-ta\" dir=\"ltr\" data-placeholder=\"Traduzione\"><span class=\"Y2IQFc\" lang=\"es\">Para solicitar y obtener sus credenciales SPID necesitar\u00e1:<\/span><\/p>\n<ul>\n<li class=\"tw-data-text tw-text-large tw-ta\" dir=\"ltr\" data-placeholder=\"Traduzione\"><span class=\"Y2IQFc\" lang=\"es\">una direcci\u00f3n de correo electr\u00f3nico<\/span><\/li>\n<li class=\"tw-data-text tw-text-large tw-ta\" dir=\"ltr\" data-placeholder=\"Traduzione\"><span class=\"Y2IQFc\" lang=\"es\">el n\u00famero de tel\u00e9fono m\u00f3vil que usas normalmente (incluso extranjero)<\/span><\/li>\n<li class=\"tw-data-text tw-text-large tw-ta\" dir=\"ltr\" data-placeholder=\"Traduzione\"><span class=\"Y2IQFc\" lang=\"es\">un documento de identidad italiano v\u00e1lido (documento de identidad, pasaporte, permiso de conducir). Durante el registro puede ser necesario fotografiarlos y adjuntarlos al formulario que llenas<\/span><\/li>\n<li dir=\"ltr\" data-placeholder=\"Traduzione\">el c\u00f3digo tributario (si no lo tiene es posible solicitarlo a la Oficina Consular. Haga click\u00a0<span class=\"Y2IQFc\" lang=\"es\"><strong><a href=\"https:\/\/ambbogota.esteri.it\/it\/servizi-consolari-e-visti\/servizi-per-il-cittadino-italiano\/codice-fiscale\/\">aqu\u00ed<\/a>\u00a0<\/strong><\/span>para saber c\u00f3mo es el tr\u00e1mite)<\/li>\n<\/ul>\n<p><span class=\"Y2IQFc\" lang=\"es\">Durante el registro puede ser necesario fotografiarlos y adjuntarlos al formulario que llene el c\u00f3digo fiscal (en ausencia de un c\u00f3digo fiscal, es posible solicitarlo en la oficina consular. Haga clic\u00a0<strong><a href=\"https:\/\/ambbogota.esteri.it\/it\/servizi-consolari-e-visti\/servizi-per-il-cittadino-italiano\/codice-fiscale\/\">aqu\u00ed<\/a>\u00a0<\/strong>para saber c\u00f3mo solicitarlo en este Consulado)<\/span><\/p>\n<\/div>\n<div id=\"tw-target-rmn-container\" class=\"tw-target-rmn tw-ta-container F0azHf tw-nfl\">\n<div id=\"tw-target-text-container\" class=\"tw-ta-container F0azHf tw-nfl\" style=\"text-align: justify;\" tabindex=\"0\">\n<p id=\"tw-target-text\" class=\"tw-data-text tw-text-large tw-ta\" dir=\"ltr\" data-placeholder=\"Traduzione\"><strong><span class=\"Y2IQFc\" lang=\"es\">\u00bfQu\u00e9 hacer para obtener el SPID?<\/span><\/strong><\/p>\n<p class=\"tw-data-text tw-text-large tw-ta\" dir=\"ltr\" data-placeholder=\"Traduzione\"><span class=\"Y2IQFc\" lang=\"es\">Elija uno de <a href=\"https:\/\/www.spid.gov.it\/richiedi-spid\">los proveedores de identidad<\/a> y reg\u00edstrese en el sitio.<\/span><\/p>\n<p class=\"tw-data-text tw-text-large tw-ta\" dir=\"ltr\" data-placeholder=\"Traduzione\"><span class=\"Y2IQFc\" lang=\"es\">El registro consta de 3 pasos:<\/span><\/p>\n<ol>\n<li class=\"tw-data-text tw-text-large tw-ta\" dir=\"ltr\" data-placeholder=\"Traduzione\"><span class=\"Y2IQFc\" lang=\"es\">Ingrese sus datos personales<\/span><\/li>\n<li class=\"tw-data-text tw-text-large tw-ta\" dir=\"ltr\" data-placeholder=\"Traduzione\"><span class=\"Y2IQFc\" lang=\"es\">Cree sus credenciales SPID<\/span><\/li>\n<li class=\"tw-data-text tw-text-large tw-ta\" dir=\"ltr\" data-placeholder=\"Traduzione\"><span class=\"Y2IQFc\" lang=\"es\">Realice el reconocimiento de su elecci\u00f3n entre los diferentes m\u00e9todos:<\/span>\n<ul>\n<li class=\"tw-data-text tw-text-large tw-ta\" dir=\"ltr\" data-placeholder=\"Traduzione\"><span class=\"Y2IQFc\" lang=\"es\">personalmente en las oficinas de los proveedores de identidad digital (proveedores de identidad);<\/span><\/li>\n<li class=\"tw-data-text tw-text-large tw-ta\" dir=\"ltr\" data-placeholder=\"Traduzione\"><span class=\"Y2IQFc\" lang=\"es\">en l\u00ednea (a trav\u00e9s de una c\u00e1mara web con un operador puesto a disposici\u00f3n por el proveedor o con una selfie de audio y video junto con una transferencia bancaria);<\/span><\/li>\n<li class=\"tw-data-text tw-text-large tw-ta\" dir=\"ltr\" data-placeholder=\"Traduzione\"><span class=\"Y2IQFc\" lang=\"es\">con C\u00e9dula de Identidad Electr\u00f3nica (CIE) o pasaporte electr\u00f3nico, identific\u00e1ndose a trav\u00e9s de las Apps del gestor que se pueden descargar de las tiendas;<\/span><\/li>\n<li class=\"tw-data-text tw-text-large tw-ta\" dir=\"ltr\" data-placeholder=\"Traduzione\"><span class=\"Y2IQFc\" lang=\"es\">con la Tarjeta de Servicio Nacional (CNS): tambi\u00e9n es posible utilizar la tarjeta sanitaria;<\/span><\/li>\n<li class=\"tw-data-text tw-text-large tw-ta\" dir=\"ltr\" data-placeholder=\"Traduzione\"><span class=\"Y2IQFc\" lang=\"es\">con firma digital con la ayuda de un lector (por ejemplo, la tarjeta inteligente) y el pin relativo.<\/span><\/li>\n<\/ul>\n<\/li>\n<\/ol>\n<p><span class=\"Y2IQFc\" lang=\"es\">Los tiempos de publicaci\u00f3n de la identidad digital dependen de los Proveedores de Identidad Individuales.<\/span><\/p>\n<\/div>\n<div id=\"tw-target-rmn-container\" class=\"tw-target-rmn tw-ta-container F0azHf tw-nfl\">\n<div id=\"tw-target-text-container\" class=\"tw-ta-container F0azHf tw-nfl\" style=\"text-align: justify;\" tabindex=\"0\">\n<p id=\"tw-target-text\" class=\"tw-data-text tw-text-large tw-ta\" dir=\"ltr\" data-placeholder=\"Traduzione\"><strong><span class=\"Y2IQFc\" lang=\"es\">\u00bfC\u00f3mo elegir entre los diferentes Proveedores de Identidad?<\/span><\/strong><\/p>\n<p class=\"tw-data-text tw-text-large tw-ta\" dir=\"ltr\" data-placeholder=\"Traduzione\"><span class=\"Y2IQFc\" lang=\"es\">Los Identity Provider proporcionan diferentes m\u00e9todos de registro gratuitos o de pago y los respectivos SPID tienen diferentes niveles de seguridad.<\/span><\/p>\n<p class=\"tw-data-text tw-text-large tw-ta\" dir=\"ltr\" data-placeholder=\"Traduzione\"><span class=\"Y2IQFc\" lang=\"es\">La tabla que se muestra <a href=\"https:\/\/www.spid.gov.it\/cos-e-spid\/come-scegliere-tra-gli-idp\/\">aqu\u00ed<\/a> proporciona una imagen actualizada de la situaci\u00f3n. En particular, se recomienda detenerse en los siguientes par\u00e1metros.<\/span><\/p>\n<ul>\n<li class=\"tw-data-text tw-text-large tw-ta\" dir=\"ltr\" data-placeholder=\"Traduzione\"><span class=\"Y2IQFc\" lang=\"es\">Elige el m\u00e9todo de reconocimiento que m\u00e1s te convenga (presencial, mediante C\u00e9dula de Identidad Electr\u00f3nica (CIE)*, Tarjeta de Servicios Nacionales (CNS), Pasaporte Biom\u00e9trico, Firma Digital o mediante webcam).<\/span><\/li>\n<li class=\"tw-data-text tw-text-large tw-ta\" dir=\"ltr\" data-placeholder=\"Traduzione\"><span class=\"Y2IQFc\" lang=\"es\">Elija seg\u00fan el nivel de seguridad SPID que necesite.<\/span><\/li>\n<li class=\"tw-data-text tw-text-large tw-ta\" dir=\"ltr\" data-placeholder=\"Traduzione\"><span class=\"Y2IQFc\" lang=\"es\">Si ya es cliente de uno de los Proveedores de Identidad, puede tener un flujo de registro simplificado.<\/span><\/li>\n<li class=\"tw-data-text tw-text-large tw-ta\" dir=\"ltr\" data-placeholder=\"Traduzione\"><span class=\"Y2IQFc\" lang=\"es\">Si eres un ciudadano italiano que reside en el extranjero, presta atenci\u00f3n a qui\u00e9n ofrece el servicio para el extranjero: elige el Proveedor de Identidad que muestra el icono \u00abMondo\u00bb o \u00abUE\u00bb.<\/span><\/li>\n<li class=\"tw-data-text tw-text-large tw-ta\" dir=\"ltr\" data-placeholder=\"Traduzione\"><span class=\"Y2IQFc\" lang=\"es\">Recuerda que aun utilizando el CIE, el CNS, el pasaporte biom\u00e9trico y la firma digital, puedes obtener el SPID a distancia (a distancia). Visite los sitios de los distintos operadores para verificar las condiciones de liberaci\u00f3n y elegir la m\u00e1s \u00fatil para usted.<\/span><\/li>\n<\/ul>\n<\/div>\n<div id=\"tw-target-text-container\" class=\"tw-ta-container F0azHf tw-nfl\" tabindex=\"0\">\n<p id=\"tw-target-text\" class=\"tw-data-text tw-text-large tw-ta\" dir=\"ltr\" style=\"text-align: justify;\" data-placeholder=\"Traduzione\"><strong><span class=\"Y2IQFc\" lang=\"es\">\u00bfD\u00f3nde se puede utilizar SPID?<\/span><\/strong><\/p>\n<p class=\"tw-data-text tw-text-large tw-ta\" dir=\"ltr\" style=\"text-align: justify;\" data-placeholder=\"Traduzione\"><span class=\"Y2IQFc\" lang=\"es\">En este\u00a0<a href=\"https:\/\/www.spid.gov.it\/\">enlace<\/a>\u00a0puede buscar entre los servicios habilitados para SPID de m\u00e1s de 4000 administraciones y encontrar la lista de proveedores de servicios privados.<\/span><\/p>\n<p class=\"tw-data-text tw-text-large tw-ta\" dir=\"ltr\" style=\"text-align: justify;\" data-placeholder=\"Traduzione\"><strong><span class=\"Y2IQFc\" lang=\"es\">\u00bfY del extranjero?<\/span><\/strong><\/p>\n<p class=\"tw-data-text tw-text-large tw-ta\" dir=\"ltr\" style=\"text-align: justify;\" data-placeholder=\"Traduzione\"><span class=\"Y2IQFc\" lang=\"es\">Con las credenciales SPID ya puede acceder al portal \u00abFast It\u00bb de Farnesina dedicado a los servicios consulares (<a href=\"https:\/\/serviziconsolarionline.esteri.it\">FAST IT<\/a>).<\/span><\/p>\n<p class=\"tw-data-text tw-text-large tw-ta\" dir=\"ltr\" style=\"text-align: justify;\" data-placeholder=\"Traduzione\"><span class=\"Y2IQFc\" lang=\"es\"><strong>Preguntas frecuentes<\/strong>: https:\/\/www.spid.gov.it\/domande-frequenti\u00a0<\/span><\/p>\n<p class=\"tw-data-text tw-text-large tw-ta\" dir=\"ltr\" style=\"text-align: justify;\" data-placeholder=\"Traduzione\"><span class=\"Y2IQFc\" lang=\"es\"><strong>Video tutorial<\/strong>: visite el sitio web <a href=\"https:\/\/www.spid.gov.it\">institucional<\/a> para obtener tutoriales en video sobre el reconocimiento a trav\u00e9s de la c\u00e1mara web, el reconocimiento en persona y el reconocimiento en l\u00ednea.<\/span><\/p>\n<p class=\"tw-data-text tw-text-large tw-ta\" dir=\"ltr\" style=\"text-align: justify;\" data-placeholder=\"Traduzione\"><span class=\"Y2IQFc\" lang=\"es\"><strong>Para mayor informaci\u00f3n visite el siguiente <a href=\"https:\/\/www.esteri.it\/it\/servizi-consolari-e-visti\/italiani-all-estero\/spid\/\">link<\/a><\/strong>\u00a0<\/span><\/p>\n<p class=\"tw-data-text tw-text-large tw-ta\" dir=\"ltr\" style=\"text-align: justify;\" data-placeholder=\"Traduzione\"><span class=\"Y2IQFc\" lang=\"es\"><strong>Atenci\u00f3n<\/strong>: el SPID no se expide por parte de las Embajadas y Oficinas Consulares, pero se puede obtener siguiendo las instrucciones indicadas en el folleto adjunto o visitando el sitio web www.spid.gov.it, en la p\u00e1gina dedicada a los italianos residentes en el extranjero.<\/span><\/p>\n<\/div>\n<\/div>\n<\/div>\n<\/div>\n","protected":false},"excerpt":{"rendered":"SPID (Sistema de Identidad Digital P\u00fablica) Advertencia:\u00a0a partir del 1 de abril de 2026, el acceso a los servicios consulares en l\u00ednea solo se realizar\u00e1 con una identidad digital p\u00fablica. Solicite sus credenciales antes del 31 de diciembre de 2025. Qu\u00e9 es SPID (Sistema de Identidad Digital P\u00fablica) SPID, Sistema de Identidad Digital P\u00fablica, es [&hellip;]","protected":false},"author":4,"featured_media":0,"parent":170,"menu_order":5,"comment_status":"closed","ping_status":"closed","template":"","meta":{"footnotes":""},"class_list":["post-3456","page","type-page","status-publish","hentry"],"_links":{"self":[{"href":"https:\/\/ambpanama.esteri.it\/es\/wp-json\/wp\/v2\/pages\/3456","targetHints":{"allow":["GET"]}}],"collection":[{"href":"https:\/\/ambpanama.esteri.it\/es\/wp-json\/wp\/v2\/pages"}],"about":[{"href":"https:\/\/ambpanama.esteri.it\/es\/wp-json\/wp\/v2\/types\/page"}],"author":[{"embeddable":true,"href":"https:\/\/ambpanama.esteri.it\/es\/wp-json\/wp\/v2\/users\/4"}],"replies":[{"embeddable":true,"href":"https:\/\/ambpanama.esteri.it\/es\/wp-json\/wp\/v2\/comments?post=3456"}],"version-history":[{"count":6,"href":"https:\/\/ambpanama.esteri.it\/es\/wp-json\/wp\/v2\/pages\/3456\/revisions"}],"predecessor-version":[{"id":6289,"href":"https:\/\/ambpanama.esteri.it\/es\/wp-json\/wp\/v2\/pages\/3456\/revisions\/6289"}],"up":[{"embeddable":true,"href":"https:\/\/ambpanama.esteri.it\/es\/wp-json\/wp\/v2\/pages\/170"}],"wp:attachment":[{"href":"https:\/\/ambpanama.esteri.it\/es\/wp-json\/wp\/v2\/media?parent=3456"}],"curies":[{"name":"wp","href":"https:\/\/api.w.org\/{rel}","templated":true}]}}