{"id":3790,"date":"2024-03-27T14:40:45","date_gmt":"2024-03-27T19:40:45","guid":{"rendered":"https:\/\/ambpanama.esteri.it\/servizi-consolari-e-visti\/servizi-per-il-cittadino-italiano\/notifiche\/"},"modified":"2024-09-19T10:00:08","modified_gmt":"2024-09-19T15:00:08","slug":"notifiche","status":"publish","type":"page","link":"https:\/\/ambpanama.esteri.it\/es\/servizi-consolari-e-visti\/servizi-per-il-cittadino-italiano\/notifiche\/","title":{"rendered":"Notificaciones"},"content":{"rendered":"<header class=\"entry-header\">\n<h1 class=\"entry-title h3\" style=\"text-align: justify;\"><strong style=\"font-size: 16px;\">Notificaci\u00f3n judicial y extrajudicial en el extranjero<\/strong><\/h1>\n<\/header>\n<div class=\"entry-content\">\n<p style=\"text-align: justify;\">La actividad de notificaci\u00f3n es una fase fundamental de los juicios civiles, penales, fiscales, administrativos, concursales y laborales, as\u00ed como algunas fases previas al juicio o administrativas, que da conocimiento legal de una disposici\u00f3n mediante la entrega de un acto, judicial o extrajudicial, por un determinado notificador, seg\u00fan precisas modalidades.<\/p>\n<p style=\"text-align: justify;\">De conformidad con el art. 37 del Decreto Legislativo 71\/2011, la Oficina Consular notifica el acto que se le presentan, en cumplimiento de las disposiciones de cooperaci\u00f3n judicial de la Uni\u00f3n Europea, los convenios internacionales pertinentes y las leyes del pa\u00eds de residencia.<\/p>\n<p style=\"text-align: justify;\">Debe distinguirse entre\u00a0<em>actos civiles<\/em>\u00a0y\u00a0<em>actos administrativos<\/em>.<\/p>\n<p style=\"text-align: justify;\">En cuanto a los primeros, en virtud del cual la solicitud de notificaci\u00f3n dirigida a extranjeros (pero tambi\u00e9n italianos, cuando no se prefiere la v\u00eda diplom\u00e1tica) deben dirigirse directamente a la Autoridad Central indicada por el pa\u00eds adherente y no a la Embajada. En este caso al Ministerio de Relaciones Exteriores \u2013 Direcci\u00f3n de Asuntos Migratorios, Consulares y Servicio al Ciudadano.<\/p>\n<p style=\"text-align: justify;\">Los actos administrativos, en cambio, deben ser enviados directamente desde Italia con correo certificado por la Entidad interesada. En estos casos cualquier solicitud que se env\u00eden directamente a la Embajada pueden ser devueltos al remitente, salvo que se solicite expresamente la v\u00eda diplom\u00e1tica, a la que en ocasiones se recurre cuando el primer intento por la v\u00eda ordinaria no haya dado resultado positivo.<\/p>\n<p style=\"text-align: justify;\"><strong>Si se desconoce la direcci\u00f3n, no ser\u00e1 posible notificar el acto en el extranjero.<\/strong><\/p>\n<p style=\"text-align: justify;\">En la p\u00e1gina web del MAECI existen gu\u00edas sobre la notificaci\u00f3n de documentos en el exterior, donde se encuentran todas las referencias normativas:<\/p>\n<ul style=\"text-align: justify;\">\n<li><a class=\"focus--mouse\" href=\"https:\/\/www.esteri.it\/wp-content\/uploads\/2022\/10\/Guida-notifiche-civili-e-commerciali-2022.pdf\" data-focus-mouse=\"true\">Notificaci\u00f3n en el extranjero de actos judiciales y extrajudiciales en materia civil y comercial<\/a><\/li>\n<li><a href=\"https:\/\/www.esteri.it\/wp-content\/uploads\/2022\/10\/Guida-Notifiche-Amministrative-2022.pdf\">Notificaci\u00f3n de actos administrativos para personas residentes en el extranjero<\/a><\/li>\n<li><a href=\"https:\/\/www.esteri.it\/wp-content\/uploads\/2022\/06\/Vademecum-Notifiche-in-Italia-2022.pdf\">Notificaci\u00f3n en Italia de actos judiciales y extrajudiciales en materia civil\u2013comercial, administrativo y penal<\/a><\/li>\n<\/ul>\n<p style=\"text-align: justify;\">Adem\u00e1s, se recomienda consultar las siguientes p\u00e1ginas web oficiales de los organismos profesionales competentes encargados de tratar la materia:<\/p>\n<ul>\n<li style=\"text-align: justify;\">sitio oficial del \u00ab<a href=\"https:\/\/www.notariato.it\/\">Notariato\u00bb<\/a>;<\/li>\n<li style=\"text-align: justify;\">sitio oficial de la\u00a0<a href=\"http:\/\/www.auge.it\/\">Asociaci\u00f3n \u00abUfficiali Giudiziari in Europa\u00bb (AUGE)<\/a>;<\/li>\n<li style=\"text-align: justify;\">sitio oficial de la\u00a0<a href=\"http:\/\/www.anusca.it\/\">Asociaci\u00f3n Nacional \u00abUfficiali di Stato Civile e d\u2019Anagrafe\u00bb (ANUSCA)<\/a>.<\/li>\n<\/ul>\n<\/div>\n","protected":false},"excerpt":{"rendered":"Notificaci\u00f3n judicial y extrajudicial en el extranjero La actividad de notificaci\u00f3n es una fase fundamental de los juicios civiles, penales, fiscales, administrativos, concursales y laborales, as\u00ed como algunas fases previas al juicio o administrativas, que da conocimiento legal de una disposici\u00f3n mediante la entrega de un acto, judicial o extrajudicial, por un determinado notificador, seg\u00fan [&hellip;]","protected":false},"author":4,"featured_media":0,"parent":170,"menu_order":10,"comment_status":"closed","ping_status":"closed","template":"","meta":{"footnotes":""},"class_list":["post-3790","page","type-page","status-publish","hentry"],"_links":{"self":[{"href":"https:\/\/ambpanama.esteri.it\/es\/wp-json\/wp\/v2\/pages\/3790","targetHints":{"allow":["GET"]}}],"collection":[{"href":"https:\/\/ambpanama.esteri.it\/es\/wp-json\/wp\/v2\/pages"}],"about":[{"href":"https:\/\/ambpanama.esteri.it\/es\/wp-json\/wp\/v2\/types\/page"}],"author":[{"embeddable":true,"href":"https:\/\/ambpanama.esteri.it\/es\/wp-json\/wp\/v2\/users\/4"}],"replies":[{"embeddable":true,"href":"https:\/\/ambpanama.esteri.it\/es\/wp-json\/wp\/v2\/comments?post=3790"}],"version-history":[{"count":3,"href":"https:\/\/ambpanama.esteri.it\/es\/wp-json\/wp\/v2\/pages\/3790\/revisions"}],"predecessor-version":[{"id":6344,"href":"https:\/\/ambpanama.esteri.it\/es\/wp-json\/wp\/v2\/pages\/3790\/revisions\/6344"}],"up":[{"embeddable":true,"href":"https:\/\/ambpanama.esteri.it\/es\/wp-json\/wp\/v2\/pages\/170"}],"wp:attachment":[{"href":"https:\/\/ambpanama.esteri.it\/es\/wp-json\/wp\/v2\/media?parent=3790"}],"curies":[{"name":"wp","href":"https:\/\/api.w.org\/{rel}","templated":true}]}}