{"id":4936,"date":"2024-08-12T09:30:08","date_gmt":"2024-08-12T14:30:08","guid":{"rendered":"https:\/\/ambpanama.esteri.it\/servizi-consolari-e-visti\/servizi-per-il-cittadino-straniero\/visti\/visto-per-ricongiungimento-familiare-per-figli\/"},"modified":"2024-08-14T05:47:58","modified_gmt":"2024-08-14T10:47:58","slug":"visto-per-ricongiungimento-familiare-per-figli","status":"publish","type":"page","link":"https:\/\/ambpanama.esteri.it\/es\/servizi-consolari-e-visti\/servizi-per-il-cittadino-straniero\/visti\/visto-per-ricongiungimento-familiare-per-figli\/","title":{"rendered":"Visa de reagrupaci\u00f3n familiar para hijos"},"content":{"rendered":"<p>Para obtener informaciones generales sobre esta tipolog\u00eda de VISA visitar la siguiente p\u00e1gina web del Gobierno Italiano:\u00a0<a href=\"http:\/\/vistoperitalia.esteri.it\/\">vistoperitalia.esteri.it<\/a><\/p>\n<p><strong>Para qu\u00e9 sirve y qui\u00e9n la puede solicitar<\/strong>:<\/p>\n<p>Sirve para reintegraci\u00f3n familiar entre los padres, (ciudadanos extranjeros regularmente residentes en Italia) y el\/la hijo\/a menor de edad que vive en Panama o en uno de los Estados de acreditaci\u00f3n.<\/p>\n<p>El tr\u00e1mite empieza en Italia donde el\/la progenitor\/ra solicita la reagrupaci\u00f3n familiar ante la \u201cPrefettura\u201d territorialmente competente (<strong>Oficina S.U.I.<\/strong>) del hijo\/a menor de edad.<br \/>\nUna vez que la \u201cPrefettura\u201d haya emitido la autorizaci\u00f3n (<em>Nulla Osta<\/em>), el\/la hijo\/a puede solicitar la visa.<\/p>\n<p>La visa se puede solicitar con tres meses de antelaci\u00f3n a la fecha de viaje y hasta un mes antes de la fecha de viaje.<\/p>\n<p><strong>Tipo de la visa<\/strong>: \u201cD\u201d Visa de larga duraci\u00f3n, para estad\u00edas superiores a 90 d\u00edas hasta 365 d\u00edas.<\/p>\n<p><strong>REQUISITOS<\/strong>:<\/p>\n<ol>\n<li><a href=\"https:\/\/ambpanama.esteri.it\/wp-content\/uploads\/2023\/11\/formulario_visto_nazionale_-spagnolo.pdf\">Formulario de solicitud de visa Nacional\u00a0<\/a>debidamente diligenciado en todos sus campos y firmado.<\/li>\n<li><strong>Dos fotograf\u00edas<\/strong> (3,5 cm x 4 cm), fondo blanco a color (iguales y recientes) de las cuales una pegada al formulario en el recuadro correspondiente.<\/li>\n<li><strong>Pasaporte vigente<\/strong>\u00a0(con validez de m\u00ednimo 3 meses m\u00e1s de la duraci\u00f3n de la visa) con m\u00ednimo dos p\u00e1ginas libres y\u00a0<strong>copia<\/strong>\u00a0simple\u00a0<strong>del mismo<\/strong>\u00a0(solo de la p\u00e1gina del pasaporte que contiene los datos personales del titular).<\/li>\n<li><strong>Pago de los derechos consulares en efectivo<\/strong><strong>\u00a0<\/strong>(se pagan el d\u00eda de la cita, ver <a href=\"https:\/\/ambpanama.esteri.it\/es\/servizi-consolari-e-visti\/servizi-per-il-cittadino-italiano\/diritti-consolari\/\">Tabla de derechos consulares<\/a>)<\/li>\n<li><strong>Cedula juvenil<\/strong>\u00a0\u2013 para los extranjeros c\u00e9dula de extranjer\u00eda o carnet de residencia vigente (en ambos casos solo copia ampliada y legible).<\/li>\n<li><strong>Original y c<\/strong><strong>opia del \u201c<\/strong><em><strong>Nulla Osta<\/strong><\/em><strong>\u201d<\/strong>\u00a0emitido por la \u201cPrefettura\u201d \u2013 S.U.I. (Sportello Unico Immigrazione).<\/li>\n<li><strong>Acta de nacimiento del hijo\/a que solicita la Visa<\/strong>\u00a0\u2013 debe ser\u00a0entregado en original y copia junto con la\u00a0apostilla, traducci\u00f3n del acta de nacimiento acompa\u00f1ada de la Apostille de la firma del traductor.<\/li>\n<li><strong>Acta de matrimonio de los padres<\/strong>, (si existe matrimonio). Debe ser entregado en original y copia junto con la apostilla\u00a0 y traducci\u00f3n del mismo.<\/li>\n<li><strong>Autorizaci\u00f3n escrita\u00a0<\/strong>hecha por el padre\/madre que vive en Panama o en uno de los Estados de acreditaci\u00f3n que confirme\u00a0<strong>que el\/la menor est\u00e1 autorizado\/a a viajar y residir en Italia<\/strong>. La\u00a0autorizaci\u00f3n\u00a0debe ser realizada ante la autoridad competente en su pa\u00eds de residencia (apostillada y traducida en original y copia). En el caso que ambos padres se encuentran en Italia, dicha autorizaci\u00f3n deber\u00e1 ser realizada ante uno de los Consulados de su pa\u00eds de origen operante en Italia (original y copia). En todos los casos traer el original \u2013 que ser\u00e1 devuelto \u2013 y la copia que se quedar\u00e1 en los archivos de la Embajada.<br \/>\n<strong>Importante<\/strong>: Es\u00a0indispensable\u00a0que aparezca las palabras <strong>\u201cautorizaci\u00f3n a salir del pa\u00eds\u2026 y \u00a0residencia..\u201d\u00a0<\/strong>en la autorizaci\u00f3n de viaje. En caso de que no apareciera, no se podr\u00e1 recibir la solicitud de visa.<\/li>\n<li><strong>Autorizaci\u00f3n de los padres para tramitar la visa de un menor de edad<\/strong> <strong>a una tercera persona<\/strong>. La\u00a0autorizaci\u00f3n\u00a0debe ser realizada ante un notario. En el caso que ambos padres se encuentran en Italia, dicha autorizaci\u00f3n deber\u00e1 ser realizada ante uno de los Consulados de su pa\u00eds de origen operante en Italia. En todos los casos traer el original \u2013 que ser\u00e1 devuelto \u2013 y la copia que se quedar\u00e1 en los archivos de la Embajada.<\/li>\n<li><strong>Reservaci\u00f3n de vuelo\u00a0<\/strong>de ida con destino final Italia. <strong>NOTA<\/strong>: La reserva a\u00e9rea debe ser realizada directamente por la compa\u00f1\u00eda a\u00e9rea o una agencia de viajes en el pa\u00eds de residencia o directamente en Italia (no se aceptan reservas realizadas online).<\/li>\n<\/ol>\n<p><strong>NOTAS IMPORTANTES<\/strong>:<\/p>\n<ul>\n<li><u>El tr\u00e1mite es estrictamente personal. La Embajada no ha autorizado ninguna agencia ni intermediario para los tramites de visa<\/u>.<\/li>\n<li>Se informa que la oficina de Visas no puede recibir la solicitud de la visa hasta tanto la\u00a0<strong>Embajada no reciba el envi\u00f3 telem\u00e1tico del Nulla Osta trasmitido por la Oficina S.U.I. (Prefettura en Italia)<\/strong>.<\/li>\n<li>Se recuerda que el \u00ab<em>Nulla Osta<\/em>\u00bb\u00a0<strong>tiene una validez de 6 meses<\/strong>\u00a0(desde la fecha de emisi\u00f3n S.U.I.)\u00a0<strong>y debe ser utilizado antes que se haya vencido<\/strong>.\u00a0<strong>La Embajada puede recibir la solicitud de visa de personas que reci\u00e9n hayan cumplido la mayor\u00eda de edad, siempre y cuando el \u201cNulla Osta\u201d haya sido emitido antes del cumplimiento de los 18 a\u00f1os<\/strong>.<\/li>\n<li>La falta de alguno de los documentos podr\u00eda implicar el rechazo en la ventanilla de la solicitud de visa.<\/li>\n<li>La Embajada de Italia se reserva el derecho de solicitar la documentaci\u00f3n adicional que estime necesaria a trav\u00e9s del documento denominado \u201c<em><u>Preavviso di Rigetto<\/u><\/em>\u201d que se podr\u00eda emitir unos d\u00edas despu\u00e9s de haber examinado la solicitud de visa.<\/li>\n<li>Siendo la Visa una concesi\u00f3n, aun presentando todos los documentos requeridos, la misma puede ser otorgada o rechazada. En este \u00faltimo caso ser\u00e1 entregado el \u201c<em><u>Provvedimento di Diniego<\/u><\/em>\u201d.<\/li>\n<li>Si la Visa es otorgada, el titular de esta, una vez que llegu\u00e9 a Italia, deber\u00e1 solicitar en los primeros ocho d\u00edas h\u00e1biles, el Permiso de Estad\u00eda (<em><u>Permesso di Soggiorno<\/u><\/em>) ante las Autoridades italianas competentes.<\/li>\n<\/ul>\n","protected":false},"excerpt":{"rendered":"Para obtener informaciones generales sobre esta tipolog\u00eda de VISA visitar la siguiente p\u00e1gina web del Gobierno Italiano:\u00a0vistoperitalia.esteri.it Para qu\u00e9 sirve y qui\u00e9n la puede solicitar: Sirve para reintegraci\u00f3n familiar entre los padres, (ciudadanos extranjeros regularmente residentes en Italia) y el\/la hijo\/a menor de edad que vive en Panama o en uno de los Estados de [&hellip;]","protected":false},"author":1,"featured_media":0,"parent":184,"menu_order":28,"comment_status":"closed","ping_status":"closed","template":"","meta":{"footnotes":""},"class_list":["post-4936","page","type-page","status-publish","hentry"],"_links":{"self":[{"href":"https:\/\/ambpanama.esteri.it\/es\/wp-json\/wp\/v2\/pages\/4936","targetHints":{"allow":["GET"]}}],"collection":[{"href":"https:\/\/ambpanama.esteri.it\/es\/wp-json\/wp\/v2\/pages"}],"about":[{"href":"https:\/\/ambpanama.esteri.it\/es\/wp-json\/wp\/v2\/types\/page"}],"author":[{"embeddable":true,"href":"https:\/\/ambpanama.esteri.it\/es\/wp-json\/wp\/v2\/users\/1"}],"replies":[{"embeddable":true,"href":"https:\/\/ambpanama.esteri.it\/es\/wp-json\/wp\/v2\/comments?post=4936"}],"version-history":[{"count":1,"href":"https:\/\/ambpanama.esteri.it\/es\/wp-json\/wp\/v2\/pages\/4936\/revisions"}],"predecessor-version":[{"id":4939,"href":"https:\/\/ambpanama.esteri.it\/es\/wp-json\/wp\/v2\/pages\/4936\/revisions\/4939"}],"up":[{"embeddable":true,"href":"https:\/\/ambpanama.esteri.it\/es\/wp-json\/wp\/v2\/pages\/184"}],"wp:attachment":[{"href":"https:\/\/ambpanama.esteri.it\/es\/wp-json\/wp\/v2\/media?parent=4936"}],"curies":[{"name":"wp","href":"https:\/\/api.w.org\/{rel}","templated":true}]}}