{"id":4949,"date":"2024-08-12T09:35:57","date_gmt":"2024-08-12T14:35:57","guid":{"rendered":"https:\/\/ambpanama.esteri.it\/servizi-consolari-e-visti\/servizi-per-il-cittadino-straniero\/visti\/visto-per-ricongiungimento-familiare-tra-coniugi\/"},"modified":"2024-08-14T05:48:56","modified_gmt":"2024-08-14T10:48:56","slug":"visto-per-ricongiungimento-familiare-tra-coniugi","status":"publish","type":"page","link":"https:\/\/ambpanama.esteri.it\/es\/servizi-consolari-e-visti\/servizi-per-il-cittadino-straniero\/visti\/visto-per-ricongiungimento-familiare-tra-coniugi\/","title":{"rendered":"Visa de reagrupaci\u00f3n familiar entre c\u00f3nyuges"},"content":{"rendered":"<p>Para obtener informaciones generales sobre esta tipolog\u00eda de VISA visitar la siguiente p\u00e1gina web del Gobierno Italiano:\u00a0<a href=\"http:\/\/vistoperitalia.esteri.it\/\">vistoperitalia.esteri.it<\/a><\/p>\n<p><strong>Para qu\u00e9 sirve y qui\u00e9n la puede solicitar<\/strong>:<\/p>\n<p>Esta visa permite ingresar y residir en Italia a los ciudadanos extranjeros que quieran reagruparse con el c\u00f3nyuge extranjero residente regularmente en Italia.<\/p>\n<p>La visa se puede solicitar con tres meses de antelaci\u00f3n a la fecha de viaje y hasta un mes antes de la fecha de viaje.<\/p>\n<p><strong>Tipo de la visa<\/strong>: \u201cD\u201d Visa de larga duraci\u00f3n, para estad\u00edas superiores a 90 d\u00edas hasta 365 d\u00edas.<\/p>\n<p><strong>REQUISITOS<\/strong>:<\/p>\n<ol>\n<li><a href=\"https:\/\/ambpanama.esteri.it\/wp-content\/uploads\/2023\/11\/formulario_visto_nazionale_-spagnolo.pdf\">Formulario de solicitud de visa Nacional\u00a0<\/a>debidamente diligenciado en todos sus campos y firmado.<\/li>\n<li><strong>Dos fotograf\u00edas<\/strong> (3,5 cm x 4 cm), fondo blanco a color (iguales y recientes) de las cuales una pegada al formulario en el recuadro correspondiente.<\/li>\n<li><strong>Pasaporte vigente<\/strong>\u00a0(con validez de m\u00ednimo 3 meses m\u00e1s de la duraci\u00f3n de la visa) con m\u00ednimo dos p\u00e1ginas libres y\u00a0<strong>copia<\/strong>\u00a0simple\u00a0<strong>del mismo<\/strong>\u00a0(solo de la p\u00e1gina del pasaporte que contiene los datos personales del titular).<\/li>\n<li><strong>Pago de los derechos consulares en efectivo<\/strong><strong>\u00a0<\/strong>(se pagan el d\u00eda de la cita, ver <a href=\"https:\/\/ambpanama.esteri.it\/es\/servizi-consolari-e-visti\/servizi-per-il-cittadino-italiano\/diritti-consolari\/\">tabla de derechos consulares<\/a><strong>)<\/strong><\/li>\n<li><strong>C\u00e9dula <\/strong>\u2013 para los extranjeros c\u00e9dula de extranjer\u00eda o carnet de residencia \u2013 vigente (en ambos casos solo copia ampliada y legible).<\/li>\n<li><strong>Original y copia del \u201c<\/strong><em><strong>Nulla Osta<\/strong><\/em><strong>\u201d<\/strong>\u00a0emitido por la \u201cPrefettura\u201d \u2013 S.U.I. (Sportello Unico Immigrazione). Solicitado por el c\u00f3nyuge residente en Italia.<\/li>\n<li><strong>Acta de Matrimonio<\/strong>. Debe ser\u00a0entregado en original y copia junto con la\u00a0apostilla y t<strong>raducci\u00f3n al italiano<\/strong>, acompa\u00f1ado de la Apostille de la firma del traductor.<\/li>\n<li><strong>Reservaci\u00f3n de vuelo\u00a0<\/strong>de ida con destino final Italia. <strong>NOTA<\/strong>: La reserva a\u00e9rea debe ser realizada directamente por la compa\u00f1\u00eda a\u00e9rea o una agencia de viajes en el pa\u00eds de residencia o directamente en Italia (no se aceptan reservas realizadas online) y debe ser a nombre del solicitante.<\/li>\n<\/ol>\n<p><strong>NOTAS IMPORTANTES<\/strong>:<\/p>\n<ul>\n<li><u>El tr\u00e1mite es estrictamente personal. La Embajada no ha autorizado ninguna agencia ni intermediario para los tramites de visa<\/u>.<\/li>\n<li>Se informa que la oficina de Visas no puede recibir la solicitud de la visa hasta tanto la\u00a0<strong>Embajada no reciba \u00e9l envi\u00f3 telem\u00e1tico del Nulla Osta trasmitido por la Oficina S.U.I. (Prefettura en Italia)<\/strong>.<\/li>\n<li>Se recuerda que el \u00ab<em>Nulla Osta<\/em>\u00bb\u00a0<strong>tiene una validez de 6 meses<\/strong>\u00a0(desde la fecha de emisi\u00f3n S.U.I.)\u00a0<strong>y debe ser utilizado antes que se haya vencido<\/strong>.<\/li>\n<li>La falta de alguno de los documentos podr\u00eda implicar el rechazo en la ventanilla de la solicitud de visa.<\/li>\n<li>La Embajada de Italia se reserva el derecho de solicitar la documentaci\u00f3n adicional que estime necesaria a trav\u00e9s del documento denominado \u201c<em><u>Preavviso di Rigetto<\/u><\/em>\u201d que se podr\u00eda emitir unos d\u00edas despu\u00e9s de haber examinado la solicitud de visa.<\/li>\n<li>Siendo la Visa una concesi\u00f3n, aun presentando todos los documentos requeridos, la misma puede ser otorgada o rechazada. En este \u00faltimo caso ser\u00e1 entregado el \u201c<em><u>Provvedimento di Diniego<\/u><\/em>\u201d.<\/li>\n<li>Si la Visa es otorgada, el titular de esta, una vez que llegue a Italia, deber\u00e1 solicitar en los primeros ocho d\u00edas h\u00e1biles, el Permiso de Estad\u00eda (<em><u>Permesso di Soggiorno<\/u><\/em>) ante las Autoridades italianas competentes.<\/li>\n<\/ul>\n","protected":false},"excerpt":{"rendered":"Para obtener informaciones generales sobre esta tipolog\u00eda de VISA visitar la siguiente p\u00e1gina web del Gobierno Italiano:\u00a0vistoperitalia.esteri.it Para qu\u00e9 sirve y qui\u00e9n la puede solicitar: Esta visa permite ingresar y residir en Italia a los ciudadanos extranjeros que quieran reagruparse con el c\u00f3nyuge extranjero residente regularmente en Italia. La visa se puede solicitar con tres [&hellip;]","protected":false},"author":1,"featured_media":0,"parent":184,"menu_order":30,"comment_status":"closed","ping_status":"closed","template":"","meta":{"footnotes":""},"class_list":["post-4949","page","type-page","status-publish","hentry"],"_links":{"self":[{"href":"https:\/\/ambpanama.esteri.it\/es\/wp-json\/wp\/v2\/pages\/4949","targetHints":{"allow":["GET"]}}],"collection":[{"href":"https:\/\/ambpanama.esteri.it\/es\/wp-json\/wp\/v2\/pages"}],"about":[{"href":"https:\/\/ambpanama.esteri.it\/es\/wp-json\/wp\/v2\/types\/page"}],"author":[{"embeddable":true,"href":"https:\/\/ambpanama.esteri.it\/es\/wp-json\/wp\/v2\/users\/1"}],"replies":[{"embeddable":true,"href":"https:\/\/ambpanama.esteri.it\/es\/wp-json\/wp\/v2\/comments?post=4949"}],"version-history":[{"count":1,"href":"https:\/\/ambpanama.esteri.it\/es\/wp-json\/wp\/v2\/pages\/4949\/revisions"}],"predecessor-version":[{"id":4952,"href":"https:\/\/ambpanama.esteri.it\/es\/wp-json\/wp\/v2\/pages\/4949\/revisions\/4952"}],"up":[{"embeddable":true,"href":"https:\/\/ambpanama.esteri.it\/es\/wp-json\/wp\/v2\/pages\/184"}],"wp:attachment":[{"href":"https:\/\/ambpanama.esteri.it\/es\/wp-json\/wp\/v2\/media?parent=4949"}],"curies":[{"name":"wp","href":"https:\/\/api.w.org\/{rel}","templated":true}]}}