{"id":4964,"date":"2024-08-12T09:40:42","date_gmt":"2024-08-12T14:40:42","guid":{"rendered":"https:\/\/ambpanama.esteri.it\/servizi-consolari-e-visti\/servizi-per-il-cittadino-straniero\/visti\/visto-per-il-ricongiungimento-tra-figli-e-genitori-a-carico\/"},"modified":"2024-08-14T05:52:05","modified_gmt":"2024-08-14T10:52:05","slug":"visto-per-il-ricongiungimento-tra-figli-e-genitori-a-carico","status":"publish","type":"page","link":"https:\/\/ambpanama.esteri.it\/es\/servizi-consolari-e-visti\/servizi-per-il-cittadino-straniero\/visti\/visto-per-il-ricongiungimento-tra-figli-e-genitori-a-carico\/","title":{"rendered":"Visa para reagrupaci\u00f3n entre hijos y padres (menores de 65 a\u00f1os)"},"content":{"rendered":"<p>Para tener informaciones generales sobre esta tipolog\u00eda de VISA visitar el siguiente sitio del Gobierno Italiano:\u00a0<a href=\"http:\/\/vistoperitalia.esteri.it\/\">vistoperitalia.esteri.it<\/a><\/p>\n<p><strong>Para qu\u00e9 sirve y qui\u00e9n la puede solicitar: <\/strong>Sirve para la reagrupaci\u00f3n familiar entre el\u00a0<strong>hijo\/a extranjero*<\/strong>\u00a0(regularmente residenciado en Italia)\u00a0<strong>y el\/los padre\/s<\/strong>\u00a0(que vive regularmente en Panama o en uno de los Estados de acreditaci\u00f3n)\u00a0<strong>que est\u00e1n econ\u00f3micamente a cargo del hijo\/a*<\/strong>.<\/p>\n<p><em>Para el reagrupamiento familiar entre italianos\/ europeo y extranjeros v\u00e9anse las respectivas instrucciones<\/em>.<\/p>\n<p>El tr\u00e1mite empieza en Italia donde el\u00a0<strong>hijo\/a extranjero<\/strong>\u00a0regularmente residenciado en Italia, solicita la Reagrupaci\u00f3n Familiar a la Prefectura (Oficina SUI). Una vez que la Prefectura (<strong>Oficina S.U.I.<\/strong>) haya emitido su AUTORIZACI\u00d3N (\u00ab<em>Nulla Osta\u00bb<\/em>), el\/los padre\/s puede\/den solicitar la visa (previa cita).<\/p>\n<p><strong>Tipo de la visa<\/strong>:\u00a0<em>\u00abD\u00bb Visa de larga duraci\u00f3n, para estad\u00edas superiores a 90 d\u00edas hasta 365 d\u00edas<\/em>.<\/p>\n<p><strong>REQUISITOS<\/strong>:<\/p>\n<ol>\n<li><a href=\"https:\/\/ambpanama.esteri.it\/wp-content\/uploads\/2023\/11\/formulario_visto_nazionale_-spagnolo.pdf\">Formulario de solicitud de visa Nacional\u00a0<\/a>debidamente llenado en todos sus campos y firmado.<\/li>\n<li><strong>Dos fotograf\u00edas<\/strong> (3,5 cm x 4 cm), fondo blanco a color (iguales y recientes).<\/li>\n<li><strong>Pasaporte vigente<\/strong>\u00a0(con validez de m\u00ednimo 3 meses m\u00e1s de la duraci\u00f3n de la visa) con m\u00ednimo dos p\u00e1ginas libres y\u00a0<strong>copia<\/strong>\u00a0simple\u00a0<strong>del mismo<\/strong>\u00a0(solo de la p\u00e1gina del pasaporte que contiene los datos personales del titular).<\/li>\n<li><strong>Pago de los derechos consulares en efectivo (se pagan el d\u00eda de la cita,\u00a0 ver <\/strong><a href=\"https:\/\/ambpanama.esteri.it\/es\/servizi-consolari-e-visti\/servizi-per-il-cittadino-italiano\/diritti-consolari\/\">Tabla de los derechos consulares<\/a><strong>)<\/strong><\/li>\n<li><strong>C\u00e9dula <\/strong>\u2013 para los extranjeros cedula de extranjer\u00eda o carnet de residencia \u2013 vigente (en ambos casos copia ampliada y legible).<\/li>\n<li><strong>Original y copia simple\u00a0del \u201c<\/strong><em><strong>Nulla Osta<\/strong><\/em><strong>\u201d<\/strong>\u00a0emitido por la Prefectura \u2013 S.U.I. (Sportello Unico Immigrazione).<\/li>\n<li><strong>Acto de nacimiento<\/strong>\u00a0del hijo\/a que solicita al S.U.I. la reagrupaci\u00f3n familiar \u2013 debe ser\u00a0<strong>original<\/strong>\u00a0y\u00a0<strong>apostillada por el Ministerio de Relaciones Exteriores del pa\u00eds de origen<\/strong>\u00a0y t<strong>raducci\u00f3n al italiano de acta <\/strong>con apostille de la firma del traductor.<\/li>\n<li><strong>Declaraci\u00f3n jurada<\/strong>\u00a0de composici\u00f3n familiar\u00a0<strong>del solicitante la Visa<\/strong><\/li>\n<li><strong>Demostraci\u00f3n de estar econ\u00f3micamente a cargo del hijo\/a<\/strong>\u00a0que est\u00e1 pidiendo la reagrupaci\u00f3n familiar a trav\u00e9s de transferencia de moneda\/giros bancarios, demostrables y relevantes (seg\u00fan el tenor de vida local), continuas, constantes y prolongadas por un tiempo m\u00ednimo de dos a\u00f1os y efectuadas por el solicitante el Nulla Osta a nombre del progenitor solicitante de la visa.\u00a0Presentar originales y copias.<\/li>\n<\/ol>\n<p><strong>NOTAS IMPORTANTES<\/strong>:<\/p>\n<ul>\n<li>El tr\u00e1mite es estrictamente personal.<\/li>\n<li>Se informa el interesado no puede solicitar la cita sin tener el\u00a0<strong>Nulla Osta emitido por la Oficina S.U.I. (de Italia)<\/strong>.<\/li>\n<li>Se recuerda que el \u00ab<em>Nulla Osta<\/em>\u00bb\u00a0<strong>tiene una validez de 6 meses<\/strong>\u00a0(desde la fecha de emisi\u00f3n S.U.I.)\u00a0<strong>y debe ser utilizado antes que se haya vencido<\/strong>. Por lo tanto, antes de esa fecha se recomienda por lo menos solicitar la cita de Visa a trav\u00e9s de los canales autorizados (POL).<\/li>\n<li>La Embajada se reserva el derecho de pedir otro tipo de documentaci\u00f3n que estime necesaria.<\/li>\n<li>La presentaci\u00f3n de la documentaci\u00f3n solicitada no conlleva necesariamente a la concesi\u00f3n de la visa. La Visa es\u00a0<strong>una concesi\u00f3n<\/strong>, por lo tanto, aun presentando todos los documentos requeridos puede ser otorgada o rechaza. En este \u00faltimo caso ser\u00e1 entregado el \u00abProvvedimento di Diniego\u00bb.<\/li>\n<li>Una vez llegado en Italia con la visa concedida el titular de la misma deber\u00e1 solicitar (en los primeros ocho d\u00edas h\u00e1biles) el Permiso de estad\u00eda (<strong>Permesso di Soggiorno<\/strong>) a las autoridades italianas.<\/li>\n<\/ul>\n","protected":false},"excerpt":{"rendered":"Para tener informaciones generales sobre esta tipolog\u00eda de VISA visitar el siguiente sitio del Gobierno Italiano:\u00a0vistoperitalia.esteri.it Para qu\u00e9 sirve y qui\u00e9n la puede solicitar: Sirve para la reagrupaci\u00f3n familiar entre el\u00a0hijo\/a extranjero*\u00a0(regularmente residenciado en Italia)\u00a0y el\/los padre\/s\u00a0(que vive regularmente en Panama o en uno de los Estados de acreditaci\u00f3n)\u00a0que est\u00e1n econ\u00f3micamente a cargo del hijo\/a*. [&hellip;]","protected":false},"author":1,"featured_media":0,"parent":184,"menu_order":32,"comment_status":"closed","ping_status":"closed","template":"","meta":{"footnotes":""},"class_list":["post-4964","page","type-page","status-publish","hentry"],"_links":{"self":[{"href":"https:\/\/ambpanama.esteri.it\/es\/wp-json\/wp\/v2\/pages\/4964","targetHints":{"allow":["GET"]}}],"collection":[{"href":"https:\/\/ambpanama.esteri.it\/es\/wp-json\/wp\/v2\/pages"}],"about":[{"href":"https:\/\/ambpanama.esteri.it\/es\/wp-json\/wp\/v2\/types\/page"}],"author":[{"embeddable":true,"href":"https:\/\/ambpanama.esteri.it\/es\/wp-json\/wp\/v2\/users\/1"}],"replies":[{"embeddable":true,"href":"https:\/\/ambpanama.esteri.it\/es\/wp-json\/wp\/v2\/comments?post=4964"}],"version-history":[{"count":1,"href":"https:\/\/ambpanama.esteri.it\/es\/wp-json\/wp\/v2\/pages\/4964\/revisions"}],"predecessor-version":[{"id":4966,"href":"https:\/\/ambpanama.esteri.it\/es\/wp-json\/wp\/v2\/pages\/4964\/revisions\/4966"}],"up":[{"embeddable":true,"href":"https:\/\/ambpanama.esteri.it\/es\/wp-json\/wp\/v2\/pages\/184"}],"wp:attachment":[{"href":"https:\/\/ambpanama.esteri.it\/es\/wp-json\/wp\/v2\/media?parent=4964"}],"curies":[{"name":"wp","href":"https:\/\/api.w.org\/{rel}","templated":true}]}}