{"id":5047,"date":"2024-08-12T10:56:41","date_gmt":"2024-08-12T15:56:41","guid":{"rendered":"https:\/\/ambpanama.esteri.it\/servizi-consolari-e-visti\/servizi-per-il-cittadino-italiano\/pensioni-e-sicurezza-sociale\/patronati\/"},"modified":"2024-09-19T10:05:24","modified_gmt":"2024-09-19T15:05:24","slug":"patronati","status":"publish","type":"page","link":"https:\/\/ambpanama.esteri.it\/es\/servizi-consolari-e-visti\/servizi-per-il-cittadino-italiano\/pensioni-e-sicurezza-sociale\/patronati\/","title":{"rendered":"Patronati"},"content":{"rendered":"<p style=\"text-align: justify;\"><strong>PATRONATI<\/strong><\/p>\n<p style=\"text-align: justify;\">Los Patronatos est\u00e1n al servicio de los trabajadores y ciudadanos para proporcionar una efectiva actividad de asesoramiento y orientaci\u00f3n, preparaci\u00f3n y env\u00edo de todos los tr\u00e1mites de pensi\u00f3n y previsi\u00f3n, realizando todos los requisitos necesarios y protegiendo al ciudadano frente al INPS, INPDAP, INAIL, administraciones p\u00fablicas y entidades locales, para la obtenci\u00f3n de sus derechos.<\/p>\n<p style=\"text-align: justify;\">A continuaci\u00f3n se enumeran algunos de los servicios prestados gratuitamente por los patronatos:<\/p>\n<ul style=\"text-align: justify;\">\n<li>Verificaci\u00f3n de la posici\u00f3n asegurativa, rescate del trabajo en el extranjero y t\u00edtulos universitarios.<\/li>\n<li>Solicitudes de pensi\u00f3n.<\/li>\n<li>Aumento social y recalculo de pensi\u00f3n.<\/li>\n<li>Asignaciones familiares.<\/li>\n<li>Solicitud y acreditaci\u00f3n del certificado de servicio militar, guerra o prisi\u00f3n.<\/li>\n<\/ul>\n<p style=\"text-align: justify;\">Se comunica a todos los connazionales inscritos en el AIRE en la circunscripci\u00f3n consular de la Embajada de Italia en Panam\u00e1 que pueden dirigirse directamente al patronato ENCAL-CISAL de Santo Domingo.<\/p>\n<p style=\"text-align: justify;\"><strong>PATRONATO ENCAL-CISAL<\/strong><\/p>\n<ul>\n<li style=\"text-align: justify;\">Encargado: ALDO BURZATTA<\/li>\n<li style=\"text-align: justify;\">Direcci\u00f3n: Calle Rodriguez Obijo, 5 \u2013 Apt 101 Edificio Aida \u2013 Gazcue, Santo Domingo<\/li>\n<li style=\"text-align: justify;\">Telefono: (+1) 809 688 8770<\/li>\n<li style=\"text-align: justify;\">Whatsapp: (+1) 809 856 5026 (solo chat no llamadas)<\/li>\n<li style=\"text-align: justify;\">E-mail: <a href=\"mailto:santodomingo@encalcisal.org\">santodomingo@encalcisal.org<\/a>;<\/li>\n<li style=\"text-align: justify;\">Facebook: <a href=\"https:\/\/www.facebook.com\/Encal.Cisal.Santo.Domingo\" target=\"_blank\" rel=\"noopener\">https:\/\/www.facebook.com\/Encal.Cisal.Santo.Domingo<\/a><\/li>\n<\/ul>\n","protected":false},"excerpt":{"rendered":"PATRONATI Los Patronatos est\u00e1n al servicio de los trabajadores y ciudadanos para proporcionar una efectiva actividad de asesoramiento y orientaci\u00f3n, preparaci\u00f3n y env\u00edo de todos los tr\u00e1mites de pensi\u00f3n y previsi\u00f3n, realizando todos los requisitos necesarios y protegiendo al ciudadano frente al INPS, INPDAP, INAIL, administraciones p\u00fablicas y entidades locales, para la obtenci\u00f3n de sus [&hellip;]","protected":false},"author":4,"featured_media":0,"parent":177,"menu_order":0,"comment_status":"closed","ping_status":"closed","template":"","meta":{"footnotes":""},"class_list":["post-5047","page","type-page","status-publish","hentry"],"_links":{"self":[{"href":"https:\/\/ambpanama.esteri.it\/es\/wp-json\/wp\/v2\/pages\/5047","targetHints":{"allow":["GET"]}}],"collection":[{"href":"https:\/\/ambpanama.esteri.it\/es\/wp-json\/wp\/v2\/pages"}],"about":[{"href":"https:\/\/ambpanama.esteri.it\/es\/wp-json\/wp\/v2\/types\/page"}],"author":[{"embeddable":true,"href":"https:\/\/ambpanama.esteri.it\/es\/wp-json\/wp\/v2\/users\/4"}],"replies":[{"embeddable":true,"href":"https:\/\/ambpanama.esteri.it\/es\/wp-json\/wp\/v2\/comments?post=5047"}],"version-history":[{"count":2,"href":"https:\/\/ambpanama.esteri.it\/es\/wp-json\/wp\/v2\/pages\/5047\/revisions"}],"predecessor-version":[{"id":6347,"href":"https:\/\/ambpanama.esteri.it\/es\/wp-json\/wp\/v2\/pages\/5047\/revisions\/6347"}],"up":[{"embeddable":true,"href":"https:\/\/ambpanama.esteri.it\/es\/wp-json\/wp\/v2\/pages\/177"}],"wp:attachment":[{"href":"https:\/\/ambpanama.esteri.it\/es\/wp-json\/wp\/v2\/media?parent=5047"}],"curies":[{"name":"wp","href":"https:\/\/api.w.org\/{rel}","templated":true}]}}