{"id":5057,"date":"2024-08-12T11:13:01","date_gmt":"2024-08-12T16:13:01","guid":{"rendered":"https:\/\/ambpanama.esteri.it\/servizi-consolari-e-visti\/servizi-per-il-cittadino-italiano\/pensioni-e-sicurezza-sociale\/esistenza-in-vita\/"},"modified":"2024-09-19T10:06:11","modified_gmt":"2024-09-19T15:06:11","slug":"esistenza-in-vita","status":"publish","type":"page","link":"https:\/\/ambpanama.esteri.it\/es\/servizi-consolari-e-visti\/servizi-per-il-cittadino-italiano\/pensioni-e-sicurezza-sociale\/esistenza-in-vita\/","title":{"rendered":"Existencia en vida"},"content":{"rendered":"<header class=\"entry-header\"><span style=\"font-size: 16px;\">Cada a\u00f1o, <a href=\"https:\/\/www.inps.it\/\">l\u2019INPS <\/a>\u00a0<\/span>lleva a cabo una campa\u00f1a para verificar la existencia en vida de los pensionistas, gestionada por CITIBANK. Los interesados recibir\u00e1n un formulario de CITIBANK que deber\u00e1n completar y entregar junto con una copia de un documento de identidad italiano en vigor, acudiendo personalmente a la Embajada durante el horario de atenci\u00f3n al p\u00fablico.<\/header>\n<header><\/header>\n<header><\/header>\n<header><\/header>\n<div class=\"entry-content\" style=\"text-align: justify;\">\n<table class=\"table\" width=\"723\">\n<tbody>\n<tr>\n<td><strong>Horario de aperutra al p\u00fablico:<\/strong><\/td>\n<\/tr>\n<\/tbody>\n<\/table>\n<table class=\"table\" width=\"723\" frame=\"border\" rules=\"all\">\n<tbody>\n<tr>\n<td>lunes \u2013 miercoles \u2013 viernes 9.00 \u2013 12.30<br \/>\nmartes y jueves 13.30 \u2013 15.00<\/td>\n<\/tr>\n<\/tbody>\n<\/table>\n<\/div>\n","protected":false},"excerpt":{"rendered":"Cada a\u00f1o, l\u2019INPS \u00a0lleva a cabo una campa\u00f1a para verificar la existencia en vida de los pensionistas, gestionada por CITIBANK. Los interesados recibir\u00e1n un formulario de CITIBANK que deber\u00e1n completar y entregar junto con una copia de un documento de identidad italiano en vigor, acudiendo personalmente a la Embajada durante el horario de atenci\u00f3n al [&hellip;]","protected":false},"author":4,"featured_media":0,"parent":177,"menu_order":1,"comment_status":"closed","ping_status":"closed","template":"","meta":{"footnotes":""},"class_list":["post-5057","page","type-page","status-publish","hentry"],"_links":{"self":[{"href":"https:\/\/ambpanama.esteri.it\/es\/wp-json\/wp\/v2\/pages\/5057","targetHints":{"allow":["GET"]}}],"collection":[{"href":"https:\/\/ambpanama.esteri.it\/es\/wp-json\/wp\/v2\/pages"}],"about":[{"href":"https:\/\/ambpanama.esteri.it\/es\/wp-json\/wp\/v2\/types\/page"}],"author":[{"embeddable":true,"href":"https:\/\/ambpanama.esteri.it\/es\/wp-json\/wp\/v2\/users\/4"}],"replies":[{"embeddable":true,"href":"https:\/\/ambpanama.esteri.it\/es\/wp-json\/wp\/v2\/comments?post=5057"}],"version-history":[{"count":3,"href":"https:\/\/ambpanama.esteri.it\/es\/wp-json\/wp\/v2\/pages\/5057\/revisions"}],"predecessor-version":[{"id":6349,"href":"https:\/\/ambpanama.esteri.it\/es\/wp-json\/wp\/v2\/pages\/5057\/revisions\/6349"}],"up":[{"embeddable":true,"href":"https:\/\/ambpanama.esteri.it\/es\/wp-json\/wp\/v2\/pages\/177"}],"wp:attachment":[{"href":"https:\/\/ambpanama.esteri.it\/es\/wp-json\/wp\/v2\/media?parent=5057"}],"curies":[{"name":"wp","href":"https:\/\/api.w.org\/{rel}","templated":true}]}}