{"id":5242,"date":"2023-09-25T15:27:52","date_gmt":"2023-09-25T20:27:52","guid":{"rendered":"https:\/\/ambpanama.esteri.it\/amministrazione-trasparente\/bandi-di-concorso\/"},"modified":"2025-04-07T08:57:18","modified_gmt":"2025-04-07T13:57:18","slug":"bandi-di-concorso","status":"publish","type":"page","link":"https:\/\/ambpanama.esteri.it\/es\/amministrazione-trasparente\/bandi-di-concorso\/","title":{"rendered":"Bandi di concorso"},"content":{"rendered":"<p><strong>2019<\/strong>: Procedimiento de selecci\u00f3n para la contrataci\u00f3n de 1 empleado.<\/p>\n<p><a href=\"https:\/\/ambpanama.esteri.it\/wp-content\/uploads\/2023\/11\/avviso_di_assunzione_2019.pdf\">Anuncio de contrataci\u00f3n<\/a><\/p>\n<p><strong>2020<\/strong>:La Embajada no public\u00f3 anuncios de concurso<\/p>\n<p><strong>2021<\/strong>: Procedimiento de selecci\u00f3n para la contrataci\u00f3n de 1 empleado.<\/p>\n<p><a href=\"https:\/\/ambpanama.esteri.it\/wp-content\/uploads\/2023\/11\/bando_concorso_2021.pdf\">Anuncio de contrataci\u00f3n<\/a><\/p>\n<p><a href=\"https:\/\/ambpanama.esteri.it\/wp-content\/uploads\/2023\/11\/delega_nomina_presidente_2021.pdf\">Acto de delegaci\u00f3n del Presidente de la Comisi\u00f3n<\/a><\/p>\n<p><a href=\"https:\/\/ambpanama.esteri.it\/wp-content\/uploads\/2023\/11\/graduatoria_concorso_2021.pdf\">Clasificaci\u00f3n final de los candidatos<\/a><\/p>\n<p><strong>2022<\/strong>: Procedimiento de selecci\u00f3n para la contrataci\u00f3n de 1 empleado.<\/p>\n<p><a href=\"https:\/\/ambpanama.esteri.it\/wp-content\/uploads\/2023\/11\/avviso_di_assunzione_2022.pdf\">Anuncio de contrataci\u00f3n<\/a><\/p>\n<p><a href=\"https:\/\/ambpanama.esteri.it\/wp-content\/uploads\/2023\/11\/graduatoria_finale_2022.pdf\">Clasificaci\u00f3n final de los candidatos<\/a><\/p>\n<p><strong>2023<\/strong>: Procedimiento de selecci\u00f3n para la contrataci\u00f3n de 1 empleado.<\/p>\n<p><a href=\"https:\/\/ambpanama.esteri.it\/wp-content\/uploads\/2023\/11\/avviso_di_assunzione_2023.pdf\">Anuncio de contrataci\u00f3n<\/a><\/p>\n<p><a href=\"https:\/\/ambpanama.esteri.it\/wp-content\/uploads\/2023\/11\/atto_di_delega_a_presidente_2023.pdf\">Acto de delegaci\u00f3n del Presidente de la Comisi\u00f3n<\/a><\/p>\n<p><a href=\"https:\/\/ambpanama.esteri.it\/wp-content\/uploads\/2023\/11\/graduatoria_finale_2023.pdf\">Clasificaci\u00f3n final de los candidatos<\/a><\/p>\n<p><strong>2024<\/strong>: Procedimiento de selecci\u00f3n para la contrataci\u00f3n de 1 empleado.<\/p>\n<p><a href=\"https:\/\/ambpanama.esteri.it\/wp-content\/uploads\/2024\/06\/Avviso-di-assunzione-di-impiegati-a-contratto.pdf\">Anuncio de contrataci\u00f3n<\/a><\/p>\n<p><a href=\"https:\/\/ambpanama.esteri.it\/wp-content\/uploads\/2025\/03\/Graduatoria-con-data-di-pubblicazione_1.pdf\">Clasificaci\u00f3n final de los candidatos<\/a><\/p>\n<p>&nbsp;<\/p>\n<p>Actualizado al 18 marzo 2025<\/p>\n","protected":false},"excerpt":{"rendered":"2019: Procedimiento de selecci\u00f3n para la contrataci\u00f3n de 1 empleado. Anuncio de contrataci\u00f3n 2020:La Embajada no public\u00f3 anuncios de concurso 2021: Procedimiento de selecci\u00f3n para la contrataci\u00f3n de 1 empleado. Anuncio de contrataci\u00f3n Acto de delegaci\u00f3n del Presidente de la Comisi\u00f3n Clasificaci\u00f3n final de los candidatos 2022: Procedimiento de selecci\u00f3n para la contrataci\u00f3n de 1 [&hellip;]","protected":false},"author":1,"featured_media":0,"parent":191,"menu_order":2,"comment_status":"closed","ping_status":"closed","template":"","meta":{"footnotes":""},"class_list":["post-5242","page","type-page","status-publish","hentry"],"_links":{"self":[{"href":"https:\/\/ambpanama.esteri.it\/es\/wp-json\/wp\/v2\/pages\/5242","targetHints":{"allow":["GET"]}}],"collection":[{"href":"https:\/\/ambpanama.esteri.it\/es\/wp-json\/wp\/v2\/pages"}],"about":[{"href":"https:\/\/ambpanama.esteri.it\/es\/wp-json\/wp\/v2\/types\/page"}],"author":[{"embeddable":true,"href":"https:\/\/ambpanama.esteri.it\/es\/wp-json\/wp\/v2\/users\/1"}],"replies":[{"embeddable":true,"href":"https:\/\/ambpanama.esteri.it\/es\/wp-json\/wp\/v2\/comments?post=5242"}],"version-history":[{"count":6,"href":"https:\/\/ambpanama.esteri.it\/es\/wp-json\/wp\/v2\/pages\/5242\/revisions"}],"predecessor-version":[{"id":7618,"href":"https:\/\/ambpanama.esteri.it\/es\/wp-json\/wp\/v2\/pages\/5242\/revisions\/7618"}],"up":[{"embeddable":true,"href":"https:\/\/ambpanama.esteri.it\/es\/wp-json\/wp\/v2\/pages\/191"}],"wp:attachment":[{"href":"https:\/\/ambpanama.esteri.it\/es\/wp-json\/wp\/v2\/media?parent=5242"}],"curies":[{"name":"wp","href":"https:\/\/api.w.org\/{rel}","templated":true}]}}