{"id":5282,"date":"2023-09-25T15:29:43","date_gmt":"2023-09-25T20:29:43","guid":{"rendered":"https:\/\/ambpanama.esteri.it\/amministrazione-trasparente\/sovvenzioni-contributi-sussidi-vantaggi-economici\/"},"modified":"2024-08-14T09:35:38","modified_gmt":"2024-08-14T14:35:38","slug":"sovvenzioni-contributi-sussidi-vantaggi-economici","status":"publish","type":"page","link":"https:\/\/ambpanama.esteri.it\/es\/amministrazione-trasparente\/sovvenzioni-contributi-sussidi-vantaggi-economici\/","title":{"rendered":"Sovvenzioni, contributi, sussidi, vantaggi economici"},"content":{"rendered":"<p>2018: <a href=\"https:\/\/ambpanama.esteri.it\/wp-content\/uploads\/2023\/11\/2018_-_sussidi_e_prestiti_ambasciata_ditalia_panama.xls\">Subvenciones, contribuciones, subsidios, ventajas econ\u00f3micas<\/a><\/p>\n<p>2019: <a href=\"https:\/\/ambpanama.esteri.it\/wp-content\/uploads\/2023\/11\/2019_-_sussidi_e_prestiti_ambasciata_ditalia_panama.xls\">Subvenciones, contribuciones, subsidios, ventajas econ\u00f3micas<\/a><\/p>\n<p>2020: <a href=\"https:\/\/ambpanama.esteri.it\/wp-content\/uploads\/2023\/11\/2020__sussidi_e_prestiti_ambasciata_ditalia_panama.xls\">Subvenciones, contribuciones, subsidios, ventajas econ\u00f3micas<\/a><\/p>\n<p>2021: <a href=\"https:\/\/ambpanama.esteri.it\/wp-content\/uploads\/2023\/11\/2021_-_sussidi_e_prestiti_ambasciata_ditalia_panama.xls\">Subvenciones, contribuciones, subsidios, ventajas econ\u00f3micas<\/a><\/p>\n<p>2022: <a href=\"https:\/\/ambpanama.esteri.it\/wp-content\/uploads\/2024\/08\/2022_-Sussidi-e-prestiti-Ambasciata-ditalia-Panama.xls\">Subvenciones, contribuciones, subsidios, ventajas econ\u00f3micas<\/a><\/p>\n<p>2023: <a href=\"https:\/\/ambpanama.esteri.it\/wp-content\/uploads\/2024\/08\/2023_-Sussidi-e-prestiti-Ambasciata-dItalia-Panama.xls\">Subvenciones, contribuciones, subsidios, ventajas econ\u00f3micas<\/a><\/p>\n<p>&nbsp;<\/p>\n<p><em>Actualizado al 14 agosto 2024<\/em><\/p>\n","protected":false},"excerpt":{"rendered":"2018: Subvenciones, contribuciones, subsidios, ventajas econ\u00f3micas 2019: Subvenciones, contribuciones, subsidios, ventajas econ\u00f3micas 2020: Subvenciones, contribuciones, subsidios, ventajas econ\u00f3micas 2021: Subvenciones, contribuciones, subsidios, ventajas econ\u00f3micas 2022: Subvenciones, contribuciones, subsidios, ventajas econ\u00f3micas 2023: Subvenciones, contribuciones, subsidios, ventajas econ\u00f3micas &nbsp; Actualizado al 14 agosto 2024","protected":false},"author":1,"featured_media":0,"parent":191,"menu_order":8,"comment_status":"closed","ping_status":"closed","template":"","meta":{"footnotes":""},"class_list":["post-5282","page","type-page","status-publish","hentry"],"_links":{"self":[{"href":"https:\/\/ambpanama.esteri.it\/es\/wp-json\/wp\/v2\/pages\/5282","targetHints":{"allow":["GET"]}}],"collection":[{"href":"https:\/\/ambpanama.esteri.it\/es\/wp-json\/wp\/v2\/pages"}],"about":[{"href":"https:\/\/ambpanama.esteri.it\/es\/wp-json\/wp\/v2\/types\/page"}],"author":[{"embeddable":true,"href":"https:\/\/ambpanama.esteri.it\/es\/wp-json\/wp\/v2\/users\/1"}],"replies":[{"embeddable":true,"href":"https:\/\/ambpanama.esteri.it\/es\/wp-json\/wp\/v2\/comments?post=5282"}],"version-history":[{"count":2,"href":"https:\/\/ambpanama.esteri.it\/es\/wp-json\/wp\/v2\/pages\/5282\/revisions"}],"predecessor-version":[{"id":5286,"href":"https:\/\/ambpanama.esteri.it\/es\/wp-json\/wp\/v2\/pages\/5282\/revisions\/5286"}],"up":[{"embeddable":true,"href":"https:\/\/ambpanama.esteri.it\/es\/wp-json\/wp\/v2\/pages\/191"}],"wp:attachment":[{"href":"https:\/\/ambpanama.esteri.it\/es\/wp-json\/wp\/v2\/media?parent=5282"}],"curies":[{"name":"wp","href":"https:\/\/api.w.org\/{rel}","templated":true}]}}