{"id":5733,"date":"2024-08-21T12:03:45","date_gmt":"2024-08-21T17:03:45","guid":{"rendered":"https:\/\/ambpanama.esteri.it\/servizi-consolari-e-visti\/servizi-per-il-cittadino-italiano\/passaporti-e-carte-didentita\/requisiti-per-i-cittadini-maggiorenni\/"},"modified":"2025-06-27T15:01:55","modified_gmt":"2025-06-27T20:01:55","slug":"requisiti-per-i-cittadini-maggiorenni","status":"publish","type":"page","link":"https:\/\/ambpanama.esteri.it\/es\/servizi-consolari-e-visti\/servizi-per-il-cittadino-italiano\/passaporti-e-carte-didentita\/requisiti-per-i-cittadini-maggiorenni\/","title":{"rendered":"Pasaporte para ciudadanos mayores de 18 a\u00f1os"},"content":{"rendered":"<blockquote><p>Se avisa a los ciudadanos italianos residentes en los<strong> Pa\u00edses de Acreditaci\u00f3n<\/strong> secundaria que deben viajar a Panam\u00e1 para acceder a los servicios consulares prestados por esta Embajada de Italia. De acuerdo con la legislaci\u00f3n local, para ingresar a Panam\u00e1 es necesario que el pasaporte extranjero tenga una validez m\u00ednima de <strong>tres meses adicionales a la duraci\u00f3n del viaje previsto.<\/strong><\/p><\/blockquote>\n<p><strong>Documentos a presentar para pasaporte para ciudadanos mayores de 18 a\u00f1os<\/strong><\/p>\n<ul style=\"text-align: justify;\">\n<li>Present\u00e1ndose el ciudadano italiano en la Embajada de Italia en Panam\u00e1 previa cita online para \u201cpasaporte\u201d a trav\u00e9s del portal\u00a0<a href=\"https:\/\/prenotami.esteri.it\/\">Prenot@mi<\/a> <strong>IMPORTANTE<\/strong>: En el portal\u00a0Prenot@mi \u00a0se permiten citas individuales o m\u00faltiples, siempre y cuando est\u00e9n disponibles. Se aclara que las citas m\u00faltiples <strong>SOLO<\/strong> son aplicables para los menores de edad, y deben ser reservadas directamente por uno de los padres.<\/li>\n<li>Documento de reconocimiento v\u00e1lido; los compatriotas que ya poseen un pasaporte italiano, deben presentar el pasaporte anterior que ser\u00e1 anulado;<\/li>\n<li>pago del servicio consular en efectivo del art.<strong>27\u00a0<\/strong><em>rilascio art.27 (A+B)\u00a0<\/em>de la tabla de\u00a0<a href=\"https:\/\/ambpanama.esteri.it\/es\/servizi-consolari-e-visti\/servizi-per-il-cittadino-italiano\/diritti-consolari\/\">derechos consulares<\/a>. (Las tarifas mencionadas cambian trimestralmente, por tanto, verifique el monto a pagar antes de presentarse el dia de la cita);<\/li>\n<\/ul>\n<p><strong>Documentos que deben presentar los ciudadanos con hijos menores de edad<\/strong><\/p>\n<p>Si el solicitante tiene hijos menores de edad, se debe completar una <a href=\"https:\/\/ambpanama.esteri.it\/wp-content\/uploads\/2025\/06\/dichiarazione_assenza_ostative_passaporto-2.pdf\">declaraci\u00f3n sustitutiva<\/a> de certificaci\u00f3n sobre la ausencia de medidas que puedan impedir la expedici\u00f3n del pasaporte (seg\u00fan las disposiciones contenidas en el art. 20 del Decreto Ley n. 69 de 13 de junio 2023).<\/p>\n<p>Para m\u00e1s informaci\u00f3n sobre el acto de consentimiento, por favor, consulte la legislaci\u00f3n vigente en el siguiente enlace: <a href=\"https:\/\/ambpanama.esteri.it\/es\/servizi-consolari-e-visti\/servizi-per-il-cittadino-italiano\/passaporti-e-carte-didentita\/atto-di-assenso\/\">Acto de Consentimiento<\/a><\/p>\n<p>En caso d<strong>e robo o p\u00e9rdida del pasaporte,<\/strong>\u00a0los interesados deben reservar la cita a trav\u00e9s del servicio Reservar y presentar la denuncia de robo entregada ante las Autoridades de Polic\u00eda del lugar, en la que se indique la Entidad que emiti\u00f3 el documento y, si es posible, su n\u00famero y fecha de expedici\u00f3n.<\/p>\n<p style=\"text-align: justify;\">Se informa a los connacionales residentes en la circunscripci\u00f3n consular de Panama (<em>competente para las islas: Antigua e Barbuda, Barbados, Dominica, Grenada, Guyana, Saint Kitts e Nevis, Saint Lucia, Saint Vincent e Grenadine, Trinidad e Tobago<\/em>) que\u00a0<strong>a partir del 30 de mayo 2023<\/strong>\u00a0el servicio de retiro de pasaporte se efectuar\u00e1 en la ventanilla de esta canciller\u00eda consular\u00a0<strong>SOLO<\/strong>\u00a0los dias viernes de cada semana\u00a0<strong>en el siguiente horario desde las 9:00 \u2013 12:30<\/strong>. Se recuerda a los usuarios que para el retiro del pasaporte deben de traer los siguientes documentos seg\u00fan el caso:<\/p>\n<ul style=\"text-align: justify;\">\n<li><strong>Pasaporte anterior<\/strong> (para anular el mismo, si es el caso) y recibo de pago de la emisi\u00f3n\/renovaci\u00f3n del pasaporte<\/li>\n<li>En caso de que el pasaporte sea retirado por una tercera persona, la misma deber\u00e1 presentar: <strong>poder<\/strong>\u00a0<strong>notariado en original<\/strong> en el que el interesado indique: sus datos personales, los de la persona apoderada y exactamente el servicio solicitado, Pasaporte anterior (para anular el mismo, si es el caso) y recibo de pago de la emisi\u00f3n\/renovaci\u00f3n del pasaporte<\/li>\n<\/ul>\n<p style=\"text-align: justify;\">Cabe se\u00f1alar que la informaci\u00f3n anterior est\u00e1 sujeta a cambios con base a las urgencias de esta canciller\u00eda consular. No obstante, se informar\u00e1 oportunamente a los usuarios sobre los eventuales cambios.<\/p>\n<p style=\"text-align: justify;\"><strong>Se recuerda que la Embajada no utiliza los servicios de colaboradores, agencias o intermediarios externos para la gesti\u00f3n de tramites consulares.<\/strong><\/p>\n","protected":false},"excerpt":{"rendered":"Se avisa a los ciudadanos italianos residentes en los Pa\u00edses de Acreditaci\u00f3n secundaria que deben viajar a Panam\u00e1 para acceder a los servicios consulares prestados por esta Embajada de Italia. De acuerdo con la legislaci\u00f3n local, para ingresar a Panam\u00e1 es necesario que el pasaporte extranjero tenga una validez m\u00ednima de tres meses adicionales a [&hellip;]","protected":false},"author":4,"featured_media":0,"parent":171,"menu_order":0,"comment_status":"closed","ping_status":"closed","template":"","meta":{"footnotes":""},"class_list":["post-5733","page","type-page","status-publish","hentry"],"_links":{"self":[{"href":"https:\/\/ambpanama.esteri.it\/es\/wp-json\/wp\/v2\/pages\/5733","targetHints":{"allow":["GET"]}}],"collection":[{"href":"https:\/\/ambpanama.esteri.it\/es\/wp-json\/wp\/v2\/pages"}],"about":[{"href":"https:\/\/ambpanama.esteri.it\/es\/wp-json\/wp\/v2\/types\/page"}],"author":[{"embeddable":true,"href":"https:\/\/ambpanama.esteri.it\/es\/wp-json\/wp\/v2\/users\/4"}],"replies":[{"embeddable":true,"href":"https:\/\/ambpanama.esteri.it\/es\/wp-json\/wp\/v2\/comments?post=5733"}],"version-history":[{"count":7,"href":"https:\/\/ambpanama.esteri.it\/es\/wp-json\/wp\/v2\/pages\/5733\/revisions"}],"predecessor-version":[{"id":7961,"href":"https:\/\/ambpanama.esteri.it\/es\/wp-json\/wp\/v2\/pages\/5733\/revisions\/7961"}],"up":[{"embeddable":true,"href":"https:\/\/ambpanama.esteri.it\/es\/wp-json\/wp\/v2\/pages\/171"}],"wp:attachment":[{"href":"https:\/\/ambpanama.esteri.it\/es\/wp-json\/wp\/v2\/media?parent=5733"}],"curies":[{"name":"wp","href":"https:\/\/api.w.org\/{rel}","templated":true}]}}