{"id":5740,"date":"2024-08-21T14:12:13","date_gmt":"2024-08-21T19:12:13","guid":{"rendered":"https:\/\/ambpanama.esteri.it\/servizi-consolari-e-visti\/servizi-per-il-cittadino-italiano\/passaporti-e-carte-didentita\/5707-2\/"},"modified":"2025-10-21T14:49:13","modified_gmt":"2025-10-21T19:49:13","slug":"5707-2","status":"publish","type":"page","link":"https:\/\/ambpanama.esteri.it\/es\/servizi-consolari-e-visti\/servizi-per-il-cittadino-italiano\/passaporti-e-carte-didentita\/5707-2\/","title":{"rendered":"Pasaporte para ciudadanos menores de 18 a\u00f1os"},"content":{"rendered":"<blockquote><p>Se avisa a los ciudadanos italianos residentes en los<strong> Pa\u00edses de Acreditaci\u00f3n<\/strong> secundaria que deben viajar a Panam\u00e1 para acceder a los servicios consulares prestados por esta Embajada de Italia. De acuerdo con la legislaci\u00f3n local, para ingresar a Panam\u00e1 es necesario que el pasaporte extranjero tenga una validez m\u00ednima de <strong>tres meses adicionales a la duraci\u00f3n del viaje previsto.<\/strong><\/p><\/blockquote>\n<p><strong>Pasaporte para ciudadanos menores de 18 a\u00f1os<\/strong><\/p>\n<ul style=\"text-align: justify;\">\n<li>Presentando al menor acompa\u00f1ado con ambos padres en la Embajada de Italia en Panam\u00e1 previa cita online para \u00ab<strong>pasaporte<\/strong>\u00bb a trav\u00e9s del portal <a href=\"https:\/\/prenotami.esteri.it\/\">Prenot@mi<\/a> <strong>IMPORTANTE: <\/strong>En el portal\u00a0Prenot@mi\u00a0\u00a0se permiten citas individuales o m\u00faltiples, siempre y cuando est\u00e9n disponibles. Se aclara que las citas m\u00faltiples solo son aplicables para los menores de edad, y deben ser reservadas directamente por uno de los padres.<\/li>\n<li>Los solicitantes de 12 a\u00f1os de edad o m\u00e1s, ser\u00e1 necesario realizar la toma de huellas dactilares,<\/li>\n<li>El pasaporte expedido a un menor no cambia al alcanzar la mayor\u00eda de edad y sigue siendo v\u00e1lido hasta su vencimiento.<\/li>\n<\/ul>\n<p style=\"text-align: justify;\"><strong>Requisitos para pasaporte para ciudadanos menores de 18 a\u00f1os<\/strong><\/p>\n<ul style=\"text-align: justify;\">\n<li>Documentos de identidad: de padres e hijos menores; los menores que ya posean un pasaporte italiano deber\u00e1n presentar en la cita el pasaporte anterior que ser\u00e1 anulado;<\/li>\n<li><strong>Para los menores de 8 a\u00f1os<\/strong> n. 2 fotograf\u00edas 4 x 4, fondo blanco, frontal y reciente;<\/li>\n<li>pago del servicio consular en efectivo del\u00a0<strong>art.27<\/strong>\u00a0<em>rilascio art.27 (A+B<\/em>) de la tabla de\u00a0<a href=\"https:\/\/ambpanama.esteri.it\/es\/servizi-consolari-e-visti\/servizi-per-il-cittadino-italiano\/diritti-consolari\/\">derechos consulares<\/a>. (Las tarifas mencionadas cambian trimestralmente, por tanto, verifique el monto a pagar antes de presentarse el dia de la cita);<\/li>\n<li>si el pasaporte es solicitado por uno de los padres, ser\u00e1 necesario llevar el d\u00eda de la cita el \u00abacto de consentimiento\u00bb del padre\/madre ausente,<\/li>\n<\/ul>\n<p style=\"text-align: justify;\">Para obtener m\u00e1s informaci\u00f3n sobre el acto de consentimiento, consulte la normativa vigente en el siguiente enlace\u00a0<a href=\"https:\/\/ambpanama.esteri.it\/es\/servizi-consolari-e-visti\/servizi-per-il-cittadino-italiano\/passaporti-e-carte-didentita\/atto-di-assenso\/\"><strong>Acto de consentimiento<\/strong><\/a> (atto di assenso)<\/p>\n<p style=\"text-align: justify;\">En caso d<strong>e robo o p\u00e9rdida del pasaporte,<\/strong>\u00a0los interesados deben reservar la cita a trav\u00e9s del servicio Reservar y presentar la denuncia de robo entregada ante las Autoridades de Polic\u00eda del lugar, en la que se indique la Entidad que emiti\u00f3 el documento y, si es posible, su n\u00famero y fecha de expedici\u00f3n.<\/p>\n<p style=\"text-align: justify;\">Si el pasaporte u otros documentos de identificaci\u00f3n italianos pertenec\u00edan a un menor, la denuncia debe ser presentada por los padres en la Canciller\u00eda Consular el d\u00eda de la cita (o por quien ejerce la patria potestad). Es fundamental indicar el n\u00famero del pasaporte al que se refiere la reclamaci\u00f3n.<\/p>\n<p style=\"text-align: justify;\"><strong>Retiro del pasaporte<\/strong><\/p>\n<p style=\"text-align: justify;\">Se informa a los connacionales residentes en la circunscripci\u00f3n consular de Panama (<em>competente para las islas: Antigua e Barbuda, Barbados, Dominica, Grenada, Guyana, Saint Kitts e Nevis, Saint Lucia, Saint Vincent e Grenadine, Trinidad e Tobago<\/em>) que\u00a0<strong>a partir del 30 de mayo 2023<\/strong>\u00a0el servicio de retiro de pasaporte se efectuar\u00e1 en la ventanilla de esta canciller\u00eda consular\u00a0<strong>SOLO<\/strong>\u00a0los dias viernes de cada semana\u00a0<strong>en el siguiente horario desde las 9:00 \u2013 12:30<\/strong>. Se recuerda a los usuarios que para el retiro del pasaporte deben de traer los siguientes documentos seg\u00fan el caso:<\/p>\n<ul style=\"text-align: justify;\">\n<li><strong>Pasaporte anterior<\/strong> (para anular el mismo, si es el caso) y recibo de pago de la emisi\u00f3n\/renovaci\u00f3n del pasaporte<\/li>\n<li>En caso de que el pasaporte sea retirado por una tercera persona, la misma deber\u00e1 presentar: <strong>poder notariado en original<\/strong> en el que el interesado indique: sus datos personales, los de la persona apoderada y exactamente el servicio solicitado, Pasaporte anterior (para anular el mismo, si es el caso) y recibo de pago de la emisi\u00f3n\/renovaci\u00f3n del pasaporte<\/li>\n<\/ul>\n<p style=\"text-align: justify;\">Cabe se\u00f1alar que la informaci\u00f3n anterior est\u00e1 sujeta a cambios con base a las urgencias de esta canciller\u00eda consular. No obstante, se informar\u00e1 oportunamente a los usuarios sobre los eventuales cambios.<\/p>\n<p style=\"text-align: justify;\"><strong>Se recuerda que la Embajada no utiliza los servicios de colaboradores, agencias o intermediarios externos para la gesti\u00f3n de tramites consulares.<\/strong><\/p>\n","protected":false},"excerpt":{"rendered":"Se avisa a los ciudadanos italianos residentes en los Pa\u00edses de Acreditaci\u00f3n secundaria que deben viajar a Panam\u00e1 para acceder a los servicios consulares prestados por esta Embajada de Italia. De acuerdo con la legislaci\u00f3n local, para ingresar a Panam\u00e1 es necesario que el pasaporte extranjero tenga una validez m\u00ednima de tres meses adicionales a [&hellip;]","protected":false},"author":4,"featured_media":0,"parent":171,"menu_order":2,"comment_status":"closed","ping_status":"closed","template":"","meta":{"footnotes":""},"class_list":["post-5740","page","type-page","status-publish","hentry"],"_links":{"self":[{"href":"https:\/\/ambpanama.esteri.it\/es\/wp-json\/wp\/v2\/pages\/5740","targetHints":{"allow":["GET"]}}],"collection":[{"href":"https:\/\/ambpanama.esteri.it\/es\/wp-json\/wp\/v2\/pages"}],"about":[{"href":"https:\/\/ambpanama.esteri.it\/es\/wp-json\/wp\/v2\/types\/page"}],"author":[{"embeddable":true,"href":"https:\/\/ambpanama.esteri.it\/es\/wp-json\/wp\/v2\/users\/4"}],"replies":[{"embeddable":true,"href":"https:\/\/ambpanama.esteri.it\/es\/wp-json\/wp\/v2\/comments?post=5740"}],"version-history":[{"count":6,"href":"https:\/\/ambpanama.esteri.it\/es\/wp-json\/wp\/v2\/pages\/5740\/revisions"}],"predecessor-version":[{"id":8241,"href":"https:\/\/ambpanama.esteri.it\/es\/wp-json\/wp\/v2\/pages\/5740\/revisions\/8241"}],"up":[{"embeddable":true,"href":"https:\/\/ambpanama.esteri.it\/es\/wp-json\/wp\/v2\/pages\/171"}],"wp:attachment":[{"href":"https:\/\/ambpanama.esteri.it\/es\/wp-json\/wp\/v2\/media?parent=5740"}],"curies":[{"name":"wp","href":"https:\/\/api.w.org\/{rel}","templated":true}]}}