{"id":7906,"date":"2025-06-26T15:53:20","date_gmt":"2025-06-26T20:53:20","guid":{"rendered":"https:\/\/ambpanama.esteri.it\/servizi-consolari-e-visti\/servizi-per-il-cittadino-straniero\/cittadinanza\/riacquisto-cittadinanza\/"},"modified":"2026-01-14T10:58:33","modified_gmt":"2026-01-14T15:58:33","slug":"riacquisto-cittadinanza","status":"publish","type":"page","link":"https:\/\/ambpanama.esteri.it\/es\/servizi-consolari-e-visti\/servizi-per-il-cittadino-straniero\/cittadinanza\/riacquisto-cittadinanza\/","title":{"rendered":"Readquisici\u00f3n de la ciudadan\u00eda"},"content":{"rendered":"<p><strong>Reapertura de los t\u00e9rminos para la readquisici\u00f3n de la ciudadan\u00eda<\/strong><\/p>\n<p>La ley de conversi\u00f3n del Decreto Ley 36\/2025 modific\u00f3 el art\u00edculo 17, apartado 1, de la Ley n\u00ba 91\/1992, permitiendo a los ex ciudadanos, incluidos los que residen en el extranjero, en determinados casos y por un per\u00edodo de tiempo limitado, readquirir la ciudadan\u00eda italiana mediante la presentaci\u00f3n de una declaraci\u00f3n. A continuaci\u00f3n, se ofrece informaci\u00f3n adecuada sobre los cambios normativos descritos.<\/p>\n<p><strong><u>\u00c1mbito de aplicaci\u00f3n.<\/u><\/strong><\/p>\n<p>El nuevo art\u00edculo 17, apartado 1, de la Ley n\u00ba 91\/1992 se aplica si se cumplen los siguientes requisitos<\/p>\n<p>a) el interesado debe haber\u00a0<strong>nacido en Italia<\/strong>\u00a0o\u00a0<strong>haber residido en Italia durante al menos dos a\u00f1os ininterrumpidos<\/strong>\u00a0(este requisito no estaba previsto en el texto original, aplicado desde el 16 de agosto de 1992 hasta el 31 de diciembre de 1997);<br \/>\nb) el interesado\u00a0<strong>ha perdido la ciudadan\u00eda antes del 15 de agosto de 1992 en uno de los siguientes casos:<\/strong><\/p>\n<p>1) habiendo adquirido voluntariamente una ciudadan\u00eda extranjera antes del 15 de agosto de 1992 y establecido su residencia en el extranjero (art. 8, n\u00b0 1 de la Ley n\u00b0 555\/1912);<br \/>\n2) habiendo adquirido involuntariamente una ciudadan\u00eda extranjera, ha renunciado a su nacionalidad italiana y establecido su residencia en el extranjero (art\u00edculo 8, n\u00b0 2 de la Ley n\u00b0 555\/1912);<br \/>\n3) siendo hijo menor no emancipado de una persona que ha perdido su ciudadan\u00eda, ten\u00eda su residencia en com\u00fan con su progenitor y ha adquirido la nacionalidad de un Estado extranjero (art\u00edculo 12 de la Ley n\u00ba 555\/1912).<\/p>\n<p>Por otra parte, el nuevo apartado 1 del art\u00edculo 17 de la Ley n\u00b0 91\/1992\u00a0<strong>no se aplica<\/strong>\u00a0en favor de<\/p>\n<p>\u2013 los ex ciudadanos nacidos en el extranjero que no hayan residido en Italia durante al menos dos a\u00f1os ininterrumpidos;<br \/>\n\u2013 quienes hayan perdido la ciudadan\u00eda despu\u00e9s del 15 de agosto de 1992 (por cualquier motivo);<br \/>\n\u2013 quienes hayan perdido la ciudadan\u00eda en los casos previstos en el art\u00edculo 8, n\u00famero 3 (los que, \u00abhabiendo aceptado un empleo por parte de un gobierno extranjero o habiendo entrado en el servicio militar de una potencia extranjera, contin\u00faen ejerci\u00e9ndolo a pesar de que el gobierno italiano les haya ordenado abandonar el empleo o el servicio en un plazo determinado\u00bb);<br \/>\n\u2013\u00a0 quienes no hayan ejercido la opci\u00f3n prevista en el apartado 2 del art\u00edculo 5 de la Ley n\u00ba 123\/1983 (hijo menor, tambi\u00e9n adoptado, de padre ciudadano o madre ciudadana que, en caso de doble nacionalidad, s\u00f3lo pod\u00eda optar por una ciudadan\u00eda en el plazo de un a\u00f1o tras alcanzar la mayor\u00eda de edad).<\/p>\n<p><strong><u>Plazos.<\/u><\/strong><\/p>\n<p><strong>La declaraci\u00f3n de readquisici\u00f3n por parte del ex ciudadano puede presentarse entre el 1 de julio de 2025 y el 31 de diciembre de<\/strong> <strong>2027<\/strong>.<\/p>\n<p data-start=\"73\" data-end=\"128\"><strong data-start=\"73\" data-end=\"128\">El interesado en la readquisici\u00f3n deber\u00e1 presentar:<\/strong><\/p>\n<ul data-start=\"130\" data-end=\"1079\">\n<li data-start=\"130\" data-end=\"224\">\n<p data-start=\"132\" data-end=\"224\">Documento de identidad v\u00e1lido, expedido por la Autoridad del pa\u00eds de su actual ciudadan\u00eda;<\/p>\n<\/li>\n<li data-start=\"225\" data-end=\"408\">\n<p data-start=\"227\" data-end=\"408\">Certificado de nacimiento: si naci\u00f3 en el extranjero, deber\u00e1 presentarse conforme a las formalidades previstas para su transcripci\u00f3n en Italia, debidamente legalizado y traducido;<\/p>\n<\/li>\n<li data-start=\"409\" data-end=\"530\">\n<p data-start=\"411\" data-end=\"530\">Para los nacidos en el extranjero, certificado hist\u00f3rico de residencia expedido por el Municipio italiano competente;<\/p>\n<\/li>\n<li data-start=\"531\" data-end=\"571\">\n<p data-start=\"533\" data-end=\"571\">Certificado hist\u00f3rico de ciudadan\u00eda;<\/p>\n<\/li>\n<li data-start=\"572\" data-end=\"1079\">\n<p data-start=\"574\" data-end=\"1079\">Documentaci\u00f3n que acredite la causa y la fecha de la p\u00e9rdida de la ciudadan\u00eda (deber\u00e1 demostrarse la adquisici\u00f3n de la ciudadan\u00eda extranjera y, en los casos previstos, la renuncia a la ciudadan\u00eda italiana: certificado de naturalizaci\u00f3n o bien, si as\u00ed lo prev\u00e9 la pr\u00e1ctica local, certificado de nacimiento acompa\u00f1ado de la certificaci\u00f3n de ciudadan\u00eda y del t\u00edtulo en virtud del cual esta fue adquirida; la documentaci\u00f3n expedida por Autoridades extranjeras deber\u00e1 estar debidamente legalizada y traducida).<\/p>\n<\/li>\n<\/ul>\n<p data-start=\"1081\" data-end=\"1153\"><strong data-start=\"1081\" data-end=\"1153\">La declaraci\u00f3n deber\u00e1 ser realizada personalmente por el interesado.<\/strong><\/p>\n<p data-start=\"55\" data-end=\"87\"><strong data-start=\"55\" data-end=\"87\">D\u00f3nde solicitar el servicio:<\/strong><\/p>\n<ul data-start=\"89\" data-end=\"237\" data-is-last-node=\"\" data-is-only-node=\"\">\n<li data-start=\"89\" data-end=\"237\" data-is-last-node=\"\">\n<p data-start=\"91\" data-end=\"237\" data-is-last-node=\"\">Present\u00e1ndose en la Embajada de Italia en Panam\u00e1, previa reserva de una cita para \u201c<strong>Readquisici\u00f3n de la ciudadan\u00eda<\/strong>\u201d a trav\u00e9s del portal <a href=\"https:\/\/prenotami.esteri.it\/\">Prenota@mi<\/a><\/p>\n<\/li>\n<\/ul>\n","protected":false},"excerpt":{"rendered":"Reapertura de los t\u00e9rminos para la readquisici\u00f3n de la ciudadan\u00eda La ley de conversi\u00f3n del Decreto Ley 36\/2025 modific\u00f3 el art\u00edculo 17, apartado 1, de la Ley n\u00ba 91\/1992, permitiendo a los ex ciudadanos, incluidos los que residen en el extranjero, en determinados casos y por un per\u00edodo de tiempo limitado, readquirir la ciudadan\u00eda italiana [&hellip;]","protected":false},"author":4,"featured_media":0,"parent":185,"menu_order":3,"comment_status":"closed","ping_status":"closed","template":"","meta":{"footnotes":""},"class_list":["post-7906","page","type-page","status-publish","hentry"],"_links":{"self":[{"href":"https:\/\/ambpanama.esteri.it\/es\/wp-json\/wp\/v2\/pages\/7906","targetHints":{"allow":["GET"]}}],"collection":[{"href":"https:\/\/ambpanama.esteri.it\/es\/wp-json\/wp\/v2\/pages"}],"about":[{"href":"https:\/\/ambpanama.esteri.it\/es\/wp-json\/wp\/v2\/types\/page"}],"author":[{"embeddable":true,"href":"https:\/\/ambpanama.esteri.it\/es\/wp-json\/wp\/v2\/users\/4"}],"replies":[{"embeddable":true,"href":"https:\/\/ambpanama.esteri.it\/es\/wp-json\/wp\/v2\/comments?post=7906"}],"version-history":[{"count":4,"href":"https:\/\/ambpanama.esteri.it\/es\/wp-json\/wp\/v2\/pages\/7906\/revisions"}],"predecessor-version":[{"id":8634,"href":"https:\/\/ambpanama.esteri.it\/es\/wp-json\/wp\/v2\/pages\/7906\/revisions\/8634"}],"up":[{"embeddable":true,"href":"https:\/\/ambpanama.esteri.it\/es\/wp-json\/wp\/v2\/pages\/185"}],"wp:attachment":[{"href":"https:\/\/ambpanama.esteri.it\/es\/wp-json\/wp\/v2\/media?parent=7906"}],"curies":[{"name":"wp","href":"https:\/\/api.w.org\/{rel}","templated":true}]}}