{"id":8024,"date":"2025-07-01T15:14:20","date_gmt":"2025-07-01T20:14:20","guid":{"rendered":"https:\/\/ambpanama.esteri.it\/servizi-consolari-e-visti\/servizi-per-il-cittadino-straniero\/cittadinanza\/acquisto-della-cittadinanza-di-figli-minori-conviventi-con-genitore-non-cittadino-dalla-nascita\/"},"modified":"2025-07-01T16:33:06","modified_gmt":"2025-07-01T21:33:06","slug":"acquisto-della-cittadinanza-di-figli-minori-conviventi-con-genitore-non-cittadino-dalla-nascita","status":"publish","type":"page","link":"https:\/\/ambpanama.esteri.it\/es\/servizi-consolari-e-visti\/servizi-per-il-cittadino-straniero\/cittadinanza\/acquisto-della-cittadinanza-di-figli-minori-conviventi-con-genitore-non-cittadino-dalla-nascita\/","title":{"rendered":"Adquisici\u00f3n de la ciudadan\u00eda por parte de hijos menores convivientes con un progenitor no ciudadano desde el nacimiento"},"content":{"rendered":"<p data-start=\"52\" data-end=\"584\">El <strong data-start=\"55\" data-end=\"92\">art\u00edculo 14 de la Ley n.\u00ba 91\/1992<\/strong>, modificado por el <strong data-start=\"112\" data-end=\"139\">Decreto-Ley n.\u00ba 36\/2025<\/strong> y convertido en ley mediante la <strong data-start=\"172\" data-end=\"191\">Ley n.\u00ba 74\/2025<\/strong>, establece que, para adquirir la ciudadan\u00eda por esta v\u00eda, <strong data-start=\"250\" data-end=\"303\">el hijo de ciudadanos italianos no por nacimiento<\/strong> debe estar <strong data-start=\"315\" data-end=\"392\">residiendo legalmente en Italia desde hace al menos dos a\u00f1os consecutivos<\/strong> en el momento de la adquisici\u00f3n o readquisici\u00f3n de la ciudadan\u00eda italiana por parte del progenitor (si el hijo tiene menos de dos a\u00f1os, debe haber residido en Italia <strong data-start=\"559\" data-end=\"582\">desde su nacimiento<\/strong>).<\/p>\n<p data-start=\"586\" data-end=\"613\">Se especifica lo siguiente:<\/p>\n<ul data-start=\"615\" data-end=\"1869\">\n<li data-start=\"615\" data-end=\"1068\">\n<p data-start=\"617\" data-end=\"1068\">En el caso de que el procedimiento de reconocimiento de la ciudadan\u00eda <em data-start=\"687\" data-end=\"708\">iure communicatione<\/em> se encuadre, por sus modalidades de presentaci\u00f3n, en las <strong data-start=\"766\" data-end=\"821\">excepciones indicadas en las letras a), a-bis) o b)<\/strong> del <strong data-start=\"826\" data-end=\"866\">art\u00edculo 3-bis de la Ley n.\u00ba 91\/1992<\/strong> (es decir, solicitud administrativa o judicial presentada <strong data-start=\"925\" data-end=\"958\">antes del 27 de marzo de 2025<\/strong>, o solicitud presentada con cita confirmada dentro de la misma fecha), <strong data-start=\"1030\" data-end=\"1067\">se aplicar\u00e1 la normativa anterior<\/strong>.<\/p>\n<\/li>\n<li data-start=\"1070\" data-end=\"1410\">\n<p data-start=\"1072\" data-end=\"1271\">Si el procedimiento de reconocimiento de la ciudadan\u00eda <em data-start=\"1127\" data-end=\"1148\">iure communicatione<\/em> ha sido presentado <strong data-start=\"1168\" data-end=\"1204\">a partir del 28 de marzo de 2025<\/strong>, ser\u00e1 necesario que el progenitor que transmite la ciudadan\u00eda sea:<\/p>\n<ul data-start=\"1274\" data-end=\"1410\">\n<li data-start=\"1274\" data-end=\"1321\">\n<p data-start=\"1276\" data-end=\"1321\"><strong data-start=\"1276\" data-end=\"1313\">exclusivamente ciudadano italiano<\/strong>, o bien<\/p>\n<\/li>\n<li data-start=\"1324\" data-end=\"1410\">\n<p data-start=\"1326\" data-end=\"1410\">haya <strong data-start=\"1331\" data-end=\"1409\">residido en Italia durante al menos dos a\u00f1os antes del nacimiento del hijo<\/strong>.<\/p>\n<\/li>\n<\/ul>\n<\/li>\n<\/ul>\n<p data-start=\"1326\" data-end=\"1410\">Si la <strong data-start=\"1420\" data-end=\"1468\">adquisici\u00f3n o readquisici\u00f3n de la ciudadan\u00eda<\/strong> por parte del progenitor tiene lugar <strong data-start=\"1506\" data-end=\"1541\">a partir del 24 de mayo de 2025<\/strong>, el hijo que <strong data-start=\"1555\" data-end=\"1587\">convive con dicho progenitor<\/strong> deber\u00e1 haber estado <strong data-start=\"1608\" data-end=\"1709\">residiendo legalmente en Italia desde al menos dos a\u00f1os antes de la naturalizaci\u00f3n del progenitor<\/strong>.<br data-start=\"1710\" data-end=\"1713\" \/>En este caso, la <strong data-start=\"1732\" data-end=\"1823\" data-is-only-node=\"\">autoridad competente para verificar la adquisici\u00f3n de la ciudadan\u00eda por parte del menor<\/strong> ser\u00e1 el <strong data-start=\"1832\" data-end=\"1868\">municipio italiano de residencia<\/strong>.<\/p>\n","protected":false},"excerpt":{"rendered":"El art\u00edculo 14 de la Ley n.\u00ba 91\/1992, modificado por el Decreto-Ley n.\u00ba 36\/2025 y convertido en ley mediante la Ley n.\u00ba 74\/2025, establece que, para adquirir la ciudadan\u00eda por esta v\u00eda, el hijo de ciudadanos italianos no por nacimiento debe estar residiendo legalmente en Italia desde hace al menos dos a\u00f1os consecutivos en el [&hellip;]","protected":false},"author":4,"featured_media":0,"parent":185,"menu_order":1,"comment_status":"closed","ping_status":"closed","template":"","meta":{"footnotes":""},"class_list":["post-8024","page","type-page","status-publish","hentry"],"_links":{"self":[{"href":"https:\/\/ambpanama.esteri.it\/es\/wp-json\/wp\/v2\/pages\/8024","targetHints":{"allow":["GET"]}}],"collection":[{"href":"https:\/\/ambpanama.esteri.it\/es\/wp-json\/wp\/v2\/pages"}],"about":[{"href":"https:\/\/ambpanama.esteri.it\/es\/wp-json\/wp\/v2\/types\/page"}],"author":[{"embeddable":true,"href":"https:\/\/ambpanama.esteri.it\/es\/wp-json\/wp\/v2\/users\/4"}],"replies":[{"embeddable":true,"href":"https:\/\/ambpanama.esteri.it\/es\/wp-json\/wp\/v2\/comments?post=8024"}],"version-history":[{"count":2,"href":"https:\/\/ambpanama.esteri.it\/es\/wp-json\/wp\/v2\/pages\/8024\/revisions"}],"predecessor-version":[{"id":8044,"href":"https:\/\/ambpanama.esteri.it\/es\/wp-json\/wp\/v2\/pages\/8024\/revisions\/8044"}],"up":[{"embeddable":true,"href":"https:\/\/ambpanama.esteri.it\/es\/wp-json\/wp\/v2\/pages\/185"}],"wp:attachment":[{"href":"https:\/\/ambpanama.esteri.it\/es\/wp-json\/wp\/v2\/media?parent=8024"}],"curies":[{"name":"wp","href":"https:\/\/api.w.org\/{rel}","templated":true}]}}