{"id":8028,"date":"2025-07-01T15:17:57","date_gmt":"2025-07-01T20:17:57","guid":{"rendered":"https:\/\/ambpanama.esteri.it\/servizi-consolari-e-visti\/servizi-per-il-cittadino-straniero\/cittadinanza\/riconoscimento-in-base-a-leggi-speciali\/"},"modified":"2025-07-01T16:26:42","modified_gmt":"2025-07-01T21:26:42","slug":"riconoscimento-in-base-a-leggi-speciali","status":"publish","type":"page","link":"https:\/\/ambpanama.esteri.it\/es\/servizi-consolari-e-visti\/servizi-per-il-cittadino-straniero\/cittadinanza\/riconoscimento-in-base-a-leggi-speciali\/","title":{"rendered":"Reconocimiento en virtud de leyes especiales"},"content":{"rendered":"<p data-start=\"52\" data-end=\"312\">La <strong data-start=\"55\" data-end=\"99\">Ley del 14 de diciembre de 2000, n.\u00ba 379<\/strong>, prev\u00e9 el <strong data-start=\"110\" data-end=\"154\">reconocimiento de la ciudadan\u00eda italiana<\/strong> a favor de las personas <strong data-start=\"179\" data-end=\"251\">nacidas y residentes en los territorios del ex Imperio Austroh\u00fangaro<\/strong> y de sus descendientes que re\u00fanan los requisitos necesarios.<\/p>\n<p data-start=\"314\" data-end=\"415\">El <strong data-start=\"317\" data-end=\"362\">plazo para la presentaci\u00f3n de solicitudes<\/strong> conforme a la Ley 379\/2000 <strong data-start=\"390\" data-end=\"414\">venci\u00f3 el 19\/12\/2010<\/strong>.<\/p>\n<p data-start=\"417\" data-end=\"630\">La <strong data-start=\"420\" data-end=\"459\">Ley del 8 de marzo de 2006, n.\u00ba 124<\/strong>, prev\u00e9 el <strong data-start=\"470\" data-end=\"514\">reconocimiento de la ciudadan\u00eda italiana<\/strong> a favor de los connacionales que la <strong data-start=\"551\" data-end=\"629\">perdieron por haber residido entre 1940 y 1947 en Istria, Fiume y Dalmacia<\/strong>.<\/p>\n<p data-start=\"632\" data-end=\"1065\">El reconocimiento de la ciudadan\u00eda italiana en base a <strong data-start=\"686\" data-end=\"706\">leyes especiales<\/strong> constituye una <strong data-start=\"722\" data-end=\"758\">adquisici\u00f3n por beneficio de ley<\/strong>. Por lo tanto, <strong data-start=\"774\" data-end=\"791\">no es posible<\/strong> que el progenitor ciudadano realice la <strong data-start=\"831\" data-end=\"913\">declaraci\u00f3n de voluntad de adquisici\u00f3n de la ciudadan\u00eda a favor del hijo menor<\/strong>, seg\u00fan lo previsto en el art\u00edculo 4, p\u00e1rrafo 1-bis, de la Ley n.\u00ba 91\/1992, <strong data-start=\"989\" data-end=\"1064\">ya que el progenitor reconocido no es ciudadano italiano por nacimiento<\/strong>.<\/p>\n","protected":false},"excerpt":{"rendered":"La Ley del 14 de diciembre de 2000, n.\u00ba 379, prev\u00e9 el reconocimiento de la ciudadan\u00eda italiana a favor de las personas nacidas y residentes en los territorios del ex Imperio Austroh\u00fangaro y de sus descendientes que re\u00fanan los requisitos necesarios. El plazo para la presentaci\u00f3n de solicitudes conforme a la Ley 379\/2000 venci\u00f3 el [&hellip;]","protected":false},"author":4,"featured_media":0,"parent":185,"menu_order":4,"comment_status":"closed","ping_status":"closed","template":"","meta":{"footnotes":""},"class_list":["post-8028","page","type-page","status-publish","hentry"],"_links":{"self":[{"href":"https:\/\/ambpanama.esteri.it\/es\/wp-json\/wp\/v2\/pages\/8028","targetHints":{"allow":["GET"]}}],"collection":[{"href":"https:\/\/ambpanama.esteri.it\/es\/wp-json\/wp\/v2\/pages"}],"about":[{"href":"https:\/\/ambpanama.esteri.it\/es\/wp-json\/wp\/v2\/types\/page"}],"author":[{"embeddable":true,"href":"https:\/\/ambpanama.esteri.it\/es\/wp-json\/wp\/v2\/users\/4"}],"replies":[{"embeddable":true,"href":"https:\/\/ambpanama.esteri.it\/es\/wp-json\/wp\/v2\/comments?post=8028"}],"version-history":[{"count":2,"href":"https:\/\/ambpanama.esteri.it\/es\/wp-json\/wp\/v2\/pages\/8028\/revisions"}],"predecessor-version":[{"id":8034,"href":"https:\/\/ambpanama.esteri.it\/es\/wp-json\/wp\/v2\/pages\/8028\/revisions\/8034"}],"up":[{"embeddable":true,"href":"https:\/\/ambpanama.esteri.it\/es\/wp-json\/wp\/v2\/pages\/185"}],"wp:attachment":[{"href":"https:\/\/ambpanama.esteri.it\/es\/wp-json\/wp\/v2\/media?parent=8028"}],"curies":[{"name":"wp","href":"https:\/\/api.w.org\/{rel}","templated":true}]}}