{"id":8035,"date":"2025-07-01T15:19:44","date_gmt":"2025-07-01T20:19:44","guid":{"rendered":"https:\/\/ambpanama.esteri.it\/servizi-consolari-e-visti\/servizi-per-il-cittadino-straniero\/cittadinanza\/certificato-di-non-rinuncia\/"},"modified":"2025-07-01T16:28:22","modified_gmt":"2025-07-01T21:28:22","slug":"certificato-di-non-rinuncia","status":"publish","type":"page","link":"https:\/\/ambpanama.esteri.it\/es\/servizi-consolari-e-visti\/servizi-per-il-cittadino-straniero\/cittadinanza\/certificato-di-non-rinuncia\/","title":{"rendered":"Certificado de \u201cno renuncia\u201d"},"content":{"rendered":"<p data-start=\"52\" data-end=\"551\">Si el\/la interesado\/a ha decidido establecer su <strong data-start=\"100\" data-end=\"124\">residencia en Italia<\/strong>, las autoridades del <strong data-start=\"146\" data-end=\"168\">municipio italiano<\/strong> son responsables del <strong data-start=\"190\" data-end=\"234\">reconocimiento de la ciudadan\u00eda italiana<\/strong>.<br data-start=\"235\" data-end=\"238\" \/>Una vez inscrito en el <strong data-start=\"261\" data-end=\"299\">registro de la poblaci\u00f3n residente<\/strong>, el ciudadano extranjero puede iniciar el procedimiento para el <strong data-start=\"364\" data-end=\"416\">reconocimiento de la ciudadan\u00eda <em data-start=\"398\" data-end=\"414\">iure sanguinis<\/em><\/strong> (cuya duraci\u00f3n est\u00e1 establecida por ley, <strong data-start=\"458\" data-end=\"479\" data-is-only-node=\"\">180 d\u00edas en total<\/strong>), presentando la documentaci\u00f3n indicada en la <strong data-start=\"526\" data-end=\"550\">Circular K.28.1\/1991<\/strong>.<\/p>\n<p data-start=\"553\" data-end=\"721\"><strong data-start=\"553\" data-end=\"570\">No es posible<\/strong> que el\/la interesado\/a recurra a un <strong data-start=\"607\" data-end=\"647\">representante legal o a otra persona<\/strong> en su lugar; el\/la interesado\/a debe estar <strong data-start=\"691\" data-end=\"720\">presente en el territorio<\/strong>.<\/p>\n<p data-start=\"723\" data-end=\"1102\">La <strong data-start=\"726\" data-end=\"783\">solicitud de emisi\u00f3n del Certificado de \u201cNo Renuncia\u201d<\/strong> es efectuada directamente por el <strong data-start=\"817\" data-end=\"839\">municipio italiano<\/strong> al <strong data-start=\"843\" data-end=\"856\">Consulado<\/strong>, <strong data-start=\"858\" data-end=\"892\">exclusivamente a trav\u00e9s de PEC<\/strong> (correo electr\u00f3nico certificado).<br data-start=\"926\" data-end=\"929\" \/>La <strong data-start=\"932\" data-end=\"972\">respuesta del Consulado al municipio<\/strong> (no al interesado\/a) se realiza <strong data-start=\"1005\" data-end=\"1037\" data-is-only-node=\"\">siempre y \u00fanicamente por PEC<\/strong>, en caso de que la solicitud haya sido presentada correctamente.<\/p>\n<p data-start=\"1104\" data-end=\"1359\">Los interesados <strong data-start=\"1120\" data-end=\"1178\">no pueden contactar directamente a la Oficina Consular<\/strong> respecto a tr\u00e1mites gestionados por municipios u otras oficinas consulares, ya que <strong data-start=\"1262\" data-end=\"1358\">no se tiene conocimiento del estado de los mismos fuera del \u00e1mbito de responsabilidad propia<\/strong>.<\/p>\n","protected":false},"excerpt":{"rendered":"Si el\/la interesado\/a ha decidido establecer su residencia en Italia, las autoridades del municipio italiano son responsables del reconocimiento de la ciudadan\u00eda italiana.Una vez inscrito en el registro de la poblaci\u00f3n residente, el ciudadano extranjero puede iniciar el procedimiento para el reconocimiento de la ciudadan\u00eda iure sanguinis (cuya duraci\u00f3n est\u00e1 establecida por ley, 180 d\u00edas [&hellip;]","protected":false},"author":4,"featured_media":0,"parent":185,"menu_order":5,"comment_status":"closed","ping_status":"closed","template":"","meta":{"footnotes":""},"class_list":["post-8035","page","type-page","status-publish","hentry"],"_links":{"self":[{"href":"https:\/\/ambpanama.esteri.it\/es\/wp-json\/wp\/v2\/pages\/8035","targetHints":{"allow":["GET"]}}],"collection":[{"href":"https:\/\/ambpanama.esteri.it\/es\/wp-json\/wp\/v2\/pages"}],"about":[{"href":"https:\/\/ambpanama.esteri.it\/es\/wp-json\/wp\/v2\/types\/page"}],"author":[{"embeddable":true,"href":"https:\/\/ambpanama.esteri.it\/es\/wp-json\/wp\/v2\/users\/4"}],"replies":[{"embeddable":true,"href":"https:\/\/ambpanama.esteri.it\/es\/wp-json\/wp\/v2\/comments?post=8035"}],"version-history":[{"count":1,"href":"https:\/\/ambpanama.esteri.it\/es\/wp-json\/wp\/v2\/pages\/8035\/revisions"}],"predecessor-version":[{"id":8037,"href":"https:\/\/ambpanama.esteri.it\/es\/wp-json\/wp\/v2\/pages\/8035\/revisions\/8037"}],"up":[{"embeddable":true,"href":"https:\/\/ambpanama.esteri.it\/es\/wp-json\/wp\/v2\/pages\/185"}],"wp:attachment":[{"href":"https:\/\/ambpanama.esteri.it\/es\/wp-json\/wp\/v2\/media?parent=8035"}],"curies":[{"name":"wp","href":"https:\/\/api.w.org\/{rel}","templated":true}]}}