{"id":8695,"date":"2026-01-16T11:15:30","date_gmt":"2026-01-16T16:15:30","guid":{"rendered":"https:\/\/ambpanama.esteri.it\/servizi-consolari-e-visti\/servizi-per-il-cittadino-italiano\/servizi-elettorali\/referendum-costituzionale-confermativo-dei-giorni-22-e-23-marzo-2026\/"},"modified":"2026-01-20T11:28:21","modified_gmt":"2026-01-20T16:28:21","slug":"referendum-costituzionale-confermativo-dei-giorni-22-e-23-marzo-2026","status":"publish","type":"page","link":"https:\/\/ambpanama.esteri.it\/es\/servizi-consolari-e-visti\/servizi-per-il-cittadino-italiano\/servizi-elettorali\/referendum-costituzionale-confermativo-dei-giorni-22-e-23-marzo-2026\/","title":{"rendered":"REFER\u00c9NDUM CONSTITUCIONAL CONFIRMATIVO DE LOS D\u00cdAS 22 Y 23 DE MARZO DE 2026"},"content":{"rendered":"<p data-start=\"0\" data-end=\"91\"><strong data-start=\"0\" data-end=\"91\">VOTO POR CORREO DE LOS CIUDADANOS ITALIANOS EN EL EXTRANJERO Y OPCI\u00d3N DE VOTO EN ITALIA<\/strong><\/p>\n<p data-start=\"93\" data-end=\"449\">Mediante decreto del Presidente de la Rep\u00fablica de fecha 13\/01\/2026, publicado en el Diario Oficial (Gazzetta Ufficiale) del 14\/01\/2026, se ha fijado para los d\u00edas\u00a0<strong data-start=\"257\" data-end=\"285\">22 y 23 de MARZO de 2026<\/strong>\u00a0la fecha del refer\u00e9ndum conforme al art. 138 de la Constituci\u00f3n para la modificaci\u00f3n de algunos art\u00edculos de la Constituci\u00f3n (denominada \u201cReforma de la justicia\u201d).<\/p>\n<p data-start=\"451\" data-end=\"1169\" data-is-last-node=\"\" data-is-only-node=\"\">Se recuerda que el\u00a0<strong data-start=\"470\" data-end=\"478\">VOTO<\/strong>\u00a0es un\u00a0<strong data-start=\"485\" data-end=\"496\">DERECHO<\/strong>\u00a0protegido por la Constituci\u00f3n italiana y que, de conformidad con la Ley n.\u00ba 459 de 27 de diciembre de 2001, los ciudadanos italianos residentes o temporalmente en el extranjero, inscritos en las listas electorales, pueden\u00a0<strong data-start=\"719\" data-end=\"739\">VOTAR POR CORREO<\/strong>, recibiendo el sobre electoral en su domicilio de residencia. A tal efecto, se recomienda comprobar y, en su caso, regularizar de inmediato la propia situaci\u00f3n registral y de direcci\u00f3n ante la Oficina Consular competente (se recuerda que, por ley, los sobres electorales deben enviarse casi un mes antes de la fecha de la votaci\u00f3n en Italia), utilizando preferentemente el portal en l\u00ednea de los servicios consulares\u00a0<a href=\"https:\/\/serviziconsolari.esteri.it\/\"><strong data-start=\"1157\" data-end=\"1168\">Fast It<\/strong><\/a>.<\/p>\n<p data-start=\"0\" data-end=\"407\">Como alternativa al voto por correo, los electores inscritos en el\u00a0<strong data-start=\"67\" data-end=\"75\">AIRE<\/strong>\u00a0pueden optar por votar en\u00a0<strong data-start=\"102\" data-end=\"112\">Italia<\/strong>, en su municipio de inscripci\u00f3n electoral, comunicando por escrito su elecci\u00f3n (<strong data-start=\"193\" data-end=\"203\">OPCI\u00d3N<\/strong>) al Consulado\u00a0<strong data-start=\"218\" data-end=\"286\">dentro del d\u00e9cimo d\u00eda siguiente a la convocatoria de la consulta<\/strong>. La elecci\u00f3n (opci\u00f3n) de votar en Italia es v\u00e1lida\u00a0<strong data-start=\"338\" data-end=\"352\">\u00fanicamente<\/strong>\u00a0para la consulta referendaria para la cual se expresa.<\/p>\n<p data-start=\"409\" data-end=\"858\" data-is-last-node=\"\" data-is-only-node=\"\">La opci\u00f3n\u00a0<strong data-start=\"419\" data-end=\"434\">DEBE LLEGAR<\/strong>\u00a0a la Oficina Consular\u00a0<strong data-start=\"457\" data-end=\"553\">A M\u00c1S TARDAR DENTRO DE LOS DIEZ D\u00cdAS SIGUIENTES A LA FECHA DE CONVOCATORIA DE LAS VOTACIONES<\/strong>, es decir,\u00a0<strong data-start=\"565\" data-end=\"592\">HASTA EL D\u00cdA 24\/01\/2026<\/strong>. Dicha comunicaci\u00f3n puede redactarse en papel simple y \u2014para ser v\u00e1lida\u2014 debe contener\u00a0<strong data-start=\"680\" data-end=\"772\">nombre y apellidos, fecha y lugar de nacimiento, lugar de residencia y firma del elector<\/strong>, acompa\u00f1ada de\u00a0<strong data-start=\"788\" data-end=\"842\">copia de un documento de identidad v\u00e1lido<\/strong>\u00a0del declarante.<\/p>\n<p data-start=\"0\" data-end=\"119\">El\u00a0<a href=\"https:\/\/ambpanama.esteri.it\/wp-content\/uploads\/2026\/01\/Modulo_di_opzione_Referendum_2026.pdf\">formulario<\/a>, debidamente cumplimentado, firmado y acompa\u00f1ado de un documento de identidad, puede entregarse\/enviarse:<\/p>\n<p data-start=\"121\" data-end=\"427\" data-is-last-node=\"\" data-is-only-node=\"\">\u2013\u00a0<strong data-start=\"123\" data-end=\"137\">en persona<\/strong>: Embajada de Italia en Panam\u00e1, Calle 58 Este con Ave. Ricardo Arango, Obarrio, PH Plaza 58, Piso 6, oficina 601 (en el horario de atenci\u00f3n al p\u00fablico)<br data-start=\"288\" data-end=\"291\" \/>\u2013\u00a0<strong data-start=\"293\" data-end=\"329\">por correo electr\u00f3nico ordinario<\/strong>:<a href=\"mailto:ambpanama.elettorale@esteri.it\">ambpanama.elettorale@esteri.it<\/a><br data-start=\"357\" data-end=\"360\" \/>\u2013\u00a0<strong data-start=\"362\" data-end=\"400\">por correo electr\u00f3nico certificado<\/strong>:\u00a0<a class=\"decorated-link cursor-pointer\" href=\"mailto:amb.panama@cert.esteri.it\" rel=\"noopener\" data-start=\"402\" data-end=\"427\" data-is-last-node=\"\">amb.panama@cert.esteri.it<\/a><\/p>\n<p data-start=\"0\" data-end=\"282\">De conformidad con la normativa vigente, ser\u00e1 responsabilidad de los electores verificar que la comunicaci\u00f3n de opci\u00f3n enviada por correo haya sido recibida oportunamente por su Oficina Consular. Las solicitudes recibidas fuera del plazo indicado\u00a0<strong data-start=\"247\" data-end=\"253\">NO<\/strong>\u00a0podr\u00e1n considerarse v\u00e1lidas.<\/p>\n<p data-start=\"284\" data-end=\"531\">La elecci\u00f3n de votar en Italia puede ser posteriormente\u00a0<strong data-start=\"340\" data-end=\"352\">REVOCADA<\/strong>\u00a0mediante una comunicaci\u00f3n escrita que deber\u00e1 enviarse o entregarse a la Oficina Consular por las mismas v\u00edas y\u00a0<strong data-start=\"464\" data-end=\"530\">dentro del mismo plazo previsto para el ejercicio de la opci\u00f3n<\/strong>.<\/p>\n<p data-start=\"533\" data-end=\"734\">Si se opta por viajar a Italia para votar, la ley\u00a0<strong>NO<\/strong>\u00a0prev\u00e9 ning\u00fan tipo de\u00a0<strong>reembolso<\/strong>\u00a0de los gastos de viaje en que se haya incurrido, sino \u00fanicamente tarifas reducidas dentro del territorio italiano.<\/p>\n<p data-start=\"736\" data-end=\"880\" data-is-last-node=\"\" data-is-only-node=\"\"><strong>LA OFICINA CONSULAR EST\u00c1 A DISPOSICI\u00d3N PARA CUALQUIER ACLARACI\u00d3N ADICIONAL<\/strong> en la direcci\u00f3n de correo electr\u00f3nico <a href=\"mailto:ambpanama.elettorale@esteri.it\">ambpanama.elettorale@esteri.it<\/a><\/p>\n<p>Se invita a consultar la normativa general sobre el voto en el refer\u00e9ndum haciendo clic en el siguiente enlace\u00a0<a href=\"https:\/\/ambpanama.esteri.it\/es\/servizi-consolari-e-visti\/servizi-per-il-cittadino-italiano\/servizi-elettorali\/informativa-referendum-2026\/\">Informativa Referendum 2026<\/a><\/p>\n","protected":false},"excerpt":{"rendered":"VOTO POR CORREO DE LOS CIUDADANOS ITALIANOS EN EL EXTRANJERO Y OPCI\u00d3N DE VOTO EN ITALIA Mediante decreto del Presidente de la Rep\u00fablica de fecha 13\/01\/2026, publicado en el Diario Oficial (Gazzetta Ufficiale) del 14\/01\/2026, se ha fijado para los d\u00edas\u00a022 y 23 de MARZO de 2026\u00a0la fecha del refer\u00e9ndum conforme al art. 138 de [&hellip;]","protected":false},"author":4,"featured_media":0,"parent":175,"menu_order":0,"comment_status":"closed","ping_status":"closed","template":"","meta":{"footnotes":""},"class_list":["post-8695","page","type-page","status-publish","hentry"],"_links":{"self":[{"href":"https:\/\/ambpanama.esteri.it\/es\/wp-json\/wp\/v2\/pages\/8695","targetHints":{"allow":["GET"]}}],"collection":[{"href":"https:\/\/ambpanama.esteri.it\/es\/wp-json\/wp\/v2\/pages"}],"about":[{"href":"https:\/\/ambpanama.esteri.it\/es\/wp-json\/wp\/v2\/types\/page"}],"author":[{"embeddable":true,"href":"https:\/\/ambpanama.esteri.it\/es\/wp-json\/wp\/v2\/users\/4"}],"replies":[{"embeddable":true,"href":"https:\/\/ambpanama.esteri.it\/es\/wp-json\/wp\/v2\/comments?post=8695"}],"version-history":[{"count":6,"href":"https:\/\/ambpanama.esteri.it\/es\/wp-json\/wp\/v2\/pages\/8695\/revisions"}],"predecessor-version":[{"id":8768,"href":"https:\/\/ambpanama.esteri.it\/es\/wp-json\/wp\/v2\/pages\/8695\/revisions\/8768"}],"up":[{"embeddable":true,"href":"https:\/\/ambpanama.esteri.it\/es\/wp-json\/wp\/v2\/pages\/175"}],"wp:attachment":[{"href":"https:\/\/ambpanama.esteri.it\/es\/wp-json\/wp\/v2\/media?parent=8695"}],"curies":[{"name":"wp","href":"https:\/\/api.w.org\/{rel}","templated":true}]}}