{"id":8949,"date":"2026-02-02T11:36:57","date_gmt":"2026-02-02T16:36:57","guid":{"rendered":"https:\/\/ambpanama.esteri.it\/servizi-consolari-e-visti\/servizi-per-il-cittadino-italiano\/a-i-r-e\/aggiornamento-a-i-r-e\/"},"modified":"2026-02-02T11:44:48","modified_gmt":"2026-02-02T16:44:48","slug":"aggiornamento-a-i-r-e","status":"publish","type":"page","link":"https:\/\/ambpanama.esteri.it\/es\/servizi-consolari-e-visti\/servizi-per-il-cittadino-italiano\/a-i-r-e\/aggiornamento-a-i-r-e\/","title":{"rendered":"Actualizaci\u00f3n A.I.R.E"},"content":{"rendered":"<p data-start=\"75\" data-end=\"142\"><strong data-start=\"75\" data-end=\"140\">Actualizaci\u00f3n del A.I.R.E. (para quienes ya est\u00e1n inscritos):<\/strong><\/p>\n<p data-start=\"144\" data-end=\"300\">La actualizaci\u00f3n del A.I.R.E. se realiza a trav\u00e9s del portal <em data-start=\"205\" data-end=\"244\">FAST IT \u2013 Servicios Consulares Online<\/em> despu\u00e9s de haberse registrado en el siguiente enlace: <strong><a href=\"https:\/\/serviziconsolarionline.esteri.it\/\" target=\"_blank\" rel=\"noopener\">Fast It<\/a><\/strong>.<\/p>\n<p data-start=\"138\" data-end=\"157\">Los ciudadanos\u00a0<strong data-start=\"174\" data-end=\"285\">ya inscritos en el A.I.R.E. en esta Circunscripci\u00f3n Consular antes de la implementaci\u00f3n del sistema FAST IT<\/strong>\u00a0<strong data-start=\"286\" data-end=\"340\">no deben realizar un nuevo registro en el A.I.R.E.\u00a0<\/strong>En su lugar, es necesario\u00a0<strong data-start=\"369\" data-end=\"427\">asociar la cuenta FAST IT con la propia ficha consular<\/strong>, siguiendo los pasos que se indican a continuaci\u00f3n:<\/p>\n<ol data-start=\"483\" data-end=\"986\">\n<li data-start=\"483\" data-end=\"581\">\n<p data-start=\"486\" data-end=\"581\"><strong data-start=\"486\" data-end=\"501\">Registrarse<\/strong>\u00a0en el portal\u00a0<a href=\"https:\/\/serviziconsolari.esteri.it\/home\"><strong data-start=\"515\" data-end=\"526\">FAST IT<\/strong><\/a>\u00a0o\u00a0<strong data-start=\"529\" data-end=\"540\">acceder<\/strong>\u00a0si ya se dispone de una cuenta activa.<\/p>\n<\/li>\n<li data-start=\"582\" data-end=\"719\">\n<p data-start=\"585\" data-end=\"719\">Seleccionar la opci\u00f3n\u00a0<strong data-start=\"607\" data-end=\"641\">\u201cRegistro Consular y A.I.R.E.\u201d<\/strong>\u00a0y, a continuaci\u00f3n, hacer clic en\u00a0<strong data-start=\"675\" data-end=\"716\">\u201cVisualizar la propia ficha personal\u201d<\/strong>.<\/p>\n<\/li>\n<li data-start=\"720\" data-end=\"860\">\n<p data-start=\"723\" data-end=\"860\">Solicitar la\u00a0<strong data-start=\"736\" data-end=\"759\">\u201cAsociaci\u00f3n Online\u201d<\/strong>\u00a0y esperar la recepci\u00f3n del\u00a0<strong data-start=\"787\" data-end=\"814\">mensaje de confirmaci\u00f3n<\/strong>\u00a0en la propia bandeja de correo electr\u00f3nico.<\/p>\n<\/li>\n<li data-start=\"861\" data-end=\"986\">\n<p data-start=\"864\" data-end=\"986\">Acceder nuevamente al portal\u00a0<strong data-start=\"893\" data-end=\"904\">FAST IT<\/strong>, visualizar la ficha personal y efectuar el cambio de domicilio.<\/p>\n<\/li>\n<\/ol>\n<p data-start=\"141\" data-end=\"216\"><strong data-start=\"141\" data-end=\"214\">COMUNICACI\u00d3N DEL CAMBIO DE RESIDENCIA DENTRO DEL TERRITORIO PANAME\u00d1O:<\/strong><\/p>\n<p data-start=\"218\" data-end=\"743\">Los ciudadanos italianos residentes en el extranjero tienen la obligaci\u00f3n de mantener actualizada su situaci\u00f3n registral, comunicando sin demora a la Oficina Consular cualquier cambio de residencia en el extranjero. Se recuerda que la falta de actualizaci\u00f3n en el A.I.R.E. podr\u00eda implicar la cancelaci\u00f3n del registro por motivos de localizaci\u00f3n; en particular, los cambios de direcci\u00f3n hacen imposible el contacto con el ciudadano y la recepci\u00f3n de correspondencia, como postales o sobres electorales en caso de votaciones.<\/p>\n<p data-start=\"745\" data-end=\"922\">Cada ciudadano italiano <strong data-start=\"769\" data-end=\"786\">mayor de edad<\/strong> podr\u00e1 presentar solicitud de cambio de residencia tanto para s\u00ed mismo como para sus familiares convivientes de nacionalidad italiana.<\/p>\n<p data-start=\"924\" data-end=\"1519\"><strong data-start=\"924\" data-end=\"937\">Atenci\u00f3n:<\/strong> las personas que ya se hayan inscrito en el A.I.R.E. a trav\u00e9s de FAST IT en una circunscripci\u00f3n distinta a la de Panam\u00e1 y deseen trasladar su residencia A.I.R.E. a Panam\u00e1 deben mantener su cuenta FAST IT, con el fin de permitir la comunicaci\u00f3n autom\u00e1tica del traslado a la sede anterior.<br data-start=\"1225\" data-end=\"1228\" \/>En este caso, ser\u00e1 necesario modificar la sede de pertenencia de la cuenta y solicitar la inscripci\u00f3n en el A.I.R.E. La actualizaci\u00f3n del A.I.R.E. ya no ser\u00e1 v\u00e1lida en esta situaci\u00f3n, ya que esta se refiere exclusivamente a variaciones dentro del mismo pa\u00eds y no a traslados al extranjero.<\/p>\n","protected":false},"excerpt":{"rendered":"Actualizaci\u00f3n del A.I.R.E. (para quienes ya est\u00e1n inscritos): La actualizaci\u00f3n del A.I.R.E. se realiza a trav\u00e9s del portal FAST IT \u2013 Servicios Consulares Online despu\u00e9s de haberse registrado en el siguiente enlace: Fast It. Los ciudadanos\u00a0ya inscritos en el A.I.R.E. en esta Circunscripci\u00f3n Consular antes de la implementaci\u00f3n del sistema FAST IT\u00a0no deben realizar un [&hellip;]","protected":false},"author":4,"featured_media":0,"parent":1566,"menu_order":1,"comment_status":"closed","ping_status":"closed","template":"","meta":{"footnotes":""},"class_list":["post-8949","page","type-page","status-publish","hentry"],"_links":{"self":[{"href":"https:\/\/ambpanama.esteri.it\/es\/wp-json\/wp\/v2\/pages\/8949","targetHints":{"allow":["GET"]}}],"collection":[{"href":"https:\/\/ambpanama.esteri.it\/es\/wp-json\/wp\/v2\/pages"}],"about":[{"href":"https:\/\/ambpanama.esteri.it\/es\/wp-json\/wp\/v2\/types\/page"}],"author":[{"embeddable":true,"href":"https:\/\/ambpanama.esteri.it\/es\/wp-json\/wp\/v2\/users\/4"}],"replies":[{"embeddable":true,"href":"https:\/\/ambpanama.esteri.it\/es\/wp-json\/wp\/v2\/comments?post=8949"}],"version-history":[{"count":1,"href":"https:\/\/ambpanama.esteri.it\/es\/wp-json\/wp\/v2\/pages\/8949\/revisions"}],"predecessor-version":[{"id":8950,"href":"https:\/\/ambpanama.esteri.it\/es\/wp-json\/wp\/v2\/pages\/8949\/revisions\/8950"}],"up":[{"embeddable":true,"href":"https:\/\/ambpanama.esteri.it\/es\/wp-json\/wp\/v2\/pages\/1566"}],"wp:attachment":[{"href":"https:\/\/ambpanama.esteri.it\/es\/wp-json\/wp\/v2\/media?parent=8949"}],"curies":[{"name":"wp","href":"https:\/\/api.w.org\/{rel}","templated":true}]}}