{"id":956,"date":"2023-11-01T15:50:44","date_gmt":"2023-11-01T20:50:44","guid":{"rendered":"https:\/\/ambpanama.esteri.it\/servizi-consolari-e-visti\/servizi-per-il-cittadino-italiano\/passaporti-e-carte-didentita\/cie-carta-didentita-elettronica\/"},"modified":"2026-01-21T08:56:09","modified_gmt":"2026-01-21T13:56:09","slug":"cie-carta-didentita-elettronica","status":"publish","type":"page","link":"https:\/\/ambpanama.esteri.it\/es\/servizi-consolari-e-visti\/servizi-per-il-cittadino-italiano\/passaporti-e-carte-didentita\/cie-carta-didentita-elettronica\/","title":{"rendered":"C\u00e9dula de Identidad Electronica -CIE"},"content":{"rendered":"<p style=\"text-align: justify;\">El documento de identidad es un documento de identificaci\u00f3n personal v\u00e1lido para identificarse y circular en la Uni\u00f3n Europea.<\/p>\n<p style=\"text-align: justify;\">El documento de identidad permite la expatriaci\u00f3n de Italia a los siguientes pa\u00edses:<br \/>\nAlbania, Austria, B\u00e9lgica, Bosnia y Herzegovina, Bulgaria, Chipre, Croacia, Dinamarca, Egipto (solo viajes organizados), Estonia, Finlandia, Francia, Alemania, Grecia, Irlanda, Islandia, Italia, Letonia, Liechtenstein, Lituania, Luxemburgo, Macedonia, Malta, Montenegro, Noruega, Pa\u00edses Bajos, Polonia, Portugal, Reino Unido, Rep\u00fablica Checa, Ruman\u00eda, Eslovaquia, Eslovenia, Espa\u00f1a, Suecia, Suiza, T\u00fanez (solo viajes organizados), Turqu\u00eda (solo viajes organizados), Hungr\u00eda.<\/p>\n<p style=\"text-align: justify;\"><strong>El documento de identidad electr\u00f3nico (CIE)<\/strong>\u00a0es el nuevo documento de identidad en formato de tarjeta; adem\u00e1s de ser un documento de identidad, permite acceder a los servicios en l\u00ednea de las Administraciones P\u00fablicas italianas.<\/p>\n<p style=\"text-align: justify;\">La CIE podr\u00e1 expedirse exclusivamente a los ciudadanos italianos que residan legalmente en esta circunscripci\u00f3n consular, que ya est\u00e9n registrados en el fichero consular y cuyos datos personales ya est\u00e9n presentes en la base de datos A.I.R.E. (Registro de los italianos residentes en el extranjero) del Ministerio del Interior.<\/p>\n<p data-start=\"92\" data-end=\"150\"><strong data-start=\"96\" data-end=\"150\">Requisitos obligatorios<\/strong> antes de solicitar la CIE:<\/p>\n<ul>\n<li data-start=\"154\" data-end=\"227\"><strong>Estar inscrito en el A.I.R.E. en esta Circunscripci\u00f3n Consular; <\/strong><\/li>\n<li data-start=\"154\" data-end=\"227\"><strong>Estar en posesi\u00f3n del acta de nacimiento, debidamente transcrita en los registros de Estado Civil del Municipio italiano competente;\u00a0<\/strong><\/li>\n<li data-start=\"154\" data-end=\"227\"><strong>Tener la direcci\u00f3n de residencia actualizada a traves del portal Fast It (ver <a href=\"https:\/\/ambpanama.esteri.it\/es\/servizi-consolari-e-visti\/servizi-per-il-cittadino-italiano\/a-i-r-e\/\">AIRE<\/a>). <\/strong><\/li>\n<li data-start=\"154\" data-end=\"227\"><strong>Se informa que, una vez emitida la CIE, no ser\u00e1 posible actualizar la direcci\u00f3n en la propia tarjeta;\u00a0<\/strong><strong>Estar en posesi\u00f3n del c\u00f3digo fiscal debidamente asignado. En caso de no disponer del mismo, el c\u00f3digo fiscal deber\u00e1 solicitarse a trav\u00e9s del portal Fast It (ver <a href=\"https:\/\/ambpanama.esteri.it\/es\/servizi-consolari-e-visti\/servizi-per-il-cittadino-italiano\/codice-fiscale\/\">c\u00f3digo fiscal<\/a>).<\/strong><\/li>\n<\/ul>\n<blockquote>\n<p data-start=\"138\" data-end=\"157\"><strong data-start=\"141\" data-end=\"155\">IMPORTANTE:\u00a0<\/strong>Los ciudadanos <strong data-start=\"174\" data-end=\"285\">ya inscritos en el A.I.R.E. en esta Circunscripci\u00f3n Consular antes de la implementaci\u00f3n del sistema FAST IT<\/strong> <strong data-start=\"286\" data-end=\"340\">no deben realizar un nuevo registro en el A.I.R.E. <\/strong>En su lugar, es necesario <strong data-start=\"369\" data-end=\"427\">asociar la cuenta FAST IT con la propia ficha consular<\/strong>, siguiendo los pasos que se indican a continuaci\u00f3n:<\/p>\n<ol data-start=\"483\" data-end=\"986\">\n<li data-start=\"483\" data-end=\"581\">\n<p data-start=\"486\" data-end=\"581\"><strong data-start=\"486\" data-end=\"501\">Registrarse<\/strong> en el portal <a href=\"https:\/\/serviziconsolari.esteri.it\/home\"><strong data-start=\"515\" data-end=\"526\">FAST IT<\/strong><\/a> o <strong data-start=\"529\" data-end=\"540\">acceder<\/strong> si ya se dispone de una cuenta activa.<\/p>\n<\/li>\n<li data-start=\"582\" data-end=\"719\">\n<p data-start=\"585\" data-end=\"719\">Seleccionar la opci\u00f3n <strong data-start=\"607\" data-end=\"641\">\u201cRegistro Consular y A.I.R.E.\u201d<\/strong> y, a continuaci\u00f3n, hacer clic en <strong data-start=\"675\" data-end=\"716\">\u201cVisualizar la propia ficha personal\u201d<\/strong>.<\/p>\n<\/li>\n<li data-start=\"720\" data-end=\"860\">\n<p data-start=\"723\" data-end=\"860\">Solicitar la <strong data-start=\"736\" data-end=\"759\">\u201cAsociaci\u00f3n Online\u201d<\/strong> y esperar la recepci\u00f3n del <strong data-start=\"787\" data-end=\"814\">mensaje de confirmaci\u00f3n<\/strong> en la propia bandeja de correo electr\u00f3nico.<\/p>\n<\/li>\n<li data-start=\"861\" data-end=\"986\">\n<p data-start=\"864\" data-end=\"986\">Acceder nuevamente al portal <strong data-start=\"893\" data-end=\"904\">FAST IT<\/strong>, visualizar la ficha personal y descargar el certificado del c\u00f3digo fiscal.<\/p>\n<\/li>\n<\/ol>\n<\/blockquote>\n<p style=\"text-align: justify;\"><strong>1. Validez temporal:\u00a0<\/strong>La validez del documento de identidad var\u00eda en funci\u00f3n de la edad del titular:<\/p>\n<ul style=\"text-align: justify;\">\n<li>3 a\u00f1os para los menores de 3 a\u00f1os;<\/li>\n<li>5 a\u00f1os para los menores de 3 a 18 a\u00f1os;<\/li>\n<li>10 a\u00f1os para los mayores de 18 a\u00f1os.<\/li>\n<\/ul>\n<p style=\"text-align: justify;\"><strong>2. Modalidades de solicitud:\u00a0<\/strong>La solicitud del documento de identidad electr\u00f3nico debe presentarse personalmente previa cita a trav\u00e9s de la plataforma\u00a0<a href=\"https:\/\/prenotami.esteri.it\/\">Prenot@mi<\/a>. <strong>NOTA<\/strong>: En el portal Prenot@mi se permiten solo citas individuales, siempre y cuando est\u00e9n disponibles. Se aclara que las citas para los menores de edad,\u00a0 deben ser reservadas directamente por uno de los padres.<\/p>\n<p style=\"padding-left: 40px;\">En la solicitud de cita para los hijos menores, los padres deber\u00e1n indicar en la secci\u00f3n reservada a las notas el nombre completo del menor, siempre con el fin de permitir a la oficina consular efectuar el control de los datos personales.<\/p>\n<p style=\"text-align: justify;\"><strong>3. Documentaci\u00f3n que deber\u00e1 presentarse el dia de la cita:<\/strong><\/p>\n<p style=\"padding-left: 40px;\"><span style=\"text-decoration: underline;\"><strong>Para ciudadanos mayores de 18 a\u00f1os:<\/strong><\/span><\/p>\n<ul>\n<li>Present\u00e1ndose el ciudadano italiano en la Embajada de Italia en Panam\u00e1 previa cita online para \u201c<strong>CIE<\/strong>\u201d a trav\u00e9s del portal <a href=\"https:\/\/prenotami.esteri.it\/\">Prenot@mi<\/a><\/li>\n<li>Documento de reconocimiento italiano en curso de validez (pasaporte o Carta de identidad aun vigente);<\/li>\n<li>pago del servicio consular en efectivo del art.<strong>28A <\/strong><em>rilascio carta d&#8217;identit\u00e0\u00a0 <\/em>de la tabla de\u00a0<a href=\"https:\/\/ambpanama.esteri.it\/es\/servizi-consolari-e-visti\/servizi-per-il-cittadino-italiano\/diritti-consolari\/\">derechos consulares<\/a>. (Las tarifas mencionadas cambian trimestralmente, por tanto, verifique el monto a pagar antes de presentarse el dia de la cita);<\/li>\n<\/ul>\n<p style=\"padding-left: 40px;\"><span style=\"text-decoration: underline;\"><strong>Para ciudadanos menores de 18 a\u00f1os:<\/strong><\/span><\/p>\n<ul>\n<li><strong>Presentando al menor acompa\u00f1ado con ambos padres<\/strong> en la Embajada de Italia en Panam\u00e1 previa cita online para \u00ab<strong>CIE<\/strong>\u00bb a trav\u00e9s del portal\u00a0<a href=\"https:\/\/prenotami.esteri.it\/\">Prenot@mi<\/a>\u00a0<strong>IMPORTANTE: <\/strong>Se aclara que las citas para los menores de edad deben ser reservadas directamente por uno de los padres.<\/li>\n<li>Los solicitantes de 12 a\u00f1os de edad o m\u00e1s, ser\u00e1 necesario realizar la toma de huellas dactilares,<\/li>\n<li>Documentos de identidad italianos en curso de validez (pasaporte o carta d&#8217;identit\u00e0): de padres e hijos menores<\/li>\n<li><strong>Para los menores de 8 a\u00f1os<\/strong>\u00a0n. 2 fotograf\u00edas 4 x 4, fondo blanco, frontal y reciente;<\/li>\n<li>pago del servicio consular en efectivo del\u00a0<strong>art.28A<\/strong>\u00a0<em>rilascio della carta d&#8217;identit\u00e0 <\/em>de la tabla de\u00a0<a href=\"https:\/\/ambpanama.esteri.it\/es\/servizi-consolari-e-visti\/servizi-per-il-cittadino-italiano\/diritti-consolari\/\">derechos consulares<\/a>. (Las tarifas mencionadas cambian trimestralmente, por tanto, verifique el monto a pagar antes de presentarse el dia de la cita);<\/li>\n<li>si el pasaporte es solicitado por uno de los padres, ser\u00e1 necesario llevar el d\u00eda de la cita el \u00ab<strong>acto de consentimiento<\/strong>\u00bb del padre\/madre ausente,<\/li>\n<\/ul>\n<p>Para obtener m\u00e1s informaci\u00f3n sobre el acto de consentimiento, consulte la normativa vigente en el siguiente enlace\u00a0<a href=\"https:\/\/ambpanama.esteri.it\/es\/servizi-consolari-e-visti\/servizi-per-il-cittadino-italiano\/passaporti-e-carte-didentita\/atto-di-assenso\/\">Acto de consentimiento<\/a><\/p>\n<ul>\n<li style=\"text-align: justify;\"><strong>En caso de fallecimiento de uno de los progenitores<\/strong>, se debe presentar una copia del certificado de defunci\u00f3n (si no est\u00e1 en las actas de esta oficina consular).<\/li>\n<li style=\"text-align: justify;\">En caso de que no sea posible obtener el consentimiento del otro progenitor, ser\u00e1 necesario solicitar la emisi\u00f3n de un <strong>Decreto Consular.<\/strong><\/li>\n<\/ul>\n<p style=\"text-align: justify;\">En el momento de la cita, el operador consular adquirir\u00e1\u00a0<strong>la foto y, excepto para los menores de 12 a\u00f1os, las huellas dactilares y la firma<\/strong>, que se registrar\u00e1n de forma segura dentro del microchip presente en la propia CIE y no se depositar\u00e1n en ning\u00fan otro lugar.\u00a0En la <strong>CIE<\/strong> no se indica el estado civil del titular ni el nombre del c\u00f3nyuge.<\/p>\n<p style=\"text-align: justify;\"><strong>4. Costo:\u00a0<\/strong>El pago de las tasas consulares deber\u00e1 efectuarse el d\u00eda de la cita en efectivo.\u00a0Tenga en cuenta que hay un costo ligeramente mayor en el caso de duplicados por robo o p\u00e9rdida.<\/p>\n<p style=\"text-align: justify;\"><strong>5. Entrega del documento de identidad:<\/strong>La CIE se imprime y se env\u00eda por correo a esta Embajada, a cargo del Istituto Poligrafico e Zecca dello Stato. Una vez recibida la CIE, la oficina consular contactar\u00e1 a los interesados a trav\u00e9s del correo electr\u00f3nico proporcionado en el momento de la solicitud.<\/p>\n<p style=\"text-align: justify;\"><strong>6. Detecci\u00f3n de documentos de identidad<\/strong><\/p>\n<p style=\"text-align: justify;\">Se informa al usuario de que los documentos de identidad objeto de robo o extrav\u00edo en el extranjero, en caso de descubrimiento, se devuelven normalmente a las oficinas consulares en cuya circunscripci\u00f3n se haya producido el robo o la p\u00e9rdida.<\/p>\n<p style=\"text-align: justify;\">Por lo tanto, se invita a aquellos que han sufrido recientemente en el extranjero un robo\/p\u00e9rdida y quieren verificar si su documento de identidad ha sido encontrado, a contactar esta Oficina Consular para obtener m\u00e1s informaci\u00f3n al respecto.<\/p>\n<p style=\"text-align: justify;\">Cabe se\u00f1alar que la eventual retirada de dichos documentos podr\u00e1 efectuarse en la Oficina Consular donde se haya producido el hallazgo, seg\u00fan las siguientes modalidades:<\/p>\n<p style=\"text-align: justify;\">en las ventanillas de la Oficina Consular;<\/p>\n<ul style=\"text-align: justify;\">\n<li><strong>a petici\u00f3n del interesado,<\/strong><\/li>\n<li><strong>por correo con los gastos de env\u00edo a su cargo<\/strong>.<\/li>\n<\/ul>\n<p style=\"text-align: justify;\">Para m\u00e1s informaci\u00f3n, escriba a\u00a0<a href=\"mailto:panama.passaporti@esteri.it\">panama.passaporti@esteri.it<\/a><\/p>\n","protected":false},"excerpt":{"rendered":"El documento de identidad es un documento de identificaci\u00f3n personal v\u00e1lido para identificarse y circular en la Uni\u00f3n Europea. El documento de identidad permite la expatriaci\u00f3n de Italia a los siguientes pa\u00edses: Albania, Austria, B\u00e9lgica, Bosnia y Herzegovina, Bulgaria, Chipre, Croacia, Dinamarca, Egipto (solo viajes organizados), Estonia, Finlandia, Francia, Alemania, Grecia, Irlanda, Islandia, Italia, Letonia, [&hellip;]","protected":false},"author":4,"featured_media":0,"parent":171,"menu_order":4,"comment_status":"closed","ping_status":"closed","template":"","meta":{"footnotes":""},"class_list":["post-956","page","type-page","status-publish","hentry"],"_links":{"self":[{"href":"https:\/\/ambpanama.esteri.it\/es\/wp-json\/wp\/v2\/pages\/956","targetHints":{"allow":["GET"]}}],"collection":[{"href":"https:\/\/ambpanama.esteri.it\/es\/wp-json\/wp\/v2\/pages"}],"about":[{"href":"https:\/\/ambpanama.esteri.it\/es\/wp-json\/wp\/v2\/types\/page"}],"author":[{"embeddable":true,"href":"https:\/\/ambpanama.esteri.it\/es\/wp-json\/wp\/v2\/users\/4"}],"replies":[{"embeddable":true,"href":"https:\/\/ambpanama.esteri.it\/es\/wp-json\/wp\/v2\/comments?post=956"}],"version-history":[{"count":6,"href":"https:\/\/ambpanama.esteri.it\/es\/wp-json\/wp\/v2\/pages\/956\/revisions"}],"predecessor-version":[{"id":8799,"href":"https:\/\/ambpanama.esteri.it\/es\/wp-json\/wp\/v2\/pages\/956\/revisions\/8799"}],"up":[{"embeddable":true,"href":"https:\/\/ambpanama.esteri.it\/es\/wp-json\/wp\/v2\/pages\/171"}],"wp:attachment":[{"href":"https:\/\/ambpanama.esteri.it\/es\/wp-json\/wp\/v2\/media?parent=956"}],"curies":[{"name":"wp","href":"https:\/\/api.w.org\/{rel}","templated":true}]}}