{"id":965,"date":"2023-11-01T15:51:24","date_gmt":"2023-11-01T20:51:24","guid":{"rendered":"https:\/\/ambpanama.esteri.it\/servizi-consolari-e-visti\/servizi-per-il-cittadino-italiano\/passaporti-e-carte-didentita\/atto-di-assenso\/"},"modified":"2025-06-27T14:58:56","modified_gmt":"2025-06-27T19:58:56","slug":"atto-di-assenso","status":"publish","type":"page","link":"https:\/\/ambpanama.esteri.it\/es\/servizi-consolari-e-visti\/servizi-per-il-cittadino-italiano\/passaporti-e-carte-didentita\/atto-di-assenso\/","title":{"rendered":"Acto de consentimiento"},"content":{"rendered":"<blockquote>\n<p style=\"text-align: justify;\">Se informa a los compatriotas, padres de hijos menores, que a partir del 14 de junio de 2023 ya no ser\u00e1 necesario presentar el documento de consentimiento del otro progenitor para la expedici\u00f3n de su documento de identidad (pasaporte y CIE), de conformidad con el D.L. 69\/2023.\u00a0 En particular, el nuevo art\u00edculo 3 bis de la L. 1185\/1967 indica que, cuando existe un peligro real y actual de que el traslado al extranjero pueda sustraerse al cumplimiento de sus obligaciones para con los hijos, ser\u00e1 posible que el otro progenitor solicite una inhibici\u00f3n de la expedici\u00f3n del documento.<\/p>\n<p style=\"text-align: justify;\">La solicitud podr\u00e1 presentarse ante el tribunal competente ante el tribunal ordinario en el que el menor tenga su residencia habitual o, si el menor es residente en el extranjero, el tribunal en cuyo distrito se encuentre su municipio de inscripci\u00f3n AIRE.<\/p>\n<p style=\"text-align: justify;\">A efectos de la expedici\u00f3n de los documentos para los menores, sin embargo, sigue siendo la obligaci\u00f3n del consentimiento firmado por ambos padres o por quien ejerce la responsabilidad parental<\/p>\n<\/blockquote>\n<p style=\"text-align: justify;\"><strong>El \u00abatto di assenso\u00bb (acta de consentimiento) es una declaraci\u00f3n personal que el padre (de cualquier nacionalidad) est\u00e1 obligado a firmar:<\/strong><\/p>\n<ul style=\"text-align: justify;\">\n<li>Para la emisi\u00f3n del pasaporte de un hijo italiano menor de edad;<\/li>\n<\/ul>\n<p style=\"text-align: justify;\"><strong>Para ciudadanos italiano:<\/strong><\/p>\n<ul style=\"text-align: justify;\">\n<li>\u00a0El formulario de solicitud (que se entregar\u00e1 en la ventanilla) deber\u00e1 ir acompa\u00f1ado de una fotocopia del documento de identidad del firmante del formulario (p\u00e1gina del pasaporte en la que figura la firma o documento de identidad en ambos lados).<\/li>\n<\/ul>\n<p style=\"text-align: justify;\">Si el firmante\u00a0<strong>no es ciudadano de la Uni\u00f3n Europea<\/strong>, su firma en el formulario deber\u00e1 ser autenticada de la siguiente manera:<\/p>\n<ul style=\"text-align: justify;\">\n<li>para residentes en Panama: en la Embajada<\/li>\n<li>para quienes se encuentren en Italia: en una Questura o en una oficina municipal;<\/li>\n<li>para quienes se encuentren en el extranjero en una circunscripci\u00f3n consular distinta de Panama: en una representaci\u00f3n diplom\u00e1tico-consular italiana.<\/li>\n<\/ul>\n<p style=\"text-align: justify;\"><strong>NOTA:<\/strong>\u00a0No se aceptar\u00e1 el acta de consentimiento hecha por el padre (de cualquier nacionalidad) con firma notarial en una Oficina notarial paname\u00f1a.<\/p>\n<p style=\"text-align: justify;\"><strong>Modulos<\/strong><\/p>\n<ul style=\"text-align: justify;\">\n<li><a href=\"https:\/\/ambpanama.esteri.it\/wp-content\/uploads\/2025\/06\/assenso_si_italiano.pdf\">Acta de consentimiento para menor por parte de padres UE<\/a><\/li>\n<li><a href=\"https:\/\/ambpanama.esteri.it\/wp-content\/uploads\/2025\/06\/assenso_non_italiano.pdf\">Acta consentimiento para menor por parte de padres NON UE<\/a><\/li>\n<\/ul>\n<p style=\"text-align: justify;\">Para solicitar el \u00abAtto di assenso\u00bb (acta de consentimiento) (para hijos menores de edad) a presentar en Italia o en otras misiones diplom\u00e1ticas &#8211; consulares en el extranjero es necesario reservar una cita para \u00abServicios consulares\u00bb, presentar el formulario completo (que deber\u00e1 ser firmado ante el funcionario y el pago en efectivo del art. 19 &#8211;\u00a0<a href=\"https:\/\/ambpanama.esteri.it\/es\/servizi-consolari-e-visti\/servizi-per-il-cittadino-italiano\/diritti-consolari\/\">tarifas consulares<\/a>.\u00a0<strong>El pago no debe realizarse si el pasaporte se solicita en la Embajada de Panam\u00e1 SOLO para los ciudadanos residentes en esta circunscripci\u00f3n consular.<\/strong><\/p>\n<p style=\"text-align: justify;\"><strong>La firma del acta de consentimiento debe hacerse en una fecha pr\u00f3xima o simult\u00e1nea a la de la solicitud del pasaporte. No se aceptar\u00e1n formularios de consentimiento con fecha anterior a los seis meses a la fecha de presentaci\u00f3n de la solicitud de pasaporte.<\/strong><\/p>\n<p style=\"text-align: justify;\">A falta del consentimiento del otro progenitor para la emision del pasaporte del propio hijo menor de edad, el C\u00f3nsul -en su calidad de Juez de Tutela de menores residentes en la circunscripci\u00f3n consular de su competencia- puede autorizar la emisi\u00f3n del pasaporte al menor de edad a trav\u00e9s de un decreto consular, despu\u00e9s de haber realizado las verificaciones correspondientes.<\/p>\n<p style=\"text-align: justify;\"><strong>Para solicitar la expedici\u00f3n del decreto, es necesario presentar:<\/strong><\/p>\n<ul style=\"text-align: justify;\">\n<li>el\u00a0formulario\u00a0de solicitud,en el que deben indicarse los motivos por los cuales no se cuenta con el consentimiento y las razones por las que se considera injustificada la negativa. En la solicitud se deber\u00e1 indicar la direcci\u00f3n y los datos de contacto (tel\u00e9fono y correo electr\u00f3nico) del progenitor que se niega a dar el consentimiento;<\/li>\n<li>el pago original del art.\u00a0<strong>31<\/strong>\u00a0de la tabla de <a href=\"https:\/\/ambpanama.esteri.it\/es\/servizi-consolari-e-visti\/servizi-per-il-cittadino-italiano\/diritti-consolari\/\">tarifas consulares<\/a>.<\/li>\n<\/ul>\n<p style=\"text-align: justify;\"><strong>D\u00d3NDE SOLICITAR EL SERVICIO:<\/strong><\/p>\n<ul style=\"text-align: justify;\">\n<li>present\u00e1ndose el ciudadano italiano interesado en la Embajada de Italia en Panam\u00e1, reservando una cita para \u00abServicios consulares\u00bb a trav\u00e9s del portal\u00a0<a href=\"https:\/\/prenotami.esteri.it\/\">Prenot@mi<\/a>;<\/li>\n<\/ul>\n<p style=\"text-align: justify;\">El procedimiento del decreto consular debe considerarse de\u00a0<strong>car\u00e1cter excepcional<\/strong>\u00a0y judicial, por lo que s\u00f3lo podr\u00e1 ser utilizado en caso de imposibilidad absoluta para obtener el acto de consentimiento exigido por la ley.<\/p>\n<p style=\"text-align: justify;\">En caso de que los hijos menores de edad residan en otra Circunscripci\u00f3n Consular o en Italia, la solicitud deber\u00e1 presentarse ante el C\u00f3nsul o ante el Tribunal de Menores del lugar de residencia de los menores.<\/p>\n","protected":false},"excerpt":{"rendered":"Se informa a los compatriotas, padres de hijos menores, que a partir del 14 de junio de 2023 ya no ser\u00e1 necesario presentar el documento de consentimiento del otro progenitor para la expedici\u00f3n de su documento de identidad (pasaporte y CIE), de conformidad con el D.L. 69\/2023.\u00a0 En particular, el nuevo art\u00edculo 3 bis de [&hellip;]","protected":false},"author":4,"featured_media":0,"parent":171,"menu_order":3,"comment_status":"closed","ping_status":"closed","template":"","meta":{"footnotes":""},"class_list":["post-965","page","type-page","status-publish","hentry"],"_links":{"self":[{"href":"https:\/\/ambpanama.esteri.it\/es\/wp-json\/wp\/v2\/pages\/965","targetHints":{"allow":["GET"]}}],"collection":[{"href":"https:\/\/ambpanama.esteri.it\/es\/wp-json\/wp\/v2\/pages"}],"about":[{"href":"https:\/\/ambpanama.esteri.it\/es\/wp-json\/wp\/v2\/types\/page"}],"author":[{"embeddable":true,"href":"https:\/\/ambpanama.esteri.it\/es\/wp-json\/wp\/v2\/users\/4"}],"replies":[{"embeddable":true,"href":"https:\/\/ambpanama.esteri.it\/es\/wp-json\/wp\/v2\/comments?post=965"}],"version-history":[{"count":6,"href":"https:\/\/ambpanama.esteri.it\/es\/wp-json\/wp\/v2\/pages\/965\/revisions"}],"predecessor-version":[{"id":7953,"href":"https:\/\/ambpanama.esteri.it\/es\/wp-json\/wp\/v2\/pages\/965\/revisions\/7953"}],"up":[{"embeddable":true,"href":"https:\/\/ambpanama.esteri.it\/es\/wp-json\/wp\/v2\/pages\/171"}],"wp:attachment":[{"href":"https:\/\/ambpanama.esteri.it\/es\/wp-json\/wp\/v2\/media?parent=965"}],"curies":[{"name":"wp","href":"https:\/\/api.w.org\/{rel}","templated":true}]}}