{"id":969,"date":"2023-11-01T15:52:03","date_gmt":"2023-11-01T20:52:03","guid":{"rendered":"https:\/\/ambpanama.esteri.it\/servizi-consolari-e-visti\/servizi-per-il-cittadino-italiano\/passaporti-e-carte-didentita\/viaggi-dei-minori-accompagnati\/"},"modified":"2024-09-18T11:40:37","modified_gmt":"2024-09-18T16:40:37","slug":"viaggi-dei-minori-accompagnati","status":"publish","type":"page","link":"https:\/\/ambpanama.esteri.it\/es\/servizi-consolari-e-visti\/servizi-per-il-cittadino-italiano\/passaporti-e-carte-didentita\/viaggi-dei-minori-accompagnati\/","title":{"rendered":"Viajes de menores acompa\u00f1ados"},"content":{"rendered":"<p style=\"text-align: justify;\">En el caso de los viajes al extranjero de menores italianos menores de 14 a\u00f1os (no acompa\u00f1ados por al menos uno de los dos padres o sus sustitutos), es necesario solicitar una menci\u00f3n en el pasaporte italiano o una declaraci\u00f3n de acompa\u00f1amiento.<\/p>\n<p style=\"text-align: justify;\"><strong>Se adjuntar\u00e1n a la declaraci\u00f3n los siguientes documentos:<\/strong><\/p>\n<ul style=\"text-align: justify;\">\n<li>copia del documento de identidad que el menor utilizar\u00e1 para el viaje;<\/li>\n<li>copia de los documentos de identidad de los padres (o ejercer la tutela legal);<\/li>\n<li>Copia de los documentos de identidad de los acompa\u00f1antes;<\/li>\n<li>Reserva anticipada o billete de viaje (con indicaci\u00f3n del itinerario).<\/li>\n<\/ul>\n<p style=\"text-align: justify;\"><strong>La declaraci\u00f3n podr\u00e1 presentarse:<\/strong><\/p>\n<p style=\"text-align: justify;\">La persona interesada presentandose ante la Embajada, con previa cita por \u00abservicios consulares\u00bb a reservar a trav\u00e9s del sistema\u00a0<a href=\"https:\/\/prenotami.esteri.it\/\">Prenotami<\/a><\/p>\n<p style=\"text-align: justify;\">Sin embargo, la Embajada puede exigir, en casos espec\u00edficos, la presencia f\u00edsica de los titulares de la patria potestad.<\/p>\n<p style=\"text-align: justify;\">Los padres o los titulares de la patria potestad deber\u00e1n presentar una declaraci\u00f3n ante la autoridad competente para la expedici\u00f3n del pasaporte (haga clic <strong><a href=\"https:\/\/ambpanama.esteri.it\/wp-content\/uploads\/2023\/11\/dichiarazione_accompagnamento.pdf\">qui<\/a>\u00a0<\/strong>para descargar el formulario de declaraci\u00f3n)que suele ser la circunscripci\u00f3n en la que reside el solicitante (Comisar\u00eda o Consulado), en la que se indica el nombre de la\/y persona\/s o del organismo al que se conf\u00eda el menor, solicitando que la menci\u00f3n se haga en el pasaporte del menor o en un certificado separado.<\/p>\n<p style=\"text-align: justify;\">Por lo general, la declaraci\u00f3n solo es v\u00e1lida para un viaje (que debe entenderse como ida y\/o vuelta) fuera del pa\u00eds de residencia del menor de 14 a\u00f1os, con destino determinado. El plazo m\u00e1ximo de validez de la declaraci\u00f3n (dentro del cual deben incluirse las fechas de salida y de regreso) es de 6 meses. La validez no podr\u00e1 superar la fecha de caducidad del pasaporte del menor.<\/p>\n<p style=\"text-align: justify;\">En el caso de viajes que impliquen el cruce de varios Estados, corresponde a los padres o a sus sucesores &#8211; seg\u00fan las modalidades del viaje mismo &#8211; indicar solo el pa\u00eds de destino final o todos los pa\u00edses individuales visitados.<\/p>\n<p style=\"text-align: justify;\">En el caso de custodia de una entidad o compa\u00f1\u00eda de transporte no es posible la menci\u00f3n en el pasaporte y se emitir\u00e1 el \u00fanico certificado.<\/p>\n<p style=\"text-align: justify;\">Los posibles gastos de env\u00edo a domicilio del certificado o pasaporte correr\u00e1n a cargo de los solicitantes.<\/p>\n","protected":false},"excerpt":{"rendered":"En el caso de los viajes al extranjero de menores italianos menores de 14 a\u00f1os (no acompa\u00f1ados por al menos uno de los dos padres o sus sustitutos), es necesario solicitar una menci\u00f3n en el pasaporte italiano o una declaraci\u00f3n de acompa\u00f1amiento. Se adjuntar\u00e1n a la declaraci\u00f3n los siguientes documentos: copia del documento de identidad [&hellip;]","protected":false},"author":4,"featured_media":0,"parent":171,"menu_order":5,"comment_status":"closed","ping_status":"closed","template":"","meta":{"footnotes":""},"class_list":["post-969","page","type-page","status-publish","hentry"],"_links":{"self":[{"href":"https:\/\/ambpanama.esteri.it\/es\/wp-json\/wp\/v2\/pages\/969","targetHints":{"allow":["GET"]}}],"collection":[{"href":"https:\/\/ambpanama.esteri.it\/es\/wp-json\/wp\/v2\/pages"}],"about":[{"href":"https:\/\/ambpanama.esteri.it\/es\/wp-json\/wp\/v2\/types\/page"}],"author":[{"embeddable":true,"href":"https:\/\/ambpanama.esteri.it\/es\/wp-json\/wp\/v2\/users\/4"}],"replies":[{"embeddable":true,"href":"https:\/\/ambpanama.esteri.it\/es\/wp-json\/wp\/v2\/comments?post=969"}],"version-history":[{"count":5,"href":"https:\/\/ambpanama.esteri.it\/es\/wp-json\/wp\/v2\/pages\/969\/revisions"}],"predecessor-version":[{"id":6254,"href":"https:\/\/ambpanama.esteri.it\/es\/wp-json\/wp\/v2\/pages\/969\/revisions\/6254"}],"up":[{"embeddable":true,"href":"https:\/\/ambpanama.esteri.it\/es\/wp-json\/wp\/v2\/pages\/171"}],"wp:attachment":[{"href":"https:\/\/ambpanama.esteri.it\/es\/wp-json\/wp\/v2\/media?parent=969"}],"curies":[{"name":"wp","href":"https:\/\/api.w.org\/{rel}","templated":true}]}}